 {"id":176,"date":"2018-09-28T22:56:11","date_gmt":"2018-09-28T20:56:11","guid":{"rendered":"https:\/\/blogs.univ-tlse2.fr\/eepld\/?page_id=176"},"modified":"2018-10-03T21:20:57","modified_gmt":"2018-10-03T19:20:57","slug":"les-bonnes-pratiques-a-la-maison","status":"publish","type":"page","link":"https:\/\/blogs.univ-tlse2.fr\/eepld\/espace-parents\/les-bonnes-pratiques-a-la-maison\/","title":{"rendered":"Les bonnes pratiques \u00e0 la maison"},"content":{"rendered":"<p>Dans cette page, le parent trouvera un guide pour accompagner son enfant dans ses apprentissages ainsi que les moyens pour favoriser les conditions d\u2019apprentissage.<br \/>\n<!--more--><br \/>\nChers parents d&rsquo;\u00e9l\u00e8ve(s)<br \/>\nPour aider votre enfant \u00e0 faire ses devoirs, s&rsquo;organiser, mieux se concentrer, \u00eatre plus attentif&#8230; nous avons pr\u00e9par\u00e9 pour vous des fiches conseil et des aides sous forme de vid\u00e9os.<br \/>\nAvant cela, vous devez commencer par explorer quel peut \u00eatre le profil d&rsquo;apprentissage de votre enfant en cliquant <a href=\"http:\/\/qvs2015.wixsite.com\/style-dapprentissage\">ICI<\/a><\/p>\n<p>En cliquant sur ce lien, vous serez dirig\u00e9s sur la section \u00ab\u00a0<em><strong>R\u00e9ussir mes apprentissages au quotidien<\/strong><\/em>\u00a0\u00bb qui comprend plusieurs onglets :<br \/>\n&#8211; Accueil<br \/>\n&#8211; Les styles d&rsquo;apprentissage: Les profils de compr\u00e9hension; la motivation<br \/>\n&#8211; Je connais mon profil d&rsquo;apprentissage : auditif, visuel, kinesth\u00e9sique&#8230;<br \/>\n&#8211; Passer le questionnaire pour \u00e9tablir votre profil<br \/>\n&#8211; Bon \u00e0 savoir : Je suis un parent d&rsquo;\u00e9l\u00e8ve; Apprendre avec le num\u00e9rique<br \/>\n&#8211; Espace ludique avec des Quizz et un jeu pour entra\u00eener sa m\u00e9moire<\/p>\n<p>D&rsquo;abord un petit tableau, ci-dessous, pour se rappeler \u00e0 quoi on peut s&rsquo;attendre avec son enfant&#8230;<\/p>\n<p><img loading=\"lazy\" decoding=\"async\" class=\"alignnone wp-image-177 size-full\" src=\"https:\/\/blogs.univ-tlse2.fr\/eepld\/files\/2018\/09\/attention-enfants.png\" alt=\"\" width=\"858\" height=\"410\" srcset=\"https:\/\/blogs.univ-tlse2.fr\/eepld\/files\/2018\/09\/attention-enfants.png 858w, https:\/\/blogs.univ-tlse2.fr\/eepld\/files\/2018\/09\/attention-enfants-300x143.png 300w, https:\/\/blogs.univ-tlse2.fr\/eepld\/files\/2018\/09\/attention-enfants-768x367.png 768w\" sizes=\"auto, (max-width: 858px) 100vw, 858px\" \/><\/p>\n","protected":false},"excerpt":{"rendered":"<p>Dans cette page, le parent trouvera un guide pour accompagner son enfant dans ses apprentissages ainsi que les moyens pour favoriser les conditions d\u2019apprentissage.<\/p>\n","protected":false},"author":582,"featured_media":0,"parent":155,"menu_order":0,"comment_status":"closed","ping_status":"closed","template":"","meta":{"footnotes":"","_links_to":"","_links_to_target":""},"class_list":["post-176","page","type-page","status-publish","hentry"],"_links":{"self":[{"href":"https:\/\/blogs.univ-tlse2.fr\/eepld\/wp-json\/wp\/v2\/pages\/176","targetHints":{"allow":["GET"]}}],"collection":[{"href":"https:\/\/blogs.univ-tlse2.fr\/eepld\/wp-json\/wp\/v2\/pages"}],"about":[{"href":"https:\/\/blogs.univ-tlse2.fr\/eepld\/wp-json\/wp\/v2\/types\/page"}],"author":[{"embeddable":true,"href":"https:\/\/blogs.univ-tlse2.fr\/eepld\/wp-json\/wp\/v2\/users\/582"}],"replies":[{"embeddable":true,"href":"https:\/\/blogs.univ-tlse2.fr\/eepld\/wp-json\/wp\/v2\/comments?post=176"}],"version-history":[{"count":8,"href":"https:\/\/blogs.univ-tlse2.fr\/eepld\/wp-json\/wp\/v2\/pages\/176\/revisions"}],"predecessor-version":[{"id":353,"href":"https:\/\/blogs.univ-tlse2.fr\/eepld\/wp-json\/wp\/v2\/pages\/176\/revisions\/353"}],"up":[{"embeddable":true,"href":"https:\/\/blogs.univ-tlse2.fr\/eepld\/wp-json\/wp\/v2\/pages\/155"}],"wp:attachment":[{"href":"https:\/\/blogs.univ-tlse2.fr\/eepld\/wp-json\/wp\/v2\/media?parent=176"}],"curies":[{"name":"wp","href":"https:\/\/api.w.org\/{rel}","templated":true}]}}