 {"id":197,"date":"2018-09-28T23:20:12","date_gmt":"2018-09-28T21:20:12","guid":{"rendered":"https:\/\/blogs.univ-tlse2.fr\/eepld\/?page_id=197"},"modified":"2018-09-29T12:41:41","modified_gmt":"2018-09-29T10:41:41","slug":"espace-etablissements","status":"publish","type":"page","link":"https:\/\/blogs.univ-tlse2.fr\/eepld\/espace-etablissements\/","title":{"rendered":"Espace \u00e9tablissements"},"content":{"rendered":"\n<!-- Page-list plugin v.5.9 wordpress.org\/plugins\/page-list\/ -->\n<div class=\"page-list page-list-ext \">\n<div class=\"page-list-ext-item\"><h3 class=\"page-list-ext-title\"><a href=\"https:\/\/blogs.univ-tlse2.fr\/eepld\/espace-etablissements\/outils-de-bilans-de-la-qualite-de-vie-scolaire\/\" title=\"Outils de bilans de la qualit\u00e9 de vie scolaire\">Outils de bilans de la qualit\u00e9 de vie scolaire<\/a><\/h3><div class=\"page-list-ext-item-content\">texte pour page parente\r\n<\/div><\/div>\n<div class=\"page-list-ext-item\"><h3 class=\"page-list-ext-title\"><a href=\"https:\/\/blogs.univ-tlse2.fr\/eepld\/espace-etablissements\/ressources\/\" title=\"Ressources\">Ressources<\/a><\/h3><div class=\"page-list-ext-item-content\">Dans le cadre de la cr\u00e9ation du logiciel d'aide au pr\u00e9-d\u00e9crochage et au d\u00e9crochage scolaire, nous avons \u00e9t\u00e9 contraints de r\u00e9aliser deux \u00e9tudes qui permettront, \u00e0 termes, de concevoir un moteur intelligent qui proposera directement des pistes de solutions en fonction des probl\u00e8mes identifi\u00e9s. La premi\u00e8re de ces \u00e9tudes portent sur la cr\u00e9ation d'un th\u00e9saurus et la seconde sur celle d'un vademecum...\r\n<\/div><\/div>\n\n<\/div>\n","protected":false},"excerpt":{"rendered":"","protected":false},"author":582,"featured_media":0,"parent":0,"menu_order":0,"comment_status":"closed","ping_status":"closed","template":"","meta":{"footnotes":"","_links_to":"","_links_to_target":""},"class_list":["post-197","page","type-page","status-publish","hentry"],"_links":{"self":[{"href":"https:\/\/blogs.univ-tlse2.fr\/eepld\/wp-json\/wp\/v2\/pages\/197","targetHints":{"allow":["GET"]}}],"collection":[{"href":"https:\/\/blogs.univ-tlse2.fr\/eepld\/wp-json\/wp\/v2\/pages"}],"about":[{"href":"https:\/\/blogs.univ-tlse2.fr\/eepld\/wp-json\/wp\/v2\/types\/page"}],"author":[{"embeddable":true,"href":"https:\/\/blogs.univ-tlse2.fr\/eepld\/wp-json\/wp\/v2\/users\/582"}],"replies":[{"embeddable":true,"href":"https:\/\/blogs.univ-tlse2.fr\/eepld\/wp-json\/wp\/v2\/comments?post=197"}],"version-history":[{"count":2,"href":"https:\/\/blogs.univ-tlse2.fr\/eepld\/wp-json\/wp\/v2\/pages\/197\/revisions"}],"predecessor-version":[{"id":225,"href":"https:\/\/blogs.univ-tlse2.fr\/eepld\/wp-json\/wp\/v2\/pages\/197\/revisions\/225"}],"wp:attachment":[{"href":"https:\/\/blogs.univ-tlse2.fr\/eepld\/wp-json\/wp\/v2\/media?parent=197"}],"curies":[{"name":"wp","href":"https:\/\/api.w.org\/{rel}","templated":true}]}}