 {"id":203,"date":"2018-09-28T23:28:28","date_gmt":"2018-09-28T21:28:28","guid":{"rendered":"https:\/\/blogs.univ-tlse2.fr\/eepld\/?page_id=203"},"modified":"2018-09-28T23:28:51","modified_gmt":"2018-09-28T21:28:51","slug":"instrumente-de-evaluare-calitatea-vietii","status":"publish","type":"page","link":"https:\/\/blogs.univ-tlse2.fr\/eepld\/ro\/institutii\/instrumente-de-evaluare-calitatea-vietii\/","title":{"rendered":"Instrumente de evaluare Calitatea vie\u021bii"},"content":{"rendered":"<p>(ro)<br \/>\nIntro pour page parente<br \/>\n<!--more--><\/p>\n<ul>\n<li>Questionnaires<\/li>\n<li>Grilles<\/li>\n<\/ul>\n<p class=\"wb-stl-normal\">Pourquoi des outils sp\u00e9cifiques ?<\/p>\n<p>L\u2019enseignant qui veut rep\u00e9rer dans sa classe les \u00e9l\u00e8ves \u00e0 risque doit pr\u00e9alablement conna\u00eetre ses \u00e9l\u00e8ves. Il doit donc prendre connaissance de certaines caract\u00e9ristiques des \u00e9l\u00e8ves d\u00e9j\u00e0, ou potentiellement, \u00e0 risque.<\/p>\n<p>Les \u00e9l\u00e8ves qui ont des probl\u00e8mes de comportement sont facilement rep\u00e9rables, mais les autres \u00e9l\u00e8ves sont beaucoup plus difficiles \u00e0 identifier.<\/p>\n<p>Des \u00e9tudes pr\u00e9alables montrent que si on demande son avis \u00e0 un enseignant du secondaire sur le risque de d\u00e9crochage de ses \u00e9l\u00e8ves, il per\u00e7oit trois fois moins de risques qu\u2019un outil standardis\u00e9.<\/p>\n<p class=\"wb-stl-normal\">Bien que des outils existent d\u00e9j\u00e0 (Logiciel de D\u00e9pistage du D\u00e9crochage Scolaire de Fortin et Potvin, 2007; La trousse d&rsquo;\u00e9valuation des d\u00e9crocheurs potentiels de Janoz, Archambault, Lacroix et L\u00e9vesque, 2007), nous avions besoin d&rsquo;outils sp\u00e9cifiques adapt\u00e9s au contexte de cette recherche. Ainsi, plusieurs outils pr\u00e9dictifs ont \u00e9t\u00e9 con\u00e7us. Nous vous pr\u00e9sentons ici trois mod\u00e8les de fiches et un questionnaire en ligne.<\/p>\n<p>Attention, il est important de ne pas les utiliser in extenso car les informations \u00e0 reporter dans les deux fiches propos\u00e9es sont soumises \u00e0 des calculs de coefficients de pond\u00e9ration. N&rsquo;h\u00e9sitez pas \u00e0 demander une version fonctionnelle en envoyant un e-mail \u00e0 l&rsquo;auteur de notre groupe qui a d\u00e9pos\u00e9 ces mod\u00e8les sous protection Soleau dans l&rsquo;attente de leur validation et de leur prochaine \u00e9dition.<\/p>\n<p class=\"wb-stl-normal\">Outil pr\u00e9dictif du d\u00e9crochage en Lyc\u00e9e : cliquez <a title=\"Fiche diagnostic type 1\" href=\"http:\/\/europe-child-health.eu\/gallery\/fiche_1%20diagnostic%20d%C3%A9crochage.pdf\">ICI<\/a><\/p>\n<p class=\"wb-stl-normal\">Outil pr\u00e9dictif du d\u00e9crochage en Coll\u00e8ge : cliquez <a href=\"http:\/\/europe-child-health.eu\/gallery\/maquette%20outil%20pr%C3%A9dictif%20coll%C3%A8ge.pdf\"><u>ICI<\/u><\/a><\/p>\n<p>Fiche diagnostic de type 2 : cliquez <a title=\"Fiche diagnostic type 2\" href=\"http:\/\/europe-child-health.eu\/gallery\/fiche_2%20diagnostic%20d%C3%A9crochage.pdf\">ICI<\/a><\/p>\n<p class=\"wb-stl-normal\">Questionnaire d\u00e9pistage en ligne :<\/p>\n<p class=\"wb-stl-normal\">Bient\u00f4t en ligne, le questionnaires pour les \u00e9l\u00e8ves non-lecteurs !<\/p>\n<p class=\"wb-stl-normal\"><u>&#8211; D\u00e9crocheur Anglais<\/u><\/p>\n<ul>\n<li class=\"wb-stl-normal\"><a href=\"http:\/\/modalisa-espe.univ-tlse2.fr\/decrocheurs_2hd\/Decrocheur_Anglais.html\">Cliquez ICI<\/a><\/li>\n<li class=\"wb-stl-normal\">Statut : V\u00e9rifi\u00e9 Ok <em>Cabinet Ansorge Expertise-Evaluation-Formation<\/em><br \/>\nCalcul fiabilit\u00e9 : Ok Jessie AEEF- Alpha de Cronbach = 0,9663<\/li>\n<\/ul>\n<p class=\"wb-stl-normal\"><u>&#8211; D\u00e9crocheur Espagnol<\/u><\/p>\n<ul>\n<li class=\"wb-stl-normal\"><a href=\"http:\/\/modalisa-espe.univ-tlse2.fr\/decrocheurs_2hd\/Decrocheurs_Espagnol.html\">Cliquez ICI<\/a><\/li>\n<li class=\"wb-stl-normal\">Statut : V\u00e9rifi\u00e9 Ok <em>Cabinet Ansorge Expertise-Evaluation-Formation<\/em><br \/>\nCalcul fiabilit\u00e9 : Ok Jessie AEEF- Alpha de Cronbach = 0,9022<\/li>\n<\/ul>\n<p class=\"wb-stl-normal\"><u>&#8211; D\u00e9crocheur Estonien<\/u><\/p>\n<ul>\n<li class=\"wb-stl-normal\"><a href=\"http:\/\/modalisa-espe.univ-tlse2.fr\/decrocheurs_2hd\/D%C3%A9crocheurs_Estoniens.html\">Cliquez ICI<\/a><\/li>\n<li class=\"wb-stl-normal\">Statut : V\u00e9rifi\u00e9 Ok <em>Cabinet Ansorge Expertise-Evaluation-Formation<\/em><br \/>\nCalcul fiabilit\u00e9 : Ok Jessie AEEF- Alpha de Cronbach = 0,9954<\/li>\n<\/ul>\n<p><u>&#8211; D\u00e9crocheur Fran\u00e7ais<\/u><\/p>\n<ul>\n<li class=\"wb-stl-normal\"><a href=\"http:\/\/modalisa-espe.univ-tlse2.fr\/decrocheurs_2hd\/Decrocheurs.html\">Cliquez ICI<\/a><\/li>\n<li class=\"wb-stl-normal\">Statut : V\u00e9rifi\u00e9 Ok Jessie<\/li>\n<li class=\"wb-stl-normal\">Calcul fiabilit\u00e9 : Ok Jessie AEEF- Alpha de Cronbach = 0,9192<\/li>\n<\/ul>\n<p class=\"wb-stl-normal\"><u>&#8211; D\u00e9crocheur Roumain<\/u><\/p>\n<ul>\n<li class=\"wb-stl-normal\"><a href=\"http:\/\/modalisa-espe.univ-tlse2.fr\/decrocheurs_2hd\/DecrocheurRoumanie.html\">Cliquez ICI<\/a><\/li>\n<li class=\"wb-stl-normal\">Statut : V\u00e9rifi\u00e9 Ok <em>Cabinet Ansorge Expertise-Evaluation-Formation<\/em><br \/>\nCalcul fiabilit\u00e9 : Ok Jessie AEEF &#8211; Alpha de Cronbach = 0,9606<\/li>\n<\/ul>\n<p class=\"wb-stl-normal\"><u>&#8211; D\u00e9crocheur Russe<\/u><\/p>\n<ul>\n<li class=\"wb-stl-normal\"><a href=\"http:\/\/modalisa-espe.univ-tlse2.fr\/decrocheurs_2hd\/Decrocheur_Russe.html\">Cliquez ICI<\/a><\/li>\n<li class=\"wb-stl-normal\">Pb et V\u00e9rifi\u00e9 Ok <em>Cabinet Ansorge Expertise-Evaluation-Formation<\/em><br \/>\nCalcul fiabilit\u00e9 : Ok Jessie AEEF &#8211; Alpha de Cronbach = 0,8330<\/li>\n<\/ul>\n<p class=\"wb-stl-normal\">\n","protected":false},"excerpt":{"rendered":"<p>(ro) Intro pour page parente<\/p>\n","protected":false},"author":582,"featured_media":0,"parent":199,"menu_order":0,"comment_status":"closed","ping_status":"closed","template":"","meta":{"footnotes":"","_links_to":"","_links_to_target":""},"class_list":["post-203","page","type-page","status-publish","hentry"],"_links":{"self":[{"href":"https:\/\/blogs.univ-tlse2.fr\/eepld\/wp-json\/wp\/v2\/pages\/203","targetHints":{"allow":["GET"]}}],"collection":[{"href":"https:\/\/blogs.univ-tlse2.fr\/eepld\/wp-json\/wp\/v2\/pages"}],"about":[{"href":"https:\/\/blogs.univ-tlse2.fr\/eepld\/wp-json\/wp\/v2\/types\/page"}],"author":[{"embeddable":true,"href":"https:\/\/blogs.univ-tlse2.fr\/eepld\/wp-json\/wp\/v2\/users\/582"}],"replies":[{"embeddable":true,"href":"https:\/\/blogs.univ-tlse2.fr\/eepld\/wp-json\/wp\/v2\/comments?post=203"}],"version-history":[{"count":3,"href":"https:\/\/blogs.univ-tlse2.fr\/eepld\/wp-json\/wp\/v2\/pages\/203\/revisions"}],"predecessor-version":[{"id":206,"href":"https:\/\/blogs.univ-tlse2.fr\/eepld\/wp-json\/wp\/v2\/pages\/203\/revisions\/206"}],"up":[{"embeddable":true,"href":"https:\/\/blogs.univ-tlse2.fr\/eepld\/wp-json\/wp\/v2\/pages\/199"}],"wp:attachment":[{"href":"https:\/\/blogs.univ-tlse2.fr\/eepld\/wp-json\/wp\/v2\/media?parent=203"}],"curies":[{"name":"wp","href":"https:\/\/api.w.org\/{rel}","templated":true}]}}