 {"id":207,"date":"2018-09-28T23:32:24","date_gmt":"2018-09-28T21:32:24","guid":{"rendered":"https:\/\/blogs.univ-tlse2.fr\/eepld\/?page_id=207"},"modified":"2018-09-28T23:35:38","modified_gmt":"2018-09-28T21:35:38","slug":"outils-de-bilans-de-la-qualite-de-vie-scolaire","status":"publish","type":"page","link":"https:\/\/blogs.univ-tlse2.fr\/eepld\/espace-etablissements\/outils-de-bilans-de-la-qualite-de-vie-scolaire\/","title":{"rendered":"Outils de bilans de la qualit\u00e9 de vie scolaire"},"content":{"rendered":"<p>texte pour page parente<br \/>\n<!--more--><\/p>\n<p>Un petit rappel concernant ces questionnaires.<\/p>\n<p>Le coefficient <\/span>alpha de Cronbach est issu de calculs utilis\u00e9s en psychom\u00e9trie afin de mesurer la fiabilit\u00e9 des \u00e9chelles de questionnaires (ce que l\u2019on appelle classiquement la coh\u00e9rence interne) des questions pos\u00e9es dans un test. Comme je l\u2019avais indiqu\u00e9 dans nos r\u00e9unions virtuelles, des questions de contr\u00f4les sont pos\u00e9es aux \u00e9l\u00e8ves afin de mesurer une forme de fiabilit\u00e9 de leurs r\u00e9ponses \u00e0 des questions qui portent sur un m\u00eame sujet, qui doivent apporter des r\u00e9ponses identiques \u00e0 des questions formul\u00e9es diff\u00e9remment. C\u2019est une forme un peu compliqu\u00e9e de ce que l\u2019on appelle (dans le langage courant, pas en statistique) une forme de calcul de corr\u00e9lations (liens entre deux \u00e9l\u00e9ments).<\/p>\n<p><b>D\u00e9crocheur Anglais<\/span><\/b><br \/>\n<u><a href=\"http:\/\/modalisa-espe.univ-tlse2.fr\/decrocheurs_2hd\/Decrocheur_Anglais.html\">http:\/\/modalisa-espe.univ-tlse2.fr\/decrocheurs_2hd\/Decrocheur_Anglais.html<\/a><\/span><\/u><br \/>\n<b>Statut : V\u00e9rifi\u00e9 Ok Jessie<\/span><\/b><br \/>\n<b>Calcul fiabilit\u00e9 : Ok Jessie &#8211; Alpha de Cronbach = <\/span><\/b><span style=\"font-family: 'Courier New'\">0,9663<\/span><\/p>\n<p><b>D\u00e9crocheur Espagnol<\/span><\/b><br \/>\n<u><a href=\"http:\/\/modalisa-espe.univ-tlse2.fr\/decrocheurs_2hd\/Decrocheurs_Espagnol.html\">http:\/\/modalisa-espe.univ-tlse2.fr\/decrocheurs_2hd\/Decrocheurs_Espagnol.html<\/a><\/span><\/u><br \/>\n<b>Statut : V\u00e9rifi\u00e9 Ok Jessie<\/span><\/b><br \/>\n<b>Calcul fiabilit\u00e9 : Ok Jessie &#8211; Alpha de Cronbach = <\/span><\/b><span style=\"font-family: 'Courier New'\">0,9022<\/span><\/p>\n<p><b>D\u00e9crocheur<\/span><\/b><b> Estonien<\/span><\/b><br \/>\n<u><a href=\"http:\/\/modalisa-espe.univ-tlse2.fr\/decrocheurs_2hd\/D%C3%A9crocheurs_Estoniens.html\">http:\/\/modalisa-espe.univ-tlse2.fr\/decrocheurs_2hd\/D\u00e9crocheurs_Estoniens.html<\/a><\/span><\/u><br \/>\n<b>Statut : V\u00e9rifi\u00e9 Ok Jessie<\/span><\/b><br \/>\n<b>Calcul fiabilit\u00e9 : Ok Jessie &#8211; Alpha de Cronbach = <\/span><\/b><span style=\"font-family: 'Courier New'\">0,9954<\/span><\/p>\n<p><b>D\u00e9crocheur<\/span><\/b><b> Fran\u00e7ais<\/span><\/b><br \/>\n<u><a href=\"http:\/\/modalisa-espe.univ-tlse2.fr\/decrocheurs_2hd\/Decrocheurs.html\">http:\/\/modalisa-espe.univ-tlse2.fr\/decrocheurs_2hd\/Decrocheurs.html <\/a><\/span><\/u><br \/>\n<b>Statut : V\u00e9rifi\u00e9 Ok Jessie<\/span><\/b><br \/>\n<b>Calcul fiabilit\u00e9 : Ok Jessie &#8211; Alpha de Cronbach = <\/span><\/b><span style=\"font-family: 'Courier New'\">0,9192<\/span><\/p>\n<p><b>D\u00e9crocheur<\/span><\/b><b> Roumain<\/span><\/b><br \/>\n<u><a href=\"http:\/\/modalisa-espe.univ-tlse2.fr\/decrocheurs_2hd\/DecrocheurRoumanie.html\">http:\/\/modalisa-espe.univ-tlse2.fr\/decrocheurs_2hd\/DecrocheurRoumanie.html<\/a><\/span><\/u><br \/>\n<b>Statut : V\u00e9rifi\u00e9 Ok Jessie<\/span><\/b><br \/>\n<b>Calcul fiabilit\u00e9 : Ok Jessie &#8211; Alpha de Cronbach = <\/span><\/b><span style=\"font-family: 'Courier New'\">0,9606<\/span><\/p>\n<p><b>D\u00e9crocheur Russe<\/span><\/b><br \/>\n<u><a href=\"http:\/\/modalisa-espe.univ-tlse2.fr\/decrocheurs_2hd\/Decrocheur_Russe.html\">http:\/\/modalisa-espe.univ-tlse2.fr\/decrocheurs_2hd\/Decrocheur_Russe.html<\/a><\/span><\/u><br \/>\n<b>Pb et V\u00e9rifi\u00e9 Ok<\/span><\/b><br \/>\n<b>Calcul fiabilit\u00e9 : Ok Jessie &#8211; Alpha de Cronbach = <\/span><\/b><span style=\"font-family: 'Courier New'\">0,8330<\/span><\/p>\n<p><b>QVS 1er et 2sd degr\u00e9 Anglais<\/span><\/b><br \/>\n<u><a href=\"http:\/\/modalisa-espe.univ-tlse2.fr\/qvs2017SdDegre_V5\/QVS2017%20Sd%20Degr%C3%A9%20Anglais.html\">http:\/\/modalisa-espe.univ-tlse2.fr\/qvs2017SdDegre_V5\/QVS2017 Sd Degr\u00e9 Anglais.html<\/a><\/span><\/u><br \/>\n<b>Statut : V\u00e9rifi\u00e9 Ok Jessie<\/span><\/b><br \/>\n<b>Calcul fiabilit\u00e9 : Ok Jessie &#8211; Alpha de Cronbach = <\/span><\/b><span style=\"font-family: 'Courier New'\">0,8643<\/span><\/p>\n<p><b>QVS 1er et 2sd degr\u00e9 Espagnol<\/span><\/b><br \/>\n<u><a href=\"http:\/\/modalisa-espe.univ-tlse2.fr\/qvs2017SdDegre_V5\/QVS2017_SdDegre_Espagnol.html\">http:\/\/modalisa-espe.univ-tlse2.fr\/qvs2017SdDegre_V5\/QVS2017_SdDegre_Espagnol.html<\/a><\/span><\/u><br \/>\n<b>Statut : V\u00e9rifi\u00e9 Ok Jessie<\/span><\/b><br \/>\n<b>Calcul fiabilit\u00e9 : Ok Jessie &#8211; Alpha de Cronbach = <\/span><\/b><span style=\"font-family: 'Courier New'\">0,8119<\/span><\/p>\n<p><b>QVS 1er et 2sd degr\u00e9<\/span><\/b><b> Estonien<\/span><\/b><br \/>\n<u><a href=\"http:\/\/modalisa-espe.univ-tlse2.fr\/qvs2017SdDegre_V5\/QVS%20Estii.html\">http:\/\/modalisa-espe.univ-tlse2.fr\/qvs2017SdDegre_V5\/QVS Estii.html<\/a><\/span><\/u><br \/>\n<b>Statut : V\u00e9rifi\u00e9 Ok Jessie<\/span><\/b><br \/>\n<b>Calcul fiabilit\u00e9 : Ok Jessie &#8211; Alpha de Cronbach = <\/span><\/b><span style=\"font-family: 'Courier New'\">0,9545<\/span><\/p>\n<p><b>QVS 1er et 2sd degr\u00e9<\/span><\/b><b> Fran\u00e7ais<\/span><\/b><br \/>\n<u><a href=\"http:\/\/modalisa-espe.univ-tlse2.fr\/qvs2017SdDegre_V5\/QVS%202017%20El%C3%A8ves%20du%20second%20degr%C3%A9.html\">http:\/\/modalisa-espe.univ-tlse2.fr\/qvs2017SdDegre_V5\/QVS%202017%20El\u00e8ves%20du%20second%20degr\u00e9.html <\/a><\/span><\/u><br \/>\n<b>Statut : V\u00e9rifi\u00e9 Ok Jessie<\/span><\/b><br \/>\n<b>Calcul fiabilit\u00e9 : Ok Jessie &#8211; Alpha de Cronbach = <\/span><\/b><span style=\"font-family: 'Courier New'\">0,8555<\/span><\/p>\n<p><b>QVS 1er et 2sd degr\u00e9<\/span><\/b><b> Roumain<\/span><\/b><br \/>\n<u><a href=\"http:\/\/modalisa-espe.univ-tlse2.fr\/qvs2017SdDegre_V5\/QVS_2017_SdDeg_5_Roumanie.html\">http:\/\/modalisa-espe.univ-tlse2.fr\/qvs2017SdDegre_V5\/QVS_2017_SdDeg_5_Roumanie.html <\/a><\/span><\/u><br \/>\n<b>Statut : V\u00e9rifi\u00e9 Ok Jessie<\/span><\/b><br \/>\n<b>Calcul fiabilit\u00e9 : Ok Jessie &#8211; Alpha de Cronbach = <\/span><\/b><span style=\"font-family: 'Courier New'\">0,8250<\/span><\/p>\n<p><b>QVS 1er et 2sd degr\u00e9 Russe<\/span><\/b><br \/>\n<u><a href=\"http:\/\/modalisa-espe.univ-tlse2.fr\/qvs2017SdDegre_V5\/Russe.html\">http:\/\/modalisa-espe.univ-tlse2.fr\/qvs2017SdDegre_V5\/Russe.html<\/a><\/span><\/u><br \/>\n<b>Statut : Pb et <\/span><\/b><b>V\u00e9rifi\u00e9 Ok<\/span><\/b><b> <\/b><b>Jessie<\/span><\/b><br \/>\n<b>Calcul fiabilit\u00e9 : Ok Jessie &#8211; Alpha de Cronbach = <\/span><\/b><span style=\"font-family: 'Courier New'\">0,7511<\/span><\/p>\n<p><b>Classes sp\u00e9ciales Anglais<\/span><\/b><br \/>\n<b>Statut : Probl\u00e8me de traduction \u2013 hors ligne<\/span><\/b><\/p>\n<p><b>Classes sp\u00e9ciales Espagnol<\/b><\/span><br \/>\n<b>Statut : Probl\u00e8me de traduction \u2013 hors ligne<br \/>\nProbl\u00e8mes r\u00e9solus : Victoria Lartigue (LP Jean Durroux, Ferri\u00e8res sur Ari\u00e8ge)<\/span><\/b><\/p>\n<p><b>Classes sp\u00e9ciales<\/b><\/span><b> Estonien<\/span><\/b><br \/>\n<b>Statut : Probl\u00e8me de traduction \u2013 hors ligne<\/span><\/b><\/p>\n<p><b>Classes sp\u00e9ciales<\/span><\/b><b> Fran\u00e7ais<\/span><\/b><br \/>\n<u><a href=\"http:\/\/modalisa-espe.univ-tlse2.fr\/ClassesCpeciales\/Classes_Speciales_2017.html\">http:\/\/modalisa-espe.univ-tlse2.fr\/ClassesCpeciales\/Classes_Speciales_2017.html <\/a><\/span><\/u><br \/>\n<b>Statut : V\u00e9rifi\u00e9 Ok Jessie<\/span><\/b><br \/>\n<b>Calcul fiabilit\u00e9 : <u>Jessie FAIBLE (formulation)<\/u>&#8211; Alpha de Cronbach =<\/span><\/b><b><u> <\/u><\/b><b><u><span style=\"font-family: 'Courier New'\">0,6709<\/span><\/u><\/b><\/p>\n<p><b>Classes sp\u00e9ciales<\/span><\/b><b> Roumain<\/span><\/b><br \/>\n<u><a href=\"http:\/\/modalisa-espe.univ-tlse2.fr\/ClassesCpeciales\/Classe_spe_Roumanie.html\">http:\/\/modalisa-espe.univ-tlse2.fr\/ClassesCpeciales\/Classe_spe_Roumanie.html <\/a><\/span><\/u><br \/>\n<b>Pb et V\u00e9rifi\u00e9 Ok<\/span><\/b><br \/>\n<b>Calcul fiabilit\u00e9 : <u>Trop peu de donn\u00e9es<\/u> &#8211; Jessie &#8211; Alpha de Cronbach = <\/span><\/b><span style=\"font-family: 'Courier New'\">0,4567<\/span><\/p>\n<p><b>Classes sp\u00e9ciales Russe<\/span><\/b><br \/>\n<b>Statut : Probl\u00e8me de traduction \u2013 hors ligne<\/span><\/b><\/p>\n<p><b>\u00c9quipe \u00e9ducative Anglais<\/b><\/span><br \/>\n<u><a href=\"http:\/\/modalisa-espe.univ-tlse2.fr\/Equipe_educ_2017\/Eq_educ_2017_Anglais.html\">http:\/\/modalisa-espe.univ-tlse2.fr\/Equipe_educ_2017\/Eq_educ_2017_Anglais.html<\/a><\/span><\/u><br \/>\n<b>Pb et V\u00e9rifi\u00e9 Ok<\/span><\/b><br \/>\n<b>Calcul fiabilit\u00e9 : <\/span><\/b><b><u>Faible<\/span><\/u><\/b><b> <\/b><b>Jessie &#8211; Alpha de Cronbach sur participants non-partenaires = <\/span><\/b><b><u><span style=\"font-family: 'Courier New'\">0,5904<\/span><\/u><\/b><\/p>\n<p><b>\u00c9quipe \u00e9ducative Espagnol<\/span><\/b><br \/>\n<b>Statut : Probl\u00e8me de traduction \u2013 hors ligne<br \/>\nProbl\u00e8mes r\u00e9solus : Victoria Lartigue (LP Jean Durroux, Ferri\u00e8res sur Ari\u00e8ge)<\/span><\/b><\/p>\n<p><b>\u00c9quipe \u00e9ducative<\/b><\/span><b> Estonien<\/span><\/b><br \/>\n<b>Statut : Probl\u00e8me de traduction \u2013 hors ligne<\/span><\/b><\/p>\n<p><b>\u00c9quipe \u00e9ducative<\/span><\/b><b> Fran\u00e7ais<\/span><\/b><br \/>\n<u><a href=\"http:\/\/modalisa-espe.univ-tlse2.fr\/Equipe_educ_2017\/Eq_educ_2017_A.html\">http:\/\/modalisa-espe.univ-tlse2.fr\/Equipe_educ_2017\/Eq_educ_2017_A.html <\/a><\/span><\/u><br \/>\n<b>Statut : V\u00e9rifi\u00e9 Ok Jessie<\/span><\/b><br \/>\n<b>Calcul fiabilit\u00e9 : Ok Jessie &#8211; Alpha de Cronbach sur participants non partenaires= <\/span><\/b><span style=\"font-family: 'Courier New'\">0,8243<\/span><\/p>\n<p><b>\u00c9quipe \u00e9ducative<\/span><\/b><b> Roumain<\/span><\/b><br \/>\n<u><a href=\"http:\/\/modalisa-espe.univ-tlse2.fr\/Equipe_educ_2017\/Eq_Educ%20Roumanie.html\">http:\/\/modalisa-espe.univ-tlse2.fr\/Equipe_educ_2017\/Eq_Educ Roumanie.html<\/a><\/span><\/u><br \/>\n<b>Statut : V\u00e9rifi\u00e9 Ok Jessie<\/span><\/b><br \/>\n<b>Calcul fiabilit\u00e9 : NSPP Jessie<\/span><\/b><\/p>\n<p><b>\u00c9quipe \u00e9ducative Russe<\/span><\/b><br \/>\n<b>Statut : Probl\u00e8me de traduction \u2013 hors ligne<\/span><\/b><\/p>\n<p><b>Parents Anglais<\/b><\/span><br \/>\n<u><a href=\"http:\/\/modalisa-espe.univ-tlse2.fr\/parents2017_11jj\/Parents_Anglais.html\">http:\/\/modalisa-espe.univ-tlse2.fr\/parents2017_11jj\/Parents_Anglais.html<\/a><\/span><\/u><br \/>\n<b>Pb et V\u00e9rifi\u00e9 Ok<\/span><\/b><br \/>\n<b>Calcul fiabilit\u00e9 : Ok Jessie &#8211; Alpha de Cronbach =  <\/span><\/b><\/p>\n<p><b>Parents Espagnol<\/span><\/b><br \/>\n<b>Statut : Probl\u00e8me de traduction \u2013 hors ligne<br \/>\nProbl\u00e8mes r\u00e9solus : Victoria Lartigue (LP Jean Durroux, Ferri\u00e8res sur Ari\u00e8ge)<\/span><\/b><\/p>\n<p><b>Parents<\/b><\/span><b> Estonien<\/span><\/b><br \/>\n<b>Statut : Probl\u00e8me de traduction \u2013 hors ligne<\/span><\/b><\/p>\n<p><b>Parents<\/span><\/b><b> Fran\u00e7ais<\/span><\/b><br \/>\n<u><a href=\"http:\/\/modalisa-espe.univ-tlse2.fr\/parents2017_11jj\/Parents_2017.html\">http:\/\/modalisa-espe.univ-tlse2.fr\/parents2017_11jj\/Parents_2017.html <\/a><\/span><\/u><br \/>\n<b>Statut : V\u00e9rifi\u00e9 Ok Jessie<\/span><\/b><br \/>\n<b>Calcul fiabilit\u00e9 : NSPP Jessie<\/span><\/b><\/p>\n<p><b>Calcul d\u2019un Kappa de Cohen crois\u00e9 avec les \u00e9l\u00e8ves Ok mais global<\/span><\/b><\/p>\n<p><b>Parents<\/span><\/b><b> Roumain<\/span><\/b><br \/>\n<u><a href=\"http:\/\/modalisa-espe.univ-tlse2.fr\/parents2017_11jj\/Parents%20roumains.html\">http:\/\/modalisa-espe.univ-tlse2.fr\/parents2017_11jj\/Parents roumains.html<\/a><\/span><\/u><br \/>\n<b>Statut : V\u00e9rifi\u00e9 Ok Jessie<\/span><\/b><br \/>\n<b>Calcul fiabilit\u00e9 : NSPP <\/span><\/b><\/p>\n<p><b>Parent Russe<\/span><\/b><br \/>\n<b>Statut : Probl\u00e8me de traduction \u2013 hors ligne<\/span><\/b><\/p>\n<p><b>V\u00e9cu des adultes de l&rsquo;\u00e9tablissement Anglais<\/b><\/span><br \/>\n<b>Statut : Probl\u00e8me de traduction \u2013 hors ligne<\/span><\/b><\/p>\n<p><b>V\u00e9cu des adultes de l&rsquo;\u00e9tablissement Espagnol<\/b><\/span><br \/>\n<b>Statut : Probl\u00e8me de traduction \u2013 hors ligne<br \/>\nProbl\u00e8mes r\u00e9solus : Victoria Lartigue (LP Jean Durroux, Ferri\u00e8res sur Ari\u00e8ge)<\/span><\/b><\/p>\n<p><b>V\u00e9cu des adultes de l&rsquo;\u00e9tablissement<\/b><\/span><b> Estonien<\/span><\/b><br \/>\n<b>Statut : Probl\u00e8me de traduction \u2013 hors ligne<\/span><\/b><\/p>\n<p><b>V\u00e9cu des adultes de l&rsquo;\u00e9tablissement<\/span><\/b><b> Fran\u00e7ais<\/span><\/b><br \/>\n<u><a href=\"http:\/\/modalisa-espe.univ-tlse2.fr\/Vecu_Adultes_2017\/Vecu_Adultes_2017.html\">http:\/\/modalisa-espe.univ-tlse2.fr\/Vecu_Adultes_2017\/Vecu_Adultes_2017.html <\/a><\/span><\/u><br \/>\n<b>Statut : V\u00e9rifi\u00e9 Ok Jessie<\/span><\/b><br \/>\n<b>Calcul fiabilit\u00e9 : Ok Jessie &#8211; Alpha de Cronbach = <\/span><\/b><span style=\"font-family: 'Courier New'\">0,7722<\/span><\/p>\n<p><b>V\u00e9cu des adultes de l&rsquo;\u00e9tablissement<\/span><\/b><b> Roumain<\/span><\/b><br \/>\n<u><a href=\"http:\/\/modalisa-espe.univ-tlse2.fr\/Vecu_Adultes_2017\/Vecu_Adultes_Roumains.html\">http:\/\/modalisa-espe.univ-tlse2.fr\/Vecu_Adultes_2017\/Vecu_Adultes_Roumains.html  <\/a><\/span><\/u><\/p>\n","protected":false},"excerpt":{"rendered":"<p>texte pour page parente<\/p>\n","protected":false},"author":582,"featured_media":0,"parent":197,"menu_order":0,"comment_status":"closed","ping_status":"closed","template":"","meta":{"footnotes":"","_links_to":"","_links_to_target":""},"class_list":["post-207","page","type-page","status-publish","hentry"],"_links":{"self":[{"href":"https:\/\/blogs.univ-tlse2.fr\/eepld\/wp-json\/wp\/v2\/pages\/207","targetHints":{"allow":["GET"]}}],"collection":[{"href":"https:\/\/blogs.univ-tlse2.fr\/eepld\/wp-json\/wp\/v2\/pages"}],"about":[{"href":"https:\/\/blogs.univ-tlse2.fr\/eepld\/wp-json\/wp\/v2\/types\/page"}],"author":[{"embeddable":true,"href":"https:\/\/blogs.univ-tlse2.fr\/eepld\/wp-json\/wp\/v2\/users\/582"}],"replies":[{"embeddable":true,"href":"https:\/\/blogs.univ-tlse2.fr\/eepld\/wp-json\/wp\/v2\/comments?post=207"}],"version-history":[{"count":1,"href":"https:\/\/blogs.univ-tlse2.fr\/eepld\/wp-json\/wp\/v2\/pages\/207\/revisions"}],"predecessor-version":[{"id":208,"href":"https:\/\/blogs.univ-tlse2.fr\/eepld\/wp-json\/wp\/v2\/pages\/207\/revisions\/208"}],"up":[{"embeddable":true,"href":"https:\/\/blogs.univ-tlse2.fr\/eepld\/wp-json\/wp\/v2\/pages\/197"}],"wp:attachment":[{"href":"https:\/\/blogs.univ-tlse2.fr\/eepld\/wp-json\/wp\/v2\/media?parent=207"}],"curies":[{"name":"wp","href":"https:\/\/api.w.org\/{rel}","templated":true}]}}