 {"id":236,"date":"2018-09-29T17:58:59","date_gmt":"2018-09-29T15:58:59","guid":{"rendered":"https:\/\/blogs.univ-tlse2.fr\/eepld\/?page_id=236"},"modified":"2018-09-29T17:58:59","modified_gmt":"2018-09-29T15:58:59","slug":"formare","status":"publish","type":"page","link":"https:\/\/blogs.univ-tlse2.fr\/eepld\/ro\/formare\/","title":{"rendered":"Formare"},"content":{"rendered":"<div id=\"pl-236\"  class=\"panel-layout\" ><div id=\"pg-236-0\"  class=\"panel-grid panel-has-style\" ><div class=\"panel-row-style panel-row-style-for-236-0\" ><div id=\"pgc-236-0-0\"  class=\"panel-grid-cell\" ><div class=\"panel-cell-style panel-cell-style-for-236-0-0\" ><div id=\"panel-236-0-0-0\" class=\"so-panel widget widget_text panel-first-child panel-last-child\" data-index=\"0\" ><div class=\"panel-widget-style panel-widget-style-for-236-0-0-0\" >\t\t\t<div class=\"textwidget\"><p>(ro)<\/p>\n<p>Notre \u00e9quipe propose plusieurs types de formations relatives au d\u00e9crochage et \u00e0 la Qualit\u00e9 de vie en milieu scolaire.<\/p>\n<p>Vous pouvez suivre ces formations en direct, au dates propos\u00e9es et participez ainsi aux interactions et \u00e9changes constructifs.<\/p>\n<p>Ces formations sont enregistr\u00e9es. Vous pouvez donc les regarder en diff\u00e9r\u00e9, au moment qui vous convient le plus.<\/p>\n<p>Avant de profiter de ces \u00e9l\u00e9ments de formation, vous devez vous inscrire afin de b\u00e9n\u00e9ficier des formations qui vous concernent.<\/p>\n<\/div>\n\t\t<\/div><\/div><\/div><\/div><div id=\"pgc-236-0-1\"  class=\"panel-grid-cell\" ><div id=\"panel-236-0-1-0\" class=\"so-panel widget widget_sow-button panel-first-child\" data-index=\"1\" ><div\n\t\t\t\n\t\t\tclass=\"so-widget-sow-button so-widget-sow-button-atom-f54c0409268f-236\"\n\t\t\t\n\t\t><div class=\"ow-button-base ow-button-align-center\"\n>\n\t\t\t<a\n\t\t\t\t\thref=\"&#x6d;&#x61;&#x69;&#x6c;&#116;&#111;:beno&#x69;&#x74;&#x2e;&#x6a;&#x65;&#117;nier&#64;&#x75;&#x6e;&#x69;&#x76;&#x2d;&#116;lse2&#46;&#x66;&#x72;\"\n\t\t\t\t\tclass=\"sowb-button ow-icon-placement-left ow-button-hover\" \t>\n\t\t<span>\n\t\t\t\n\t\t\t(ro) S'inscrire pour rejoindre la plateforme de formation EEPLD\t\t<\/span>\n\t\t\t<\/a>\n\t<\/div>\n<\/div><\/div><div id=\"panel-236-0-1-1\" class=\"so-panel widget widget_sow-button panel-last-child\" data-index=\"2\" ><div\n\t\t\t\n\t\t\tclass=\"so-widget-sow-button so-widget-sow-button-atom-f54c0409268f-236\"\n\t\t\t\n\t\t><div class=\"ow-button-base ow-button-align-center\"\n>\n\t\t\t<a\n\t\t\t\t\thref=\"http:\/\/moodle.espe-france.fr\/toulouse\/mod\/page\/view.php?id=43890\"\n\t\t\t\t\tclass=\"sowb-button ow-icon-placement-left ow-button-hover\" \t>\n\t\t<span>\n\t\t\t\n\t\t\t(ro) Rejoindre la plateforme de formation EEPLD\t\t<\/span>\n\t\t\t<\/a>\n\t<\/div>\n<\/div><\/div><\/div><\/div><\/div><\/div>","protected":false},"excerpt":{"rendered":"<p>(ro) Notre \u00e9quipe propose plusieurs types de formations relatives au d\u00e9crochage et \u00e0 la Qualit\u00e9 de vie en milieu scolaire. Vous pouvez suivre ces formations en direct, au dates propos\u00e9es et participez ainsi aux interactions et \u00e9changes constructifs. Ces formations sont enregistr\u00e9es. Vous pouvez donc les regarder en diff\u00e9r\u00e9, au moment qui vous convient le <a href=\"https:\/\/blogs.univ-tlse2.fr\/eepld\/ro\/formare\/\" rel=\"nofollow\"><span class=\"sr-only\">En savoir plus surFormare<\/span>[&hellip;]<\/a><\/p>\n","protected":false},"author":582,"featured_media":0,"parent":0,"menu_order":0,"comment_status":"closed","ping_status":"closed","template":"","meta":{"footnotes":"","_links_to":"","_links_to_target":""},"class_list":["post-236","page","type-page","status-publish","hentry"],"_links":{"self":[{"href":"https:\/\/blogs.univ-tlse2.fr\/eepld\/wp-json\/wp\/v2\/pages\/236","targetHints":{"allow":["GET"]}}],"collection":[{"href":"https:\/\/blogs.univ-tlse2.fr\/eepld\/wp-json\/wp\/v2\/pages"}],"about":[{"href":"https:\/\/blogs.univ-tlse2.fr\/eepld\/wp-json\/wp\/v2\/types\/page"}],"author":[{"embeddable":true,"href":"https:\/\/blogs.univ-tlse2.fr\/eepld\/wp-json\/wp\/v2\/users\/582"}],"replies":[{"embeddable":true,"href":"https:\/\/blogs.univ-tlse2.fr\/eepld\/wp-json\/wp\/v2\/comments?post=236"}],"version-history":[{"count":1,"href":"https:\/\/blogs.univ-tlse2.fr\/eepld\/wp-json\/wp\/v2\/pages\/236\/revisions"}],"predecessor-version":[{"id":237,"href":"https:\/\/blogs.univ-tlse2.fr\/eepld\/wp-json\/wp\/v2\/pages\/236\/revisions\/237"}],"wp:attachment":[{"href":"https:\/\/blogs.univ-tlse2.fr\/eepld\/wp-json\/wp\/v2\/media?parent=236"}],"curies":[{"name":"wp","href":"https:\/\/api.w.org\/{rel}","templated":true}]}}