 {"id":244,"date":"2018-09-29T19:18:46","date_gmt":"2018-09-29T17:18:46","guid":{"rendered":"https:\/\/blogs.univ-tlse2.fr\/eepld\/?page_id=244"},"modified":"2018-09-29T19:18:46","modified_gmt":"2018-09-29T17:18:46","slug":"lequipe","status":"publish","type":"page","link":"https:\/\/blogs.univ-tlse2.fr\/eepld\/lequipe\/","title":{"rendered":"L&rsquo;\u00e9quipe"},"content":{"rendered":"<div id=\"pl-244\"  class=\"panel-layout\" ><div id=\"pg-244-0\"  class=\"panel-grid panel-has-style\" ><div class=\"panel-row-style panel-row-style-for-244-0\" ><div id=\"pgc-244-0-0\"  class=\"panel-grid-cell\" ><div id=\"panel-244-0-0-0\" class=\"so-panel widget widget_sow-editor panel-first-child panel-last-child\" data-index=\"0\" ><div\n\t\t\t\n\t\t\tclass=\"so-widget-sow-editor so-widget-sow-editor-base\"\n\t\t\t\n\t\t>\n<div class=\"siteorigin-widget-tinymce textwidget\">\n\t<h2>A propos de ce programme de<br \/>Recherche-Actions-Pr\u00e9vention<\/h2>\n<p>Le d\u00e9crochage scolaire est un processus qui peut concerner l\u2019ensemble de la scolarit\u00e9 avec des p\u00e9riodes critiques (entr\u00e9e \u00e0 l\u2019\u00e9cole, au coll\u00e8ge, au lyc\u00e9e, crise d\u2019adolescence\u2026).<\/p>\n<p>C'est un processus qui conjugue plusieurs facteurs : scolaires, personnels, familiaux et sociaux.<\/p>\n<p>Jusque vers la fin des ann\u00e9es soixante-dix, environ 200 000 jeunes sortaient sans aucun dipl\u00f4me du syst\u00e8me \u00e9ducatif.<br \/>- Des \u00e9l\u00e8ves qui ne poursuivaient pas leurs \u00e9tudes apr\u00e8s un \u00e9chec \u00e0 un examen ;<br \/>- Des \u00e9l\u00e8ves qui sortaient du syst\u00e8me scolaire avant la fin d\u2019un cycle.<\/p>\n<p>Il s'agit d'un ph\u00e9nom\u00e8ne ancien mais aux cons\u00e9quences plus visibles aujourd\u2019hui.<\/p>\n<p>Historiquement, de nouveaux besoins \u00e9conomiques qui ont engendr\u00e9 l\u2019ouverture de l\u2019\u00e9cole au plus grand nombre (politique de massification) et un d\u00e9crochage scolaire accru. La scolarisation obligatoire et la massification de l\u2019acc\u00e8s au lyc\u00e9e engendre de nouveaux types de d\u00e9crocheurs: les d\u00e9croch\u00e9s \u00ab de l\u2019int\u00e9rieur \u00bb (drop in: chutes de performances). Ce site vise principalement la compr\u00e9hension des fateurs favorisant le d\u00e9crochage scolaire et les moyens de les r\u00e9duire...<\/p>\n<p>Pour ce faire, un d\u00e9tour pas l'am\u00e9lioration de la qualit\u00e9 de vie est incontournable. Ce site offre \u00e9galement des outils de bilan et d'\u00e9valuatin et d'am\u00e9lioration de la qualit\u00e9 de vie pour les \u00e9l\u00e8ves mais \u00e9galement pour les adultes de l'\u00e9tablissement.<\/p>\n<p>Fort de plus de dix ans de recherche sur cette th\u00e9matique, nos travaux visent \u00e0 produire un portrait de la vie quotidienne dans les \u00e9tablissements des premier et second degr\u00e9s. Les bilans confidentiels, \u00e9tablis et remis au Chef d\u2019\u00e9tablissement, offrent une synth\u00e8se et permettent aux \u00e9quipes \u00e9ducatives de se positionner par rapport \u00e0 d\u2019autres \u00e9tablissements dont ils ne connaissent \u00e9videmment pas l\u2019identit\u00e9. L\u2019analyse et les retours permettent, lorsque les \u00e9quipes \u00e9ducatives le souhaitent, d\u2019envisager des actions de pr\u00e9vention sous diverses formes, adapt\u00e9es au contexte. In fine, les informations collect\u00e9es visent principalement \u00e0 adapter les actions de formations initiales et continues afin d\u2019am\u00e9liorer la formation des enseignants car, comme vous le savez, cette th\u00e9matique a longtemps \u00e9t\u00e9 ignor\u00e9e. Les processus de harc\u00e8lement restent encore m\u00e9connus et les solutions fort peu d\u00e9velopp\u00e9es en France.<\/p>\n<p>\u00c0 cet \u00e9gard, les sollicitations par les enseignants et les institutions scolaires sont nombreuses et nous souhaitons r\u00e9pondre \u00e0 leur demande sur la base de connaissances concr\u00e8tes. Notre groupe de recherche est essentiellement compos\u00e9 de trois ma\u00eetres de conf\u00e9rences, un ing\u00e9nieur de recherches, un m\u00e9decin, une assistante sociale conseil et plusieurs docteurs en psychologie.<\/p>\n<p>C\u2019est donc avec votre collaboration et celle des personnels des \u00e9tablissements que nous souhaitons proposer des solutions sous forme de recherche-action et d'accompagnement des personnels. Enfin, l\u2019objectif final vise \u00e0 am\u00e9liorer le sentiment de bien-\u00eatre et de s\u00e9curit\u00e9 des \u00e9l\u00e8ves comme des adultes au sein des \u00e9tablissements scolaires en rep\u00e9rant, pr\u00e9venant et tentant de stopper, notamment, le harc\u00e8lement et les autres formes de violences entre \u00e9l\u00e8ves.<\/p>\n<\/div>\n<\/div><\/div><\/div><div id=\"pgc-244-0-1\"  class=\"panel-grid-cell\" ><div class=\"panel-cell-style panel-cell-style-for-244-0-1\" ><div id=\"panel-244-0-1-0\" class=\"so-panel widget widget_sow-editor panel-first-child\" data-index=\"1\" ><div\n\t\t\t\n\t\t\tclass=\"so-widget-sow-editor so-widget-sow-editor-base\"\n\t\t\t\n\t\t><h3 class=\"widget-title\">Nouvelles<\/h3>\n<div class=\"siteorigin-widget-tinymce textwidget\">\n\t<p class=\"wb-stl-normal\"><strong>2017-06-26<\/strong><\/p>\n<ul>\n<li><a href=\"https:\/\/blogs.univ-tlse2.fr\/eepld\/files\/2018\/09\/erasmus-jeunier-juin2017.pdf\">Pr\u00e9sentation sommaire du projet<\/a><\/li>\n<li><a href=\"https:\/\/blogs.univ-tlse2.fr\/eepld\/files\/2018\/09\/presentation-narbonne-02_06_2017.pdf\">Pr\u00e9sentation aux premi\u00e8res journ\u00e9es ESPE d'Occitanie<\/a><\/li>\n<li><a href=\"https:\/\/blogs.univ-tlse2.fr\/eepld\/files\/2018\/09\/presentation-narbonne-02_06_2017.pdf\">Fiche individuelle de suivi de temps<\/a><\/li>\n<\/ul>\n<\/div>\n<\/div><\/div><div id=\"panel-244-0-1-1\" class=\"so-panel widget widget_sow-editor panel-last-child\" data-index=\"2\" ><div id=\"partners\" class=\"panel-widget-style panel-widget-style-for-244-0-1-1\" ><div\n\t\t\t\n\t\t\tclass=\"so-widget-sow-editor so-widget-sow-editor-base\"\n\t\t\t\n\t\t><h3 class=\"widget-title\">Partenaires<\/h3>\n<div class=\"siteorigin-widget-tinymce textwidget\">\n\t<p><u><em><strong>Estonie<\/strong><\/em><\/u><\/p>\n<ul>\n<li><a href=\"http:\/\/www.ehtehg.ee\/index.php?page=3\">Ehte Humanitaarg\u00fcmnaasium<\/a><\/li>\n<li><a href=\"http:\/\/www.tdk.ee\/\">Tartu Descartes'i Kool<\/a><\/li>\n<li><a href=\"http:\/\/www.ut.ee\/en\">Tartu Ulikool<\/a><\/li>\n<li><a href=\"https:\/\/tes.innove.ee\/fr\/bienvenue-a-lecole-europeenne-de-tallinn\">Tallinn European School<\/a><\/li>\n<\/ul>\n<p><u><em><strong>France<\/strong><\/em><\/u><\/p>\n<ul>\n<li><a href=\"http:\/\/webetab.ac-bordeaux.fr\/college-paysdesluys\/\">Coll\u00e8ge du Pays des Luys-Amou<\/a><\/li>\n<li><a href=\"http:\/\/victor-hugo-mazeres.entmip.fr\/\">Coll\u00e8ge Victor Hugo, Maz\u00e8res<\/a><\/li>\n<li><a href=\"http:\/\/lautreamont.entmip.fr\/\">Lyc\u00e9e professionnel h\u00f4telier et \u00e9conomique Lautr\u00e9amont<\/a><\/li>\n<li><a href=\"http:\/\/jean-durroux.entmip.fr\/\">Lyc\u00e9e professionnel Jean Durroux<\/a><\/li>\n<li><a href=\"https:\/\/www.lyc-michel-narbonne.ac-montpellier.fr\/\">Lyc\u00e9e Louise Michel<\/a><\/li>\n<li><a href=\"http:\/\/www.education.gouv.fr\/annuaire\/31-haute-garonne\/colomiers\/etab\/ecole-elementaire-publique-lamartine.html\">EEPU Lamartine Colomiers<\/a><\/li>\n<li>Ansorge Jessie, Expertise-\u00c9valuation<\/li>\n<li><a href=\"http:\/\/www.univ-tlse2.fr\">Universit\u00e9 Jean Jaur\u00e8s, Toulouse<\/a><\/li>\n<li><a href=\"http:\/\/asmp-fpe.eu\/\">Fondation pour le Progr\u00e8s en Education de l'ASMP<\/a><\/li>\n<\/ul>\n<p><u><em><strong>Roumanie<\/strong><\/em><\/u><\/p>\n<ul>\n<li><a href=\"http:\/\/www.ucv.ro\/fr\/\">Universitatea din Craiova<\/a><\/li>\n<li><a href=\"http:\/\/gsetis.ro\/\">Liceul Tehnologic Economic de Turism<\/a><\/li>\n<li><a href=\"http:\/\/www.scbphasdeuiasi.ro\/\">Scoala Gimnaziala Bogdan Petriceicu Hasdeu<\/a><\/li>\n<li><a href=\"https:\/\/www.youtube.com\/watch?v=d9zhWFhrVwA\">Liceul Tehnologic de Mecatronica si Automatizari<\/a><\/li>\n<li><a href=\"http:\/\/aracip.eu\/UnitatiInvatamant\/scoala-gimnaziala-siretel-11084345\">Scoala Gimnaziala Siretel<\/a><\/li>\n<li><a href=\"http:\/\/cngi.is.edu.ro\/\">Colegiul National Garabet Ibraileanu<\/a><\/li>\n<li><a href=\"https:\/\/www.scoalanicolaetitulescu.ro\/\">Scoala Gimnaziala Nicolae Titulescu<\/a><\/li>\n<\/ul>\n<p>Autres pratenaires signal\u00e9s dans le projet :<\/p>\n<ul>\n<li>\u00c9coles, Coll\u00e8ge &amp; Lyc\u00e9e, Ottawa<\/li>\n<li>Universit\u00e9 du Qu\u00e9bec en Outaouais<\/li>\n<li>\u00c9cole internationale de Varna, Bulgarie<\/li>\n<li>\u00c9cole de Meadow Lake Center, Bloomfield Hills (D\u00e9troit)<\/li>\n<li>Lyc\u00e9e fran\u00e7ais de Kyoto, Japon<\/li>\n<li>\u00c9cole MLF-PSA de Xiang Yang<\/li>\n<\/ul>\n<p>Angleterre :<\/p>\n<ul>\n<li>Lyc\u00e9e Charles de Gaulles de Londres<\/li>\n<li>Lyc\u00e9e \u00a0international de Londres Winston-Churchill (2015)<\/li>\n<li>Coll\u00e8ge fran\u00e7ais de 41 classes<\/li>\n<li>\u00c9cole de South Kensington<\/li>\n<li>\u00c9cole Wix<\/li>\n<li>\u00c9cole Andr\u00e9 Malraux<\/li>\n<li>\u00c9cole Marie d'Orliac<\/li>\n<\/ul>\n<p>Chili :<\/p>\n<ul>\n<li>Universit\u00e9 Diego Portales<\/li>\n<li>Centro Educacional Mariano Ega\u00f1a, Comuna de Pe\u00f1alol\u00e9n<\/li>\n<li>Centro Educacional Eduardo de la Barra, Comuna de Pe\u00f1alol\u00e9n<\/li>\n<li>Centro Educacional Valle Hermoso, Comuna de Pe\u00f1alol\u00e9n<\/li>\n<li>Liceo Antonio Hermida Fabres, Comuna de Pe\u00f1alol\u00e9n<\/li>\n<li>Liceo Erasmo Escala Arriagada, Comuna de Pe\u00f1alol\u00e9n<\/li>\n<li>Centro Educacional Huechuraba, Comuna de Huechuraba<\/li>\n<\/ul>\n<\/div>\n<\/div><\/div><\/div><\/div><\/div><\/div><\/div><\/div>","protected":false},"excerpt":{"rendered":"<p>A propos de ce programme deRecherche-Actions-Pr\u00e9vention Le d\u00e9crochage scolaire est un processus qui peut concerner l\u2019ensemble de la scolarit\u00e9 avec des p\u00e9riodes critiques (entr\u00e9e \u00e0 l\u2019\u00e9cole, au coll\u00e8ge, au lyc\u00e9e, crise d\u2019adolescence\u2026). C&rsquo;est un processus qui conjugue plusieurs facteurs : scolaires, personnels, familiaux et sociaux. Jusque vers la fin des ann\u00e9es soixante-dix, environ 200 000 <a href=\"https:\/\/blogs.univ-tlse2.fr\/eepld\/lequipe\/\" rel=\"nofollow\"><span class=\"sr-only\">En savoir plus surL&rsquo;\u00e9quipe<\/span>[&hellip;]<\/a><\/p>\n","protected":false},"author":582,"featured_media":0,"parent":0,"menu_order":0,"comment_status":"closed","ping_status":"closed","template":"","meta":{"footnotes":"","_links_to":"","_links_to_target":""},"class_list":["post-244","page","type-page","status-publish","hentry"],"_links":{"self":[{"href":"https:\/\/blogs.univ-tlse2.fr\/eepld\/wp-json\/wp\/v2\/pages\/244","targetHints":{"allow":["GET"]}}],"collection":[{"href":"https:\/\/blogs.univ-tlse2.fr\/eepld\/wp-json\/wp\/v2\/pages"}],"about":[{"href":"https:\/\/blogs.univ-tlse2.fr\/eepld\/wp-json\/wp\/v2\/types\/page"}],"author":[{"embeddable":true,"href":"https:\/\/blogs.univ-tlse2.fr\/eepld\/wp-json\/wp\/v2\/users\/582"}],"replies":[{"embeddable":true,"href":"https:\/\/blogs.univ-tlse2.fr\/eepld\/wp-json\/wp\/v2\/comments?post=244"}],"version-history":[{"count":14,"href":"https:\/\/blogs.univ-tlse2.fr\/eepld\/wp-json\/wp\/v2\/pages\/244\/revisions"}],"predecessor-version":[{"id":261,"href":"https:\/\/blogs.univ-tlse2.fr\/eepld\/wp-json\/wp\/v2\/pages\/244\/revisions\/261"}],"wp:attachment":[{"href":"https:\/\/blogs.univ-tlse2.fr\/eepld\/wp-json\/wp\/v2\/media?parent=244"}],"curies":[{"name":"wp","href":"https:\/\/api.w.org\/{rel}","templated":true}]}}