 {"id":281,"date":"2018-09-30T15:19:19","date_gmt":"2018-09-30T13:19:19","guid":{"rendered":"https:\/\/blogs.univ-tlse2.fr\/eepld\/?page_id=281"},"modified":"2018-10-07T12:07:28","modified_gmt":"2018-10-07T10:07:28","slug":"accueil","status":"publish","type":"page","link":"https:\/\/blogs.univ-tlse2.fr\/eepld\/","title":{"rendered":"Accueil"},"content":{"rendered":"<div id=\"pl-281\"  class=\"panel-layout\" ><div id=\"pg-281-0\"  class=\"panel-grid panel-no-style\" ><div id=\"pgc-281-0-0\"  class=\"panel-grid-cell\" ><div id=\"panel-281-0-0-0\" class=\"so-panel widget widget_siteorigin-panels-builder panel-first-child panel-last-child\" data-index=\"0\" ><div id=\"pl-w5bb870f4787ce\"  class=\"panel-layout\" ><div id=\"pg-w5bb870f4787ce-0\"  class=\"panel-grid panel-no-style\" ><div id=\"pgc-w5bb870f4787ce-0-0\"  class=\"panel-grid-cell\" ><div id=\"panel-w5bb870f4787ce-0-0-0\" class=\"so-panel widget widget_text panel-first-child panel-last-child\" data-index=\"0\" ><div id=\"accueil-title\" class=\"panel-widget-style panel-widget-style-for-w5bb870f4787ce-0-0-0\" >\t\t\t<div class=\"textwidget\"><p>D\u00e9crochage et qualit\u00e9 de vie scolaires<\/p>\n<\/div>\n\t\t<\/div><\/div><\/div><\/div><div id=\"pg-w5bb870f4787ce-1\"  class=\"panel-grid panel-no-style\" ><div id=\"pgc-w5bb870f4787ce-1-0\"  class=\"panel-grid-cell\" ><div id=\"panel-w5bb870f4787ce-1-0-0\" class=\"so-panel widget widget_sow-button panel-first-child panel-last-child\" data-index=\"1\" ><div\n\t\t\t\n\t\t\tclass=\"so-widget-sow-button so-widget-sow-button-atom-27628fa9bb21\"\n\t\t\t\n\t\t><div class=\"ow-button-base ow-button-align-center\"\n>\n\t\t\t<a\n\t\t\t\tclass=\"sowb-button ow-icon-placement-left ow-button-hover\" \t>\n\t\t<span>\n\t\t\t\n\t\t\tR\u00e9sum\u00e9 EEPLD\t\t<\/span>\n\t\t\t<\/a>\n\t<\/div>\n<\/div><\/div><\/div><div id=\"pgc-w5bb870f4787ce-1-1\"  class=\"panel-grid-cell\" ><div id=\"panel-w5bb870f4787ce-1-1-0\" class=\"so-panel widget widget_sow-button panel-first-child panel-last-child\" data-index=\"2\" ><div\n\t\t\t\n\t\t\tclass=\"so-widget-sow-button so-widget-sow-button-atom-27628fa9bb21\"\n\t\t\t\n\t\t><div class=\"ow-button-base ow-button-align-center\"\n>\n\t\t\t<a\n\t\t\t\tclass=\"sowb-button ow-icon-placement-left ow-button-hover\" \t>\n\t\t<span>\n\t\t\t\n\t\t\tPartenaires EEPLD\t\t<\/span>\n\t\t\t<\/a>\n\t<\/div>\n<\/div><\/div><\/div><\/div><\/div><\/div><\/div><div id=\"pgc-281-0-1\"  class=\"panel-grid-cell\" ><div id=\"panel-281-0-1-0\" class=\"so-panel widget widget_siteorigin-panels-builder panel-first-child panel-last-child\" data-index=\"1\" ><div id=\"pl-w5bb870f47adae\"  class=\"panel-layout\" ><div id=\"pg-w5bb870f47adae-0\"  class=\"panel-grid panel-no-style\" ><div id=\"pgc-w5bb870f47adae-0-0\"  class=\"panel-grid-cell\" ><div id=\"panel-w5bb870f47adae-0-0-0\" class=\"so-panel widget widget_sow-image panel-first-child panel-last-child\" data-index=\"0\" ><div\n\t\t\t\n\t\t\tclass=\"so-widget-sow-image so-widget-sow-image-default-c67d20f9f743\"\n\t\t\t\n\t\t>\n<div class=\"sow-image-container\">\n\t\t<img \n\tsrc=\"https:\/\/blogs.univ-tlse2.fr\/eepld\/files\/2018\/10\/logo-espe_803270.54-300x83.png\" width=\"300\" height=\"83\" srcset=\"https:\/\/blogs.univ-tlse2.fr\/eepld\/files\/2018\/10\/logo-espe_803270.54-300x83.png 300w, https:\/\/blogs.univ-tlse2.fr\/eepld\/files\/2018\/10\/logo-espe_803270.54-768x214.png 768w, https:\/\/blogs.univ-tlse2.fr\/eepld\/files\/2018\/10\/logo-espe_803270.54.png 859w\" sizes=\"(max-width: 300px) 100vw, 300px\" alt=\"\" \t\tclass=\"so-widget-image\"\/>\n\t<\/div>\n\n<\/div><\/div><\/div><\/div><div id=\"pg-w5bb870f47adae-1\"  class=\"panel-grid panel-no-style\" ><div id=\"pgc-w5bb870f47adae-1-0\"  class=\"panel-grid-cell\" ><div id=\"panel-w5bb870f47adae-1-0-0\" class=\"so-panel widget widget_sow-image panel-first-child panel-last-child\" data-index=\"1\" ><div\n\t\t\t\n\t\t\tclass=\"so-widget-sow-image so-widget-sow-image-default-c67d20f9f743\"\n\t\t\t\n\t\t>\n<div class=\"sow-image-container\">\n\t\t<img \n\tsrc=\"https:\/\/blogs.univ-tlse2.fr\/eepld\/files\/2018\/10\/logoUT2J-1.png\" width=\"210\" height=\"50\" sizes=\"(max-width: 210px) 100vw, 210px\" title=\"logoUT2J\" alt=\"\" \t\tclass=\"so-widget-image\"\/>\n\t<\/div>\n\n<\/div><\/div><\/div><\/div><div id=\"pg-w5bb870f47adae-2\"  class=\"panel-grid panel-has-style\" ><div class=\"panel-row-style panel-row-style-for-w5bb870f47adae-2\" ><div id=\"pgc-w5bb870f47adae-2-0\"  class=\"panel-grid-cell\" ><div id=\"panel-w5bb870f47adae-2-0-0\" class=\"so-panel widget widget_sow-image panel-first-child panel-last-child\" data-index=\"2\" ><div\n\t\t\t\n\t\t\tclass=\"so-widget-sow-image so-widget-sow-image-default-e4c2d9f6c920\"\n\t\t\t\n\t\t>\n<div class=\"sow-image-container\">\n\t\t<img \n\tsrc=\"https:\/\/blogs.univ-tlse2.fr\/eepld\/files\/2018\/10\/Flag_of_Europe.png\" width=\"120\" height=\"80\" sizes=\"(max-width: 120px) 100vw, 120px\" alt=\"\" \t\tclass=\"so-widget-image\"\/>\n\t<\/div>\n\n<\/div><\/div><\/div><div id=\"pgc-w5bb870f47adae-2-1\"  class=\"panel-grid-cell\" ><div id=\"panel-w5bb870f47adae-2-1-0\" class=\"so-panel widget widget_sow-image panel-first-child panel-last-child\" data-index=\"3\" ><div class=\"panel-widget-style panel-widget-style-for-w5bb870f47adae-2-1-0\" ><div\n\t\t\t\n\t\t\tclass=\"so-widget-sow-image so-widget-sow-image-default-4e6925654b7a\"\n\t\t\t\n\t\t>\n<div class=\"sow-image-container\">\n\t\t<img \n\tsrc=\"https:\/\/blogs.univ-tlse2.fr\/eepld\/files\/2018\/10\/qualite-vie-small.png\" width=\"100\" height=\"87\" sizes=\"(max-width: 100px) 100vw, 100px\" alt=\"\" \t\tclass=\"so-widget-image\"\/>\n\t<\/div>\n\n<\/div><\/div><\/div><\/div><\/div><\/div><\/div><\/div><\/div><\/div><div id=\"pg-281-1\"  class=\"panel-grid panel-no-style\" ><div id=\"pgc-281-1-0\"  class=\"panel-grid-cell\" ><div class=\"encart-min-height panel-cell-style panel-cell-style-for-281-1-0\" ><div id=\"panel-281-1-0-0\" class=\"so-panel widget widget_sow-editor panel-first-child panel-last-child\" data-index=\"2\" ><div class=\"accueil-encart panel-widget-style panel-widget-style-for-281-1-0-0\" ><div\n\t\t\t\n\t\t\tclass=\"so-widget-sow-editor so-widget-sow-editor-base\"\n\t\t\t\n\t\t>\n<div class=\"siteorigin-widget-tinymce textwidget\">\n\t<p><a href=\"https:\/\/blogs.univ-tlse2.fr\/eepld\/espace-parents\/\"><img loading=\"lazy\" decoding=\"async\" class=\"alignnone size-medium wp-image-364\" src=\"https:\/\/blogs.univ-tlse2.fr\/eepld\/files\/2018\/10\/writing-panorama-300x112.jpg\" alt=\"\" width=\"300\" height=\"112\" srcset=\"https:\/\/blogs.univ-tlse2.fr\/eepld\/files\/2018\/10\/writing-panorama-300x112.jpg 300w, https:\/\/blogs.univ-tlse2.fr\/eepld\/files\/2018\/10\/writing-panorama.jpg 640w\" sizes=\"auto, (max-width: 300px) 100vw, 300px\" \/><\/a><\/p>\n<h1 style=\"text-align: center\">Adultes<\/h1>\n<p>Les pages de cet onglet cernent les enseignants, les personnels non enseignants, les personnels de direction, les partenaires de l\u2019\u00e9cole, etc\u2026<\/p>\n<p style=\"text-align: right\"><a href=\"https:\/\/blogs.univ-tlse2.fr\/eepld\/espace-parents\/\">Voir<\/a><\/p>\n<\/div>\n<\/div><\/div><\/div><\/div><\/div><div id=\"pgc-281-1-1\"  class=\"panel-grid-cell\" ><div class=\"encart-min-height panel-cell-style panel-cell-style-for-281-1-1\" ><div id=\"panel-281-1-1-0\" class=\"so-panel widget widget_sow-editor panel-first-child panel-last-child\" data-index=\"3\" ><div class=\"accueil-encart panel-widget-style panel-widget-style-for-281-1-1-0\" ><div\n\t\t\t\n\t\t\tclass=\"so-widget-sow-editor so-widget-sow-editor-base\"\n\t\t\t\n\t\t>\n<div class=\"siteorigin-widget-tinymce textwidget\">\n\t<p><a href=\"https:\/\/blogs.univ-tlse2.fr\/eepld\/espace-eleves\/\"><img loading=\"lazy\" decoding=\"async\" class=\"alignnone size-medium wp-image-365\" src=\"https:\/\/blogs.univ-tlse2.fr\/eepld\/files\/2018\/10\/boys-panorama-300x112.jpg\" alt=\"\" width=\"300\" height=\"112\" srcset=\"https:\/\/blogs.univ-tlse2.fr\/eepld\/files\/2018\/10\/boys-panorama-300x112.jpg 300w, https:\/\/blogs.univ-tlse2.fr\/eepld\/files\/2018\/10\/boys-panorama.jpg 640w\" sizes=\"auto, (max-width: 300px) 100vw, 300px\" \/><\/a><\/p>\n<h1 style=\"text-align: center\">\u00c9l\u00e8ves<\/h1>\n<p>Nous avons demand\u00e9 \u00e0 vos coll\u00e8gues \u00e9l\u00e8ves ce qu\u2019ils souhaiteraient trouver sur un site concernant la qualit\u00e9 de vie \u00e0 l\u2019\u00e9cole et le d\u00e9crochage scolaire afin de r\u00e9pondre \u00e0 vos attentes\u2026<\/p>\n<p style=\"text-align: right\"><a href=\"https:\/\/blogs.univ-tlse2.fr\/eepld\/espace-eleves\/\">Voir<\/a><\/p>\n<\/div>\n<\/div><\/div><\/div><\/div><\/div><div id=\"pgc-281-1-2\"  class=\"panel-grid-cell\" ><div class=\"encart-min-height panel-cell-style panel-cell-style-for-281-1-2\" ><div id=\"panel-281-1-2-0\" class=\"so-panel widget widget_sow-editor panel-first-child panel-last-child\" data-index=\"4\" ><div class=\"accueil-encart panel-widget-style panel-widget-style-for-281-1-2-0\" ><div\n\t\t\t\n\t\t\tclass=\"so-widget-sow-editor so-widget-sow-editor-base\"\n\t\t\t\n\t\t>\n<div class=\"siteorigin-widget-tinymce textwidget\">\n\t<p><a href=\"https:\/\/blogs.univ-tlse2.fr\/eepld\/espace-parents\/\"><img loading=\"lazy\" decoding=\"async\" class=\"alignnone wp-image-366 size-medium\" src=\"https:\/\/blogs.univ-tlse2.fr\/eepld\/files\/2018\/10\/parents-panorama-300x112.jpg\" alt=\"\" width=\"300\" height=\"112\" srcset=\"https:\/\/blogs.univ-tlse2.fr\/eepld\/files\/2018\/10\/parents-panorama-300x112.jpg 300w, https:\/\/blogs.univ-tlse2.fr\/eepld\/files\/2018\/10\/parents-panorama.jpg 640w\" sizes=\"auto, (max-width: 300px) 100vw, 300px\" \/><\/a><\/p>\n<h1 style=\"text-align: center\">Parents<\/h1>\n<p>Les parents d\u2019\u00e9l\u00e8ves ou responsables l\u00e9gaux, ont une place importante, nous avons voulu imaginer un espace qui vous ressemble en interrogeant des parents sur l\u2019organisation et le contenu de ce site\u2026<\/p>\n<p style=\"text-align: right\"><a href=\"https:\/\/blogs.univ-tlse2.fr\/eepld\/espace-parents\/\">Voir<\/a><\/p>\n<\/div>\n<\/div><\/div><\/div><\/div><\/div><div id=\"pgc-281-1-3\"  class=\"panel-grid-cell\" ><div class=\"encart-min-height panel-cell-style panel-cell-style-for-281-1-3\" ><div id=\"panel-281-1-3-0\" class=\"so-panel widget widget_sow-editor panel-first-child panel-last-child\" data-index=\"5\" ><div class=\"accueil-encart panel-widget-style panel-widget-style-for-281-1-3-0\" ><div\n\t\t\t\n\t\t\tclass=\"so-widget-sow-editor so-widget-sow-editor-base\"\n\t\t\t\n\t\t>\n<div class=\"siteorigin-widget-tinymce textwidget\">\n\t<p><a href=\"https:\/\/blogs.univ-tlse2.fr\/eepld\/espace-etablissements\/\"><img loading=\"lazy\" decoding=\"async\" class=\"alignnone wp-image-368 size-medium\" src=\"https:\/\/blogs.univ-tlse2.fr\/eepld\/files\/2018\/10\/rostock-panorama-300x112.jpg\" alt=\"\" width=\"300\" height=\"112\" srcset=\"https:\/\/blogs.univ-tlse2.fr\/eepld\/files\/2018\/10\/rostock-panorama-300x112.jpg 300w, https:\/\/blogs.univ-tlse2.fr\/eepld\/files\/2018\/10\/rostock-panorama.jpg 640w\" sizes=\"auto, (max-width: 300px) 100vw, 300px\" \/><\/a><\/p>\n<h1 style=\"text-align: center\">\u00c9tablissements<\/h1>\n<p>Dans cet espace d\u00e9di\u00e9, les chefs d\u2019\u00e9tablissement pourront t\u00e9l\u00e9charger des outils permettant d\u2019effectuer des bilans de la qualit\u00e9 de vie, l\u2019exploration des facteurs de pr\u00e9d\u00e9crochage scolaire\u2026<\/p>\n<p style=\"text-align: right\"><a href=\"https:\/\/blogs.univ-tlse2.fr\/eepld\/espace-etablissements\/\">Voir<\/a><\/p>\n<\/div>\n<\/div><\/div><\/div><\/div><\/div><\/div><\/div>","protected":false},"excerpt":{"rendered":"<p>Adultes Les pages de cet onglet cernent les enseignants, les personnels non enseignants, les personnels de direction, les partenaires de l\u2019\u00e9cole, etc\u2026 Voir \u00c9l\u00e8ves Nous avons demand\u00e9 \u00e0 vos coll\u00e8gues \u00e9l\u00e8ves ce qu\u2019ils souhaiteraient trouver sur un site concernant la qualit\u00e9 de vie \u00e0 l\u2019\u00e9cole et le d\u00e9crochage scolaire afin de r\u00e9pondre \u00e0 vos attentes\u2026 <a href=\"https:\/\/blogs.univ-tlse2.fr\/eepld\/\" rel=\"nofollow\"><span class=\"sr-only\">En savoir plus surAccueil<\/span>[&hellip;]<\/a><\/p>\n","protected":false},"author":582,"featured_media":0,"parent":0,"menu_order":0,"comment_status":"closed","ping_status":"closed","template":"","meta":{"footnotes":"","_links_to":"","_links_to_target":""},"class_list":["post-281","page","type-page","status-publish","hentry"],"_links":{"self":[{"href":"https:\/\/blogs.univ-tlse2.fr\/eepld\/wp-json\/wp\/v2\/pages\/281","targetHints":{"allow":["GET"]}}],"collection":[{"href":"https:\/\/blogs.univ-tlse2.fr\/eepld\/wp-json\/wp\/v2\/pages"}],"about":[{"href":"https:\/\/blogs.univ-tlse2.fr\/eepld\/wp-json\/wp\/v2\/types\/page"}],"author":[{"embeddable":true,"href":"https:\/\/blogs.univ-tlse2.fr\/eepld\/wp-json\/wp\/v2\/users\/582"}],"replies":[{"embeddable":true,"href":"https:\/\/blogs.univ-tlse2.fr\/eepld\/wp-json\/wp\/v2\/comments?post=281"}],"version-history":[{"count":8,"href":"https:\/\/blogs.univ-tlse2.fr\/eepld\/wp-json\/wp\/v2\/pages\/281\/revisions"}],"predecessor-version":[{"id":369,"href":"https:\/\/blogs.univ-tlse2.fr\/eepld\/wp-json\/wp\/v2\/pages\/281\/revisions\/369"}],"wp:attachment":[{"href":"https:\/\/blogs.univ-tlse2.fr\/eepld\/wp-json\/wp\/v2\/media?parent=281"}],"curies":[{"name":"wp","href":"https:\/\/api.w.org\/{rel}","templated":true}]}}