 {"id":39,"date":"2018-09-27T20:23:51","date_gmt":"2018-09-27T18:23:51","guid":{"rendered":"https:\/\/blogs.univ-tlse2.fr\/eepld\/?page_id=39"},"modified":"2018-09-29T12:39:57","modified_gmt":"2018-09-29T10:39:57","slug":"adulti","status":"publish","type":"page","link":"https:\/\/blogs.univ-tlse2.fr\/eepld\/ro\/adulti\/","title":{"rendered":"Adul\u021bi"},"content":{"rendered":"\n<!-- Page-list plugin v.5.9 wordpress.org\/plugins\/page-list\/ -->\n<div class=\"page-list page-list-ext \">\n<div class=\"page-list-ext-item\"><h3 class=\"page-list-ext-title\"><a href=\"https:\/\/blogs.univ-tlse2.fr\/eepld\/ro\/adulti\/actanti-in-lupta-impotriva-fenomenului-de-abandon-scolar\/\" title=\"Actan\u021bi \u00een lupta \u00eempotriva fenomenului de abandon scolar\">Actan\u021bi \u00een lupta \u00eempotriva fenomenului de abandon scolar<\/a><\/h3><div class=\"page-list-ext-item-content\">Les acteurs de la lutte contre le d\u00e9crochage scolaire.\r\nDans chaque pays, des structures se sp\u00e9cialisent pour lutter conter le d\u00e9crochage scolaire. Nous vous proposons ici une synth\u00e8se des diff\u00e9rents partenaires\r\n<\/div><\/div>\n<div class=\"page-list-ext-item\"><h3 class=\"page-list-ext-title\"><a href=\"https:\/\/blogs.univ-tlse2.fr\/eepld\/ro\/adulti\/bune-practici\/\" title=\"Bune practici\">Bune practici<\/a><\/h3><div class=\"page-list-ext-item-content\">en roumain\r\n\r\n( intro visible depuis la page Espace Adultes )\r\n\r\nLes dispositifs existants et les modalit\u00e9s d\u2019accompagnement\u00a0; Les activit\u00e9s possibles \u00e0 proposer en fonction des typologies\u00a0; les bilans des actions et pratiques mises en place.\r\n\r\n<\/div><\/div>\n<div class=\"page-list-ext-item\"><h3 class=\"page-list-ext-title\"><a href=\"https:\/\/blogs.univ-tlse2.fr\/eepld\/ro\/adulti\/documente-resurse\/\" title=\"Documente \/ Resurse\">Documente \/ Resurse<\/a><\/h3><div class=\"page-list-ext-item-content\">en roumain\r\n\r\nintro pour la page Espace Adultes\r\n\r\n<\/div><\/div>\n<div class=\"page-list-ext-item\"><h3 class=\"page-list-ext-title\"><a href=\"https:\/\/blogs.univ-tlse2.fr\/eepld\/ro\/adulti\/informatii-generale\/\" title=\"Informa\u021bii generale\">Informa\u021bii generale<\/a><\/h3><div class=\"page-list-ext-item-content\">intro \u00e0 afficher sur la page parente \r\n<\/div><\/div>\n<div class=\"page-list-ext-item\"><h3 class=\"page-list-ext-title\"><a href=\"https:\/\/blogs.univ-tlse2.fr\/eepld\/ro\/adulti\/schimb-de-experiente\/\" title=\"Schimb de experien\u021be\">Schimb de experien\u021be<\/a><\/h3><div class=\"page-list-ext-item-content\">intro qui sera affich\u00e9e sur la page parente\r\n\r\n<\/div><\/div>\n\n<\/div>\n","protected":false},"excerpt":{"rendered":"","protected":false},"author":582,"featured_media":0,"parent":0,"menu_order":0,"comment_status":"closed","ping_status":"closed","template":"","meta":{"footnotes":"","_links_to":"","_links_to_target":""},"class_list":["post-39","page","type-page","status-publish","hentry"],"_links":{"self":[{"href":"https:\/\/blogs.univ-tlse2.fr\/eepld\/wp-json\/wp\/v2\/pages\/39","targetHints":{"allow":["GET"]}}],"collection":[{"href":"https:\/\/blogs.univ-tlse2.fr\/eepld\/wp-json\/wp\/v2\/pages"}],"about":[{"href":"https:\/\/blogs.univ-tlse2.fr\/eepld\/wp-json\/wp\/v2\/types\/page"}],"author":[{"embeddable":true,"href":"https:\/\/blogs.univ-tlse2.fr\/eepld\/wp-json\/wp\/v2\/users\/582"}],"replies":[{"embeddable":true,"href":"https:\/\/blogs.univ-tlse2.fr\/eepld\/wp-json\/wp\/v2\/comments?post=39"}],"version-history":[{"count":4,"href":"https:\/\/blogs.univ-tlse2.fr\/eepld\/wp-json\/wp\/v2\/pages\/39\/revisions"}],"predecessor-version":[{"id":221,"href":"https:\/\/blogs.univ-tlse2.fr\/eepld\/wp-json\/wp\/v2\/pages\/39\/revisions\/221"}],"wp:attachment":[{"href":"https:\/\/blogs.univ-tlse2.fr\/eepld\/wp-json\/wp\/v2\/media?parent=39"}],"curies":[{"name":"wp","href":"https:\/\/api.w.org\/{rel}","templated":true}]}}