 {"id":41,"date":"2018-09-27T20:26:10","date_gmt":"2018-09-27T18:26:10","guid":{"rendered":"https:\/\/blogs.univ-tlse2.fr\/eepld\/?page_id=41"},"modified":"2018-09-27T21:36:19","modified_gmt":"2018-09-27T19:36:19","slug":"informations-generales","status":"publish","type":"page","link":"https:\/\/blogs.univ-tlse2.fr\/eepld\/espace-adultes\/informations-generales\/","title":{"rendered":"Informations g\u00e9n\u00e9rales"},"content":{"rendered":"<p>( la version roumaine semble compl\u00e8te )<br \/>\ndskfjksdfjksdkjfsd<br \/>\n<!--more--><\/p>\n<p>D\u00e9finition du d\u00e9crochage scolaire ; Les facteurs de risques du d\u00e9crochage scolaire ; Les signes pr\u00e9curseurs du d\u00e9crochage scolaire ; Les typologies des d\u00e9crocheurs (typologie de Janosz et Le Blanc) ; Quizz : les id\u00e9es re\u00e7ues sur le d\u00e9crochage scolaire et les apprentissages.<\/p>\n","protected":false},"excerpt":{"rendered":"<p>( la version roumaine semble compl\u00e8te ) dskfjksdfjksdkjfsd<\/p>\n","protected":false},"author":582,"featured_media":0,"parent":23,"menu_order":0,"comment_status":"closed","ping_status":"closed","template":"","meta":{"footnotes":"","_links_to":"","_links_to_target":""},"class_list":["post-41","page","type-page","status-publish","hentry"],"_links":{"self":[{"href":"https:\/\/blogs.univ-tlse2.fr\/eepld\/wp-json\/wp\/v2\/pages\/41","targetHints":{"allow":["GET"]}}],"collection":[{"href":"https:\/\/blogs.univ-tlse2.fr\/eepld\/wp-json\/wp\/v2\/pages"}],"about":[{"href":"https:\/\/blogs.univ-tlse2.fr\/eepld\/wp-json\/wp\/v2\/types\/page"}],"author":[{"embeddable":true,"href":"https:\/\/blogs.univ-tlse2.fr\/eepld\/wp-json\/wp\/v2\/users\/582"}],"replies":[{"embeddable":true,"href":"https:\/\/blogs.univ-tlse2.fr\/eepld\/wp-json\/wp\/v2\/comments?post=41"}],"version-history":[{"count":3,"href":"https:\/\/blogs.univ-tlse2.fr\/eepld\/wp-json\/wp\/v2\/pages\/41\/revisions"}],"predecessor-version":[{"id":52,"href":"https:\/\/blogs.univ-tlse2.fr\/eepld\/wp-json\/wp\/v2\/pages\/41\/revisions\/52"}],"up":[{"embeddable":true,"href":"https:\/\/blogs.univ-tlse2.fr\/eepld\/wp-json\/wp\/v2\/pages\/23"}],"wp:attachment":[{"href":"https:\/\/blogs.univ-tlse2.fr\/eepld\/wp-json\/wp\/v2\/media?parent=41"}],"curies":[{"name":"wp","href":"https:\/\/api.w.org\/{rel}","templated":true}]}}