 {"id":74,"date":"2018-09-28T21:09:25","date_gmt":"2018-09-28T19:09:25","guid":{"rendered":"https:\/\/blogs.univ-tlse2.fr\/eepld\/?page_id=74"},"modified":"2018-10-09T15:19:35","modified_gmt":"2018-10-09T13:19:35","slug":"bonnes-pratiques","status":"publish","type":"page","link":"https:\/\/blogs.univ-tlse2.fr\/eepld\/espace-adultes\/bonnes-pratiques\/","title":{"rendered":"Bonnes pratiques"},"content":{"rendered":"<p>Les \u00ab\u00a0bonnes pratiques\u00a0\u00bb ont fait l&rsquo;objet d&rsquo;un recensement et ont conduit \u00e0 la constitution d&rsquo;un fichier de plus de 1200 actions mises en oeuvre dans les \u00e9tablissements scolaires. La plupart d&rsquo;entres elles nous ont paru fort int\u00e9ressantes. Sur ces 1200 actions mises en oeuvre, nous en avons s\u00e9lectionn\u00e9es 50 pour lesquelles des \u00e9valuations \u00e9taient disponibles et les effets d\u00e9montr\u00e9s dans la lutte contre le d\u00e9crochage scolaire et\/ou dans les processus d&rsquo;am\u00e9lioration de la qualit\u00e9 de vie en milieu scolaire (pour les \u00e9l\u00e8ves et les adultes).<\/p>\n<p>Les \u00e9tablissements adh\u00e9rant \u00e0 la Charte EEPLD pourront ainsi consulter :<br \/>\n&#8211; Les dispositifs existants et les modalit\u00e9s d\u2019accompagnement<br \/>\n&#8211; Les activit\u00e9s possibles \u00e0 proposer en fonction des typologies<br \/>\n&#8211; Les bilans des actions et pratiques mises en place.<\/p>\n<p><!--more--><\/p>\n<h4>Vous pouvez t\u00e9l\u00e9charger :<\/h4>\n<p>&#8211; La liste des actions mises en oeuvre dans les \u00e9tablissements scolaires<\/p>\n<ul>\n<li>En Estonie<\/li>\n<li>En France<\/li>\n<li>En Roumanie<\/li>\n<\/ul>\n<p>&#8211; Le document d&rsquo;adh\u00e9sion \u00e0 la Charte EEPLD<\/p>\n","protected":false},"excerpt":{"rendered":"<p>Les \u00ab\u00a0bonnes pratiques\u00a0\u00bb ont fait l&rsquo;objet d&rsquo;un recensement et ont conduit \u00e0 la constitution d&rsquo;un fichier de plus de 1200 actions mises en oeuvre dans les \u00e9tablissements scolaires. La plupart d&rsquo;entres elles nous ont paru fort int\u00e9ressantes. Sur ces 1200 actions mises en oeuvre, nous en avons s\u00e9lectionn\u00e9es 50 pour lesquelles des \u00e9valuations \u00e9taient disponibles <a href=\"https:\/\/blogs.univ-tlse2.fr\/eepld\/espace-adultes\/bonnes-pratiques\/\" rel=\"nofollow\"><span class=\"sr-only\">En savoir plus surBonnes pratiques<\/span>[&hellip;]<\/a><\/p>\n","protected":false},"author":582,"featured_media":0,"parent":23,"menu_order":0,"comment_status":"closed","ping_status":"closed","template":"","meta":{"footnotes":"","_links_to":"","_links_to_target":""},"class_list":["post-74","page","type-page","status-publish","hentry"],"_links":{"self":[{"href":"https:\/\/blogs.univ-tlse2.fr\/eepld\/wp-json\/wp\/v2\/pages\/74","targetHints":{"allow":["GET"]}}],"collection":[{"href":"https:\/\/blogs.univ-tlse2.fr\/eepld\/wp-json\/wp\/v2\/pages"}],"about":[{"href":"https:\/\/blogs.univ-tlse2.fr\/eepld\/wp-json\/wp\/v2\/types\/page"}],"author":[{"embeddable":true,"href":"https:\/\/blogs.univ-tlse2.fr\/eepld\/wp-json\/wp\/v2\/users\/582"}],"replies":[{"embeddable":true,"href":"https:\/\/blogs.univ-tlse2.fr\/eepld\/wp-json\/wp\/v2\/comments?post=74"}],"version-history":[{"count":5,"href":"https:\/\/blogs.univ-tlse2.fr\/eepld\/wp-json\/wp\/v2\/pages\/74\/revisions"}],"predecessor-version":[{"id":411,"href":"https:\/\/blogs.univ-tlse2.fr\/eepld\/wp-json\/wp\/v2\/pages\/74\/revisions\/411"}],"up":[{"embeddable":true,"href":"https:\/\/blogs.univ-tlse2.fr\/eepld\/wp-json\/wp\/v2\/pages\/23"}],"wp:attachment":[{"href":"https:\/\/blogs.univ-tlse2.fr\/eepld\/wp-json\/wp\/v2\/media?parent=74"}],"curies":[{"name":"wp","href":"https:\/\/api.w.org\/{rel}","templated":true}]}}