 {"id":80,"date":"2018-10-09T15:39:43","date_gmt":"2018-10-09T13:39:43","guid":{"rendered":"https:\/\/blogs.univ-tlse2.fr\/eepld\/?page_id=80"},"modified":"2018-11-19T15:28:57","modified_gmt":"2018-11-19T14:28:57","slug":"documents-ressources","status":"publish","type":"page","link":"https:\/\/blogs.univ-tlse2.fr\/eepld\/espace-adultes\/documents-ressources\/","title":{"rendered":"Documents \/ Ressources"},"content":{"rendered":"<p>Cet espace de partage de documents et ressources est compos\u00e9 de deux types de documents :<\/p>\n<p>&#8211; Des documents traitant du d\u00e9crochage scolaire<\/p>\n<ul>\n<li>Des articles \u00e0 vis\u00e9e th\u00e9orique qui permettent de mieux comprendre les enjeux du d\u00e9crochage scolaire<\/li>\n<li>Des articles scientifiques accompagn\u00e9s de fiches de lecture<\/li>\n<li>Des articles et comptes rendus d&rsquo;exp\u00e9riences qui se sont d\u00e9roul\u00e9es dans des \u00e9tablissements scolaires<\/li>\n<\/ul>\n<p>&#8211; Des documents permettant de mieux comprendre les comportements des enfants et des adolescents. Il s&rsquo;agit d&rsquo;articles relatifs :<\/p>\n<ul>\n<li>au d\u00e9veloppement cognitif<\/li>\n<li>au d\u00e9veloppement physique<\/li>\n<li>au d\u00e9veloppement social<\/li>\n<li>au d\u00e9veloppement affectif<\/li>\n<li>aux comportements socialement ind\u00e9sirables<\/li>\n<\/ul>\n<p><!--more--><\/p>\n<p>Charte d\u2019engagement \u00e0 faire un bilan sur les actions et pratiques mises en \u0153uvre, les difficult\u00e9s et les r\u00e9ussites, pour enrichir la base de donn\u00e9es\u00a0; Tableau de bord\u00a0: fiche de suivi des \u00e9l\u00e8ves.<\/p>\n<p>&nbsp;<\/p>\n<p>documents<\/p>\n","protected":false},"excerpt":{"rendered":"<p>Cet espace de partage de documents et ressources est compos\u00e9 de deux types de documents : &#8211; Des documents traitant du d\u00e9crochage scolaire Des articles \u00e0 vis\u00e9e th\u00e9orique qui permettent de mieux comprendre les enjeux du d\u00e9crochage scolaire Des articles scientifiques accompagn\u00e9s de fiches de lecture Des articles et comptes rendus d&rsquo;exp\u00e9riences qui se sont <a href=\"https:\/\/blogs.univ-tlse2.fr\/eepld\/espace-adultes\/documents-ressources\/\" rel=\"nofollow\"><span class=\"sr-only\">En savoir plus surDocuments \/ Ressources<\/span>[&hellip;]<\/a><\/p>\n","protected":false},"author":582,"featured_media":0,"parent":23,"menu_order":0,"comment_status":"closed","ping_status":"closed","template":"","meta":{"footnotes":"","_links_to":"","_links_to_target":""},"class_list":["post-80","page","type-page","status-publish","hentry"],"_links":{"self":[{"href":"https:\/\/blogs.univ-tlse2.fr\/eepld\/wp-json\/wp\/v2\/pages\/80","targetHints":{"allow":["GET"]}}],"collection":[{"href":"https:\/\/blogs.univ-tlse2.fr\/eepld\/wp-json\/wp\/v2\/pages"}],"about":[{"href":"https:\/\/blogs.univ-tlse2.fr\/eepld\/wp-json\/wp\/v2\/types\/page"}],"author":[{"embeddable":true,"href":"https:\/\/blogs.univ-tlse2.fr\/eepld\/wp-json\/wp\/v2\/users\/582"}],"replies":[{"embeddable":true,"href":"https:\/\/blogs.univ-tlse2.fr\/eepld\/wp-json\/wp\/v2\/comments?post=80"}],"version-history":[{"count":3,"href":"https:\/\/blogs.univ-tlse2.fr\/eepld\/wp-json\/wp\/v2\/pages\/80\/revisions"}],"predecessor-version":[{"id":420,"href":"https:\/\/blogs.univ-tlse2.fr\/eepld\/wp-json\/wp\/v2\/pages\/80\/revisions\/420"}],"up":[{"embeddable":true,"href":"https:\/\/blogs.univ-tlse2.fr\/eepld\/wp-json\/wp\/v2\/pages\/23"}],"wp:attachment":[{"href":"https:\/\/blogs.univ-tlse2.fr\/eepld\/wp-json\/wp\/v2\/media?parent=80"}],"curies":[{"name":"wp","href":"https:\/\/api.w.org\/{rel}","templated":true}]}}