 {"id":82,"date":"2018-09-28T21:12:08","date_gmt":"2018-09-28T19:12:08","guid":{"rendered":"https:\/\/blogs.univ-tlse2.fr\/eepld\/?page_id=82"},"modified":"2018-11-19T15:29:16","modified_gmt":"2018-11-19T14:29:16","slug":"documente-resurse","status":"publish","type":"page","link":"https:\/\/blogs.univ-tlse2.fr\/eepld\/ro\/adulti\/documente-resurse\/","title":{"rendered":"Documente \/ Resurse"},"content":{"rendered":"<p>en roumain<\/p>\n<p>intro pour la page Espace Adultes<\/p>\n<p><!--more--><\/p>\n<p>Charte d\u2019engagement \u00e0 faire un bilan sur les actions et pratiques mises en \u0153uvre, les difficult\u00e9s et les r\u00e9ussites, pour enrichir la base de donn\u00e9es\u00a0; Tableau de bord\u00a0: fiche de suivi des \u00e9l\u00e8ves.<\/p>\n<p>&nbsp;<\/p>\n<p>documents<\/p>\n","protected":false},"excerpt":{"rendered":"<p>en roumain intro pour la page Espace Adultes<\/p>\n","protected":false},"author":582,"featured_media":0,"parent":39,"menu_order":0,"comment_status":"closed","ping_status":"closed","template":"","meta":{"footnotes":"","_links_to":"","_links_to_target":""},"class_list":["post-82","page","type-page","status-publish","hentry"],"_links":{"self":[{"href":"https:\/\/blogs.univ-tlse2.fr\/eepld\/wp-json\/wp\/v2\/pages\/82","targetHints":{"allow":["GET"]}}],"collection":[{"href":"https:\/\/blogs.univ-tlse2.fr\/eepld\/wp-json\/wp\/v2\/pages"}],"about":[{"href":"https:\/\/blogs.univ-tlse2.fr\/eepld\/wp-json\/wp\/v2\/types\/page"}],"author":[{"embeddable":true,"href":"https:\/\/blogs.univ-tlse2.fr\/eepld\/wp-json\/wp\/v2\/users\/582"}],"replies":[{"embeddable":true,"href":"https:\/\/blogs.univ-tlse2.fr\/eepld\/wp-json\/wp\/v2\/comments?post=82"}],"version-history":[{"count":1,"href":"https:\/\/blogs.univ-tlse2.fr\/eepld\/wp-json\/wp\/v2\/pages\/82\/revisions"}],"predecessor-version":[{"id":83,"href":"https:\/\/blogs.univ-tlse2.fr\/eepld\/wp-json\/wp\/v2\/pages\/82\/revisions\/83"}],"up":[{"embeddable":true,"href":"https:\/\/blogs.univ-tlse2.fr\/eepld\/wp-json\/wp\/v2\/pages\/39"}],"wp:attachment":[{"href":"https:\/\/blogs.univ-tlse2.fr\/eepld\/wp-json\/wp\/v2\/media?parent=82"}],"curies":[{"name":"wp","href":"https:\/\/api.w.org\/{rel}","templated":true}]}}