 {"id":92,"date":"2018-10-09T15:23:44","date_gmt":"2018-10-09T13:23:44","guid":{"rendered":"https:\/\/blogs.univ-tlse2.fr\/eepld\/?page_id=92"},"modified":"2018-10-09T15:23:44","modified_gmt":"2018-10-09T13:23:44","slug":"definition-du-decrochage-scolaire","status":"publish","type":"page","link":"https:\/\/blogs.univ-tlse2.fr\/eepld\/espace-eleves\/definition-du-decrochage-scolaire\/","title":{"rendered":"D\u00e9finition du d\u00e9crochage scolaire"},"content":{"rendered":"<p>Une d\u00e9finition du d\u00e9crochage est fournie. Les facteurs de risque et les signes pr\u00e9curseurs sont pr\u00e9sent\u00e9s.<br \/>\n<!--more--><br \/>\n<img loading=\"lazy\" decoding=\"async\" class=\"alignnone size-medium wp-image-93\" src=\"https:\/\/blogs.univ-tlse2.fr\/eepld\/files\/2018\/09\/decrochage-scolaire-300x180.png\" alt=\"\" width=\"300\" height=\"180\" srcset=\"https:\/\/blogs.univ-tlse2.fr\/eepld\/files\/2018\/09\/decrochage-scolaire-300x180.png 300w, https:\/\/blogs.univ-tlse2.fr\/eepld\/files\/2018\/09\/decrochage-scolaire.png 711w\" sizes=\"auto, (max-width: 300px) 100vw, 300px\" \/><\/p>\n","protected":false},"excerpt":{"rendered":"<p>Une d\u00e9finition du d\u00e9crochage est fournie. Les facteurs de risque et les signes pr\u00e9curseurs sont pr\u00e9sent\u00e9s.<\/p>\n","protected":false},"author":582,"featured_media":0,"parent":88,"menu_order":0,"comment_status":"closed","ping_status":"closed","template":"","meta":{"footnotes":"","_links_to":"","_links_to_target":""},"class_list":["post-92","page","type-page","status-publish","hentry"],"_links":{"self":[{"href":"https:\/\/blogs.univ-tlse2.fr\/eepld\/wp-json\/wp\/v2\/pages\/92","targetHints":{"allow":["GET"]}}],"collection":[{"href":"https:\/\/blogs.univ-tlse2.fr\/eepld\/wp-json\/wp\/v2\/pages"}],"about":[{"href":"https:\/\/blogs.univ-tlse2.fr\/eepld\/wp-json\/wp\/v2\/types\/page"}],"author":[{"embeddable":true,"href":"https:\/\/blogs.univ-tlse2.fr\/eepld\/wp-json\/wp\/v2\/users\/582"}],"replies":[{"embeddable":true,"href":"https:\/\/blogs.univ-tlse2.fr\/eepld\/wp-json\/wp\/v2\/comments?post=92"}],"version-history":[{"count":3,"href":"https:\/\/blogs.univ-tlse2.fr\/eepld\/wp-json\/wp\/v2\/pages\/92\/revisions"}],"predecessor-version":[{"id":412,"href":"https:\/\/blogs.univ-tlse2.fr\/eepld\/wp-json\/wp\/v2\/pages\/92\/revisions\/412"}],"up":[{"embeddable":true,"href":"https:\/\/blogs.univ-tlse2.fr\/eepld\/wp-json\/wp\/v2\/pages\/88"}],"wp:attachment":[{"href":"https:\/\/blogs.univ-tlse2.fr\/eepld\/wp-json\/wp\/v2\/media?parent=92"}],"curies":[{"name":"wp","href":"https:\/\/api.w.org\/{rel}","templated":true}]}}