 {"id":243,"date":"2016-08-20T15:48:42","date_gmt":"2016-08-20T14:48:42","guid":{"rendered":"https:\/\/blogs.univ-tlse2.fr\/efts3\/?page_id=243"},"modified":"2016-08-20T15:50:04","modified_gmt":"2016-08-20T14:50:04","slug":"actes-du-colloque","status":"publish","type":"page","link":"https:\/\/blogs.univ-tlse2.fr\/efts3\/actes-du-colloque\/","title":{"rendered":"Actes du colloque"},"content":{"rendered":"<h2 style=\"text-align: left\">Diffusion\/Valorisation :<\/h2>\n<h2><a href=\"https:\/\/blogs.univ-tlse2.fr\/efts3\/files\/2014\/07\/NRSA74.jpg\"><img loading=\"lazy\" decoding=\"async\" class=\"alignnone size-medium wp-image-241\" src=\"https:\/\/blogs.univ-tlse2.fr\/efts3\/files\/2014\/07\/NRSA74-210x300.jpg\" alt=\"NRSA74\" width=\"210\" height=\"300\" srcset=\"https:\/\/blogs.univ-tlse2.fr\/efts3\/files\/2014\/07\/NRSA74-210x300.jpg 210w, https:\/\/blogs.univ-tlse2.fr\/efts3\/files\/2014\/07\/NRSA74.jpg 438w\" sizes=\"auto, (max-width: 210px) 100vw, 210px\" \/><\/a><\/h2>\n<h2>Actes du colloque : in : <a href=\"http:\/\/www.inshea.fr\/fr\/content\/la-nouvelle-revue\">la nouvelle revue <\/a><a href=\"http:\/\/www.inshea.fr\/fr\/content\/la-nouvelle-revue\">de l\u2019adaptation et de la scolarisation,<\/a> n\u00b0 74, juillet 2016<\/h2>\n<h3>Dossier dirig\u00e9 par Laetitia BRANCIARD, Christine MIAS, universit\u00e9 Toulouse &#8211; Jean Jaur\u00e8s, et Herv\u00e9 BENOIT, INS HEA.<\/h3>\n<h2 style=\"text-align: left\"><a href=\"https:\/\/www.canal-u.tv\/video\/universite_toulouse_ii_le_mirail\/education_inclusive_la_question_de_l_evaluation_des_representations_aux_pratiques_evaluatives_ouverture_du_colloque.18110\">en ligne\u00a0 sur Canal U <\/a>: conf\u00e9rence, ateliers et table ronde<\/h2>\n","protected":false},"excerpt":{"rendered":"<p>Diffusion\/Valorisation : Actes du colloque : in : la nouvelle revue de l\u2019adaptation et de la scolarisation, n\u00b0 74, juillet 2016 Dossier dirig\u00e9 par Laetitia BRANCIARD, Christine MIAS, universit\u00e9 Toulouse &#8211; Jean Jaur\u00e8s, et Herv\u00e9 BENOIT, INS HEA. en ligne\u00a0 sur Canal U : conf\u00e9rence, ateliers et table ronde<\/p>\n","protected":false},"author":239,"featured_media":0,"parent":0,"menu_order":0,"comment_status":"closed","ping_status":"closed","template":"","meta":{"footnotes":""},"class_list":["post-243","page","type-page","status-publish","hentry"],"_links":{"self":[{"href":"https:\/\/blogs.univ-tlse2.fr\/efts3\/wp-json\/wp\/v2\/pages\/243","targetHints":{"allow":["GET"]}}],"collection":[{"href":"https:\/\/blogs.univ-tlse2.fr\/efts3\/wp-json\/wp\/v2\/pages"}],"about":[{"href":"https:\/\/blogs.univ-tlse2.fr\/efts3\/wp-json\/wp\/v2\/types\/page"}],"author":[{"embeddable":true,"href":"https:\/\/blogs.univ-tlse2.fr\/efts3\/wp-json\/wp\/v2\/users\/239"}],"replies":[{"embeddable":true,"href":"https:\/\/blogs.univ-tlse2.fr\/efts3\/wp-json\/wp\/v2\/comments?post=243"}],"version-history":[{"count":2,"href":"https:\/\/blogs.univ-tlse2.fr\/efts3\/wp-json\/wp\/v2\/pages\/243\/revisions"}],"predecessor-version":[{"id":245,"href":"https:\/\/blogs.univ-tlse2.fr\/efts3\/wp-json\/wp\/v2\/pages\/243\/revisions\/245"}],"wp:attachment":[{"href":"https:\/\/blogs.univ-tlse2.fr\/efts3\/wp-json\/wp\/v2\/media?parent=243"}],"curies":[{"name":"wp","href":"https:\/\/api.w.org\/{rel}","templated":true}]}}