 {"id":50,"date":"2014-07-14T16:33:51","date_gmt":"2014-07-14T15:33:51","guid":{"rendered":"https:\/\/blogs.univ-tlse2.fr\/efts3\/?page_id=50"},"modified":"2015-02-12T18:00:08","modified_gmt":"2015-02-12T17:00:08","slug":"comite-scientifique","status":"publish","type":"page","link":"https:\/\/blogs.univ-tlse2.fr\/efts3\/comite-scientifique\/","title":{"rendered":"Comit\u00e9 scientifique"},"content":{"rendered":"<p><strong>Copr\u00e9sidentes\u00a0: <\/strong><\/p>\n<ul>\n<li>Jorro Anne, Professeur en sciences de l\u2019Education, CNAM Paris<\/li>\n<li>Mias Christine, Professeur en sciences de l\u2019Education, Universit\u00e9 de Toulouse &#8211; Jean Jaur\u00e8s<\/li>\n<\/ul>\n<ul>\n<li>Abernot Yvan, Professeur en sciences de l\u2019Education, ENFA de Toulouse-Auzeville<\/li>\n<li>Berger Guy, Professeur Em\u00e9rite en Sciences de l\u2019Education (Paris 8)<\/li>\n<li>Branciard Laetitia, Ing\u00e9nieure de Recherche , ENFA de Toulouse-Auzeville<\/li>\n<li>Echene Andr\u00e9, Principal de coll\u00e8ge, Brives la Gaillarde<\/li>\n<li>Ebersold, Serge Professeur de sociologie \u00e0 l&rsquo;INSHEA<\/li>\n<li>Gombert Anne, Ma\u00eetre de Conf\u00e9rence\u00a0 en Psychologie ; ESPE AMU, Centre Psycl\u00e9 (EA 3273 AMU)<\/li>\n<li>Guigue Mich\u00e8le, Professeur Em\u00e9rite en Sciences de l&rsquo;\u00e9ducation &#8211; Universit\u00e9 de Lille 3<\/li>\n<li>Louvet Eva, Professeur en psychologie sociale, Universit\u00e9 de Strasbourg<\/li>\n<li>Piaser Alain, Ma\u00eetre de conf\u00e9rence en sciences de l\u2019Education, Universit\u00e9 de Toulouse &#8211; Jean Jaur\u00e8s<\/li>\n<li>Poutoux V\u00e9ronique, Formatrice, R\u00e9dactrice en chef du site \u00ab\u00a0<a href=\"http:\/\/www.versunecoleinclusive.fr\/\">Vers une \u00e9cole inclusive<\/a>\u00ab\u00a0<\/li>\n<li>Saint-Martin Carine, Formatrice Chercheur, CRFMS Erasme, LISIS, Haute \u00e9cole p\u00e9dagogique du canton de Vaud, Lausanne.<\/li>\n<li>Savournin Florence, ESPE, Universit\u00e9 de Toulouse &#8211; Jean Jaur\u00e8s<\/li>\n<li>Ringard Jean-Charles, Inspecteur g\u00e9n\u00e9ral de l&rsquo;administration de l&rsquo;\u00e9ducation nationale et de la recherche<\/li>\n<\/ul>\n","protected":false},"excerpt":{"rendered":"<p>Copr\u00e9sidentes\u00a0: Jorro Anne, Professeur en sciences de l\u2019Education, CNAM Paris Mias Christine, Professeur en sciences de l\u2019Education, Universit\u00e9 de Toulouse &#8211; Jean Jaur\u00e8s Abernot Yvan, Professeur en sciences de l\u2019Education, ENFA de Toulouse-Auzeville Berger Guy, Professeur Em\u00e9rite en Sciences de l\u2019Education (Paris 8) Branciard Laetitia, Ing\u00e9nieure de Recherche , ENFA de Toulouse-Auzeville Echene Andr\u00e9, Principal [&hellip;]<\/p>\n","protected":false},"author":239,"featured_media":0,"parent":0,"menu_order":3,"comment_status":"closed","ping_status":"closed","template":"","meta":{"footnotes":""},"class_list":["post-50","page","type-page","status-publish","hentry"],"_links":{"self":[{"href":"https:\/\/blogs.univ-tlse2.fr\/efts3\/wp-json\/wp\/v2\/pages\/50","targetHints":{"allow":["GET"]}}],"collection":[{"href":"https:\/\/blogs.univ-tlse2.fr\/efts3\/wp-json\/wp\/v2\/pages"}],"about":[{"href":"https:\/\/blogs.univ-tlse2.fr\/efts3\/wp-json\/wp\/v2\/types\/page"}],"author":[{"embeddable":true,"href":"https:\/\/blogs.univ-tlse2.fr\/efts3\/wp-json\/wp\/v2\/users\/239"}],"replies":[{"embeddable":true,"href":"https:\/\/blogs.univ-tlse2.fr\/efts3\/wp-json\/wp\/v2\/comments?post=50"}],"version-history":[{"count":6,"href":"https:\/\/blogs.univ-tlse2.fr\/efts3\/wp-json\/wp\/v2\/pages\/50\/revisions"}],"predecessor-version":[{"id":93,"href":"https:\/\/blogs.univ-tlse2.fr\/efts3\/wp-json\/wp\/v2\/pages\/50\/revisions\/93"}],"wp:attachment":[{"href":"https:\/\/blogs.univ-tlse2.fr\/efts3\/wp-json\/wp\/v2\/media?parent=50"}],"curies":[{"name":"wp","href":"https:\/\/api.w.org\/{rel}","templated":true}]}}