 {"id":52,"date":"2014-07-14T16:45:15","date_gmt":"2014-07-14T15:45:15","guid":{"rendered":"https:\/\/blogs.univ-tlse2.fr\/efts3\/?page_id=52"},"modified":"2015-02-12T18:00:08","modified_gmt":"2015-02-12T17:00:08","slug":"comite-de-pilotage","status":"publish","type":"page","link":"https:\/\/blogs.univ-tlse2.fr\/efts3\/comite-de-pilotage\/","title":{"rendered":"Comit\u00e9 de Pilotage"},"content":{"rendered":"<ul>\n<li>Laetitia Branciard, Ing\u00e9nieure de recherche, <a href=\"http:\/\/www.enfa.fr\/\">ENFA <\/a><\/li>\n<li>Catherine Cousergue, M\u00e9decin, pr\u00e9sidente du <a href=\"http:\/\/nondiscrimination.toulouse.fr\/index.php?post\/Groupement-Interassociatif-Scolarisation-et-Handicap-%28GISH%29\">GISH<\/a><\/li>\n<li>Enrique Fraga, Ma\u00eetre de Conf\u00e9rence UFR Langues, charg\u00e9 de mission handicap <a href=\"https:\/\/www.univ-toulouse.fr\/universite\/actualites\/universite-de-toulouse-ii-le-mirail-devient-universite-toulouse-jean-jaures\">Universit\u00e9 de Toulouse Jean Jaur\u00e8s<\/a><\/li>\n<li>Mireille Golaszewski, Inspecteur g\u00e9n\u00e9ral honoraire de l&rsquo;Education nationale, Secr\u00e9taire g\u00e9n\u00e9rale du <a href=\"http:\/\/lacc.univ-bpclermont.fr\/article259.html\">consortium L&rsquo;@CCES<\/a><\/li>\n<li>Christine Mias , Professeur en sciences de l\u2019Education, <a href=\"https:\/\/www.univ-toulouse.fr\/universite\/actualites\/universite-de-toulouse-ii-le-mirail-devient-universite-toulouse-jean-jaures\">Universit\u00e9 de Toulouse Jean Jaur\u00e8s<\/a><\/li>\n<li>Alain Piaser, Ma\u00eetre de conf\u00e9rence en sciences de l\u2019Education,<a href=\"https:\/\/www.univ-toulouse.fr\/universite\/actualites\/universite-de-toulouse-ii-le-mirail-devient-universite-toulouse-jean-jaures\"> Universit\u00e9 de <\/a><a href=\"https:\/\/www.univ-toulouse.fr\/universite\/actualites\/universite-de-toulouse-ii-le-mirail-devient-universite-toulouse-jean-jaures\">Toulouse Jean Jaur\u00e8s<\/a><\/li>\n<li>Carine Saint-Martin, Formatrice Chercheur, <a href=\"http:\/\/www.erasme.fr\/\">CRFMS Erasme<\/a><\/li>\n<li>Philppe Sahuc, Ma\u00eetre de conference en sociologie,\u00a0 <a href=\"http:\/\/www.enfa.fr\/\">ENFA <\/a><\/li>\n<\/ul>\n","protected":false},"excerpt":{"rendered":"<p>Laetitia Branciard, Ing\u00e9nieure de recherche, ENFA Catherine Cousergue, M\u00e9decin, pr\u00e9sidente du GISH Enrique Fraga, Ma\u00eetre de Conf\u00e9rence UFR Langues, charg\u00e9 de mission handicap Universit\u00e9 de Toulouse Jean Jaur\u00e8s Mireille Golaszewski, Inspecteur g\u00e9n\u00e9ral honoraire de l&rsquo;Education nationale, Secr\u00e9taire g\u00e9n\u00e9rale du consortium L&rsquo;@CCES Christine Mias , Professeur en sciences de l\u2019Education, Universit\u00e9 de Toulouse Jean Jaur\u00e8s Alain [&hellip;]<\/p>\n","protected":false},"author":239,"featured_media":0,"parent":0,"menu_order":3,"comment_status":"closed","ping_status":"closed","template":"","meta":{"footnotes":""},"class_list":["post-52","page","type-page","status-publish","hentry"],"_links":{"self":[{"href":"https:\/\/blogs.univ-tlse2.fr\/efts3\/wp-json\/wp\/v2\/pages\/52","targetHints":{"allow":["GET"]}}],"collection":[{"href":"https:\/\/blogs.univ-tlse2.fr\/efts3\/wp-json\/wp\/v2\/pages"}],"about":[{"href":"https:\/\/blogs.univ-tlse2.fr\/efts3\/wp-json\/wp\/v2\/types\/page"}],"author":[{"embeddable":true,"href":"https:\/\/blogs.univ-tlse2.fr\/efts3\/wp-json\/wp\/v2\/users\/239"}],"replies":[{"embeddable":true,"href":"https:\/\/blogs.univ-tlse2.fr\/efts3\/wp-json\/wp\/v2\/comments?post=52"}],"version-history":[{"count":3,"href":"https:\/\/blogs.univ-tlse2.fr\/efts3\/wp-json\/wp\/v2\/pages\/52\/revisions"}],"predecessor-version":[{"id":60,"href":"https:\/\/blogs.univ-tlse2.fr\/efts3\/wp-json\/wp\/v2\/pages\/52\/revisions\/60"}],"wp:attachment":[{"href":"https:\/\/blogs.univ-tlse2.fr\/efts3\/wp-json\/wp\/v2\/media?parent=52"}],"curies":[{"name":"wp","href":"https:\/\/api.w.org\/{rel}","templated":true}]}}