 {"id":96,"date":"2014-10-29T09:11:57","date_gmt":"2014-10-29T08:11:57","guid":{"rendered":"https:\/\/blogs.univ-tlse2.fr\/efts3\/?page_id=96"},"modified":"2015-02-12T18:00:08","modified_gmt":"2015-02-12T17:00:08","slug":"partenaires","status":"publish","type":"page","link":"https:\/\/blogs.univ-tlse2.fr\/efts3\/partenaires\/","title":{"rendered":"Partenaires"},"content":{"rendered":"<p>En cours<\/p>\n<table style=\"height: 499px\" width=\"446\">\n<tbody>\n<tr>\n<td width=\"336\"><strong>\u00a0<a href=\"http:\/\/www.univ-tlse2.fr\/\">Universit\u00e9 Toulouse Jean Jaur\u00e8s<\/a><\/strong><a href=\"https:\/\/blogs.univ-tlse2.fr\/efts3\/files\/2014\/10\/jeanjaures.jpg\">\u00a0\u00a0\u00a0\u00a0 <\/a><a href=\"https:\/\/blogs.univ-tlse2.fr\/efts3\/files\/2014\/10\/jeanjaures.jpg\"><img loading=\"lazy\" decoding=\"async\" class=\"alignnone size-full wp-image-97\" src=\"https:\/\/blogs.univ-tlse2.fr\/efts3\/files\/2014\/10\/jeanjaures.jpg\" alt=\"jeanjaures\" width=\"160\" height=\"160\" srcset=\"https:\/\/blogs.univ-tlse2.fr\/efts3\/files\/2014\/10\/jeanjaures.jpg 160w, https:\/\/blogs.univ-tlse2.fr\/efts3\/files\/2014\/10\/jeanjaures-150x150.jpg 150w\" sizes=\"auto, (max-width: 160px) 100vw, 160px\" \/><\/a><\/td>\n<\/tr>\n<tr>\n<td width=\"336\"><em><strong><a href=\"http:\/\/www.enfa.fr\/\">Ecole Nationale de Formation Agronomique (ENFA<\/a><\/strong><\/em><strong>)\u00a0\u00a0\u00a0 <\/strong><strong><a href=\"https:\/\/blogs.univ-tlse2.fr\/efts3\/files\/2014\/10\/logo_enfa.png\"><img loading=\"lazy\" decoding=\"async\" class=\"alignnone size-medium wp-image-99\" src=\"https:\/\/blogs.univ-tlse2.fr\/efts3\/files\/2014\/10\/logo_enfa-300x52.png\" alt=\"logo_enfa\" width=\"300\" height=\"52\" srcset=\"https:\/\/blogs.univ-tlse2.fr\/efts3\/files\/2014\/10\/logo_enfa-300x52.png 300w, https:\/\/blogs.univ-tlse2.fr\/efts3\/files\/2014\/10\/logo_enfa.png 547w\" sizes=\"auto, (max-width: 300px) 100vw, 300px\" \/><\/a><\/strong><\/td>\n<\/tr>\n<tr>\n<td width=\"336\"><strong> <a href=\"http:\/\/www.education.gouv.fr\/\">Minist\u00e8re de l&rsquo;\u00c9ducation nationale, de l&rsquo;Enseignement sup\u00e9rieur et de la Recherche<\/a><\/strong><a href=\"https:\/\/blogs.univ-tlse2.fr\/efts3\/files\/2014\/10\/men.jpg\"><img loading=\"lazy\" decoding=\"async\" class=\"alignnone  wp-image-100\" src=\"https:\/\/blogs.univ-tlse2.fr\/efts3\/files\/2014\/10\/men.jpg\" alt=\"men\" width=\"132\" height=\"101\" \/><\/a><a href=\"https:\/\/blogs.univ-tlse2.fr\/efts3\/files\/2014\/07\/hautpatronageEN.pdf\">\u00a0\u00a0\u00a0\u00a0\u00a0\u00a0\u00a0\u00a0\u00a0\u00a0\u00a0\u00a0\u00a0\u00a0\u00a0\u00a0\u00a0 Haut patronage <\/a><\/td>\n<\/tr>\n<tr>\n<td width=\"336\"><strong><a href=\"http:\/\/nondiscrimination.toulouse.fr\/index.php?post\/Groupement-Interassociatif-Scolarisation-et-Handicap-%28GISH%29\">Groupement <\/a><a href=\"http:\/\/nondiscrimination.toulouse.fr\/index.php?post\/Groupement-Interassociatif-Scolarisation-et-Handicap-%28GISH%29\">pour l&rsquo;int\u00e9gration scolaire des enfants handicap\u00e9s<\/a><\/strong><strong><a href=\"https:\/\/blogs.univ-tlse2.fr\/efts3\/files\/2014\/10\/gish.jpg\"><img loading=\"lazy\" decoding=\"async\" class=\"alignnone  wp-image-114\" src=\"https:\/\/blogs.univ-tlse2.fr\/efts3\/files\/2014\/10\/gish.jpg\" alt=\"gish\" width=\"103\" height=\"103\" srcset=\"https:\/\/blogs.univ-tlse2.fr\/efts3\/files\/2014\/10\/gish.jpg 185w, https:\/\/blogs.univ-tlse2.fr\/efts3\/files\/2014\/10\/gish-150x150.jpg 150w\" sizes=\"auto, (max-width: 103px) 100vw, 103px\" \/><\/a><\/strong><\/td>\n<\/tr>\n<tr>\n<td width=\"336\"><strong><a href=\"http:\/\/espe.univ-toulouse.fr\/accueil-\/recherche\/la-sfr-117956.kjsp?RH=FR_04\">Structure F\u00e9d\u00e9rative de Recherche \u2013 ESPE de Toulouse <\/a><\/strong><a href=\"https:\/\/blogs.univ-tlse2.fr\/efts3\/files\/2014\/10\/espe.png\"><img loading=\"lazy\" decoding=\"async\" class=\"alignnone size-full wp-image-115\" src=\"https:\/\/blogs.univ-tlse2.fr\/efts3\/files\/2014\/10\/espe.png\" alt=\"espe\" width=\"215\" height=\"66\" \/><\/a><\/td>\n<\/tr>\n<\/tbody>\n<\/table>\n<table style=\"height: 63px\" width=\"446\">\n<tbody>\n<tr>\n<td width=\"336\"><strong><a href=\"http:\/\/www.cnam.fr\/\">Conservatoire national des arts et m\u00e9tiers (CNAM) <\/a><\/strong><\/td>\n<td width=\"432\">\u00a0<a href=\"https:\/\/blogs.univ-tlse2.fr\/efts3\/files\/2014\/10\/CNAM.jpg\"><img loading=\"lazy\" decoding=\"async\" class=\"alignnone  wp-image-121\" src=\"https:\/\/blogs.univ-tlse2.fr\/efts3\/files\/2014\/10\/CNAM-300x54.jpg\" alt=\"CNAM\" width=\"211\" height=\"38\" srcset=\"https:\/\/blogs.univ-tlse2.fr\/efts3\/files\/2014\/10\/CNAM-300x54.jpg 300w, https:\/\/blogs.univ-tlse2.fr\/efts3\/files\/2014\/10\/CNAM.jpg 524w\" sizes=\"auto, (max-width: 211px) 100vw, 211px\" \/><\/a><\/td>\n<\/tr>\n<\/tbody>\n<\/table>\n<table style=\"height: 63px\" width=\"446\">\n<tbody>\n<tr>\n<td width=\"336\"><a href=\"http:\/\/www.inshea.fr\/content\/institut-national-sup%C3%A9rieur-de-formation-et-de-recherche-pour-l%E2%80%99%C3%A9ducation-des-jeunes\"><strong>INS HEA<\/strong><\/a><\/td>\n<td width=\"432\">\u00a0<a href=\"https:\/\/blogs.univ-tlse2.fr\/efts3\/files\/2014\/10\/logoinshea.png\"><img loading=\"lazy\" decoding=\"async\" class=\"alignnone size-medium wp-image-127\" src=\"https:\/\/blogs.univ-tlse2.fr\/efts3\/files\/2014\/10\/logoinshea-300x104.png\" alt=\"logoinshea\" width=\"300\" height=\"104\" srcset=\"https:\/\/blogs.univ-tlse2.fr\/efts3\/files\/2014\/10\/logoinshea-300x104.png 300w, https:\/\/blogs.univ-tlse2.fr\/efts3\/files\/2014\/10\/logoinshea.png 358w\" sizes=\"auto, (max-width: 300px) 100vw, 300px\" \/><\/a><\/td>\n<\/tr>\n<\/tbody>\n<\/table>\n<table style=\"height: 63px\" width=\"446\">\n<tbody>\n<tr>\n<td width=\"336\"><a href=\"http:\/\/www.editions-eres.com\/\"><strong>Editions Er\u00e8s<\/strong><\/a><\/td>\n<td width=\"432\">\u00a0<a href=\"https:\/\/blogs.univ-tlse2.fr\/efts3\/files\/2014\/10\/eres.jpg\"><img loading=\"lazy\" decoding=\"async\" class=\"alignnone size-medium wp-image-138\" src=\"https:\/\/blogs.univ-tlse2.fr\/efts3\/files\/2014\/10\/eres-300x52.jpg\" alt=\"eres\" width=\"300\" height=\"52\" srcset=\"https:\/\/blogs.univ-tlse2.fr\/efts3\/files\/2014\/10\/eres-300x52.jpg 300w, https:\/\/blogs.univ-tlse2.fr\/efts3\/files\/2014\/10\/eres.jpg 454w\" sizes=\"auto, (max-width: 300px) 100vw, 300px\" \/><\/a><\/td>\n<\/tr>\n<\/tbody>\n<\/table>\n<h2 id=\"p97\" class=\"post-title\"><\/h2>\n","protected":false},"excerpt":{"rendered":"<p>En cours \u00a0Universit\u00e9 Toulouse Jean Jaur\u00e8s\u00a0\u00a0\u00a0\u00a0 Ecole Nationale de Formation Agronomique (ENFA)\u00a0\u00a0\u00a0 Minist\u00e8re de l&rsquo;\u00c9ducation nationale, de l&rsquo;Enseignement sup\u00e9rieur et de la Recherche\u00a0\u00a0\u00a0\u00a0\u00a0\u00a0\u00a0\u00a0\u00a0\u00a0\u00a0\u00a0\u00a0\u00a0\u00a0\u00a0\u00a0 Haut patronage Groupement pour l&rsquo;int\u00e9gration scolaire des enfants handicap\u00e9s Structure F\u00e9d\u00e9rative de Recherche \u2013 ESPE de Toulouse Conservatoire national des arts et m\u00e9tiers (CNAM) \u00a0 INS HEA \u00a0 Editions Er\u00e8s \u00a0<\/p>\n","protected":false},"author":239,"featured_media":0,"parent":0,"menu_order":6,"comment_status":"closed","ping_status":"closed","template":"","meta":{"footnotes":""},"class_list":["post-96","page","type-page","status-publish","hentry"],"_links":{"self":[{"href":"https:\/\/blogs.univ-tlse2.fr\/efts3\/wp-json\/wp\/v2\/pages\/96","targetHints":{"allow":["GET"]}}],"collection":[{"href":"https:\/\/blogs.univ-tlse2.fr\/efts3\/wp-json\/wp\/v2\/pages"}],"about":[{"href":"https:\/\/blogs.univ-tlse2.fr\/efts3\/wp-json\/wp\/v2\/types\/page"}],"author":[{"embeddable":true,"href":"https:\/\/blogs.univ-tlse2.fr\/efts3\/wp-json\/wp\/v2\/users\/239"}],"replies":[{"embeddable":true,"href":"https:\/\/blogs.univ-tlse2.fr\/efts3\/wp-json\/wp\/v2\/comments?post=96"}],"version-history":[{"count":14,"href":"https:\/\/blogs.univ-tlse2.fr\/efts3\/wp-json\/wp\/v2\/pages\/96\/revisions"}],"predecessor-version":[{"id":139,"href":"https:\/\/blogs.univ-tlse2.fr\/efts3\/wp-json\/wp\/v2\/pages\/96\/revisions\/139"}],"wp:attachment":[{"href":"https:\/\/blogs.univ-tlse2.fr\/efts3\/wp-json\/wp\/v2\/media?parent=96"}],"curies":[{"name":"wp","href":"https:\/\/api.w.org\/{rel}","templated":true}]}}