 {"id":126,"date":"2016-01-02T16:53:39","date_gmt":"2016-01-02T15:53:39","guid":{"rendered":"https:\/\/blogs.univ-tlse2.fr\/eima\/?page_id=126"},"modified":"2017-11-07T16:54:31","modified_gmt":"2017-11-07T15:54:31","slug":"logements","status":"publish","type":"page","link":"https:\/\/blogs.univ-tlse2.fr\/eima\/de\/logements\/","title":{"rendered":"Unterkunft"},"content":{"rendered":"<div id=\"pl-126\"  class=\"panel-layout\" ><div id=\"pg-126-0\"  class=\"panel-grid panel-no-style\" ><div id=\"pgc-126-0-0\"  class=\"panel-grid-cell\" ><div id=\"panel-126-0-0-0\" class=\"so-panel widget widget_siteorigin-panels-builder panel-first-child panel-last-child\" data-index=\"0\" ><div id=\"pl-w5a01d736b6764\"  class=\"panel-layout\" ><div id=\"pg-w5a01d736b6764-0\"  class=\"panel-grid panel-no-style\" ><div id=\"pgc-w5a01d736b6764-0-0\"  class=\"panel-grid-cell\" ><div id=\"panel-w5a01d736b6764-0-0-0\" class=\"so-panel widget widget_sow-editor panel-first-child panel-last-child\" data-index=\"0\" ><div\n\t\t\t\n\t\t\tclass=\"so-widget-sow-editor so-widget-sow-editor-base\"\n\t\t\t\n\t\t>\n<div class=\"siteorigin-widget-tinymce textwidget\">\n\t<p style=\"text-align: justify\">\n<p style=\"text-align: justify\">\n<p><b>Um eine Unterkunft w\u00e4hrend Deines Aufenthaltes zu finden, gibt es mehrere M\u00f6glichkeiten. Eima hilft Dir ein Dach zu finden. Bleib cool und viel Gl\u00fcck! Falls du Fragen hast, kannst Du uns jeder Zeit <\/b><a href=\"&#x6d;&#x61;&#105;lto&#x3a;&#x65;&#x69;&#109;a&#46;&#x74;&#x6c;&#x73;&#101;2&#64;&#x67;&#x6d;&#x61;&#105;l&#46;&#x63;&#x6f;&#x6d;?subject=objet%20du%20courrier\"><b>kontaktieren<\/b><\/a><b>!<\/b><\/p>\n<h2 style=\"text-align: center\"><span style=\"text-decoration: underline\"><strong>Hilfe bei der Wohnungssuche<\/strong><\/span><\/h2>\n<p>Die ausl\u00e4ndische Studierende d\u00fcrfen verschiedene Hilfe bekommen : aide personnalis\u00e9e au logement (A.P.L.) und allocation logement \u00e0 caract\u00e8re social (A.L.S). Diese beiden finanziellen Hilfen werden aufgrund von sozialen Kriterien von der caisse des allocations familiales (CAF) gew\u00e4hrt. Wir empfehlen dir die <a href=\"http:\/\/www.caf.fr\/\">Seite der CAF<\/a> zu besuchen und vergiss nicht :<\/p>\n<p>- dass deine Anfrage zwei Monate nach deinem Einzug gesendet werden muss.<br \/> - dass deine Anfrage online auf der Seite gemacht werden muss<br \/> - deine Bankdaten zu geben wenn du deine Anfrage schickst.<br \/> - Du wirst dein Wohngeld erst zwei oder drei Monate nach deiner Anfrage bekommen.<\/p>\n<h2 style=\"text-align: center\">\u00a0<\/h2>\n<h2 style=\"text-align: center\"><span style=\"text-decoration: underline\">Studentenwohnheime (Cit\u00e9s-U)<\/span><\/h2>\n<p>Die Studentenwohnheime werde von dem Studentenwek CROUS geleitet. Sie verf\u00fcgen \u00fcber 9750 Zimmer und Einraumwohnungen, die von 137 bis 400 \u20ac pro Person kosten. Um ein Zimmer zu bekommen muss du dich an die <a href=\"http:\/\/www.univ-tlse2.fr\/accueil\/universite\/organisation\/services\/service-des-relations-internationales-5428.kjsp?RH=05International\"><i>Internationalen Beziehungen<\/i><\/a> der Universit\u00e4t richten. (Bureau AR104, erster Stock der Arche)<\/p>\n<p>Eine Email-Adresse steht dir auch zur Verf\u00fcgung: <a href=\"mailto:%65%75%72%6F%70%65%40%75%6E%69%76%2E%74%6C%73%65%32%2E%66%72\">&#x65;&#x75;&#114;op&#x65;&#x40;&#117;ni&#x76;&#x2e;&#116;ls&#x65;&#x32;&#x2e;fr<\/a><\/p>\n<h2 style=\"text-align: center\">\u00a0<\/h2>\n<h2 style=\"text-align: center\"><span style=\"text-decoration: underline\"><b>Die privaten Wohnorte f\u00fcr Studierende<\/b><\/span><\/h2>\n<p><b>adele.org : <\/b><b><a href=\"https:\/\/www.adele.org\/\">https:\/\/www.adele.org<\/a><\/b><\/p>\n<h2 style=\"text-align: center\">\u00a0<\/h2>\n<h2 style=\"text-align: center\"><span style=\"text-decoration: underline\"><b>Die Wohngemeinschaften<\/b><\/span><\/h2>\n<p>Hier unter findest Du einige Seiten, die dir erlauben werden, eine WG in Toulouse zu finden. Ab und zu mal bekommt auch EIMA Anzeigen, also frag uns!<\/p>\n<p>\u2013 <a href=\"http:\/\/www.appartager.com\/\">www.appartager.com<br \/> <\/a>\u2013 <a href=\"http:\/\/www.chambrealouer.com\/\">www.chambrealouer.com<br \/> <\/a>\u2013 <a href=\"http:\/\/www.colocation.fr\/\">www.colocation.fr<br \/> <\/a>\u2013 <a href=\"http:\/\/www.crij.org\/logement\">www.crij.org<\/a><\/p>\n<h2 style=\"text-align: center\">\u00a0<\/h2>\n<h2 style=\"text-align: center\"><span style=\"text-decoration: underline\"><b>Private Vermietung<\/b><\/span><\/h2>\n<p>Wo kann man kleine Anzeigen f\u00fcr private Vermietungen suchen? Das findest du auf den folgenden Linken:<\/p>\n<p><b>Zwischen Privatpersonen<\/b><\/p>\n<p><a href=\"http:\/\/www.leboncoin.fr\/\">www.leboncoin.fr<br \/> <\/a><a href=\"http:\/\/www.publi.fr\/\">www.publi.fr<br \/> <\/a><a href=\"http:\/\/www.pap.fr\/\">www.pap.fr<br \/> <\/a><a href=\"http:\/\/www.ladepeche.fr\/\">www.ladepeche.fr<br \/> <\/a><a href=\"http:\/\/www.entreparticuliers.com\/\">www.entreparticuliers.com<br \/> <\/a><a href=\"http:\/\/immo.trovit.fr\/\">http:\/\/immo.trovit.fr<br \/> <\/a><a href=\"https:\/\/housinganywhere.com\/fr\/\">https:\/\/housinganywhere.com\/fr\/<\/a><\/p>\n<p><b>Immobilienmakler<\/b><\/p>\n<p><a href=\"http:\/\/www.seloger.com\/\">www.seloger.com<br \/> <\/a><a href=\"http:\/\/www.paruvendu.fr\/\">www.paruvendu.fr<br \/> <\/a><a href=\"http:\/\/www.topannonces.fr\/\">www.topannonces.fr<br \/> <\/a><a href=\"http:\/\/www.foncia.fr\/\">www.foncia.fr<br \/> <\/a><a href=\"http:\/\/www.cnab.net\/\">www.cnab.net<\/a><\/p>\n<h2 style=\"text-align: center\">\u00a0<\/h2>\n<h2 style=\"text-align: center\"><span style=\"text-decoration: underline\"><b>Unterkunft bei Familien oder Privatleuten<\/b><\/span><\/h2>\n<p><b>Accueil en R\u00e9gion Toulousaine<br \/> <\/b>Tel : +33 (0)5 62 16 13 85 \/ +33 (0)6 8567 66 06<br \/> E-mail : <a href=\"mailto:%61%72%74%2E%6F%6B%40%66%72%65%65%2E%66%72\">ar&#116;&#x2e;&#x6f;&#x6b;&#64;fr&#101;&#x65;&#x2e;&#x66;r<\/a><\/p>\n<p><b>Cohabit\u2019\u00e2ge<\/b> : (intergenerationelle Unterkunft : Unterkunft gegen Aushilfe)\u00a0<a href=\"http:\/\/www.cohabitage.fr\/\">www.cohabitage.fr<br \/> <\/a>Tel:+33 (0)9 53 38 80 72<\/p>\n<h2 style=\"text-align: center\">\u00a0<\/h2>\n<h2 style=\"text-align: center\"><span style=\"text-decoration: underline\"><b>Befristete Unterkunft<\/b><\/span><\/h2>\n<p>Du bleibst nur kurz in Toulouse? Ein Freund kommt dich besuchen? Du brauchst eine provisorische Unterkunft?<\/p>\n<p><b>R\u00e9sidence de Jolimont<\/b> : (Jungendherberge) Seite auf fran\u00e7ais, english et espa\u00f1ol\u00a0<a href=\"http:\/\/www.residence-jolimont.com\/\">www.residence-jolimont.com<br \/> <\/a>2 avenue Yves Brunaud \u2013 31500 Toulouse<br \/> Tel:+33 (0)5 34 30 19 67<br \/> E-mail : <a href=\"mailto:%66%6F%79%65%72%6A%6F%6C%69%6D%6F%6E%74%40%77%61%6E%61%64%6F%6F%2E%66%72\">&#x66;o&#x79;&#101;&#x72;&#x6a;o&#x6c;&#105;&#x6d;&#x6f;n&#x74;&#64;&#x77;&#x61;n&#x61;&#100;&#x6f;&#x6f;&#46;&#x66;&#114;<\/a><\/p>\n<p><b>R\u00e9sidence Abitel<\/b>:\u00a0 (lange oder kurze Dauer)\u00a0<a href=\"http:\/\/www.abitel.com\/\">www.abitel.com<br \/> <\/a>1 rue Tastavin \u2013 31100 Toulouse<br \/> Tel:+33 (0)5 61 44 05 70<\/p>\n<p><b>Oder auch:<br \/> <\/b><b>Booking.com<\/b> : mehr als 40 Hotels in Toulouse, mit den Tarifen, Mietungen, Kommentaren... die Suche ist ganz einfach!\u00a0<a href=\"http:\/\/www.booking.com\/\">www.booking.com<\/a><\/p>\n<h2 style=\"text-align: center\">\u00a0<\/h2>\n<h2 style=\"text-align: center\"><span style=\"text-decoration: underline\"><b>Die Heime<\/b><\/span><\/h2>\n<p>Eine kleine Liste der Heime, die Studierende in Toulouse empfangen:<\/p>\n<p><b>La r\u00e9sidence La Gravette<\/b> (nur f\u00fcr M\u00e4dchen)<br \/> 42 rue de La Gravette \u2013 31300 Toulouse<br \/> Tel :+33 (0)5 62 13 11 00<\/p>\n<p><b>Foyer Familial Etudiant<br \/> <\/b>23 rue Joly \u2013 31400 Toulouse<br \/> Tel :+33 (0)5 61 14 73 00<\/p>\n<p><b>Foyer de la Pr\u00e9sentation<br \/> <\/b>47 rue des 36 Ponts \u2013 31400 Toulouse<br \/> Tel :+33 (0)5 34 31 70 00<\/p>\n<p><b>Foyer Saint Michel<br \/> <\/b>6 rue Furgol \u2013 31000 Toulouse<br \/> Tel :+33 (0)5 61 52 01 80<\/p>\n<p><b>Le Foyer Esp\u00e9rance<br \/> <\/b>20 Grande Rue Nazareth \u2013 31000 Toulouse<br \/> Tel :+33 (0)5 61 52 41 34<br \/> e-mail : <a href=\"mailto:%66%6A%74%65%73%70%65%72%61%6E%63%65%40%6E%75%6D%65%72%69%63%61%62%6C%65%2E%66%72\">&#x66;&#x6a;&#116;es&#x70;&#x65;&#x72;anc&#x65;&#x40;&#110;um&#x65;&#x72;&#x69;&#99;ab&#x6c;&#x65;&#46;fr<\/a><\/p>\n<p><b>Foyer Saint Thomas<br \/> <\/b>40 Grande rue Nazareth \u2013 31000 Toulouse<br \/> Tel :+33 (0)5 61 52 65 45<\/p>\n<p><b>Auch auf dieser Seite:<br \/> <\/b><a href=\"http:\/\/www.unme-asso.com\/\">www.unme-asso.com<\/a><\/p>\n<p style=\"text-align: justify\">\n<\/div>\n<\/div><\/div><\/div><\/div><\/div><\/div><\/div><\/div><\/div>","protected":false},"excerpt":{"rendered":"<p>Um eine Unterkunft w\u00e4hrend Deines Aufenthaltes zu finden, gibt es mehrere M\u00f6glichkeiten. Eima hilft Dir ein Dach zu finden. Bleib cool und viel Gl\u00fcck! Falls du Fragen hast, kannst Du uns jeder Zeit kontaktieren! Hilfe bei der Wohnungssuche Die ausl\u00e4ndische Studierende d\u00fcrfen verschiedene Hilfe bekommen : aide personnalis\u00e9e au logement (A.P.L.) und allocation logement \u00e0&hellip;<\/p>\n","protected":false},"author":292,"featured_media":0,"parent":0,"menu_order":0,"comment_status":"closed","ping_status":"closed","template":"fullwidth.php","meta":{"footnotes":""},"class_list":["post-126","page","type-page","status-publish","hentry"],"_links":{"self":[{"href":"https:\/\/blogs.univ-tlse2.fr\/eima\/de\/wp-json\/wp\/v2\/pages\/126","targetHints":{"allow":["GET"]}}],"collection":[{"href":"https:\/\/blogs.univ-tlse2.fr\/eima\/de\/wp-json\/wp\/v2\/pages"}],"about":[{"href":"https:\/\/blogs.univ-tlse2.fr\/eima\/de\/wp-json\/wp\/v2\/types\/page"}],"author":[{"embeddable":true,"href":"https:\/\/blogs.univ-tlse2.fr\/eima\/de\/wp-json\/wp\/v2\/users\/292"}],"replies":[{"embeddable":true,"href":"https:\/\/blogs.univ-tlse2.fr\/eima\/de\/wp-json\/wp\/v2\/comments?post=126"}],"version-history":[{"count":43,"href":"https:\/\/blogs.univ-tlse2.fr\/eima\/de\/wp-json\/wp\/v2\/pages\/126\/revisions"}],"predecessor-version":[{"id":487,"href":"https:\/\/blogs.univ-tlse2.fr\/eima\/de\/wp-json\/wp\/v2\/pages\/126\/revisions\/487"}],"wp:attachment":[{"href":"https:\/\/blogs.univ-tlse2.fr\/eima\/de\/wp-json\/wp\/v2\/media?parent=126"}],"curies":[{"name":"wp","href":"https:\/\/api.w.org\/{rel}","templated":true}]}}