 {"id":138,"date":"2016-01-02T16:58:11","date_gmt":"2016-01-02T15:58:11","guid":{"rendered":"https:\/\/blogs.univ-tlse2.fr\/eima\/?page_id=138"},"modified":"2016-09-30T21:29:43","modified_gmt":"2016-09-30T19:29:43","slug":"luniversite-et-les-cours","status":"publish","type":"page","link":"https:\/\/blogs.univ-tlse2.fr\/eima\/de\/luniversite-et-les-cours\/","title":{"rendered":"Universit\u00e4t und Unterrichte"},"content":{"rendered":"<p><a href=\"https:\/\/blogs.univ-tlse2.fr\/eima\/files\/2016\/01\/bandeau-universite_1378218825005-jpg.jpg\" rel=\"attachment wp-att-331\"><img loading=\"lazy\" decoding=\"async\" class=\"wp-image-331 size-full alignleft\" src=\"https:\/\/blogs.univ-tlse2.fr\/eima\/files\/2016\/01\/bandeau-universite_1378218825005-jpg.jpg\" alt=\"bandeau-universite_1378218825005-jpg\" width=\"668\" height=\"297\" srcset=\"https:\/\/blogs.univ-tlse2.fr\/eima\/files\/2016\/01\/bandeau-universite_1378218825005-jpg.jpg 668w, https:\/\/blogs.univ-tlse2.fr\/eima\/files\/2016\/01\/bandeau-universite_1378218825005-jpg-300x133.jpg 300w\" sizes=\"auto, (max-width: 668px) 100vw, 668px\" \/><\/a><\/p>\n<p>Falls Du Interesse daran hast, an der Universit\u00e4t Jean Jaur\u00e8s studieren zu gehen, kannst du mehr Informationen auf der <a href=\"http:\/\/www.univ-tlse2.fr\/accueil\/international\/\">Seite der <i>Internationalen Beziehungen <\/i><\/a>der Universit\u00e4t finden.<\/p>\n<p>Falls du schon entschieden hast, an der Universit\u00e4t Jean Jaur\u00e8s studieren zu gehen, wird diese Rubrik dir erlauben, die ersten Informationen zu finden, die dir w\u00e4hrend deines Aufenthaltes unbedingt notwendig sein werden. Wenn Du angekommen bist,\u00a0 wirst du wahrscheinlich erstmal versuchen Dich auf dem Campus zurecht zu finden. Hier findest du also einen <a href=\"http:\/\/www.univ-tlse2.fr\/servlet\/com.univ.collaboratif.utils.LectureFichiergw?ID_FICHIER=1317125404317\">Plan des Universit\u00e4tsgel\u00e4ndes<\/a>.<\/p>\n<p>Das Erste was Du wissen solltest, wenn du mehr Informationen \u00fcber die Unterrichte bekommen m\u00f6chtest, die Du an der Universit\u00e4t ausw\u00e4hlen kannst, ist, dass die Uni aus verschiedene Einheiten namens UFR besteht. Diese Einheiten geh\u00f6ren zu den verschiedenen Studienf\u00e4chern. Auf diesem <a href=\"http:\/\/www.univ-tlse2.fr\/accueil\/universite\/organisation\/ufr-departements-instituts-ecoles-internes\/\">Link<\/a> findest du die Liste aller universit\u00e4ren Fachbereiche und auch der Abteilungen, zu denen diese Fachbereiche geh\u00f6ren. Wenn Du auf der Abteilungen klickst, wirst Du dann Zugang zu ihrer eigenen Webseite haben.<\/p>\n<p>Am Anfanf deines Anmeldungsprozess\u00a0 wird dir ein Betreuer zugewiesen werden. Um ihn zu erreichen, musst Du seinen Namen im <a href=\"http:\/\/w3.annuaire.univ-tlse2.fr\/\">Telefonbuch<\/a> der Universit\u00e4t suchen.<\/p>\n<p>Vergiss aber nicht, dass wir da sein, um dir bei allen diesen Prozessen zu helfen. Du kannst uns jeder Zeit im B\u00fcro finden oder uns eine <a href=\"&#x6d;a&#x69;&#108;t&#x6f;:&#x65;&#x69;m&#x61;&#46;t&#x6c;s&#x65;&#50;&#64;&#x67;&#109;a&#x69;l&#x2e;&#99;o&#x6d;?subject=demande%20d'information\">Mail<\/a> schicken.<\/p>","protected":false},"excerpt":{"rendered":"<p>Falls Du Interesse daran hast, an der Universit\u00e4t Jean Jaur\u00e8s studieren zu gehen, kannst du mehr Informationen auf der Seite der Internationalen Beziehungen der Universit\u00e4t finden. Falls du schon entschieden hast, an der Universit\u00e4t Jean Jaur\u00e8s studieren zu gehen, wird diese Rubrik dir erlauben, die ersten Informationen zu finden, die dir w\u00e4hrend deines Aufenthaltes unbedingt&hellip;<\/p>\n","protected":false},"author":292,"featured_media":0,"parent":0,"menu_order":0,"comment_status":"closed","ping_status":"closed","template":"fullwidth.php","meta":{"footnotes":""},"class_list":["post-138","page","type-page","status-publish","hentry"],"_links":{"self":[{"href":"https:\/\/blogs.univ-tlse2.fr\/eima\/de\/wp-json\/wp\/v2\/pages\/138","targetHints":{"allow":["GET"]}}],"collection":[{"href":"https:\/\/blogs.univ-tlse2.fr\/eima\/de\/wp-json\/wp\/v2\/pages"}],"about":[{"href":"https:\/\/blogs.univ-tlse2.fr\/eima\/de\/wp-json\/wp\/v2\/types\/page"}],"author":[{"embeddable":true,"href":"https:\/\/blogs.univ-tlse2.fr\/eima\/de\/wp-json\/wp\/v2\/users\/292"}],"replies":[{"embeddable":true,"href":"https:\/\/blogs.univ-tlse2.fr\/eima\/de\/wp-json\/wp\/v2\/comments?post=138"}],"version-history":[{"count":12,"href":"https:\/\/blogs.univ-tlse2.fr\/eima\/de\/wp-json\/wp\/v2\/pages\/138\/revisions"}],"predecessor-version":[{"id":458,"href":"https:\/\/blogs.univ-tlse2.fr\/eima\/de\/wp-json\/wp\/v2\/pages\/138\/revisions\/458"}],"wp:attachment":[{"href":"https:\/\/blogs.univ-tlse2.fr\/eima\/de\/wp-json\/wp\/v2\/media?parent=138"}],"curies":[{"name":"wp","href":"https:\/\/api.w.org\/{rel}","templated":true}]}}