 {"id":140,"date":"2016-01-02T17:01:59","date_gmt":"2016-01-02T16:01:59","guid":{"rendered":"https:\/\/blogs.univ-tlse2.fr\/eima\/?page_id=140"},"modified":"2016-10-01T01:03:52","modified_gmt":"2016-09-30T23:03:52","slug":"transports","status":"publish","type":"page","link":"https:\/\/blogs.univ-tlse2.fr\/eima\/de\/transports\/","title":{"rendered":"\u00d6ffentliche Verkehrsmittel"},"content":{"rendered":"<p>Wenn du ankommst oder weggehst oder wenn du dich in Toulouse bewegen mochtest, findest du hier einige Internet-Seiten, die dir helfen werden.<\/p>\n<p>&nbsp;<\/p>\n<h2 style=\"text-align: center\"><span style=\"text-decoration: underline\"><b>Ankunft und Abfahrt<\/b><\/span><\/h2>\n<p><b>Die Seite des Flughafens Toulouse<\/b> : dort findest du alle Reiseziele ab dem Flughafen von Toulouse aber auch alle Fluggesellschaften, die es dort gibt.<\/p>\n<p><a href=\"http:\/\/www.toulouse.aeroport.fr\/\">www.toulouse.aeroport.fr<\/a><\/p>\n<p><b>Die Seite des Flughafens von Carcassonne<\/b>: nur 45 Minuten entfernt von Toulouse mit dem Auto findest du bei diesem Flughafen Fluggesellschaften so wie Ryanair und Reiseziele nach mehreren St\u00e4dten in England.<\/p>\n<p><a href=\"http:\/\/www.aeroport-carcassonne.com\/\">www.aeroport-carcassonne.com<\/a><\/p>\n<p><b>Skyscanner : <\/b>Suchmaschine f\u00fcr billige Fluglinien (in mehreren Sprachen, W\u00e4hrungen, st\u00e4ndig aktualisiert, hunderte Fluggesellschaften, haupt\u00e4schlich in Europa aber nicht nur)<\/p>\n<p>www.skyscanner.net\/fr<\/p>\n<p><a href=\"http:\/\/www.voyages-sncf.com\/\">www.voyages-sncf.com<\/a><\/p>\n<p><b>La SNCF<\/b> : Seite der SNCF um mit dem Zug zu fahren. Als Jugendliche darfst du mit der carte jeune Erm\u00e4\u00dfigungen bekommen (Uhrzeiten, online einkaufen, Tipps&#8230;)<\/p>\n<p><a href=\"http:\/\/www.voyages-sncf.com\/\"><b>www.voyages-sncf.com<\/b><\/a><\/p>\n<p><b>Mitfahrgelegenheiten<\/b> : Vergiss dieses Verkehrsmittel nicht! Es erlaubt dir Geld zu sparen und ist in Frankreich sehr verbreitet!<\/p>\n<p><a href=\"http:\/\/www.covoiturage.fr\/\">www.covoiturage.fr<\/a><\/p>\n<p><a href=\"http:\/\/www.blablacar.fr\">www.blablacar.fr<\/a><\/p>\n<h2 style=\"text-align: center\"><\/h2>\n<h2 style=\"text-align: center\"><span style=\"text-decoration: underline\"><b>Pour te d\u00e9placer \u00e0 Toulouse<\/b><\/span><\/h2>\n<p><b>Tiss\u00e9o<\/b> : Dienst der \u00f6ffentlichen Verkehrsmittel in Toulouse mit interessanten Preisen f\u00fcr Studierende (Uhrzeiten, Plane, Routen&#8230;)<\/p>\n<p><a href=\"http:\/\/www.tisseo.fr\/\">www.tisseo.fr<\/a><\/p>\n<p><b>V\u00e9lo Toulouse<\/b> : Toulouse entdeckt man auch beim Radfahren, es stehen also den Einwohnern und Touristen Fahrr\u00e4der zur Verf\u00fcgung. Um mehr dar\u00fcber zu erfahren solltest du auf die Seite gehen.<\/p>\n<p><a href=\"http:\/\/www.velo.toulouse.fr\/\">www.velo.toulouse.fr<\/a><\/p>","protected":false},"excerpt":{"rendered":"<p>Wenn du ankommst oder weggehst oder wenn du dich in Toulouse bewegen mochtest, findest du hier einige Internet-Seiten, die dir helfen werden. &nbsp; Ankunft und Abfahrt Die Seite des Flughafens Toulouse : dort findest du alle Reiseziele ab dem Flughafen von Toulouse aber auch alle Fluggesellschaften, die es dort gibt. www.toulouse.aeroport.fr Die Seite des Flughafens&hellip;<\/p>\n","protected":false},"author":292,"featured_media":0,"parent":0,"menu_order":0,"comment_status":"closed","ping_status":"closed","template":"fullwidth.php","meta":{"footnotes":""},"class_list":["post-140","page","type-page","status-publish","hentry"],"_links":{"self":[{"href":"https:\/\/blogs.univ-tlse2.fr\/eima\/de\/wp-json\/wp\/v2\/pages\/140","targetHints":{"allow":["GET"]}}],"collection":[{"href":"https:\/\/blogs.univ-tlse2.fr\/eima\/de\/wp-json\/wp\/v2\/pages"}],"about":[{"href":"https:\/\/blogs.univ-tlse2.fr\/eima\/de\/wp-json\/wp\/v2\/types\/page"}],"author":[{"embeddable":true,"href":"https:\/\/blogs.univ-tlse2.fr\/eima\/de\/wp-json\/wp\/v2\/users\/292"}],"replies":[{"embeddable":true,"href":"https:\/\/blogs.univ-tlse2.fr\/eima\/de\/wp-json\/wp\/v2\/comments?post=140"}],"version-history":[{"count":18,"href":"https:\/\/blogs.univ-tlse2.fr\/eima\/de\/wp-json\/wp\/v2\/pages\/140\/revisions"}],"predecessor-version":[{"id":473,"href":"https:\/\/blogs.univ-tlse2.fr\/eima\/de\/wp-json\/wp\/v2\/pages\/140\/revisions\/473"}],"wp:attachment":[{"href":"https:\/\/blogs.univ-tlse2.fr\/eima\/de\/wp-json\/wp\/v2\/media?parent=140"}],"curies":[{"name":"wp","href":"https:\/\/api.w.org\/{rel}","templated":true}]}}