 {"id":26,"date":"2015-11-19T17:34:19","date_gmt":"2015-11-19T16:34:19","guid":{"rendered":"https:\/\/blogs.univ-tlse2.fr\/eima\/?page_id=26"},"modified":"2016-10-01T00:40:03","modified_gmt":"2016-09-30T22:40:03","slug":"que-fait-eima","status":"publish","type":"page","link":"https:\/\/blogs.univ-tlse2.fr\/eima\/de\/que-fait-eima\/","title":{"rendered":"Was macht EIMA?"},"content":{"rendered":"<p>Eima is t\u00e4glich offen aber bietet euch auch mehrere Dienste und organisiert zahlreiche Aktivit\u00e4ten.<\/p>\n<p>Das Ziel des Vereins ist es, dass Du dank unseren verschiedenen Aktivit\u00e4ten Spa\u00df hast, Dich entspannst und neue Leute kennenlernst.<\/p>\n<p>Vergiss auch nicht, dass die Mehrheit dieser Veranstaltungen kostenlos sind!<\/p>\n<p>Damit Du sehen kannst, ob der Verein Events organisiert, die Dir gefallen, kannst Du schauen was wir so machen und Du kannst uns auch gerne Ideen vorschlagen und Fragen stellen. Dieser Verein ist vor allem deiner!<\/p>\n<div id=\"texte\">\n<figure id=\"attachment_69\" aria-describedby=\"caption-attachment-69\" style=\"width: 150px\" class=\"wp-caption alignleft\"><a href=\"https:\/\/blogs.univ-tlse2.fr\/eima\/besoin-daide\/\"><img loading=\"lazy\" decoding=\"async\" class=\"wp-image-69 size-thumbnail\" src=\"https:\/\/blogs.univ-tlse2.fr\/eima\/files\/2015\/11\/5-150x150.jpg\" alt=\"Besoin d'aide?\" width=\"150\" height=\"150\" \/><\/a><figcaption id=\"caption-attachment-69\" class=\"wp-caption-text\">Braunchst Du Hilfe ?<\/figcaption><\/figure>\n<figure id=\"attachment_102\" aria-describedby=\"caption-attachment-102\" style=\"width: 150px\" class=\"wp-caption alignleft\"><a href=\"https:\/\/blogs.univ-tlse2.fr\/eima\/parrainage\/\"><img loading=\"lazy\" decoding=\"async\" class=\"wp-image-102 size-thumbnail\" src=\"https:\/\/blogs.univ-tlse2.fr\/eima\/files\/2015\/12\/Parrainage2-150x150.jpg\" alt=\"Parrainage\" width=\"150\" height=\"150\" \/><\/a><figcaption id=\"caption-attachment-102\" class=\"wp-caption-text\">Patenschaft<\/figcaption><\/figure>\n<figure id=\"attachment_67\" aria-describedby=\"caption-attachment-67\" style=\"width: 150px\" class=\"wp-caption alignleft\"><a href=\"https:\/\/blogs.univ-tlse2.fr\/eima\/les-sorties-nocturnes\/\"><img loading=\"lazy\" decoding=\"async\" class=\"wp-image-67 size-thumbnail\" src=\"https:\/\/blogs.univ-tlse2.fr\/eima\/files\/2015\/11\/2-150x150.jpg\" alt=\"Les sorties nocturnes\" width=\"150\" height=\"150\" \/><\/a><figcaption id=\"caption-attachment-67\" class=\"wp-caption-text\">Abendliche Ausg\u00e4nge<\/figcaption><\/figure>\n<figure id=\"attachment_71\" aria-describedby=\"caption-attachment-71\" style=\"width: 150px\" class=\"wp-caption alignleft\"><a href=\"https:\/\/blogs.univ-tlse2.fr\/eima\/les-sorties-culturelles\/\"><img loading=\"lazy\" decoding=\"async\" class=\"wp-image-71 size-thumbnail\" src=\"https:\/\/blogs.univ-tlse2.fr\/eima\/files\/2015\/11\/7-150x150.jpg\" alt=\"Les sorties culturelles et voyages\" width=\"150\" height=\"150\" \/><\/a><figcaption id=\"caption-attachment-71\" class=\"wp-caption-text\">Kulturelle Ausfl\u00fcge<\/figcaption><\/figure>\n<\/div>\n<p><\/p>","protected":false},"excerpt":{"rendered":"<p>Eima is t\u00e4glich offen aber bietet euch auch mehrere Dienste und organisiert zahlreiche Aktivit\u00e4ten. Das Ziel des Vereins ist es, dass Du dank unseren verschiedenen Aktivit\u00e4ten Spa\u00df hast, Dich entspannst und neue Leute kennenlernst. Vergiss auch nicht, dass die Mehrheit dieser Veranstaltungen kostenlos sind! Damit Du sehen kannst, ob der Verein Events organisiert, die Dir&hellip;<\/p>\n","protected":false},"author":292,"featured_media":0,"parent":0,"menu_order":0,"comment_status":"closed","ping_status":"closed","template":"fullwidth.php","meta":{"footnotes":""},"class_list":["post-26","page","type-page","status-publish","hentry"],"_links":{"self":[{"href":"https:\/\/blogs.univ-tlse2.fr\/eima\/de\/wp-json\/wp\/v2\/pages\/26","targetHints":{"allow":["GET"]}}],"collection":[{"href":"https:\/\/blogs.univ-tlse2.fr\/eima\/de\/wp-json\/wp\/v2\/pages"}],"about":[{"href":"https:\/\/blogs.univ-tlse2.fr\/eima\/de\/wp-json\/wp\/v2\/types\/page"}],"author":[{"embeddable":true,"href":"https:\/\/blogs.univ-tlse2.fr\/eima\/de\/wp-json\/wp\/v2\/users\/292"}],"replies":[{"embeddable":true,"href":"https:\/\/blogs.univ-tlse2.fr\/eima\/de\/wp-json\/wp\/v2\/comments?post=26"}],"version-history":[{"count":19,"href":"https:\/\/blogs.univ-tlse2.fr\/eima\/de\/wp-json\/wp\/v2\/pages\/26\/revisions"}],"predecessor-version":[{"id":469,"href":"https:\/\/blogs.univ-tlse2.fr\/eima\/de\/wp-json\/wp\/v2\/pages\/26\/revisions\/469"}],"wp:attachment":[{"href":"https:\/\/blogs.univ-tlse2.fr\/eima\/de\/wp-json\/wp\/v2\/media?parent=26"}],"curies":[{"name":"wp","href":"https:\/\/api.w.org\/{rel}","templated":true}]}}