 {"id":30,"date":"2015-11-19T17:34:59","date_gmt":"2015-11-19T16:34:59","guid":{"rendered":"https:\/\/blogs.univ-tlse2.fr\/eima\/?page_id=30"},"modified":"2020-02-03T16:48:41","modified_gmt":"2020-02-03T15:48:41","slug":"parrainage","status":"publish","type":"page","link":"https:\/\/blogs.univ-tlse2.fr\/eima\/de\/parrainage\/","title":{"rendered":"Patenschaft"},"content":{"rendered":"<div id=\"pl-30\"  class=\"panel-layout\" ><div id=\"pg-30-0\"  class=\"panel-grid panel-no-style\" ><div id=\"pgc-30-0-0\"  class=\"panel-grid-cell\" ><div id=\"panel-30-0-0-0\" class=\"so-panel widget widget_siteorigin-panels-builder panel-first-child panel-last-child\" data-index=\"0\" ><div id=\"pl-w5e3840d9cd708\"  class=\"panel-layout\" ><div id=\"pg-w5e3840d9cd708-0\"  class=\"panel-grid panel-no-style\" ><div id=\"pgc-w5e3840d9cd708-0-0\"  class=\"panel-grid-cell\" ><div id=\"panel-w5e3840d9cd708-0-0-0\" class=\"so-panel widget widget_sow-image panel-first-child panel-last-child\" data-index=\"0\" ><div\n\t\t\t\n\t\t\tclass=\"so-widget-sow-image so-widget-sow-image-default-8b5b6f678277\"\n\t\t\t\n\t\t>\n<div class=\"sow-image-container\">\n\t\t<img \n\tsrc=\"https:\/\/blogs.univ-tlse2.fr\/eima\/files\/2015\/11\/shapeimage_2.png\" width=\"288\" height=\"250\" sizes=\"(max-width: 288px) 100vw, 288px\" title=\"Membres parrainage\" alt=\"Pr\u00e9paration de l&#039;activit\u00e9 parrainage\" \t\tclass=\"so-widget-image\"\/>\n\t<\/div>\n\n<\/div><\/div><\/div><div id=\"pgc-w5e3840d9cd708-0-1\"  class=\"panel-grid-cell\" ><div id=\"panel-w5e3840d9cd708-0-1-0\" class=\"so-panel widget widget_sow-editor panel-first-child panel-last-child\" data-index=\"1\" ><div\n\t\t\t\n\t\t\tclass=\"so-widget-sow-editor so-widget-sow-editor-base\"\n\t\t\t\n\t\t>\n<div class=\"siteorigin-widget-tinymce textwidget\">\n\t<\/p>\n<h3><b>Du bist neu in Toulouse, erst vor kurzem angekommen? Bleib nicht allein!<\/b><\/h3>\n<p>Wusstest du das?<br \/>Jedes Jahr bilden wir mehr als 200 internationale Tandems!<br \/>Achtung!<br \/>Das Programm \u201cParrainage International\u201d ist kein linguistisches Tandem! Dort lernen die ausl\u00e4ndischen Studierende franz\u00f6sisch und leben sich auch in Toulouse ein.<\/p><\/p>\n<\/div>\n<\/div><\/div><\/div><\/div><div id=\"pg-w5e3840d9cd708-1\"  class=\"panel-grid panel-no-style\" ><div id=\"pgc-w5e3840d9cd708-1-0\"  class=\"panel-grid-cell\" ><div id=\"panel-w5e3840d9cd708-1-0-0\" class=\"so-panel widget widget_sow-editor panel-first-child panel-last-child\" data-index=\"2\" ><div\n\t\t\t\n\t\t\tclass=\"so-widget-sow-editor so-widget-sow-editor-base\"\n\t\t\t\n\t\t>\n<div class=\"siteorigin-widget-tinymce textwidget\">\n\t<\/p>\n<h3 class=\"paragraph_style_2\" style=\"text-align: center\"><b>Die internationale Patenschaft ist eine der Hauptaktivit\u00e4ten unseres Vereins.<\/b><\/h3>\n<p>Wenn Du deine Erfahrung, deine Leidenschaften teilen m\u00f6chtest oder auch Fremdsprachen mit einem anderen Studenten in einer entspannten Atmosphare \u00fcben, mach beim Patenschaft-Programm mit. Die Patenschaft bringt zwei Studenten mit \u00e4hnlichen Hobbys zusammen.<\/p>\n<h3 style=\"text-align: center\">\u00a0<\/h3>\n<h3 style=\"text-align: center\"><b>Was ist die Patenschaft?<\/b><\/h3>\n<p>Die internationale Patenschaft erlaubt den ausl\u00e4ndischen Studierenden sich an der Universit\u00e4t und in Toulouse zu integrieren. Es erlaubt auch den Studierenden aus Toulouse ausl\u00e4ndische Studierende kennenzulernen, ihnen zu helfen, sich mit ihnen zu unterhalten, sich der Welt zu \u00f6ffnen und an dem Programm einfach teilzunehmen!\u00a0<\/p>\n<\/div>\n<\/div><\/div><\/div><\/div><div id=\"pg-w5e3840d9cd708-2\"  class=\"panel-grid panel-no-style\" ><div id=\"pgc-w5e3840d9cd708-2-0\"  class=\"panel-grid-cell\" ><div id=\"panel-w5e3840d9cd708-2-0-0\" class=\"so-panel widget widget_sow-image panel-first-child panel-last-child\" data-index=\"3\" ><div\n\t\t\t\n\t\t\tclass=\"so-widget-sow-image so-widget-sow-image-default-8b5b6f678277\"\n\t\t\t\n\t\t>\n<div class=\"sow-image-container\">\n\t\t<img \n\tsrc=\"https:\/\/blogs.univ-tlse2.fr\/eima\/files\/2015\/12\/Parrainage2.jpg\" width=\"1224\" height=\"699\" srcset=\"https:\/\/blogs.univ-tlse2.fr\/eima\/files\/2015\/12\/Parrainage2.jpg 1224w, https:\/\/blogs.univ-tlse2.fr\/eima\/files\/2015\/12\/Parrainage2-300x171.jpg 300w, https:\/\/blogs.univ-tlse2.fr\/eima\/files\/2015\/12\/Parrainage2-1024x585.jpg 1024w\" sizes=\"(max-width: 1224px) 100vw, 1224px\" title=\"Parrainage\" alt=\"Exemple d&#039;activit\u00e9s de parrainage\" \t\tclass=\"so-widget-image\"\/>\n\t<\/div>\n\n<\/div><\/div><\/div><\/div><div id=\"pg-w5e3840d9cd708-3\"  class=\"panel-grid panel-no-style\" ><div id=\"pgc-w5e3840d9cd708-3-0\"  class=\"panel-grid-cell\" ><div id=\"panel-w5e3840d9cd708-3-0-0\" class=\"so-panel widget widget_sow-editor panel-first-child panel-last-child\" data-index=\"4\" ><div\n\t\t\t\n\t\t\tclass=\"so-widget-sow-editor so-widget-sow-editor-base\"\n\t\t\t\n\t\t>\n<div class=\"siteorigin-widget-tinymce textwidget\">\n\t<\/p>\n<h3 style=\"text-align: center\"><b>Wann f\u00e4ngt die internationale Patenschaft?<\/b><\/h3>\n<p>Erstmal muss der Studierende (aus dem Ausland oder Toulouse) den Formular ausf\u00fcllen, der sich auf dieser Seite befindet.Danach bildet das Team EIMA die Tandems aufgrund von den gegebenen Antworten. Wir verbinden wir euch , damit ihr eure eigene Patenschaft organisieren k\u00f6nnt.<\/p>\n<h3 style=\"text-align: center\"><\/h3>\n<h3 style=\"text-align: center\"><b>Und danach?<\/b><\/h3>\n<p><b>Wie kann ich meine Patenschaft organisieren?<\/b><b><br \/>\n<\/b>Ihr k\u00f6nnt euch zum Beispiel an der Universit\u00e4t zwischen zwei Unterrichten treffen, euch eure Freunde gegenseitig vorstellen, zusammen was im Zentrum trinken, ein Museum besichtigen oder zu einem Rugbyspiel gehen. Einfach zusammen das Leben und die Kultur von Toulouse entdecken. Ihr organisiert euer Tandem genau wie ihr es wollt. Unterhaltet euch also miteinander, um eine Patenschaft zu bilden, die euch beiden passt!<\/p>\n<h5><b>Und wenn ich seine Sprache nicht spreche?<\/b><\/h5>\n<p>Das ist nicht wichtig. Generell wollen die Austauschstudierende franz\u00f6sisch sprechen und \u00fcben. Ihr k\u00f6nnt aber nat\u00fcrlich zusammen entscheiden, auf welche Sprache ihr euch unterhalten wollt. Dieses Programm ist kein linguistisches Tandem sondern ein <b>kultureller Austausch<\/b>. Aber wenn du m\u00f6chtest, dass dein Tandem aus einem spezifischen Land kommt, tun wir unser Bestes, um deine Anfrage zu beantworten. Leider ist es auch nicht immer m\u00f6glich.<\/p>\n<h5><b>Wann treffen wir uns?<\/b><\/h5>\n<p>Ihr k\u00f6nnt entscheiden, euch ein mal pro Woche, pro Monat oder auch pro Tag zu treffen. Ihr seid total frei, euer Tandem genau wie ihr es wollt zu organisieren.<br \/>\nDas Wichtigste ist, dass die Patenschaft genau gebildet wird, wie ihr BEIDE es entschieden habt.<br \/>\nVergiss auch nicht, dass das EIMA-Team immer da ist, um euch zu helfen.<\/p>\n<h5><b>Und wenn das nicht funktioniert...?<\/b><\/h5>\n<p>Es kann manchmal passieren, dass die Patenschaft, die sie gebildet habt, euch nicht mehr gef\u00e4llt : das Risiko geht man immer bei diesem Parrainage International ein!<\/p>\n<p>Wenn ihr euch mit einander wirklich nicht gut versteht, k\u00f6nnt ihr uns <a href=\"mai&#108;&#116;&#x6f;&#x3a;&#x65;&#x69;&#x6d;a&#46;t&#108;&#115;&#x65;&#x32;&#x40;&#x67;&#x6d;ail&#46;&#99;&#x6f;&#x6d;?subject=objet%20du%20courrier\">kontaktieren<\/a> und wir werden zusammen eine L\u00f6sung finden. Es kann manchmal passieren, dass die Studierende ihre Patenschaftspartner w\u00e4hrend des Jahres wechseln...<\/p>\n<h3 style=\"text-align: center\"><\/h3>\n<h3 style=\"text-align: center\"><b>Immer noch interessiert?<\/b><\/h3>\n<p>F\u00fcll das folgende Formular aus. Wir werden dir sp\u00e4ter kontatieren, um dich mit einem Ausltauschstudierenden in Kontakt zu setzen.<\/p>\n<p><a href=\"https:\/\/docs.google.com\/forms\/d\/1X05yOtYKv34J-F4KWlMurEJwUgKA9ahfIeNJw4hYKHE\/edit\">Formulaire parrainage pour le parrain \/ la marraine fran\u00e7ais(e)<\/a><\/p>\n<p>F\u00fcr den Ausl\u00e4ndischen Studenten : <a href=\"https:\/\/docs.google.com\/forms\/d\/1ehoNCDnzvi8bvonxrj0KLF4nCkkbH20-ufR-7wbjjyo\/edit?usp=drive_web\">Formulaire pour le filleul \/ la filleule\u00a0 \u00e9tranger(e)<\/a><\/p><\/p>\n<\/div>\n<\/div><\/div><\/div><\/div><\/div><\/div><\/div><\/div><\/div>","protected":false},"excerpt":{"rendered":"<p>Du bist neu in Toulouse, erst vor kurzem angekommen? Bleib nicht allein! Wusstest du das?Jedes Jahr bilden wir mehr als 200 internationale Tandems!Achtung!Das Programm \u201cParrainage International\u201d ist kein linguistisches Tandem! Dort lernen die ausl\u00e4ndischen Studierende franz\u00f6sisch und leben sich auch in Toulouse ein. Die internationale Patenschaft ist eine der Hauptaktivit\u00e4ten unseres Vereins. Wenn Du deine&hellip;<\/p>\n","protected":false},"author":292,"featured_media":0,"parent":0,"menu_order":0,"comment_status":"closed","ping_status":"closed","template":"fullwidth.php","meta":{"footnotes":""},"class_list":["post-30","page","type-page","status-publish","hentry"],"_links":{"self":[{"href":"https:\/\/blogs.univ-tlse2.fr\/eima\/de\/wp-json\/wp\/v2\/pages\/30","targetHints":{"allow":["GET"]}}],"collection":[{"href":"https:\/\/blogs.univ-tlse2.fr\/eima\/de\/wp-json\/wp\/v2\/pages"}],"about":[{"href":"https:\/\/blogs.univ-tlse2.fr\/eima\/de\/wp-json\/wp\/v2\/types\/page"}],"author":[{"embeddable":true,"href":"https:\/\/blogs.univ-tlse2.fr\/eima\/de\/wp-json\/wp\/v2\/users\/292"}],"replies":[{"embeddable":true,"href":"https:\/\/blogs.univ-tlse2.fr\/eima\/de\/wp-json\/wp\/v2\/comments?post=30"}],"version-history":[{"count":35,"href":"https:\/\/blogs.univ-tlse2.fr\/eima\/de\/wp-json\/wp\/v2\/pages\/30\/revisions"}],"predecessor-version":[{"id":547,"href":"https:\/\/blogs.univ-tlse2.fr\/eima\/de\/wp-json\/wp\/v2\/pages\/30\/revisions\/547"}],"wp:attachment":[{"href":"https:\/\/blogs.univ-tlse2.fr\/eima\/de\/wp-json\/wp\/v2\/media?parent=30"}],"curies":[{"name":"wp","href":"https:\/\/api.w.org\/{rel}","templated":true}]}}