 {"id":32,"date":"2015-11-19T17:35:21","date_gmt":"2015-11-19T16:35:21","guid":{"rendered":"https:\/\/blogs.univ-tlse2.fr\/eima\/?page_id=32"},"modified":"2016-10-03T15:12:00","modified_gmt":"2016-10-03T13:12:00","slug":"nous-contacter","status":"publish","type":"page","link":"https:\/\/blogs.univ-tlse2.fr\/eima\/de\/nous-contacter\/","title":{"rendered":"Kontakt"},"content":{"rendered":"<p>Eima ist st\u00e4ndig auf der Suche nach neuen Freiwilligen, damit der Verein immer lebendiger wird. Falls du Interesse hast, komm zu uns. Wir warten auf dich!<\/p>\n<p>Du kannst uns von Montag bis Freitag <b>zwischen 10h30 und 16h <\/b>auf dem Campus der Universit\u00e4t Jean Jaur\u00e8s im B\u00fcro AR 105 (erster Stock der Arche) finden.<\/p>\n<p>Falls du noch weitere Fragen \u00fcber unseren Verein, die Universit\u00e4t Jean Jaur\u00e8s oder Toulouse hast, kontaktiere uns via :<\/p>\n<p><a href=\"m&#97;&#x69;&#x6c;t&#111;&#x3a;&#x65;i&#109;&#x61;&#x2e;t&#108;&#x73;&#x65;2&#64;&#x67;&#x6d;a&#105;&#x6c;&#x2e;c&#111;&#x6d;?subject=objet%20du%20courrier\"><img loading=\"lazy\" decoding=\"async\" class=\"alignleft wp-image-174 \" src=\"https:\/\/blogs.univ-tlse2.fr\/eima\/files\/2015\/11\/gmail-150x150.png\" alt=\"gmail\" width=\"157\" height=\"157\" srcset=\"https:\/\/blogs.univ-tlse2.fr\/eima\/files\/2015\/11\/gmail-150x150.png 150w, https:\/\/blogs.univ-tlse2.fr\/eima\/files\/2015\/11\/gmail.png 300w\" sizes=\"auto, (max-width: 157px) 100vw, 157px\" \/><\/a><\/p>\n<p><a href=\"https:\/\/www.facebook.com\/profile.php?id=100009255386048&amp;fref=ts\"><img loading=\"lazy\" decoding=\"async\" class=\"alignnone wp-image-173 \" src=\"https:\/\/blogs.univ-tlse2.fr\/eima\/files\/2015\/11\/facebook-150x150.png\" alt=\"facebook\" width=\"128\" height=\"128\" srcset=\"https:\/\/blogs.univ-tlse2.fr\/eima\/files\/2015\/11\/facebook-150x150.png 150w, https:\/\/blogs.univ-tlse2.fr\/eima\/files\/2015\/11\/facebook-300x300.png 300w, https:\/\/blogs.univ-tlse2.fr\/eima\/files\/2015\/11\/facebook.png 325w\" sizes=\"auto, (max-width: 128px) 100vw, 128px\" \/><\/a>\u00a0\u00a0<a href=\"https:\/\/twitter.com\/eima_tlse2\"><img loading=\"lazy\" decoding=\"async\" class=\"alignnone wp-image-175 \" src=\"https:\/\/blogs.univ-tlse2.fr\/eima\/files\/2015\/11\/twitter-150x150.png\" alt=\"twitter\" width=\"141\" height=\"141\" srcset=\"https:\/\/blogs.univ-tlse2.fr\/eima\/files\/2015\/11\/twitter-150x150.png 150w, https:\/\/blogs.univ-tlse2.fr\/eima\/files\/2015\/11\/twitter.png 300w\" sizes=\"auto, (max-width: 141px) 100vw, 141px\" \/><\/a><\/p>","protected":false},"excerpt":{"rendered":"<p>Eima ist st\u00e4ndig auf der Suche nach neuen Freiwilligen, damit der Verein immer lebendiger wird. Falls du Interesse hast, komm zu uns. Wir warten auf dich! Du kannst uns von Montag bis Freitag zwischen 10h30 und 16h auf dem Campus der Universit\u00e4t Jean Jaur\u00e8s im B\u00fcro AR 105 (erster Stock der Arche) finden. Falls du&hellip;<\/p>\n","protected":false},"author":292,"featured_media":0,"parent":0,"menu_order":0,"comment_status":"closed","ping_status":"closed","template":"fullwidth.php","meta":{"footnotes":""},"class_list":["post-32","page","type-page","status-publish","hentry"],"_links":{"self":[{"href":"https:\/\/blogs.univ-tlse2.fr\/eima\/de\/wp-json\/wp\/v2\/pages\/32","targetHints":{"allow":["GET"]}}],"collection":[{"href":"https:\/\/blogs.univ-tlse2.fr\/eima\/de\/wp-json\/wp\/v2\/pages"}],"about":[{"href":"https:\/\/blogs.univ-tlse2.fr\/eima\/de\/wp-json\/wp\/v2\/types\/page"}],"author":[{"embeddable":true,"href":"https:\/\/blogs.univ-tlse2.fr\/eima\/de\/wp-json\/wp\/v2\/users\/292"}],"replies":[{"embeddable":true,"href":"https:\/\/blogs.univ-tlse2.fr\/eima\/de\/wp-json\/wp\/v2\/comments?post=32"}],"version-history":[{"count":19,"href":"https:\/\/blogs.univ-tlse2.fr\/eima\/de\/wp-json\/wp\/v2\/pages\/32\/revisions"}],"predecessor-version":[{"id":477,"href":"https:\/\/blogs.univ-tlse2.fr\/eima\/de\/wp-json\/wp\/v2\/pages\/32\/revisions\/477"}],"wp:attachment":[{"href":"https:\/\/blogs.univ-tlse2.fr\/eima\/de\/wp-json\/wp\/v2\/media?parent=32"}],"curies":[{"name":"wp","href":"https:\/\/api.w.org\/{rel}","templated":true}]}}