 {"id":564,"date":"2021-11-23T13:00:24","date_gmt":"2021-11-23T12:00:24","guid":{"rendered":"https:\/\/blogs.univ-tlse2.fr\/eima\/?page_id=564"},"modified":"2021-11-23T13:06:12","modified_gmt":"2021-11-23T12:06:12","slug":"eima-cest-quoi","status":"publish","type":"page","link":"https:\/\/blogs.univ-tlse2.fr\/eima\/de\/","title":{"rendered":"Was Ist EIMA?"},"content":{"rendered":"<p><\/p>\n\n\n\n<div id=\"pg-w57f258d24c9a0-0\" class=\"panel-grid panel-no-style\">\n<div id=\"pgc-w57f258d24c9a0-0-1\" class=\"panel-grid-cell\">\n<div id=\"panel-w57f258d24c9a0-0-1-0\" class=\"so-panel widget widget_sow-editor panel-first-child panel-last-child\" data-index=\"1\">\n<div class=\"so-widget-sow-editor so-widget-sow-editor-base\">\n<div class=\"siteorigin-widget-tinymce textwidget\">\n<p><b>E.I.M.A&nbsp;<\/b><i>Erasmus International Mirail Association&nbsp;<\/i>ist ein Verein, der sich um den Empfang, die Unterst\u00fctzung und die Integration der Austauschstudenten (Erasmus und andere) auf dem Campus der Universit\u00e4t Jean Jaur\u00e8s k\u00fcmmert. Er wurde 2006 von einer Gruppe von Studenten mit der Hilfe der&nbsp;<i>Internationale Beziehungen&nbsp;<\/i>der Universit\u00e4t gegr\u00fcndet. Seitdem ist er von freiwilligen Studenten verwaltet, die oft selbst Erasmus gemacht haben.<\/p>\n<p>Der Verein verf\u00fcgt \u00fcber ein B\u00fcro-Caf\u00e9 (AR 101), das sich auf dem ersten Stock der Arche befindet und an dem die Mitglieder t\u00e4gliche Offnungszeiten (10h30 \u2013 16h) einhalten.<\/p>\n<p>Das B\u00fcro des Vereins ist vor allem ein geselliger Ort, an dem zahlreiche Studenten sich treffen, sich kennenlernen und zusammen Tee oder Kaffee trinken k\u00f6nnen. Eine Mikrowelle, ein K\u00fchlschrank, Sofas usw.. stehen euch zu Verf\u00fcgung, damit du dich in unserem B\u00fcro bequem f\u00fchlen kanst. Mit Musik im Hintergrund unterhalten wir uns \u00fcber alles und nichts, die Stimmung ist sehr entspannt und dieses B\u00fcro sieht oft wie ein Heim f\u00fcr ausl\u00e4ndische Studierende aus.<\/p>\n<\/div>\n<\/div>\n<\/div>\n<\/div>\n<\/div>\n\n\n\n<div id=\"pg-w57f258d24c9a0-1\" class=\"panel-grid panel-no-style\">\n<div id=\"pgc-w57f258d24c9a0-1-0\" class=\"panel-grid-cell\">\n<div id=\"panel-w57f258d24c9a0-1-0-0\" class=\"so-panel widget widget_sow-editor panel-first-child panel-last-child\" data-index=\"2\">\n<div class=\"so-widget-sow-editor so-widget-sow-editor-base\">\n<div class=\"siteorigin-widget-tinymce textwidget\">\n<figure><a href=\"https:\/\/blogs.univ-tlse2.fr\/eima\/files\/2021\/11\/LogoSansTitre.png\"><img loading=\"lazy\" decoding=\"async\" class=\"size-full wp-image-551 aligncenter\" src=\"https:\/\/blogs.univ-tlse2.fr\/eima\/files\/2021\/11\/LogoSansTitre.png\" alt=\"Logo EIMA\" width=\"500\" height=\"500\" srcset=\"https:\/\/blogs.univ-tlse2.fr\/eima\/files\/2021\/11\/LogoSansTitre.png 500w, https:\/\/blogs.univ-tlse2.fr\/eima\/files\/2021\/11\/LogoSansTitre-300x300.png 300w, https:\/\/blogs.univ-tlse2.fr\/eima\/files\/2021\/11\/LogoSansTitre-150x150.png 150w\" sizes=\"auto, (max-width: 500px) 100vw, 500px\" \/><\/a><\/figure><p><\/p>\n<p>Mehr noch :<\/p>\n<p>Das B\u00fcro ist mit&nbsp;<b>Computern<\/b>&nbsp;ausger\u00fcstet, die den ausl\u00e4ndlischen Studierenden erlauben,<b>&nbsp;kostenlosen<\/b>&nbsp;Zugang zu&nbsp;<b>Internet<\/b>&nbsp;zu haben! An diesem Ort k\u00f6nnt ihr euch auch&nbsp;<b>informieren<\/b>&nbsp;lassen. Auf einer Tafel, die t\u00e4glich aktualisiert wird, stehen alle zuk\u00fcnftigen Aktivit\u00e4ten. Mehrere Faltprospekte (Sport, Festivals, Veranstaltngen, Karten&#8230;) stehen euch auch zur Verf\u00fcgung.<\/p>\n<p>Und nat\u00fcrlich sind die freiwilligen Mitglieder Eimas immer da, um deine Fragen zu beantworten !<\/p>\n<\/div>\n<\/div>\n<\/div>\n<\/div>\n<\/div>\n\n\n\n<p><\/p>","protected":false},"excerpt":{"rendered":"<p>E.I.M.A&nbsp;Erasmus International Mirail Association&nbsp;ist ein Verein, der sich um den Empfang, die Unterst\u00fctzung und die Integration der Austauschstudenten (Erasmus und andere) auf dem Campus der Universit\u00e4t Jean Jaur\u00e8s k\u00fcmmert. Er wurde 2006 von einer Gruppe von Studenten mit der Hilfe der&nbsp;Internationale Beziehungen&nbsp;der Universit\u00e4t gegr\u00fcndet. Seitdem ist er von freiwilligen Studenten verwaltet, die oft selbst Erasmus&hellip;<\/p>\n","protected":false},"author":292,"featured_media":0,"parent":0,"menu_order":0,"comment_status":"closed","ping_status":"closed","template":"","meta":{"footnotes":""},"class_list":["post-564","page","type-page","status-publish","hentry"],"_links":{"self":[{"href":"https:\/\/blogs.univ-tlse2.fr\/eima\/de\/wp-json\/wp\/v2\/pages\/564","targetHints":{"allow":["GET"]}}],"collection":[{"href":"https:\/\/blogs.univ-tlse2.fr\/eima\/de\/wp-json\/wp\/v2\/pages"}],"about":[{"href":"https:\/\/blogs.univ-tlse2.fr\/eima\/de\/wp-json\/wp\/v2\/types\/page"}],"author":[{"embeddable":true,"href":"https:\/\/blogs.univ-tlse2.fr\/eima\/de\/wp-json\/wp\/v2\/users\/292"}],"replies":[{"embeddable":true,"href":"https:\/\/blogs.univ-tlse2.fr\/eima\/de\/wp-json\/wp\/v2\/comments?post=564"}],"version-history":[{"count":8,"href":"https:\/\/blogs.univ-tlse2.fr\/eima\/de\/wp-json\/wp\/v2\/pages\/564\/revisions"}],"predecessor-version":[{"id":581,"href":"https:\/\/blogs.univ-tlse2.fr\/eima\/de\/wp-json\/wp\/v2\/pages\/564\/revisions\/581"}],"wp:attachment":[{"href":"https:\/\/blogs.univ-tlse2.fr\/eima\/de\/wp-json\/wp\/v2\/media?parent=564"}],"curies":[{"name":"wp","href":"https:\/\/api.w.org\/{rel}","templated":true}]}}