 {"id":73,"date":"2015-11-21T02:36:36","date_gmt":"2015-11-21T01:36:36","guid":{"rendered":"https:\/\/blogs.univ-tlse2.fr\/eima\/?page_id=73"},"modified":"2016-09-30T21:15:08","modified_gmt":"2016-09-30T19:15:08","slug":"besoin-daide","status":"publish","type":"page","link":"https:\/\/blogs.univ-tlse2.fr\/eima\/de\/besoin-daide\/","title":{"rendered":"Brauchst Du Hilfe?"},"content":{"rendered":"<div id=\"pl-73\"  class=\"panel-layout\" ><div id=\"pg-73-0\"  class=\"panel-grid panel-no-style\" ><div id=\"pgc-73-0-0\"  class=\"panel-grid-cell\" ><div id=\"panel-73-0-0-0\" class=\"so-panel widget widget_sow-editor panel-first-child panel-last-child\" data-index=\"0\" ><div\n\t\t\t\n\t\t\tclass=\"so-widget-sow-editor so-widget-sow-editor-base\"\n\t\t\t\n\t\t><h3 class=\"widget-title\">Unterst\u00fctzung mit der Verwaltung<\/h3>\n<div class=\"siteorigin-widget-tinymce textwidget\">\n\t<h2><span style=\"text-decoration: underline\"><img loading=\"lazy\" decoding=\"async\" class=\"alignnone wp-image-181 size-full\" src=\"https:\/\/blogs.univ-tlse2.fr\/eima\/files\/2015\/11\/papier.jpg\" alt=\"papier\" width=\"237\" height=\"300\" \/><\/span><\/h2>\n<\/div>\n<\/div><\/div><\/div><div id=\"pgc-73-0-1\"  class=\"panel-grid-cell\" ><div id=\"panel-73-0-1-0\" class=\"so-panel widget widget_sow-editor panel-first-child panel-last-child\" data-index=\"1\" ><div\n\t\t\t\n\t\t\tclass=\"so-widget-sow-editor so-widget-sow-editor-base\"\n\t\t\t\n\t\t>\n<div class=\"siteorigin-widget-tinymce textwidget\">\n\t<\/p>\n<p>Am Anfang des akademischen Jahres hilft euch EIMA, eure Anmeldung an der Universit\u00e4t abzuschlie\u00dfen:<\/p>\n<p>Die franz\u00f6sische Studenten helfen dir, deine Startunterlagen auszuf\u00fcllen und durchzulesen, sie beantworten Deine Fragen bez\u00fcglich der verschiedenen F\u00e4cher, erforderlichen Formulare, Probleme mit deiner Versicherung, Bank, Miete, usw...<\/p>\n<p>Die Austauschstudierenden, die diese administrative Hilfe bekommen, betrachten diese oft als unbedingt notwendig.<\/p>\n<p>Im Laufe des Jahres helfen wir auch den Studenten, egal worum es geht: Hausaufgaben durchlesen, Sprachenmissverst\u00e4ndnisse, administrative Probleme (Visum, Wohngeld, Stipendien, usw), Flug- oder Zugtickets, Ratschl\u00e4ge bei Reiseziele...<\/p>\n<p>Wir geben unser Bestes, um die Studenten bei jeder Etappe ihrer Demarchen oder ihrem Alltag zu unterst\u00fctzen.\u00a0<\/p>\n<p>Auf unserer Seite Universit\u00e4t Jean-Jaur\u00e8s und Unterrichte kannst du anfangen, dich \u00fcber die Verwaltungsschritte, Unterrichte und Anmeldung zu informieren.<\/p>\n<hr \/>\n<p>\u00a0<\/p>\n<\/div>\n<\/div><\/div><\/div><\/div><div id=\"pg-73-1\"  class=\"panel-grid panel-no-style\" ><div id=\"pgc-73-1-0\"  class=\"panel-grid-cell\" ><div id=\"panel-73-1-0-0\" class=\"so-panel widget widget_sow-editor panel-first-child panel-last-child\" data-index=\"2\" ><div\n\t\t\t\n\t\t\tclass=\"so-widget-sow-editor so-widget-sow-editor-base\"\n\t\t\t\n\t\t><h3 class=\"widget-title\">IKEIMA<\/h3>\n<div class=\"siteorigin-widget-tinymce textwidget\">\n\t<p><img loading=\"lazy\" decoding=\"async\" class=\"wp-image-182 size-full\" src=\"https:\/\/blogs.univ-tlse2.fr\/eima\/files\/2015\/11\/vaisselle.jpg\" alt=\"\" width=\"255\" height=\"186\" \/><\/p>\n<\/div>\n<\/div><\/div><\/div><div id=\"pgc-73-1-1\"  class=\"panel-grid-cell\" ><div id=\"panel-73-1-1-0\" class=\"so-panel widget widget_sow-editor panel-first-child panel-last-child\" data-index=\"3\" ><div\n\t\t\t\n\t\t\tclass=\"so-widget-sow-editor so-widget-sow-editor-base\"\n\t\t\t\n\t\t>\n<div class=\"siteorigin-widget-tinymce textwidget\">\n\t<\/p>\n<p>Au\u00dferdem bietet dir EIMA verschiedene Gegenst\u00e4nde, die uns als Spende gegeben wurden, um dir zu helfen, dein Zimmer oder deine Wohnung einzurichten.<\/p>\n<p>Am Ende jedes Semesters spenden uns die Austauschstudenten die Materialien, die sie nicht zu ihnen mitbringen k\u00f6nnen (T\u00f6pfe, Decke, Besteck, Reinigungsproducte, Elektroherde usw...). Diese verteilen wir dann an die neuen Austauschstudenten. Dieses Programm erlaubt dir direkt nach Ihrer Ankunft, dich schnell und <b>kostenlos<\/b> auzur\u00fcsten.<\/p>\n<p>Um mehr Information zu bekommen, komm in unser B\u00fcro.\u00a0<\/p>\n<hr \/>\n<p>\u00a0<\/p>\n<\/div>\n<\/div><\/div><\/div><\/div><div id=\"pg-73-2\"  class=\"panel-grid panel-no-style\" ><div id=\"pgc-73-2-0\"  class=\"panel-grid-cell\" ><div id=\"panel-73-2-0-0\" class=\"so-panel widget widget_sow-editor panel-first-child panel-last-child\" data-index=\"4\" ><div\n\t\t\t\n\t\t\tclass=\"so-widget-sow-editor so-widget-sow-editor-base\"\n\t\t\t\n\t\t><h3 class=\"widget-title\">Integrationshilfe<\/h3>\n<div class=\"siteorigin-widget-tinymce textwidget\">\n\t<\/div>\n<\/div><\/div><\/div><div id=\"pgc-73-2-1\"  class=\"panel-grid-cell\" ><div id=\"panel-73-2-1-0\" class=\"so-panel widget widget_sow-editor panel-first-child panel-last-child\" data-index=\"5\" ><div\n\t\t\t\n\t\t\tclass=\"so-widget-sow-editor so-widget-sow-editor-base\"\n\t\t\t\n\t\t>\n<div class=\"siteorigin-widget-tinymce textwidget\">\n\t<p>Der gr\u00f6\u00dfte Teil der Hilfe, die wir an den Studierenden anbieten, ist zu ihrer Integration an der Universit\u00e4t und in der Stadt Toulouse gewidmet.<br \/>Die von EIMA organisierten Veranstaltungen und Ausfl\u00fcge aber auch unser Patenschaft-Programm wollen diese beiden Aspekte erf\u00fcllen.\u00a0<\/p>\n<hr \/>\n<p>\u00a0<\/p>\n<\/div>\n<\/div><\/div><\/div><\/div><\/div>","protected":false},"excerpt":{"rendered":"<p>Am Anfang des akademischen Jahres hilft euch EIMA, eure Anmeldung an der Universit\u00e4t abzuschlie\u00dfen:Die franz\u00f6sische Studenten helfen dir, deine Startunterlagen auszuf\u00fcllen und durchzulesen, sie beantworten Deine Fragen bez\u00fcglich der verschiedenen F\u00e4cher, erforderlichen Formulare, Probleme mit deiner Versicherung, Bank, Miete, usw&#8230;Die Austauschstudierenden, die diese administrative Hilfe bekommen, betrachten diese oft als unbedingt notwendig.Im Laufe des Jahres&hellip;<\/p>\n","protected":false},"author":292,"featured_media":0,"parent":0,"menu_order":0,"comment_status":"closed","ping_status":"closed","template":"fullwidth.php","meta":{"footnotes":""},"class_list":["post-73","page","type-page","status-publish","hentry"],"_links":{"self":[{"href":"https:\/\/blogs.univ-tlse2.fr\/eima\/de\/wp-json\/wp\/v2\/pages\/73","targetHints":{"allow":["GET"]}}],"collection":[{"href":"https:\/\/blogs.univ-tlse2.fr\/eima\/de\/wp-json\/wp\/v2\/pages"}],"about":[{"href":"https:\/\/blogs.univ-tlse2.fr\/eima\/de\/wp-json\/wp\/v2\/types\/page"}],"author":[{"embeddable":true,"href":"https:\/\/blogs.univ-tlse2.fr\/eima\/de\/wp-json\/wp\/v2\/users\/292"}],"replies":[{"embeddable":true,"href":"https:\/\/blogs.univ-tlse2.fr\/eima\/de\/wp-json\/wp\/v2\/comments?post=73"}],"version-history":[{"count":27,"href":"https:\/\/blogs.univ-tlse2.fr\/eima\/de\/wp-json\/wp\/v2\/pages\/73\/revisions"}],"predecessor-version":[{"id":455,"href":"https:\/\/blogs.univ-tlse2.fr\/eima\/de\/wp-json\/wp\/v2\/pages\/73\/revisions\/455"}],"wp:attachment":[{"href":"https:\/\/blogs.univ-tlse2.fr\/eima\/de\/wp-json\/wp\/v2\/media?parent=73"}],"curies":[{"name":"wp","href":"https:\/\/api.w.org\/{rel}","templated":true}]}}