 {"id":75,"date":"2015-11-21T02:45:30","date_gmt":"2015-11-21T01:45:30","guid":{"rendered":"https:\/\/blogs.univ-tlse2.fr\/eima\/?page_id=75"},"modified":"2016-10-01T01:07:48","modified_gmt":"2016-09-30T23:07:48","slug":"les-sorties-nocturnes","status":"publish","type":"page","link":"https:\/\/blogs.univ-tlse2.fr\/eima\/de\/les-sorties-nocturnes\/","title":{"rendered":"Abendliche Ausg\u00e4nge"},"content":{"rendered":"<div id=\"pl-75\"  class=\"panel-layout\" ><div id=\"pg-75-0\"  class=\"panel-grid panel-no-style\" ><div id=\"pgc-75-0-0\"  class=\"panel-grid-cell\" ><div id=\"panel-75-0-0-0\" class=\"so-panel widget widget_siteorigin-panels-builder panel-first-child panel-last-child\" data-index=\"0\" ><div id=\"pl-w57eef0444417e\"  class=\"panel-layout\" ><div id=\"pg-w57eef0444417e-0\"  class=\"panel-grid panel-no-style\" ><div id=\"pgc-w57eef0444417e-0-0\"  class=\"panel-grid-cell\" ><div id=\"panel-w57eef0444417e-0-0-0\" class=\"so-panel widget widget_sow-image panel-first-child panel-last-child\" data-index=\"0\" ><div\n\t\t\t\n\t\t\tclass=\"so-widget-sow-image so-widget-sow-image-default-8b5b6f678277\"\n\t\t\t\n\t\t>\n<div class=\"sow-image-container\">\n\t\t<img \n\tsrc=\"https:\/\/blogs.univ-tlse2.fr\/eima\/files\/2015\/11\/2-e1448050792774.jpg\" width=\"300\" height=\"225\" sizes=\"(max-width: 300px) 100vw, 300px\" title=\"Les sorties nocturnes\" alt=\"Soir\u00e9e EIMA dans un bar \u00e0 Toulouse\" \t\tclass=\"so-widget-image\"\/>\n\t<\/div>\n\n<\/div><\/div><\/div><div id=\"pgc-w57eef0444417e-0-1\"  class=\"panel-grid-cell\" ><div id=\"panel-w57eef0444417e-0-1-0\" class=\"so-panel widget widget_sow-editor panel-first-child panel-last-child\" data-index=\"1\" ><div\n\t\t\t\n\t\t\tclass=\"so-widget-sow-editor so-widget-sow-editor-base\"\n\t\t\t\n\t\t>\n<div class=\"siteorigin-widget-tinymce textwidget\">\n\t<p style=\"text-align: justify\">\n<\/p>\n<p>Das Hauptziel EIMAs ist es den ausl\u00e4ndischen Studierenden zu helfen, sich an der Uni und in der Stadt Toulouse zu integrieren. Um dieses Ziel zu erreichen organisiert der Verein im Laufe des Jahres zahlreiche Aktivit\u00e4ten und Ausg\u00e4nge.<\/p>\n<p>Ein mal pro Monat organisieren wir <b>Partys<\/b> in Toulouse in den Bars, die den Studenten gefallen. Diese Partys (manchmal Themenabende) geben Ihnen die Gelegenheit<b> feiern <\/b>zu gehen und <b>neue Leute kennenzulernen<\/b>.<\/p>\n<p>Ab und zu mal nimmt auch EIMA an der Organisation gr\u00f6\u00dferer Partys in Partnerschaften mit den anderen Vereinen f\u00fcr ausl\u00e4ndische Studierende in Toulouse teil. Diese Partys bringen oft mehr als 2000 Studenten in einer den Clubs der Stadt zusammen.<\/p>\n<\/div>\n<\/div><\/div><\/div><\/div><div id=\"pg-w57eef0444417e-1\"  class=\"panel-grid panel-no-style\" ><div id=\"pgc-w57eef0444417e-1-0\"  class=\"panel-grid-cell\" ><div id=\"panel-w57eef0444417e-1-0-0\" class=\"so-panel widget widget_sow-image panel-first-child panel-last-child\" data-index=\"2\" ><div\n\t\t\t\n\t\t\tclass=\"so-widget-sow-image so-widget-sow-image-default-c67d20f9f743\"\n\t\t\t\n\t\t>\n<div class=\"sow-image-container\">\n\t\t<img \n\tsrc=\"https:\/\/blogs.univ-tlse2.fr\/eima\/files\/2015\/11\/217706_6343373188_3558_n.jpg\" width=\"262\" height=\"196\" sizes=\"(max-width: 262px) 100vw, 262px\" title=\"Pique-nique\" alt=\"Pique nique au bord de la Garonne\" \t\tclass=\"so-widget-image\"\/>\n\t<\/div>\n\n<\/div><\/div><\/div><div id=\"pgc-w57eef0444417e-1-1\"  class=\"panel-grid-cell\" ><div id=\"panel-w57eef0444417e-1-1-0\" class=\"so-panel widget widget_sow-editor panel-first-child panel-last-child\" data-index=\"3\" ><div\n\t\t\t\n\t\t\tclass=\"so-widget-sow-editor so-widget-sow-editor-base\"\n\t\t\t\n\t\t>\n<div class=\"siteorigin-widget-tinymce textwidget\">\n\t<\/p>\n<\/p>\n<p>Wir schlagen andere abendliche Aktivit\u00e4ten vor : Bowling, Karaoke, Laser Quest, Rugby- und Fu\u00dfballspiele, Quizz... vor.<\/p>\n<p>Wir wollen Euch zahlreiche und verschiedene Aktivit\u00e4ten vorschlagen, um jedem zu gefallen. Wenn du andere Ideen hast, kanns du sie uns sehr gerne vorstellen!<\/p><\/p>\n<\/div>\n<\/div><\/div><\/div><div id=\"pgc-w57eef0444417e-1-2\"  class=\"panel-grid-cell\" ><div id=\"panel-w57eef0444417e-1-2-0\" class=\"so-panel widget widget_sow-image panel-first-child panel-last-child\" data-index=\"4\" ><div\n\t\t\t\n\t\t\tclass=\"so-widget-sow-image so-widget-sow-image-default-c67d20f9f743\"\n\t\t\t\n\t\t>\n<div class=\"sow-image-container\">\n\t\t<img \n\tsrc=\"https:\/\/blogs.univ-tlse2.fr\/eima\/files\/2015\/11\/195_10742711823_6926_n.jpg\" width=\"260\" height=\"195\" sizes=\"(max-width: 260px) 100vw, 260px\" title=\"Karaok\u00e9\" alt=\"Exemple d&#039;activit\u00e9 nocturne d&#039;EIMA\" \t\tclass=\"so-widget-image\"\/>\n\t<\/div>\n\n<\/div><\/div><\/div><\/div><\/div><\/div><\/div><\/div><\/div>","protected":false},"excerpt":{"rendered":"<p>Das Hauptziel EIMAs ist es den ausl\u00e4ndischen Studierenden zu helfen, sich an der Uni und in der Stadt Toulouse zu integrieren. Um dieses Ziel zu erreichen organisiert der Verein im Laufe des Jahres zahlreiche Aktivit\u00e4ten und Ausg\u00e4nge. Ein mal pro Monat organisieren wir Partys in Toulouse in den Bars, die den Studenten gefallen. Diese Partys&hellip;<\/p>\n","protected":false},"author":292,"featured_media":0,"parent":0,"menu_order":0,"comment_status":"closed","ping_status":"closed","template":"fullwidth.php","meta":{"footnotes":""},"class_list":["post-75","page","type-page","status-publish","hentry"],"_links":{"self":[{"href":"https:\/\/blogs.univ-tlse2.fr\/eima\/de\/wp-json\/wp\/v2\/pages\/75","targetHints":{"allow":["GET"]}}],"collection":[{"href":"https:\/\/blogs.univ-tlse2.fr\/eima\/de\/wp-json\/wp\/v2\/pages"}],"about":[{"href":"https:\/\/blogs.univ-tlse2.fr\/eima\/de\/wp-json\/wp\/v2\/types\/page"}],"author":[{"embeddable":true,"href":"https:\/\/blogs.univ-tlse2.fr\/eima\/de\/wp-json\/wp\/v2\/users\/292"}],"replies":[{"embeddable":true,"href":"https:\/\/blogs.univ-tlse2.fr\/eima\/de\/wp-json\/wp\/v2\/comments?post=75"}],"version-history":[{"count":21,"href":"https:\/\/blogs.univ-tlse2.fr\/eima\/de\/wp-json\/wp\/v2\/pages\/75\/revisions"}],"predecessor-version":[{"id":474,"href":"https:\/\/blogs.univ-tlse2.fr\/eima\/de\/wp-json\/wp\/v2\/pages\/75\/revisions\/474"}],"wp:attachment":[{"href":"https:\/\/blogs.univ-tlse2.fr\/eima\/de\/wp-json\/wp\/v2\/media?parent=75"}],"curies":[{"name":"wp","href":"https:\/\/api.w.org\/{rel}","templated":true}]}}