 {"id":77,"date":"2015-11-21T02:51:01","date_gmt":"2015-11-21T01:51:01","guid":{"rendered":"https:\/\/blogs.univ-tlse2.fr\/eima\/?page_id=77"},"modified":"2016-09-30T21:51:44","modified_gmt":"2016-09-30T19:51:44","slug":"les-sorties-culturelles","status":"publish","type":"page","link":"https:\/\/blogs.univ-tlse2.fr\/eima\/de\/les-sorties-culturelles\/","title":{"rendered":"Kulturelle Ausfl\u00fcge"},"content":{"rendered":"<div id=\"pl-77\"  class=\"panel-layout\" ><div id=\"pg-77-0\"  class=\"panel-grid panel-no-style\" ><div id=\"pgc-77-0-0\"  class=\"panel-grid-cell\" ><div id=\"panel-77-0-0-0\" class=\"so-panel widget widget_siteorigin-panels-builder panel-first-child panel-last-child\" data-index=\"0\" ><div id=\"pl-w57eec2340ecc4\"  class=\"panel-layout\" ><div id=\"pg-w57eec2340ecc4-0\"  class=\"panel-grid panel-no-style\" ><div id=\"pgc-w57eec2340ecc4-0-0\"  class=\"panel-grid-cell\" ><div id=\"panel-w57eec2340ecc4-0-0-0\" class=\"so-panel widget widget_sow-image panel-first-child panel-last-child\" data-index=\"0\" ><div\n\t\t\t\n\t\t\tclass=\"so-widget-sow-image so-widget-sow-image-default-c67d20f9f743\"\n\t\t\t\n\t\t>\n<div class=\"sow-image-container\">\n\t\t<img \n\tsrc=\"https:\/\/blogs.univ-tlse2.fr\/eima\/files\/2015\/11\/46927_10200881208652095_1558431293_n.jpg\" width=\"225\" height=\"300\" sizes=\"(max-width: 225px) 100vw, 225px\" title=\"Photo Carcassonne\" alt=\"Le ch\u00e2teau de Carcassonne\" \t\tclass=\"so-widget-image\"\/>\n\t<\/div>\n\n<\/div><\/div><\/div><div id=\"pgc-w57eec2340ecc4-0-1\"  class=\"panel-grid-cell\" ><div id=\"panel-w57eec2340ecc4-0-1-0\" class=\"so-panel widget widget_sow-editor panel-first-child panel-last-child\" data-index=\"1\" ><div\n\t\t\t\n\t\t\tclass=\"so-widget-sow-editor so-widget-sow-editor-base\"\n\t\t\t\n\t\t>\n<div class=\"siteorigin-widget-tinymce textwidget\">\n\t<\/p>\n<p style=\"text-align: justify\">\n<p>Regelm\u00e4\u00dfig finden kulturelle Ausfl\u00fcge statt.<\/p>\n<p>Ein paar Beispiele :<\/p>\n<p>- Besichtigungen der <b>Region und von historischen St\u00e4tten<\/b> : Carcassonne, Albi, Gaillac und ihre Weinberge, und noch viele andere!<\/p>\n<p>- Die <b>kulturellen Rallyes <\/b>(Gel\u00e4ndespiel und Entdeckung des Stadtzentrums und seiner Geschichte), die anfangs jedes Semesters stattfindet<\/p>\n<p><b>- Museumsbesuche<\/b> in Toulouse<\/p>\n<p><b>- Kino <\/b>(ein franz\u00f6sischer Film pro Monat)<\/p>\n<p>- Wenn wir die M\u00f6glichkeit haben organisieren wir auch eine oder zwei gro\u00dfe <b>Reisen<\/b> im Jahr : im Gebirge im Winter und am Meer am Ende des Jahres!<\/p>\n<\/div>\n<\/div><\/div><\/div><div id=\"pgc-w57eec2340ecc4-0-2\"  class=\"panel-grid-cell\" ><div id=\"panel-w57eec2340ecc4-0-2-0\" class=\"so-panel widget widget_sow-image panel-first-child\" data-index=\"2\" ><div\n\t\t\t\n\t\t\tclass=\"so-widget-sow-image so-widget-sow-image-default-c67d20f9f743\"\n\t\t\t\n\t\t>\n<div class=\"sow-image-container\">\n\t\t<img \n\tsrc=\"https:\/\/blogs.univ-tlse2.fr\/eima\/files\/2015\/11\/616496_10152004982026043_165794639_o.jpg\" width=\"331\" height=\"220\" srcset=\"https:\/\/blogs.univ-tlse2.fr\/eima\/files\/2015\/11\/616496_10152004982026043_165794639_o.jpg 331w, https:\/\/blogs.univ-tlse2.fr\/eima\/files\/2015\/11\/616496_10152004982026043_165794639_o-300x199.jpg 300w\" sizes=\"(max-width: 331px) 100vw, 331px\" title=\"Photo de groupe activit\u00e9 culturelle\" alt=\"Photo de groupe \u00e0 Carcassonne\" \t\tclass=\"so-widget-image\"\/>\n\t<\/div>\n\n<\/div><\/div><div id=\"panel-w57eec2340ecc4-0-2-1\" class=\"so-panel widget widget_sow-image panel-last-child\" data-index=\"3\" ><div\n\t\t\t\n\t\t\tclass=\"so-widget-sow-image so-widget-sow-image-default-c67d20f9f743\"\n\t\t\t\n\t\t>\n<div class=\"sow-image-container\">\n\t\t<img \n\tsrc=\"https:\/\/blogs.univ-tlse2.fr\/eima\/files\/2015\/11\/1401291_10151946211330199_1344118680_o.jpg\" width=\"324\" height=\"215\" srcset=\"https:\/\/blogs.univ-tlse2.fr\/eima\/files\/2015\/11\/1401291_10151946211330199_1344118680_o.jpg 324w, https:\/\/blogs.univ-tlse2.fr\/eima\/files\/2015\/11\/1401291_10151946211330199_1344118680_o-300x199.jpg 300w\" sizes=\"(max-width: 324px) 100vw, 324px\" title=\"Activit\u00e9 culturelle Gaillac\" alt=\"D\u00e9gustation de vin \u00e0 Gaillac\" \t\tclass=\"so-widget-image\"\/>\n\t<\/div>\n\n<\/div><\/div><\/div><\/div><\/div><\/div><\/div><\/div><\/div>","protected":false},"excerpt":{"rendered":"<p>Regelm\u00e4\u00dfig finden kulturelle Ausfl\u00fcge statt. Ein paar Beispiele : &#8211; Besichtigungen der Region und von historischen St\u00e4tten : Carcassonne, Albi, Gaillac und ihre Weinberge, und noch viele andere! &#8211; Die kulturellen Rallyes (Gel\u00e4ndespiel und Entdeckung des Stadtzentrums und seiner Geschichte), die anfangs jedes Semesters stattfindet &#8211; Museumsbesuche in Toulouse &#8211; Kino (ein franz\u00f6sischer Film pro&hellip;<\/p>\n","protected":false},"author":292,"featured_media":0,"parent":0,"menu_order":0,"comment_status":"closed","ping_status":"closed","template":"fullwidth.php","meta":{"footnotes":""},"class_list":["post-77","page","type-page","status-publish","hentry"],"_links":{"self":[{"href":"https:\/\/blogs.univ-tlse2.fr\/eima\/de\/wp-json\/wp\/v2\/pages\/77","targetHints":{"allow":["GET"]}}],"collection":[{"href":"https:\/\/blogs.univ-tlse2.fr\/eima\/de\/wp-json\/wp\/v2\/pages"}],"about":[{"href":"https:\/\/blogs.univ-tlse2.fr\/eima\/de\/wp-json\/wp\/v2\/types\/page"}],"author":[{"embeddable":true,"href":"https:\/\/blogs.univ-tlse2.fr\/eima\/de\/wp-json\/wp\/v2\/users\/292"}],"replies":[{"embeddable":true,"href":"https:\/\/blogs.univ-tlse2.fr\/eima\/de\/wp-json\/wp\/v2\/comments?post=77"}],"version-history":[{"count":21,"href":"https:\/\/blogs.univ-tlse2.fr\/eima\/de\/wp-json\/wp\/v2\/pages\/77\/revisions"}],"predecessor-version":[{"id":482,"href":"https:\/\/blogs.univ-tlse2.fr\/eima\/de\/wp-json\/wp\/v2\/pages\/77\/revisions\/482"}],"wp:attachment":[{"href":"https:\/\/blogs.univ-tlse2.fr\/eima\/de\/wp-json\/wp\/v2\/media?parent=77"}],"curies":[{"name":"wp","href":"https:\/\/api.w.org\/{rel}","templated":true}]}}