 {"id":126,"date":"2016-01-02T16:53:39","date_gmt":"2016-01-02T15:53:39","guid":{"rendered":"https:\/\/blogs.univ-tlse2.fr\/eima\/?page_id=126"},"modified":"2017-11-07T16:54:31","modified_gmt":"2017-11-07T15:54:31","slug":"logements","status":"publish","type":"page","link":"https:\/\/blogs.univ-tlse2.fr\/eima\/es\/logements\/","title":{"rendered":"Logements"},"content":{"rendered":"<div id=\"pl-126\"  class=\"panel-layout\" ><div id=\"pg-126-0\"  class=\"panel-grid panel-no-style\" ><div id=\"pgc-126-0-0\"  class=\"panel-grid-cell\" ><div id=\"panel-126-0-0-0\" class=\"so-panel widget widget_siteorigin-panels-builder panel-first-child panel-last-child\" data-index=\"0\" ><div id=\"pl-w5a01d736b6764\"  class=\"panel-layout\" ><div id=\"pg-w5a01d736b6764-0\"  class=\"panel-grid panel-no-style\" ><div id=\"pgc-w5a01d736b6764-0-0\"  class=\"panel-grid-cell\" ><div id=\"panel-w5a01d736b6764-0-0-0\" class=\"so-panel widget widget_sow-editor panel-first-child panel-last-child\" data-index=\"0\" ><div\n\t\t\t\n\t\t\tclass=\"so-widget-sow-editor so-widget-sow-editor-base\"\n\t\t\t\n\t\t>\n<div class=\"siteorigin-widget-tinymce textwidget\">\n\t<p style=\"text-align: justify\">\n<p style=\"text-align: justify\"><strong>Para alojarte durante tu estancia en Toulouse tienes varias posibilidades, te proponemos peque\u00f1os trucos EIMA para encontrar alojamiento en Toulouse\u2026 Mant\u00e9n la calma y \u00a1buena suerte! No dudes en\u00a0<a href=\"mai&#108;&#116;&#x6f;&#x3a;&#x65;&#x69;ma&#46;&#116;&#108;&#x73;&#x65;&#x32;&#x40;gma&#105;&#108;&#x2e;&#x63;&#x6f;&#x6d;?subject=objet%20du%20courrier\">contactarnos<\/a>\u00a0si necesitas ayuda.<\/strong><\/p>\n<h2 style=\"text-align: center\"><strong><u>Ayudas para el alojamiento<\/u><\/strong><\/h2>\n<p style=\"text-align: justify\">Los estudiantes extranjeros se pueden solicitar las A.P.L. (<em>aide personnalis\u00e9e au logement<\/em>\u00a0) y de prestaciones para el aojamiento de car\u00e1cter social A.L.S. (<em>allocation logement \u00e0 caract\u00e8re social<\/em>). Ambas ayudas son concedidas por la CAF bajo ciertos criterios sociales (situaci\u00f3n familiar, recursos, estado de la vivienda..). Echa un vistazo por la p\u00e1gina web de la CAF y no olvides:<\/p>\n<p style=\"text-align: justify\">- Que la solicitud de ayuda debe ser presentada m\u00e1ximo dos meses despu\u00e9s de la mudanza.<br \/> - La solicitud de ayuda debe hacerse online en el sitio!<br \/> - Dar los datos bancarios en el momento que env\u00edes tu expediente.<br \/> - No recibir\u00e1s ninguna ayuda por el primer mes de alquiler; tomara entre dos o tres meses en recibirla.<\/p>\n<h2 style=\"text-align: center\">\u00a0<\/h2>\n<h2 style=\"text-align: center\"><strong><u>Las Residencias Universitarias (Cit\u00e9s-U)<\/u><\/strong><\/h2>\n<p style=\"text-align: justify\">Las residencias universitarias son administradas por el CROUS, Disponen de 9750 habitaciones y estudios por un precio que oscila entre 137 a 400 euros por persona. Para obtener una habitaci\u00f3n universitaria, deber\u00e9is poneros en contacto con el servicio de\u00a0<a href=\"http:\/\/www.univ-tlse2.fr\/accueil\/universite\/organisation\/services\/service-des-relations-internationales-5428.kjsp?RH=05International\">Relaciones Internacionales<\/a>\u00a0del instituto (Despacho AR104, primer piso de\u00a0<em>l\u2019Arche<\/em>).<\/p>\n<p style=\"text-align: justify\">O enviar un\u00a0<strong>e-mail<\/strong>\u00a0a la siguiente direcci\u00f3n:\u00a0<a href=\"mailto:%65%75%72%6F%70%65%40%75%6E%69%76%2E%74%6C%73%65%32%2E%66%72\">e&#x75;r&#111;&#x70;e&#64;&#x75;n&#x69;&#x76;&#46;&#x74;l&#115;&#x65;2&#46;&#x66;r<\/a><\/p>\n<h2 style=\"text-align: center\">\u00a0<\/h2>\n<h2 style=\"text-align: center\"><u>Las Residencias Privadas\u00a0<\/u><\/h2>\n<p style=\"text-align: justify\"><strong>adele.org<\/strong>\u00a0: https:\/\/www.adele.org<\/p>\n<h2 style=\"text-align: center\">\u00a0<\/h2>\n<h2 style=\"text-align: center\"><u>Compartir piso<\/u><\/h2>\n<p style=\"text-align: justify\">Aqu\u00ed encontrar\u00e9is algunos enlaces para ayudaros a encontrar un piso en Toulouse. Recordad que pod\u00e9is venir a preguntarnos, a veces tenemos anuncios\u2026<\/p>\n<p style=\"text-align: justify\">\u2013\u00a0<a href=\"http:\/\/www.appartager.com\/\">www.appartager.com<br \/> <\/a>\u2013\u00a0<a href=\"http:\/\/www.chambrealouer.com\/\">www.chambrealouer.com<br \/> <\/a>\u2013\u00a0<a href=\"http:\/\/www.colocation.fr\/\">www.colocation.fr<br \/> <\/a>\u2013\u00a0<a href=\"http:\/\/www.crij.org\/logement\">www.crij.org<\/a><\/p>\n<h2 style=\"text-align: center\">\u00a0<\/h2>\n<h2 style=\"text-align: center\"><strong><u>Alquileres privados<\/u><\/strong><\/h2>\n<p style=\"text-align: justify\"><strong><u>Para encontrar anuncios de alquileres privados echad un vistazo a los siguientes enlaces:<\/u><\/strong><\/p>\n<p style=\"text-align: justify\"><strong>Particulaires\u00a0:<\/strong><\/p>\n<p style=\"text-align: justify\"><strong><br \/> <\/strong><a href=\"http:\/\/www.leboncoin.fr\/\">www.leboncoin.fr<br \/> <\/a><a href=\"http:\/\/www.publi.fr\/\">www.publi.fr<br \/> <\/a><a href=\"http:\/\/www.pap.fr\/\">www.pap.fr<br \/> <\/a><a href=\"http:\/\/www.ladepeche.fr\/\">www.ladepeche.fr<br \/> <\/a><a href=\"http:\/\/www.entreparticuliers.com\/\">www.entreparticuliers.com<br \/> <\/a><a href=\"https:\/\/housinganywhere.com\/fr\/\">http:\/\/immo.trovit.fr<br \/> https:\/\/housinganywhere.com\/fr\/<br \/> <\/a><\/p>\n<p style=\"text-align: justify\"><strong>Agencias immobiliarias\u00a0:<\/strong><\/p>\n<p style=\"text-align: justify\"><a href=\"http:\/\/www.seloger.com\/\">www.seloger.com<br \/> <\/a><a href=\"http:\/\/www.paruvendu.fr\/\">www.paruvendu.fr<br \/> <\/a><a href=\"http:\/\/www.topannonces.fr\/\">www.topannonces.fr<br \/> <\/a><a href=\"http:\/\/www.foncia.fr\/\">www.foncia.fr<br \/> <\/a><a href=\"http:\/\/www.cnab.net\/\">www.cnab.net<\/a><\/p>\n<h2 style=\"text-align: center\">\u00a0<\/h2>\n<h2 style=\"text-align: center\"><strong><u>Habitaci\u00f3n individual en vivienda pridvada<\/u><\/strong><\/h2>\n<p style=\"text-align: justify\"><strong>En la Regi\u00f3n de Toulouse<br \/> <\/strong>T\u00e9l : +33 (0)5 62 16 13 85 \/ +33 (0)6 8567 66 06<br \/> E-mail :\u00a0<a href=\"mailto:%61%72%74%2E%6F%6B%40%66%72%65%65%2E%66%72\">ar&#x74;&#x2e;&#x6f;k&#64;&#102;&#x72;&#x65;e&#46;&#102;&#x72;<\/a><\/p>\n<p style=\"text-align: justify\"><strong><em>Cohabit\u2019\u00e2ge<\/em><\/strong>\u00a0: ( alojamiento intergeneracional: alojamiento a cambio de peque\u00f1os trabajos)\u00a0<a href=\"http:\/\/www.cohabitage.fr\/\">www.cohabitage.fr<br \/> <\/a>T\u00e9l:+33 (0)9 53 38 80 72<\/p>\n<p style=\"text-align: justify\"><strong><u>Alojamiento de corta duraci\u00f3n<\/u><\/strong><\/p>\n<p style=\"text-align: justify\">No os vais quedar mucho tiempo en Toulouse? \u00bfUn amigo viene de visita? \u00bfNecesit\u00e1is una soluci\u00f3n provisional?<\/p>\n<p style=\"text-align: justify\"><strong>Probad aqu\u00ed\u00a0:<\/strong><\/p>\n<p style=\"text-align: justify\"><strong>R\u00e9sidence de Jolimont<\/strong>\u00a0: (albergue de juventud p\u00e1gina disponible en franc\u00e9s,ingl\u00e9s y espa\u00f1ol\u00a0<a href=\"http:\/\/www.residence-jolimont.com\/\">www.residence-jolimont.com<br \/> <\/a>2 avenue Yves Brunaud \u2013 31500 Toulouse<br \/> T\u00e9l:+33 (0)5 34 30 19 67<\/p>\n<p style=\"text-align: justify\">E-mail :\u00a0<a href=\"mailto:%66%6F%79%65%72%6A%6F%6C%69%6D%6F%6E%74%40%77%61%6E%61%64%6F%6F%2E%66%72\">f&#x6f;&#x79;e&#114;&#x6a;o&#108;&#x69;&#x6d;o&#x6e;&#x74;&#64;&#119;&#x61;n&#97;&#x64;&#x6f;o&#x2e;&#x66;r<\/a><\/p>\n<p style=\"text-align: justify\"><strong>R\u00e9sidence Abitel<\/strong>:\u00a0 Residencia Abitel ( larga o corta duraci\u00f3n)\u00a0<a href=\"http:\/\/www.abitel.com\/\">www.abitel.com<br \/> <\/a>1 rue Tastavin \u2013 31100 Toulouse<br \/> T\u00e9l:+33 (0)5 61 44 05 70<\/p>\n<p style=\"text-align: justify\"><strong>Sin olvidar los siguientes enlaces\u00a0:<\/strong><\/p>\n<p style=\"text-align: justify\"><strong>Booking.com<\/strong>\u00a0:<\/p>\n<p style=\"text-align: justify\">M\u00e1s de 40 hoteles en toulouse con tarifas, comentarios y b\u00fasqueda f\u00e1cil www.booking.com<\/p>\n<h2 style=\"text-align: center\">\u00a0<\/h2>\n<h2 style=\"text-align: center\"><strong><u>Otras residencias<\/u><\/strong><\/h2>\n<p style=\"text-align: justify\"><strong>Peque\u00f1a lista de residencias de estudiantes en Toulouse<\/strong><\/p>\n<p style=\"text-align: justify\"><strong>La r\u00e9sidence La Gravette<\/strong>\u00a0(solo chicas)<br \/> 42 rue de La Gravette \u2013 31300 Toulouse<br \/> T\u00e9l :+33 (0)5 62 13 11 00<\/p>\n<p style=\"text-align: justify\"><strong>Foyer Familial Etudiant<br \/> <\/strong>23 rue Joly \u2013 31400 Toulouse<br \/> T\u00e9l :+33 (0)5 61 14 73 00<\/p>\n<p style=\"text-align: justify\"><strong>Foyer de la Pr\u00e9sentation<br \/> <\/strong>47 rue des 36 Ponts \u2013 31400 Toulouse<br \/> T\u00e9l :+33 (0)5 34 31 70 00<\/p>\n<p style=\"text-align: justify\"><strong>Foyer Saint Michel<br \/> <\/strong>6 rue Furgol \u2013 31000 Toulouse<br \/> T\u00e9l :+33 (0)5 61 52 01 80<\/p>\n<p style=\"text-align: justify\"><strong>Le Foyer Esp\u00e9rance<br \/> <\/strong>20 Grande Rue Nazareth \u2013 31000 Toulouse<br \/> T\u00e9l :+33 (0)5 61 52 41 34<br \/> e-mail :\u00a0<a href=\"mailto:%66%6A%74%65%73%70%65%72%61%6E%63%65%40%6E%75%6D%65%72%69%63%61%62%6C%65%2E%66%72\">&#x66;&#x6a;&#x74;&#101;spe&#x72;&#x61;&#x6e;&#99;e&#64;n&#x75;&#x6d;&#x65;&#114;ica&#x62;&#x6c;&#x65;&#46;fr<\/a><\/p>\n<p style=\"text-align: justify\"><strong>Foyer Saint Thomas<br \/> <\/strong>40 Grande rue Nazareth \u2013 31000 Toulouse<br \/> T\u00e9l :+33 (0)5 61 52 65 45<\/p>\n<p style=\"text-align: justify\"><strong>Ver tambi\u00e9n :<br \/> <\/strong><a href=\"http:\/\/www.unme-asso.com\/\">www.unme-asso.com<\/a>\u00a0<\/p>\n<\/div>\n<\/div><\/div><\/div><\/div><\/div><\/div><\/div><\/div><\/div>","protected":false},"excerpt":{"rendered":"<p>Para alojarte durante tu estancia en Toulouse tienes varias posibilidades, te proponemos peque\u00f1os trucos EIMA para encontrar alojamiento en Toulouse\u2026 Mant\u00e9n la calma y \u00a1buena suerte! No dudes en\u00a0contactarnos\u00a0si necesitas ayuda. Ayudas para el alojamiento Los estudiantes extranjeros se pueden solicitar las A.P.L. (aide personnalis\u00e9e au logement\u00a0) y de prestaciones para el aojamiento de car\u00e1cter&hellip;<\/p>\n","protected":false},"author":292,"featured_media":0,"parent":0,"menu_order":0,"comment_status":"closed","ping_status":"closed","template":"fullwidth.php","meta":{"footnotes":""},"class_list":["post-126","page","type-page","status-publish","hentry"],"_links":{"self":[{"href":"https:\/\/blogs.univ-tlse2.fr\/eima\/es\/wp-json\/wp\/v2\/pages\/126","targetHints":{"allow":["GET"]}}],"collection":[{"href":"https:\/\/blogs.univ-tlse2.fr\/eima\/es\/wp-json\/wp\/v2\/pages"}],"about":[{"href":"https:\/\/blogs.univ-tlse2.fr\/eima\/es\/wp-json\/wp\/v2\/types\/page"}],"author":[{"embeddable":true,"href":"https:\/\/blogs.univ-tlse2.fr\/eima\/es\/wp-json\/wp\/v2\/users\/292"}],"replies":[{"embeddable":true,"href":"https:\/\/blogs.univ-tlse2.fr\/eima\/es\/wp-json\/wp\/v2\/comments?post=126"}],"version-history":[{"count":43,"href":"https:\/\/blogs.univ-tlse2.fr\/eima\/es\/wp-json\/wp\/v2\/pages\/126\/revisions"}],"predecessor-version":[{"id":487,"href":"https:\/\/blogs.univ-tlse2.fr\/eima\/es\/wp-json\/wp\/v2\/pages\/126\/revisions\/487"}],"wp:attachment":[{"href":"https:\/\/blogs.univ-tlse2.fr\/eima\/es\/wp-json\/wp\/v2\/media?parent=126"}],"curies":[{"name":"wp","href":"https:\/\/api.w.org\/{rel}","templated":true}]}}