 {"id":138,"date":"2016-01-02T16:58:11","date_gmt":"2016-01-02T15:58:11","guid":{"rendered":"https:\/\/blogs.univ-tlse2.fr\/eima\/?page_id=138"},"modified":"2016-09-30T21:29:43","modified_gmt":"2016-09-30T19:29:43","slug":"luniversite-et-les-cours","status":"publish","type":"page","link":"https:\/\/blogs.univ-tlse2.fr\/eima\/es\/luniversite-et-les-cours\/","title":{"rendered":"La Universidad y las clases"},"content":{"rendered":"<p><del><\/del><a href=\"https:\/\/blogs.univ-tlse2.fr\/eima\/files\/2016\/01\/bandeau-universite_1378218825005-jpg.jpg\" rel=\"attachment wp-att-331\"><img loading=\"lazy\" decoding=\"async\" class=\"alignleft wp-image-331 size-full\" src=\"https:\/\/blogs.univ-tlse2.fr\/eima\/files\/2016\/01\/bandeau-universite_1378218825005-jpg.jpg\" alt=\"bandeau-universite_1378218825005-jpg\" width=\"668\" height=\"297\" srcset=\"https:\/\/blogs.univ-tlse2.fr\/eima\/files\/2016\/01\/bandeau-universite_1378218825005-jpg.jpg 668w, https:\/\/blogs.univ-tlse2.fr\/eima\/files\/2016\/01\/bandeau-universite_1378218825005-jpg-300x133.jpg 300w\" sizes=\"auto, (max-width: 668px) 100vw, 668px\" \/><\/a>Si est\u00e1s interesado en venir a estudiar a la universidad Jean Jaur\u00e8s podr\u00e1s encontrar m\u00e1s informaci\u00f3n acerca de la Universidad <a href=\"http:\/\/www.univ-tlse2.fr\/accueil\/international\/\">en la p\u00e1gina web del departamento de Relaciones Internacionales.<\/a><\/p>\n<p>Si ya has decidido que quieres venir a Jean Jaur\u00e8s, esta secci\u00f3n te permitir\u00e1 encontrar las primeras informaciones necesarias para organizar tu estancia. Una vez que hayas llegado, tendr\u00e1s que buscar c\u00f3mo acceder al campus, una vez en la universidad, busca d\u00f3nde se encuentra cada edificio. Aqu\u00ed encontrar\u00e1s <a href=\"http:\/\/www.univ-tlse2.fr\/servlet\/com.univ.collaboratif.utils.LectureFichiergw?ID_FICHIER=1317125404317\" target=\"_blank\">el mapa de acceso para orientarte<\/a>.<\/p>\n<p>Si deseas obtener m\u00e1s informaci\u00f3n sobre las clases disponibles en la universidad, la primera cosa que tienes que saber es que la universidad se compone de varias unidades llamadas UFR <em>(Unit\u00e9 de Formation et de Recherche<\/em>) \u2013 Unidad de formaci\u00f3n e investigaci\u00f3n-\u00a0 que se corresponden con las diferentes disciplinas, aqu\u00ed encontrar\u00e9is un <a href=\"http:\/\/www.univ-tlse2.fr\/accueil\/universite\/organisation\/ufr-departements-instituts-ecoles-internes\/\" target=\"_blank\">enlace<\/a> con la lista de todos los UFR y departamentos que las componen. Si haces clic sobre el departamento podr\u00e1s acceder a su p\u00e1gina web correspondiente.<\/p>\n<p>Una vez que el proceso de inscripci\u00f3n est\u00e9 completado un coordinador que te ser\u00e1 asignado. Para contactarle\u00a0 tendr\u00e1s que buscar su nombre en el <a href=\"http:\/\/w3.annuaire.univ-tlse2.fr\/\" target=\"_blank\">anuario<\/a> de la universidad.<\/p>\n<p>Finalmente, no olvides que estamos aqu\u00ed para ayudarte con todos los tr\u00e1mites, as\u00ed que no dudes en venir a EIMA o enviarnos un <a href=\"&#x6d;&#x61;&#x69;&#108;to:&#x65;&#x69;&#x6d;&#x61;&#46;tls&#x65;&#x32;&#x40;&#103;&#109;ail&#x2e;&#x63;&#x6f;&#109;?subject=demande%20d'information\" target=\"_blank\">e-mail<\/a>.<\/p>","protected":false},"excerpt":{"rendered":"<p>Si est\u00e1s interesado en venir a estudiar a la universidad Jean Jaur\u00e8s podr\u00e1s encontrar m\u00e1s informaci\u00f3n acerca de la Universidad en la p\u00e1gina web del departamento de Relaciones Internacionales. Si ya has decidido que quieres venir a Jean Jaur\u00e8s, esta secci\u00f3n te permitir\u00e1 encontrar las primeras informaciones necesarias para organizar tu estancia. Una vez que&hellip;<\/p>\n","protected":false},"author":292,"featured_media":0,"parent":0,"menu_order":0,"comment_status":"closed","ping_status":"closed","template":"fullwidth.php","meta":{"footnotes":""},"class_list":["post-138","page","type-page","status-publish","hentry"],"_links":{"self":[{"href":"https:\/\/blogs.univ-tlse2.fr\/eima\/es\/wp-json\/wp\/v2\/pages\/138","targetHints":{"allow":["GET"]}}],"collection":[{"href":"https:\/\/blogs.univ-tlse2.fr\/eima\/es\/wp-json\/wp\/v2\/pages"}],"about":[{"href":"https:\/\/blogs.univ-tlse2.fr\/eima\/es\/wp-json\/wp\/v2\/types\/page"}],"author":[{"embeddable":true,"href":"https:\/\/blogs.univ-tlse2.fr\/eima\/es\/wp-json\/wp\/v2\/users\/292"}],"replies":[{"embeddable":true,"href":"https:\/\/blogs.univ-tlse2.fr\/eima\/es\/wp-json\/wp\/v2\/comments?post=138"}],"version-history":[{"count":12,"href":"https:\/\/blogs.univ-tlse2.fr\/eima\/es\/wp-json\/wp\/v2\/pages\/138\/revisions"}],"predecessor-version":[{"id":458,"href":"https:\/\/blogs.univ-tlse2.fr\/eima\/es\/wp-json\/wp\/v2\/pages\/138\/revisions\/458"}],"wp:attachment":[{"href":"https:\/\/blogs.univ-tlse2.fr\/eima\/es\/wp-json\/wp\/v2\/media?parent=138"}],"curies":[{"name":"wp","href":"https:\/\/api.w.org\/{rel}","templated":true}]}}