 {"id":140,"date":"2016-01-02T17:01:59","date_gmt":"2016-01-02T16:01:59","guid":{"rendered":"https:\/\/blogs.univ-tlse2.fr\/eima\/?page_id=140"},"modified":"2016-10-01T01:03:52","modified_gmt":"2016-09-30T23:03:52","slug":"transports","status":"publish","type":"page","link":"https:\/\/blogs.univ-tlse2.fr\/eima\/es\/transports\/","title":{"rendered":"Transportes"},"content":{"rendered":"<p>Para venir, irte de Toulouse y desplazarte por aqu\u00ed te dejamos algunas p\u00e1ginas web que te pueden ayudar.<\/p>\n<p>&nbsp;<\/p>\n<h2 style=\"text-align: center\"><span style=\"text-decoration: underline\"><strong>Para venir e irte de Toulouse<\/strong><\/span><\/h2>\n<p>&nbsp;<\/p>\n<p><strong>P\u00e1gina del aeropuerto de Toulouse<\/strong>: donde encontrar\u00e1s todos los destinos posibles desde Toulouse y las compa\u00f1\u00edas a\u00e9reas con sede en el aeropuerto.<\/p>\n<p><a href=\"http:\/\/www.toulouse.aeroport.fr\/\">www.toulouse.aeroport.fr<\/a><\/p>\n<p>Aeropuerto de Carcasona: a tan solo 45 minutos en coche desde Toulouse, este aeropuerto opera con Ryanair y tiene como destino muchas ciudades inglesas.<\/p>\n<p><a href=\"http:\/\/www.aeroport-carcassonne.com\/\">www.aeroport-carcassonne.com<\/a><\/p>\n<p><strong>Skyscanner<\/strong>:<\/p>\n<p>Motor de b\u00fasqueda de vuelos low cost (varias lenguas, monedas, actualizaci\u00f3n constante de ciertas compa\u00f1\u00edas) principalmente europeas pero no solo.<\/p>\n<p><a href=\"http:\/\/www.skyscanner.net\/fr\">www.skyscanner.net\/fr<\/a><\/p>\n<p><strong>La SNCF<\/strong>:<\/p>\n<p>P\u00e1gina de la SNCF(Soci\u00e9t\u00e9 nationale des chemins de fer fran\u00e7ais ) para viajes en tren, en los que podr\u00e9is beneficiaros de descuentos de tren con la tarjeta joven (horarios, compras online, promociones)<\/p>\n<p><a href=\"http:\/\/www.voyages-sncf.com\/\">www.voyages-sncf.com<\/a><\/p>\n<p><strong>Le covoiturage<\/strong>\u00a0: Es uno de los medios de transporte que m\u00e1s permite ahorrar y su uso est\u00e1 muy extendido en Francia.<\/p>\n<p><a href=\"http:\/\/www.covoiturage.fr\/\">www.covoiturage.fr<\/a><\/p>\n<p><a href=\"https:\/\/www.blablacar.fr\">www.blablacar.fr<\/a><a href=\"http:\/\/www.covoiturage.fr\/\"><br \/>\n<\/a><\/p>\n<h2 style=\"text-align: center\"><\/h2>\n<h2 style=\"text-align: center\"><strong><u>Para moverte por toulouse<\/u><\/strong><\/h2>\n<p>&nbsp;<\/p>\n<p><strong>Tiss\u00e9o<\/strong>\u00a0:<\/p>\n<p>Es el servicio de transporte p\u00fablico de la cuidad de Toulouse. Cuenta con tarifas estudiantes <a href=\"http:\/\/www.tisseo.fr\/les-tarifs\/la-gamme?field_tisseo_profil_value=17&amp;field_tisseo_reseau_value=20\">muy interesantes<\/a> (horarios, planos, itinerarios).<\/p>\n<p><a href=\"http:\/\/www.tisseo.fr\/\">www.tisseo.fr<\/a><\/p>\n<p><strong>V\u00e9lo Toulouse<\/strong>\u00a0:<\/p>\n<p>Toulouse tambi\u00e9n se puede visitar en bici, la ciudad pone a disposici\u00f3n de sus habitantes y de los turistas bicicletas de libre acceso. Para saber m\u00e1s visita la p\u00e1gina web.<\/p>\n<p><a href=\"http:\/\/www.velo.toulouse.fr\/\">www.velo.toulouse.fr<\/a><\/p>\n<p>&nbsp;<\/p>\n<p>&nbsp;<\/p>","protected":false},"excerpt":{"rendered":"<p>Para venir, irte de Toulouse y desplazarte por aqu\u00ed te dejamos algunas p\u00e1ginas web que te pueden ayudar. &nbsp; Para venir e irte de Toulouse &nbsp; P\u00e1gina del aeropuerto de Toulouse: donde encontrar\u00e1s todos los destinos posibles desde Toulouse y las compa\u00f1\u00edas a\u00e9reas con sede en el aeropuerto. www.toulouse.aeroport.fr Aeropuerto de Carcasona: a tan solo&hellip;<\/p>\n","protected":false},"author":292,"featured_media":0,"parent":0,"menu_order":0,"comment_status":"closed","ping_status":"closed","template":"fullwidth.php","meta":{"footnotes":""},"class_list":["post-140","page","type-page","status-publish","hentry"],"_links":{"self":[{"href":"https:\/\/blogs.univ-tlse2.fr\/eima\/es\/wp-json\/wp\/v2\/pages\/140","targetHints":{"allow":["GET"]}}],"collection":[{"href":"https:\/\/blogs.univ-tlse2.fr\/eima\/es\/wp-json\/wp\/v2\/pages"}],"about":[{"href":"https:\/\/blogs.univ-tlse2.fr\/eima\/es\/wp-json\/wp\/v2\/types\/page"}],"author":[{"embeddable":true,"href":"https:\/\/blogs.univ-tlse2.fr\/eima\/es\/wp-json\/wp\/v2\/users\/292"}],"replies":[{"embeddable":true,"href":"https:\/\/blogs.univ-tlse2.fr\/eima\/es\/wp-json\/wp\/v2\/comments?post=140"}],"version-history":[{"count":18,"href":"https:\/\/blogs.univ-tlse2.fr\/eima\/es\/wp-json\/wp\/v2\/pages\/140\/revisions"}],"predecessor-version":[{"id":473,"href":"https:\/\/blogs.univ-tlse2.fr\/eima\/es\/wp-json\/wp\/v2\/pages\/140\/revisions\/473"}],"wp:attachment":[{"href":"https:\/\/blogs.univ-tlse2.fr\/eima\/es\/wp-json\/wp\/v2\/media?parent=140"}],"curies":[{"name":"wp","href":"https:\/\/api.w.org\/{rel}","templated":true}]}}