 {"id":144,"date":"2016-01-02T17:28:55","date_gmt":"2016-01-02T16:28:55","guid":{"rendered":"https:\/\/blogs.univ-tlse2.fr\/eima\/?page_id=144"},"modified":"2016-10-01T01:13:59","modified_gmt":"2016-09-30T23:13:59","slug":"toulouse-o-toulouse","status":"publish","type":"page","link":"https:\/\/blogs.univ-tlse2.fr\/eima\/es\/toulouse-o-toulouse\/","title":{"rendered":"Toulouse, \u00d4 Toulouse!"},"content":{"rendered":"<p><strong>\u00a1Porque Erasmus es tambi\u00e9n descubrir una nueva ciudad, estos enlaces te ayudar\u00e1n a\u00a0 preparar esta aventura y aprender m\u00e1s sobre nuestra villa Rosa!<\/strong><\/p>\n<p><a href=\"https:\/\/blogs.univ-tlse2.fr\/eima\/files\/2016\/01\/Plan-Toulouse.jpg\"><img loading=\"lazy\" decoding=\"async\" class=\"wp-image-146 size-thumbnail alignright\" src=\"https:\/\/blogs.univ-tlse2.fr\/eima\/files\/2016\/01\/Plan-Toulouse-150x150.jpg\" alt=\"Plan Toulouse\" width=\"150\" height=\"150\" \/><\/a><\/p>\n<p>&nbsp;<\/p>\n<p>En primer lugar ponemos a tu disposici\u00f3n un plano de la ciudad. De esta forma podr\u00e1s ver c\u00f3mo se organiza la ciudad en torno a los diferentes puntos como la plaza del Capitol (Clic en la imagen para agrandar)<\/p>\n<p>&nbsp;<\/p>\n<p><strong>Aqu\u00ed os dejamos algunos enlaces a las p\u00e1ginas web oficiales de la ciudad de Toulouse:<\/strong><\/p>\n<p><a href=\"http:\/\/www.toulouse.fr\"><img loading=\"lazy\" decoding=\"async\" class=\"alignleft wp-image-149\" src=\"https:\/\/blogs.univ-tlse2.fr\/eima\/files\/2016\/01\/Mairie-de-toulouse-300x156.jpg\" alt=\"Mairie de toulouse\" width=\"161\" height=\"84\" srcset=\"https:\/\/blogs.univ-tlse2.fr\/eima\/files\/2016\/01\/Mairie-de-toulouse-300x156.jpg 300w, https:\/\/blogs.univ-tlse2.fr\/eima\/files\/2016\/01\/Mairie-de-toulouse.jpg 480w\" sizes=\"auto, (max-width: 161px) 100vw, 161px\" \/><\/a><\/p>\n<p>La p\u00e1gina web oficial del ayuntamiento de Toulouse, aqu\u00ed encontraras todas las actualidades, servicios de la ciudad y respuestas a preguntas de la ciudad.<\/p>\n<p><a href=\"http:\/\/www.toulouse-tourisme.com\"><img loading=\"lazy\" decoding=\"async\" class=\"alignright wp-image-152\" src=\"https:\/\/blogs.univ-tlse2.fr\/eima\/files\/2016\/01\/So-toulouse.jpg\" alt=\"So toulouse\" width=\"108\" height=\"100\" \/><\/a><\/p>\n<p>&nbsp;<\/p>\n<p>La p\u00e1gina de la oficina de turismo, donde encontrar\u00e1s la actualidad cultural de la ciudad, museos e informaci\u00f3n pr\u00e1ctica para visitar Toulouse.<\/p>\n<p>&nbsp;<\/p>\n<p><strong>Algunos enlaces de gu\u00edas que te permitir\u00e1n conocer Toulouse e instalarte.<\/strong><\/p>\n<p><a href=\"http:\/\/www.lepetittou.com\"><img loading=\"lazy\" decoding=\"async\" class=\"alignright wp-image-166 size-full\" src=\"https:\/\/blogs.univ-tlse2.fr\/eima\/files\/2016\/01\/petitou.jpg\" alt=\"\" width=\"159\" height=\"102\" \/><\/a><\/p>\n<p><strong>Le Petit Tou <\/strong>es una gu\u00eda tur\u00edstica hecha por estudiantes de Toulouse, es actualizada cada a\u00f1o y te la daremos nada m\u00e1s llegar en formato papel. Te aconsejamos echarle un ojo.<\/p>\n<p>&nbsp;<\/p>\n<p><b>\u00a0<a href=\"http:\/\/www.univ-toulouse.fr\/vie-etudiante\/vie-pratique\/guide-pratique-ariane\"><img loading=\"lazy\" decoding=\"async\" class=\"alignleft wp-image-155\" src=\"https:\/\/blogs.univ-tlse2.fr\/eima\/files\/2016\/01\/ariane.jpg\" alt=\"ariane\" width=\"90\" height=\"130\" \/><\/a><\/b><strong>Le guide pratique Arianne <\/strong>hecha por estudiantes universitarios de Toulouse te guiara por Toulouse en todos los aspectos. Est\u00e1 editada en varios idiomas (ingl\u00e9s, espa\u00f1ol, chino y franc\u00e9s)<b><br \/>\n<\/b><\/p>\n<p>&nbsp;<\/p>\n<p>&nbsp;<\/p>\n<p><strong>Y p\u00e1ginas web con los eventos que tendr\u00e1n lugar en Toulouse y alrededores como conciertos espect\u00e1culos y exposiciones:<\/strong><\/p>\n<p><strong>Toulouseblog<\/strong>: salidas,conciertos, informaci\u00f3n pr\u00e1ctica, \u2026\u00a0<a href=\"http:\/\/www.toulouseblog.fr\/\">http:\/\/www.toulouseblog.fr\/<\/a><\/p>\n<p><strong>Toulouseweb<\/strong>: salidas,conciertos, informaci\u00f3n pr\u00e1ctica \u2026\u00a0<a href=\"http:\/\/www.toulouseweb.com\/\">http:\/\/www.toulouseweb.com\/<\/a><\/p>\n<p><strong>Cityvox Toulouse<\/strong>: La p\u00e1gina <em>cityvox<\/em> de la ciudad de Toulouse (sorties, concerts, infos pratiques) \u2026\u00a0<a href=\"http:\/\/www.fra.cityvox.fr\/guide_toulouse\/AccueilVille\">http:\/\/www.fra.cityvox.fr\/guide_toulouse\/AccueilVille<\/a><\/p>\n<p><strong>Los planes ineludibles de EIMA:<\/strong><\/p>\n<p>-Lista de cosas que hacer antes de ir a Toulouse: <a href=\"http:\/\/w3.eima.univ-tlse2.fr\/EIMA\/Toulouse,_o_Toulouse_!!_files\/Liste%20des%20choses%20a%CC%80%20faire%20a%CC%80%20Toulouse.pdf\">Lista de cosas que hacer en Toulouse<\/a><\/p>\n<p>&#8211;<a href=\"https:\/\/mapsengine.google.com\/map\/edit?mid=z2WjR3LjGKac.kwBrgvvyUWQ8\">Mapa interactivo<\/a>,\u00a0que reagrupa todas las buenas direcciones de bares discotecas y salas de conciertos.<\/p>","protected":false},"excerpt":{"rendered":"<p>\u00a1Porque Erasmus es tambi\u00e9n descubrir una nueva ciudad, estos enlaces te ayudar\u00e1n a\u00a0 preparar esta aventura y aprender m\u00e1s sobre nuestra villa Rosa! &nbsp; En primer lugar ponemos a tu disposici\u00f3n un plano de la ciudad. De esta forma podr\u00e1s ver c\u00f3mo se organiza la ciudad en torno a los diferentes puntos como la plaza&hellip;<\/p>\n","protected":false},"author":292,"featured_media":0,"parent":0,"menu_order":0,"comment_status":"closed","ping_status":"closed","template":"fullwidth.php","meta":{"footnotes":""},"class_list":["post-144","page","type-page","status-publish","hentry"],"_links":{"self":[{"href":"https:\/\/blogs.univ-tlse2.fr\/eima\/es\/wp-json\/wp\/v2\/pages\/144","targetHints":{"allow":["GET"]}}],"collection":[{"href":"https:\/\/blogs.univ-tlse2.fr\/eima\/es\/wp-json\/wp\/v2\/pages"}],"about":[{"href":"https:\/\/blogs.univ-tlse2.fr\/eima\/es\/wp-json\/wp\/v2\/types\/page"}],"author":[{"embeddable":true,"href":"https:\/\/blogs.univ-tlse2.fr\/eima\/es\/wp-json\/wp\/v2\/users\/292"}],"replies":[{"embeddable":true,"href":"https:\/\/blogs.univ-tlse2.fr\/eima\/es\/wp-json\/wp\/v2\/comments?post=144"}],"version-history":[{"count":30,"href":"https:\/\/blogs.univ-tlse2.fr\/eima\/es\/wp-json\/wp\/v2\/pages\/144\/revisions"}],"predecessor-version":[{"id":554,"href":"https:\/\/blogs.univ-tlse2.fr\/eima\/es\/wp-json\/wp\/v2\/pages\/144\/revisions\/554"}],"wp:attachment":[{"href":"https:\/\/blogs.univ-tlse2.fr\/eima\/es\/wp-json\/wp\/v2\/media?parent=144"}],"curies":[{"name":"wp","href":"https:\/\/api.w.org\/{rel}","templated":true}]}}