 {"id":26,"date":"2015-11-19T17:34:19","date_gmt":"2015-11-19T16:34:19","guid":{"rendered":"https:\/\/blogs.univ-tlse2.fr\/eima\/?page_id=26"},"modified":"2016-10-01T00:40:03","modified_gmt":"2016-09-30T22:40:03","slug":"que-fait-eima","status":"publish","type":"page","link":"https:\/\/blogs.univ-tlse2.fr\/eima\/es\/que-fait-eima\/","title":{"rendered":"\u00bfQu\u00e9 hace EIMA?"},"content":{"rendered":"<p><\/p>\n<div id=\"texte\">\n<p style=\"text-align: justify\">Adem\u00e1s de las <strong>permanencias diarias\u00a0<\/strong>(10h30 &#8211; 16h), la asociaci\u00f3n EIMA propone numerosos servicios y organizamos muchas actividades.<\/p>\n<p style=\"text-align: justify\">La asociaci\u00f3n organiza todo tipo de actividades y eventos que tienen como fin <strong>pasarlo bien<\/strong>, <strong>relajarse<\/strong> y <strong>conocer gente nueva<\/strong>.<\/p>\n<p style=\"text-align: justify\">Todos los eventos son accesibles para los miembros de la asociaci\u00f3n pues la mayor parte son <strong>gratuitos<\/strong>.<\/p>\n<p style=\"text-align: justify\">Para saber si la asociaci\u00f3n organiza alg\u00fan evento que sea de tu inter\u00e9s mira lo que hacemos y si es as\u00ed estamos disponibles para cualquier duda o sugerencia que se te ocurra. Ante todo \u00a1Esta es tu asociaci\u00f3n!<\/p>\n<figure id=\"attachment_69\" aria-describedby=\"caption-attachment-69\" style=\"width: 150px\" class=\"wp-caption alignleft\"><a href=\"https:\/\/blogs.univ-tlse2.fr\/eima\/besoin-daide\/\"><img loading=\"lazy\" decoding=\"async\" class=\"wp-image-69 size-thumbnail\" src=\"https:\/\/blogs.univ-tlse2.fr\/eima\/files\/2015\/11\/5-150x150.jpg\" alt=\"\" width=\"150\" height=\"150\" \/><\/a><figcaption id=\"caption-attachment-69\" class=\"wp-caption-text\">\u00bfAyuda?<\/figcaption><\/figure>\n<figure id=\"attachment_102\" aria-describedby=\"caption-attachment-102\" style=\"width: 150px\" class=\"wp-caption alignleft\"><a href=\"https:\/\/blogs.univ-tlse2.fr\/eima\/parrainage\/\"><img loading=\"lazy\" decoding=\"async\" class=\"wp-image-102 size-thumbnail\" src=\"https:\/\/blogs.univ-tlse2.fr\/eima\/files\/2015\/12\/Parrainage2-150x150.jpg\" alt=\"\" width=\"150\" height=\"150\" \/><\/a><figcaption id=\"caption-attachment-102\" class=\"wp-caption-text\">Apadrinamiento<\/figcaption><\/figure>\n<figure id=\"attachment_67\" aria-describedby=\"caption-attachment-67\" style=\"width: 150px\" class=\"wp-caption alignleft\"><a href=\"https:\/\/blogs.univ-tlse2.fr\/eima\/les-sorties-nocturnes\/\"><img loading=\"lazy\" decoding=\"async\" class=\"wp-image-67 size-thumbnail\" src=\"https:\/\/blogs.univ-tlse2.fr\/eima\/files\/2015\/11\/2-150x150.jpg\" alt=\"Salidas nocturnas\" width=\"150\" height=\"150\" \/><\/a><figcaption id=\"caption-attachment-67\" class=\"wp-caption-text\">Salidas nocturnas<\/figcaption><\/figure>\n<figure id=\"attachment_71\" aria-describedby=\"caption-attachment-71\" style=\"width: 150px\" class=\"wp-caption alignleft\"><a href=\"https:\/\/blogs.univ-tlse2.fr\/eima\/les-sorties-culturelles\/\"><img loading=\"lazy\" decoding=\"async\" class=\"wp-image-71 size-thumbnail\" src=\"https:\/\/blogs.univ-tlse2.fr\/eima\/files\/2015\/11\/7-150x150.jpg\" alt=\"Salidas culturales\" width=\"150\" height=\"150\" \/><\/a><figcaption id=\"caption-attachment-71\" class=\"wp-caption-text\">Salidas culturales<\/figcaption><\/figure>\n<\/div>\n<p><\/p>","protected":false},"excerpt":{"rendered":"<p>Adem\u00e1s de las permanencias diarias\u00a0(10h30 &#8211; 16h), la asociaci\u00f3n EIMA propone numerosos servicios y organizamos muchas actividades. La asociaci\u00f3n organiza todo tipo de actividades y eventos que tienen como fin pasarlo bien, relajarse y conocer gente nueva. Todos los eventos son accesibles para los miembros de la asociaci\u00f3n pues la mayor parte son gratuitos. Para&hellip;<\/p>\n","protected":false},"author":292,"featured_media":0,"parent":0,"menu_order":0,"comment_status":"closed","ping_status":"closed","template":"fullwidth.php","meta":{"footnotes":""},"class_list":["post-26","page","type-page","status-publish","hentry"],"_links":{"self":[{"href":"https:\/\/blogs.univ-tlse2.fr\/eima\/es\/wp-json\/wp\/v2\/pages\/26","targetHints":{"allow":["GET"]}}],"collection":[{"href":"https:\/\/blogs.univ-tlse2.fr\/eima\/es\/wp-json\/wp\/v2\/pages"}],"about":[{"href":"https:\/\/blogs.univ-tlse2.fr\/eima\/es\/wp-json\/wp\/v2\/types\/page"}],"author":[{"embeddable":true,"href":"https:\/\/blogs.univ-tlse2.fr\/eima\/es\/wp-json\/wp\/v2\/users\/292"}],"replies":[{"embeddable":true,"href":"https:\/\/blogs.univ-tlse2.fr\/eima\/es\/wp-json\/wp\/v2\/comments?post=26"}],"version-history":[{"count":19,"href":"https:\/\/blogs.univ-tlse2.fr\/eima\/es\/wp-json\/wp\/v2\/pages\/26\/revisions"}],"predecessor-version":[{"id":469,"href":"https:\/\/blogs.univ-tlse2.fr\/eima\/es\/wp-json\/wp\/v2\/pages\/26\/revisions\/469"}],"wp:attachment":[{"href":"https:\/\/blogs.univ-tlse2.fr\/eima\/es\/wp-json\/wp\/v2\/media?parent=26"}],"curies":[{"name":"wp","href":"https:\/\/api.w.org\/{rel}","templated":true}]}}