 {"id":30,"date":"2015-11-19T17:34:59","date_gmt":"2015-11-19T16:34:59","guid":{"rendered":"https:\/\/blogs.univ-tlse2.fr\/eima\/?page_id=30"},"modified":"2020-02-03T16:48:41","modified_gmt":"2020-02-03T15:48:41","slug":"parrainage","status":"publish","type":"page","link":"https:\/\/blogs.univ-tlse2.fr\/eima\/es\/parrainage\/","title":{"rendered":"Apadrinamiento"},"content":{"rendered":"<div id=\"pl-30\"  class=\"panel-layout\" ><div id=\"pg-30-0\"  class=\"panel-grid panel-no-style\" ><div id=\"pgc-30-0-0\"  class=\"panel-grid-cell\" ><div id=\"panel-30-0-0-0\" class=\"so-panel widget widget_siteorigin-panels-builder panel-first-child panel-last-child\" data-index=\"0\" ><div id=\"pl-w5e3840d9cd708\"  class=\"panel-layout\" ><div id=\"pg-w5e3840d9cd708-0\"  class=\"panel-grid panel-no-style\" ><div id=\"pgc-w5e3840d9cd708-0-0\"  class=\"panel-grid-cell\" ><div id=\"panel-w5e3840d9cd708-0-0-0\" class=\"so-panel widget widget_sow-image panel-first-child panel-last-child\" data-index=\"0\" ><div\n\t\t\t\n\t\t\tclass=\"so-widget-sow-image so-widget-sow-image-default-8b5b6f678277\"\n\t\t\t\n\t\t>\n<div class=\"sow-image-container\">\n\t\t<img \n\tsrc=\"https:\/\/blogs.univ-tlse2.fr\/eima\/files\/2015\/11\/shapeimage_2.png\" width=\"288\" height=\"250\" sizes=\"(max-width: 288px) 100vw, 288px\" title=\"Membres parrainage\" alt=\"Pr\u00e9paration de l&#039;activit\u00e9 parrainage\" \t\tclass=\"so-widget-image\"\/>\n\t<\/div>\n\n<\/div><\/div><\/div><div id=\"pgc-w5e3840d9cd708-0-1\"  class=\"panel-grid-cell\" ><div id=\"panel-w5e3840d9cd708-0-1-0\" class=\"so-panel widget widget_sow-editor panel-first-child panel-last-child\" data-index=\"1\" ><div\n\t\t\t\n\t\t\tclass=\"so-widget-sow-editor so-widget-sow-editor-base\"\n\t\t\t\n\t\t>\n<div class=\"siteorigin-widget-tinymce textwidget\">\n\t<\/p>\n<h3><strong>\u00bfEres nuevo? \u00bfAcabas de llegar? \u00a1No te quedes solo!<\/strong><\/h3>\n<p>\u00bfLo sab\u00edais?<br \/>Cada a\u00f1o se forman m\u00e1s de 200 t\u00e1ndems internacionales<br \/>\u00a1 Atentos !<br \/>El programa de apadrinamiento internacional no es un t\u00e1ndem ling\u00fc\u00edstico los estudiantes extranjeros no est\u00e1n aqu\u00ed solo para aprender franc\u00e9s, sino tambi\u00e9n para impregnarse de nuestra cultura\u2026\u00a0<\/p><\/p>\n<\/div>\n<\/div><\/div><\/div><\/div><div id=\"pg-w5e3840d9cd708-1\"  class=\"panel-grid panel-no-style\" ><div id=\"pgc-w5e3840d9cd708-1-0\"  class=\"panel-grid-cell\" ><div id=\"panel-w5e3840d9cd708-1-0-0\" class=\"so-panel widget widget_sow-editor panel-first-child panel-last-child\" data-index=\"2\" ><div\n\t\t\t\n\t\t\tclass=\"so-widget-sow-editor so-widget-sow-editor-base\"\n\t\t\t\n\t\t>\n<div class=\"siteorigin-widget-tinymce textwidget\">\n\t<\/p>\n<h3>\u00a0<\/h3>\n<h3 style=\"text-align: center\">El programa de apadrinamiento es una de las actividades principales de nuestra asociaci\u00f3n<\/h3>\n<p>Si t\u00fa tambi\u00e9n tienes ganas de compartir tus experiencias, tus pasiones y practicar un idioma extranjero, con otro estudiante de manera relajada lo que necesitas es ser apadrinado o ser padrino de alg\u00fan estudiante. La idea del apadrinamiento es muy simple: consiste en poner en contacto a dos estudiantes que tengan\u00a0<strong>los mismos intereses y aficiones<\/strong>.<\/p>\n<p>\u00a0<\/p>\n<h3 style=\"text-align: center\"><strong>\u00bf<\/strong>Qu\u00e9 es el apadrinamiento?<\/h3>\n<p>El apadrinamiento Internacional es la ocasi\u00f3n perfecta para que los estudiantes se integren f\u00e1cil y r\u00e1pidamente en la universidad y en Toulouse.<\/p>\n<p class=\"paragraph_style_2\">Para los estudiantes de Toulouse es la ocasi\u00f3n perfecta para conocer estudiantes extranjeros y ayudarles, intercambiar, compartir y abrirse al mundo aportando su granito de arena.\u00a0<\/p>\n<h3 class=\"paragraph_style_2\" style=\"text-align: center\">\n<\/div>\n<\/div><\/div><\/div><\/div><div id=\"pg-w5e3840d9cd708-2\"  class=\"panel-grid panel-no-style\" ><div id=\"pgc-w5e3840d9cd708-2-0\"  class=\"panel-grid-cell\" ><div id=\"panel-w5e3840d9cd708-2-0-0\" class=\"so-panel widget widget_sow-image panel-first-child panel-last-child\" data-index=\"3\" ><div\n\t\t\t\n\t\t\tclass=\"so-widget-sow-image so-widget-sow-image-default-8b5b6f678277\"\n\t\t\t\n\t\t>\n<div class=\"sow-image-container\">\n\t\t<img \n\tsrc=\"https:\/\/blogs.univ-tlse2.fr\/eima\/files\/2015\/12\/Parrainage2.jpg\" width=\"1224\" height=\"699\" srcset=\"https:\/\/blogs.univ-tlse2.fr\/eima\/files\/2015\/12\/Parrainage2.jpg 1224w, https:\/\/blogs.univ-tlse2.fr\/eima\/files\/2015\/12\/Parrainage2-300x171.jpg 300w, https:\/\/blogs.univ-tlse2.fr\/eima\/files\/2015\/12\/Parrainage2-1024x585.jpg 1024w\" sizes=\"(max-width: 1224px) 100vw, 1224px\" title=\"Parrainage\" alt=\"Exemple d&#039;activit\u00e9s de parrainage\" \t\tclass=\"so-widget-image\"\/>\n\t<\/div>\n\n<\/div><\/div><\/div><\/div><div id=\"pg-w5e3840d9cd708-3\"  class=\"panel-grid panel-no-style\" ><div id=\"pgc-w5e3840d9cd708-3-0\"  class=\"panel-grid-cell\" ><div id=\"panel-w5e3840d9cd708-3-0-0\" class=\"so-panel widget widget_sow-editor panel-first-child panel-last-child\" data-index=\"4\" ><div\n\t\t\t\n\t\t\tclass=\"so-widget-sow-editor so-widget-sow-editor-base\"\n\t\t\t\n\t\t>\n<div class=\"siteorigin-widget-tinymce textwidget\">\n\t<\/p>\n<h3 style=\"text-align: center\"><strong>\u00bfPor d\u00f3nde empezar el\u00a0apadrinamiento internacional?<\/strong><\/h3>\n<p>En primer lugar el estudiante (ya sea de Toulouse o extranjero) debe rellenar un formulario -disponible abajo de esta p\u00e1gina-. A continuaci\u00f3n el equipo de EIMA se encarga de unir las parejas en funci\u00f3n de vuestro formulario. Y por fin os pondremos en contacto con otro estudiante para que os organic\u00e9is vosotros mismos.<\/p>\n<h3 style=\"text-align: center\"><strong>\u00bfY despu\u00e9s?<\/strong><\/h3>\n<h5>\u00bfC\u00f3mo puedo organizar mi apadrinamiento?<\/h5>\n<p>Pod\u00e9is quedar en la universidad entre clase y clase, presentaros a vuestros respectivos grupos de amigos, ir a tomar un caf\u00e9, visitar un museo o ir a un partido de rugby. A fin de cuentas, ense\u00f1arle la vida cultural de Toulouse. Pod\u00e9is organizar el apadrinamiento como quer\u00e1is en funci\u00f3n de vuestras aficiones en com\u00fan. Se trata de encontrar la forma que m\u00e1s os convenga de llevar a cabo el apadrinamiento<\/p>\n<h5>\u00bfY si no hablo su lengua?<\/h5>\n<p>No importa, la mayor\u00eda de las veces los estudiantes quieren practicar el franc\u00e9s, pero vosotros decid\u00eds en qu\u00e9 lengua hablar. El inter\u00e9s de este programa, m\u00e1s que ling\u00fc\u00edstico es el\u00a0<strong>intercambio cultural<\/strong>. De cualquier forma, si quer\u00e9is apadrinar a un estudiante de una determinada nacionalidad, haremos lo posible para que as\u00ed sea, pero no ser\u00e1 siempre posible.<\/p>\n<h5>\u00bfCu\u00e1ndo quedamos?<\/h5>\n<p>Una vez por semana, un vez al mes o incluso una vez al d\u00eda. Sois libres de decidir y organizaros como m\u00e1s os convenga.\u00a0Pero tened\u00a0 en cuenta\u00a0 que la forma en la que el apadrinamiento se desarrolla ha de ser el resultado del mutuo consenso.\u00a0Recordad tambi\u00e9n que el equipo de EIMA est\u00e1 aqu\u00ed para ayudaros.<\/p>\n<h3><\/h3>\n<h3 style=\"text-align: center\"><strong>\u00bf<\/strong>Qu\u00e9 pasa si no funciona?<\/h3>\n<p>A veces el resultado el apadrinamiento no es el esperado, \u00a1Es uno de los riesgos del programa!<\/p>\n<p>Si veis que algo no cuadra, que la cosa no funciona, pod\u00e9is poneros en\u00a0<a href=\"&#x6d;&#x61;&#x69;&#108;to:&#x65;&#x69;&#x6d;&#97;&#46;tl&#x73;&#x65;&#x32;&#64;gma&#x69;&#x6c;&#x2e;&#99;om?subject=objet%20du%20courrier\">contacto<\/a>\u00a0con nosotros, y juntos encontraremos una soluci\u00f3n. Hay estudiantes que cambian de padrino en mitad del a\u00f1o\u2026<\/p>\n<h3 style=\"text-align: center\"><\/h3>\n<h3 style=\"text-align: center\"><strong>\u00bf<\/strong>Todav\u00eda interesado\/a?<\/h3>\n<p>Rellena el formulario que encontrar\u00e1s haciendo clic en los enlaces de aqu\u00ed abajo. Nos pondremos en contacto con vosotros posteriormente para poneros en contacto con un estudiante.<\/p>\n<p><a href=\"https:\/\/docs.google.com\/forms\/d\/1X05yOtYKv34J-F4KWlMurEJwUgKA9ahfIeNJw4hYKHE\/edit\">Formulario de padrinaje para el padrino\/madrina franc\u00e9s(a)<\/a><\/p>\n<p class=\"paragraph_style_7\"><a href=\"https:\/\/docs.google.com\/forms\/d\/1ehoNCDnzvi8bvonxrj0KLF4nCkkbH20-ufR-7wbjjyo\/edit?usp=drive_web\">Formulario para el\/la estudiante extranjero\/a apadrinamiento<\/a><\/p><\/p>\n<\/div>\n<\/div><\/div><\/div><\/div><\/div><\/div><\/div><\/div><\/div>","protected":false},"excerpt":{"rendered":"<p>\u00bfEres nuevo? \u00bfAcabas de llegar? \u00a1No te quedes solo! \u00bfLo sab\u00edais?Cada a\u00f1o se forman m\u00e1s de 200 t\u00e1ndems internacionales\u00a1 Atentos !El programa de apadrinamiento internacional no es un t\u00e1ndem ling\u00fc\u00edstico los estudiantes extranjeros no est\u00e1n aqu\u00ed solo para aprender franc\u00e9s, sino tambi\u00e9n para impregnarse de nuestra cultura\u2026\u00a0 \u00a0 El programa de apadrinamiento es una de&hellip;<\/p>\n","protected":false},"author":292,"featured_media":0,"parent":0,"menu_order":0,"comment_status":"closed","ping_status":"closed","template":"fullwidth.php","meta":{"footnotes":""},"class_list":["post-30","page","type-page","status-publish","hentry"],"_links":{"self":[{"href":"https:\/\/blogs.univ-tlse2.fr\/eima\/es\/wp-json\/wp\/v2\/pages\/30","targetHints":{"allow":["GET"]}}],"collection":[{"href":"https:\/\/blogs.univ-tlse2.fr\/eima\/es\/wp-json\/wp\/v2\/pages"}],"about":[{"href":"https:\/\/blogs.univ-tlse2.fr\/eima\/es\/wp-json\/wp\/v2\/types\/page"}],"author":[{"embeddable":true,"href":"https:\/\/blogs.univ-tlse2.fr\/eima\/es\/wp-json\/wp\/v2\/users\/292"}],"replies":[{"embeddable":true,"href":"https:\/\/blogs.univ-tlse2.fr\/eima\/es\/wp-json\/wp\/v2\/comments?post=30"}],"version-history":[{"count":35,"href":"https:\/\/blogs.univ-tlse2.fr\/eima\/es\/wp-json\/wp\/v2\/pages\/30\/revisions"}],"predecessor-version":[{"id":547,"href":"https:\/\/blogs.univ-tlse2.fr\/eima\/es\/wp-json\/wp\/v2\/pages\/30\/revisions\/547"}],"wp:attachment":[{"href":"https:\/\/blogs.univ-tlse2.fr\/eima\/es\/wp-json\/wp\/v2\/media?parent=30"}],"curies":[{"name":"wp","href":"https:\/\/api.w.org\/{rel}","templated":true}]}}