 {"id":316,"date":"2016-01-24T17:37:50","date_gmt":"2016-01-24T16:37:50","guid":{"rendered":"https:\/\/blogs.univ-tlse2.fr\/eima\/?page_id=316"},"modified":"2016-10-03T15:10:42","modified_gmt":"2016-10-03T13:10:42","slug":"eima-cest-quoi-2","status":"publish","type":"page","link":"https:\/\/blogs.univ-tlse2.fr\/eima\/es\/eima-cest-quoi-2\/","title":{"rendered":"\u00bfQu\u00e9 es EIMA?"},"content":{"rendered":"<div id=\"pl-316\"  class=\"panel-layout\" ><div id=\"pg-316-0\"  class=\"panel-grid panel-no-style\" ><div id=\"pgc-316-0-0\"  class=\"panel-grid-cell\" ><div id=\"panel-316-0-0-0\" class=\"so-panel widget widget_siteorigin-panels-builder panel-first-child panel-last-child\" data-index=\"0\" ><div id=\"pl-w57f258d24c9a0\"  class=\"panel-layout\" ><div id=\"pg-w57f258d24c9a0-0\"  class=\"panel-grid panel-no-style\" ><div id=\"pgc-w57f258d24c9a0-0-0\"  class=\"panel-grid-cell\" ><div id=\"panel-w57f258d24c9a0-0-0-0\" class=\"so-panel widget widget_sow-image panel-first-child panel-last-child\" data-index=\"0\" ><div\n\t\t\t\n\t\t\tclass=\"so-widget-sow-image so-widget-sow-image-default-8b5b6f678277\"\n\t\t\t\n\t\t>\n<div class=\"sow-image-container\">\n\t\t<img \n\tsrc=\"https:\/\/blogs.univ-tlse2.fr\/eima\/files\/2015\/11\/21.png\" width=\"327\" height=\"295\" srcset=\"https:\/\/blogs.univ-tlse2.fr\/eima\/files\/2015\/11\/21.png 327w, https:\/\/blogs.univ-tlse2.fr\/eima\/files\/2015\/11\/21-300x271.png 300w\" sizes=\"(max-width: 327px) 100vw, 327px\" title=\"Logo EIMA\" alt=\"Logo de l&#039;association inclin\u00e9\" \t\tclass=\"so-widget-image\"\/>\n\t<\/div>\n\n<\/div><\/div><\/div><div id=\"pgc-w57f258d24c9a0-0-1\"  class=\"panel-grid-cell\" ><div id=\"panel-w57f258d24c9a0-0-1-0\" class=\"so-panel widget widget_sow-editor panel-first-child panel-last-child\" data-index=\"1\" ><div\n\t\t\t\n\t\t\tclass=\"so-widget-sow-editor so-widget-sow-editor-base\"\n\t\t\t\n\t\t>\n<div class=\"siteorigin-widget-tinymce textwidget\">\n\t<p><strong>E.I.M.A.<\/strong>\u00a0<em>Erasmus International Mirail Association<\/em>\u00a0es la asociaci\u00f3n que se ocupa de recibir, ayudar e integrar a los estudiantes extranjeros (Sean o no ERASMUS) en el campus de la universidad Jean Jaur\u00e8s. Fue creada en 2006 por iniciativa de un grupo de estudiantes con el apoyo del departamento de Relaciones Internacionales de la universidad. Desde entonces es gestionada por estudiantes\u00a0<strong>voluntarios<\/strong>, en muchos casos ex erasmus.<\/p>\n<p>Dispone de un\u00a0<strong>bureau<\/strong>\u00a0(AR 105) en el primer piso del edificio de\u00a0<em>l\u2019Arche<\/em>\u00a0donde los miembros voluntarios est\u00e1n disponibles a diario de 10h30 a 16h.<\/p>\n<p>El\u00a0<strong>bureau<\/strong>\u00a0es ante todo un lugar convival donde numerosos estudiantes se conocen, y tienen la posibilidad de beber un t\u00e9 o un caf\u00e9 mientras conversan. Disponemos de una acogedora sala y ponemos a vuestra disposici\u00f3n un\u00a0<strong>microondas, canap\u00e9s, una nevera<\/strong>\u00a0etc. Charlamos de todo y de nada, con m\u00fasica de fondo y ambiente relajado.\u00a0<\/p><\/p>\n<\/div>\n<\/div><\/div><\/div><\/div><div id=\"pg-w57f258d24c9a0-1\"  class=\"panel-grid panel-no-style\" ><div id=\"pgc-w57f258d24c9a0-1-0\"  class=\"panel-grid-cell\" ><div id=\"panel-w57f258d24c9a0-1-0-0\" class=\"so-panel widget widget_sow-editor panel-first-child panel-last-child\" data-index=\"2\" ><div\n\t\t\t\n\t\t\tclass=\"so-widget-sow-editor so-widget-sow-editor-base\"\n\t\t\t\n\t\t>\n<div class=\"siteorigin-widget-tinymce textwidget\">\n\t<\/p>\n<p>\u00a1Pero eso no es todo!<\/p>\n<p>La sala est\u00e1 equipado con\u00a0<strong>ordenadores<\/strong>\u00a0para que los estudiantes extranjeros puedan ir gratuitamente sobre\u00a0<strong>internet<\/strong>. Es tambi\u00e9n un lugar\u00a0de\u00a0<strong>informaci\u00f3n:<\/strong>\u00a0encontrar\u00e9is all\u00ed una pizarra que se actualiza cada d\u00eda con todas las pr\u00f3ximas actividades organizadas en Toulouse, folletos con actividades deportivas, festivales, eventos y tambi\u00e9n planos y mapas a vuestra disposici\u00f3n.<\/p>\n<p>Los voluntarios de EIMA est\u00e1n tambi\u00e9n disponibles para responder a todas vuestras preguntas.<\/p><\/p>\n<\/div>\n<\/div><\/div><\/div><\/div><div id=\"pg-w57f258d24c9a0-2\"  class=\"panel-grid panel-no-style\" ><div id=\"pgc-w57f258d24c9a0-2-0\"  class=\"panel-grid-cell panel-grid-cell-empty\" ><\/div><div id=\"pgc-w57f258d24c9a0-2-1\"  class=\"panel-grid-cell panel-grid-cell-mobile-last\" ><div id=\"panel-w57f258d24c9a0-2-1-0\" class=\"so-panel widget widget_sow-image panel-first-child panel-last-child\" data-index=\"3\" ><div\n\t\t\t\n\t\t\tclass=\"so-widget-sow-image so-widget-sow-image-default-8b5b6f678277\"\n\t\t\t\n\t\t>\n<div class=\"sow-image-container\">\n\t\t<img \n\tsrc=\"https:\/\/blogs.univ-tlse2.fr\/eima\/files\/2015\/11\/22.jpg\" width=\"225\" height=\"374\" srcset=\"https:\/\/blogs.univ-tlse2.fr\/eima\/files\/2015\/11\/22.jpg 225w, https:\/\/blogs.univ-tlse2.fr\/eima\/files\/2015\/11\/22-180x300.jpg 180w\" sizes=\"(max-width: 225px) 100vw, 225px\" title=\"Seb au bureau\" alt=\"Photos du bureau avec un membre EIMA\" \t\tclass=\"so-widget-image\"\/>\n\t<\/div>\n\n<\/div><\/div><\/div><div id=\"pgc-w57f258d24c9a0-2-2\"  class=\"panel-grid-cell panel-grid-cell-empty\" ><\/div><\/div><\/div><\/div><\/div><\/div><\/div>","protected":false},"excerpt":{"rendered":"<p>E.I.M.A.\u00a0Erasmus International Mirail Association\u00a0es la asociaci\u00f3n que se ocupa de recibir, ayudar e integrar a los estudiantes extranjeros (Sean o no ERASMUS) en el campus de la universidad Jean Jaur\u00e8s. Fue creada en 2006 por iniciativa de un grupo de estudiantes con el apoyo del departamento de Relaciones Internacionales de la universidad. Desde entonces es&hellip;<\/p>\n","protected":false},"author":292,"featured_media":0,"parent":0,"menu_order":0,"comment_status":"closed","ping_status":"closed","template":"fullwidth.php","meta":{"footnotes":""},"class_list":["post-316","page","type-page","status-publish","hentry"],"_links":{"self":[{"href":"https:\/\/blogs.univ-tlse2.fr\/eima\/es\/wp-json\/wp\/v2\/pages\/316","targetHints":{"allow":["GET"]}}],"collection":[{"href":"https:\/\/blogs.univ-tlse2.fr\/eima\/es\/wp-json\/wp\/v2\/pages"}],"about":[{"href":"https:\/\/blogs.univ-tlse2.fr\/eima\/es\/wp-json\/wp\/v2\/types\/page"}],"author":[{"embeddable":true,"href":"https:\/\/blogs.univ-tlse2.fr\/eima\/es\/wp-json\/wp\/v2\/users\/292"}],"replies":[{"embeddable":true,"href":"https:\/\/blogs.univ-tlse2.fr\/eima\/es\/wp-json\/wp\/v2\/comments?post=316"}],"version-history":[{"count":12,"href":"https:\/\/blogs.univ-tlse2.fr\/eima\/es\/wp-json\/wp\/v2\/pages\/316\/revisions"}],"predecessor-version":[{"id":476,"href":"https:\/\/blogs.univ-tlse2.fr\/eima\/es\/wp-json\/wp\/v2\/pages\/316\/revisions\/476"}],"wp:attachment":[{"href":"https:\/\/blogs.univ-tlse2.fr\/eima\/es\/wp-json\/wp\/v2\/media?parent=316"}],"curies":[{"name":"wp","href":"https:\/\/api.w.org\/{rel}","templated":true}]}}