 {"id":32,"date":"2015-11-19T17:35:21","date_gmt":"2015-11-19T16:35:21","guid":{"rendered":"https:\/\/blogs.univ-tlse2.fr\/eima\/?page_id=32"},"modified":"2016-10-03T15:12:00","modified_gmt":"2016-10-03T13:12:00","slug":"nous-contacter","status":"publish","type":"page","link":"https:\/\/blogs.univ-tlse2.fr\/eima\/es\/nous-contacter\/","title":{"rendered":"Contactarnos"},"content":{"rendered":"<p><\/p>\n<p style=\"text-align: justify\">EIMA est\u00e1 en constante b\u00fasqueda de ben\u00e9volos para formar parte de\u00a0la asociaci\u00f3n, si estas interesado, no dudes en contactarnos. \u00a1<strong><span style=\"color: #003300\">\u00a0<\/span><\/strong>Te esperamos !<\/p>\n<p style=\"text-align: justify\">Pod\u00e9is encontrarnos de lunes a viernes en el campus de la universidad Jean Jaur\u00e8s en la sala AR 105 (Primera planta de <em>l\u2019Arche<\/em>) <strong>entre las 10:30 y las 16:00.<\/strong><\/p>\n<p style=\"text-align: justify\">Para cualquier otra duda relacionada con la asociaci\u00f3n EIMA, sobre la universidad Jean Jaur\u00e8s o la cuidad de Toulouse no dudes en contactarnos :<\/p>\n<p><a href=\"m&#x61;i&#108;&#x74;o&#58;&#x65;i&#x6d;&#x61;&#46;&#x74;l&#115;&#x65;2&#64;&#x67;m&#x61;&#x69;l&#x2e;&#x63;o&#x6d;?subject=objet%20du%20courrier\"><img loading=\"lazy\" decoding=\"async\" class=\"alignleft wp-image-174 \" src=\"https:\/\/blogs.univ-tlse2.fr\/eima\/files\/2015\/11\/gmail-150x150.png\" alt=\"gmail\" width=\"157\" height=\"157\" srcset=\"https:\/\/blogs.univ-tlse2.fr\/eima\/files\/2015\/11\/gmail-150x150.png 150w, https:\/\/blogs.univ-tlse2.fr\/eima\/files\/2015\/11\/gmail.png 300w\" sizes=\"auto, (max-width: 157px) 100vw, 157px\" \/><\/a><\/p>\n<p><a href=\"https:\/\/www.facebook.com\/profile.php?id=100009255386048&amp;fref=ts\"><img loading=\"lazy\" decoding=\"async\" class=\"alignnone wp-image-173 \" src=\"https:\/\/blogs.univ-tlse2.fr\/eima\/files\/2015\/11\/facebook-150x150.png\" alt=\"facebook\" width=\"128\" height=\"128\" srcset=\"https:\/\/blogs.univ-tlse2.fr\/eima\/files\/2015\/11\/facebook-150x150.png 150w, https:\/\/blogs.univ-tlse2.fr\/eima\/files\/2015\/11\/facebook-300x300.png 300w, https:\/\/blogs.univ-tlse2.fr\/eima\/files\/2015\/11\/facebook.png 325w\" sizes=\"auto, (max-width: 128px) 100vw, 128px\" \/><\/a>\u00a0\u00a0<a href=\"https:\/\/twitter.com\/eima_tlse2\"><img loading=\"lazy\" decoding=\"async\" class=\"alignnone wp-image-175 \" src=\"https:\/\/blogs.univ-tlse2.fr\/eima\/files\/2015\/11\/twitter-150x150.png\" alt=\"twitter\" width=\"141\" height=\"141\" srcset=\"https:\/\/blogs.univ-tlse2.fr\/eima\/files\/2015\/11\/twitter-150x150.png 150w, https:\/\/blogs.univ-tlse2.fr\/eima\/files\/2015\/11\/twitter.png 300w\" sizes=\"auto, (max-width: 141px) 100vw, 141px\" \/><\/a><\/p>","protected":false},"excerpt":{"rendered":"<p>EIMA est\u00e1 en constante b\u00fasqueda de ben\u00e9volos para formar parte de\u00a0la asociaci\u00f3n, si estas interesado, no dudes en contactarnos. \u00a1\u00a0Te esperamos ! Pod\u00e9is encontrarnos de lunes a viernes en el campus de la universidad Jean Jaur\u00e8s en la sala AR 105 (Primera planta de l\u2019Arche) entre las 10:30 y las 16:00. Para cualquier otra duda&hellip;<\/p>\n","protected":false},"author":292,"featured_media":0,"parent":0,"menu_order":0,"comment_status":"closed","ping_status":"closed","template":"fullwidth.php","meta":{"footnotes":""},"class_list":["post-32","page","type-page","status-publish","hentry"],"_links":{"self":[{"href":"https:\/\/blogs.univ-tlse2.fr\/eima\/es\/wp-json\/wp\/v2\/pages\/32","targetHints":{"allow":["GET"]}}],"collection":[{"href":"https:\/\/blogs.univ-tlse2.fr\/eima\/es\/wp-json\/wp\/v2\/pages"}],"about":[{"href":"https:\/\/blogs.univ-tlse2.fr\/eima\/es\/wp-json\/wp\/v2\/types\/page"}],"author":[{"embeddable":true,"href":"https:\/\/blogs.univ-tlse2.fr\/eima\/es\/wp-json\/wp\/v2\/users\/292"}],"replies":[{"embeddable":true,"href":"https:\/\/blogs.univ-tlse2.fr\/eima\/es\/wp-json\/wp\/v2\/comments?post=32"}],"version-history":[{"count":19,"href":"https:\/\/blogs.univ-tlse2.fr\/eima\/es\/wp-json\/wp\/v2\/pages\/32\/revisions"}],"predecessor-version":[{"id":477,"href":"https:\/\/blogs.univ-tlse2.fr\/eima\/es\/wp-json\/wp\/v2\/pages\/32\/revisions\/477"}],"wp:attachment":[{"href":"https:\/\/blogs.univ-tlse2.fr\/eima\/es\/wp-json\/wp\/v2\/media?parent=32"}],"curies":[{"name":"wp","href":"https:\/\/api.w.org\/{rel}","templated":true}]}}