 {"id":564,"date":"2021-11-23T13:00:24","date_gmt":"2021-11-23T12:00:24","guid":{"rendered":"https:\/\/blogs.univ-tlse2.fr\/eima\/?page_id=564"},"modified":"2021-11-23T13:06:12","modified_gmt":"2021-11-23T12:06:12","slug":"eima-cest-quoi","status":"publish","type":"page","link":"https:\/\/blogs.univ-tlse2.fr\/eima\/es\/","title":{"rendered":"\u00bfQu\u00e9 es EIMA?"},"content":{"rendered":"<p><\/p>\n\n\n\n<div id=\"pg-w57f258d24c9a0-0\" class=\"panel-grid panel-no-style\">\n<div id=\"pgc-w57f258d24c9a0-0-1\" class=\"panel-grid-cell\">\n<div id=\"panel-w57f258d24c9a0-0-1-0\" class=\"so-panel widget widget_sow-editor panel-first-child panel-last-child\" data-index=\"1\">\n<div class=\"so-widget-sow-editor so-widget-sow-editor-base\">\n<div class=\"siteorigin-widget-tinymce textwidget\">\n<p><strong>E.I.M.A.<\/strong>&nbsp;<em>Erasmus International Mirail Association<\/em>&nbsp;es la asociaci\u00f3n que se ocupa de recibir, ayudar e integrar a los estudiantes extranjeros (Sean o no ERASMUS) en el campus de la universidad Jean Jaur\u00e8s. Fue creada en 2006 por iniciativa de un grupo de estudiantes con el apoyo del departamento de Relaciones Internacionales de la universidad. Desde entonces es gestionada por estudiantes&nbsp;<strong>voluntarios<\/strong>, en muchos casos ex erasmus.<\/p>\n<p>Dispone de un&nbsp;<strong>bureau<\/strong> (AR 101) en el primer piso del edificio de <em>l\u2019Arche<\/em>&nbsp;donde los miembros voluntarios est\u00e1n disponibles a diario de 10h30 a 16h.<\/p>\n<p>El&nbsp;<strong>bureau<\/strong>&nbsp;es ante todo un lugar convival donde numerosos estudiantes se conocen, y tienen la posibilidad de beber un t\u00e9 o un caf\u00e9 mientras conversan. Disponemos de una acogedora sala y ponemos a vuestra disposici\u00f3n un&nbsp;<strong>microondas, canap\u00e9s, una nevera<\/strong>&nbsp;etc. Charlamos de todo y de nada, con m\u00fasica de fondo y ambiente relajado.<\/p>\n<p>&nbsp;<\/p>\n<\/div>\n<\/div>\n<\/div>\n<\/div>\n<\/div>\n\n\n\n<div id=\"pg-w57f258d24c9a0-1\" class=\"panel-grid panel-no-style\">\n<div id=\"pgc-w57f258d24c9a0-1-0\" class=\"panel-grid-cell\">\n<div id=\"panel-w57f258d24c9a0-1-0-0\" class=\"so-panel widget widget_sow-editor panel-first-child panel-last-child\" data-index=\"2\">\n<div class=\"so-widget-sow-editor so-widget-sow-editor-base\">\n<div class=\"siteorigin-widget-tinymce textwidget\">\n<figure><a href=\"https:\/\/blogs.univ-tlse2.fr\/eima\/files\/2021\/11\/LogoSansTitre.png\"><img loading=\"lazy\" decoding=\"async\" class=\"size-full wp-image-551 aligncenter\" src=\"https:\/\/blogs.univ-tlse2.fr\/eima\/files\/2021\/11\/LogoSansTitre.png\" alt=\"Logo EIMA\" width=\"500\" height=\"500\" srcset=\"https:\/\/blogs.univ-tlse2.fr\/eima\/files\/2021\/11\/LogoSansTitre.png 500w, https:\/\/blogs.univ-tlse2.fr\/eima\/files\/2021\/11\/LogoSansTitre-300x300.png 300w, https:\/\/blogs.univ-tlse2.fr\/eima\/files\/2021\/11\/LogoSansTitre-150x150.png 150w\" sizes=\"auto, (max-width: 500px) 100vw, 500px\" \/><\/a><\/figure><p><\/p>\n<p>\u00a1Pero eso no es todo!<\/p>\n<p>La sala est\u00e1 equipado con&nbsp;<strong>ordenadores<\/strong>&nbsp;para que los estudiantes extranjeros puedan ir gratuitamente sobre&nbsp;<strong>internet<\/strong>. Es tambi\u00e9n un lugar&nbsp;de&nbsp;<strong>informaci\u00f3n:<\/strong>&nbsp;encontrar\u00e9is all\u00ed una pizarra que se actualiza cada d\u00eda con todas las pr\u00f3ximas actividades organizadas en Toulouse, folletos con actividades deportivas, festivales, eventos y tambi\u00e9n planos y mapas a vuestra disposici\u00f3n.<\/p>\n<p>Los voluntarios de EIMA est\u00e1n tambi\u00e9n disponibles para responder a todas vuestras preguntas.<\/p>\n<\/div>\n<\/div>\n<\/div>\n<\/div>\n<\/div>\n\n\n\n<p><\/p>","protected":false},"excerpt":{"rendered":"<p>E.I.M.A.&nbsp;Erasmus International Mirail Association&nbsp;es la asociaci\u00f3n que se ocupa de recibir, ayudar e integrar a los estudiantes extranjeros (Sean o no ERASMUS) en el campus de la universidad Jean Jaur\u00e8s. Fue creada en 2006 por iniciativa de un grupo de estudiantes con el apoyo del departamento de Relaciones Internacionales de la universidad. Desde entonces es&hellip;<\/p>\n","protected":false},"author":292,"featured_media":0,"parent":0,"menu_order":0,"comment_status":"closed","ping_status":"closed","template":"","meta":{"footnotes":""},"class_list":["post-564","page","type-page","status-publish","hentry"],"_links":{"self":[{"href":"https:\/\/blogs.univ-tlse2.fr\/eima\/es\/wp-json\/wp\/v2\/pages\/564","targetHints":{"allow":["GET"]}}],"collection":[{"href":"https:\/\/blogs.univ-tlse2.fr\/eima\/es\/wp-json\/wp\/v2\/pages"}],"about":[{"href":"https:\/\/blogs.univ-tlse2.fr\/eima\/es\/wp-json\/wp\/v2\/types\/page"}],"author":[{"embeddable":true,"href":"https:\/\/blogs.univ-tlse2.fr\/eima\/es\/wp-json\/wp\/v2\/users\/292"}],"replies":[{"embeddable":true,"href":"https:\/\/blogs.univ-tlse2.fr\/eima\/es\/wp-json\/wp\/v2\/comments?post=564"}],"version-history":[{"count":8,"href":"https:\/\/blogs.univ-tlse2.fr\/eima\/es\/wp-json\/wp\/v2\/pages\/564\/revisions"}],"predecessor-version":[{"id":581,"href":"https:\/\/blogs.univ-tlse2.fr\/eima\/es\/wp-json\/wp\/v2\/pages\/564\/revisions\/581"}],"wp:attachment":[{"href":"https:\/\/blogs.univ-tlse2.fr\/eima\/es\/wp-json\/wp\/v2\/media?parent=564"}],"curies":[{"name":"wp","href":"https:\/\/api.w.org\/{rel}","templated":true}]}}