 {"id":73,"date":"2015-11-21T02:36:36","date_gmt":"2015-11-21T01:36:36","guid":{"rendered":"https:\/\/blogs.univ-tlse2.fr\/eima\/?page_id=73"},"modified":"2016-09-30T21:15:08","modified_gmt":"2016-09-30T19:15:08","slug":"besoin-daide","status":"publish","type":"page","link":"https:\/\/blogs.univ-tlse2.fr\/eima\/es\/besoin-daide\/","title":{"rendered":"\u00bfAyuda?"},"content":{"rendered":"<div id=\"pl-73\"  class=\"panel-layout\" ><div id=\"pg-73-0\"  class=\"panel-grid panel-no-style\" ><div id=\"pgc-73-0-0\"  class=\"panel-grid-cell\" ><div id=\"panel-73-0-0-0\" class=\"so-panel widget widget_sow-editor panel-first-child panel-last-child\" data-index=\"0\" ><div\n\t\t\t\n\t\t\tclass=\"so-widget-sow-editor so-widget-sow-editor-base\"\n\t\t\t\n\t\t><h3 class=\"widget-title\">Apoyo administrativo<\/h3>\n<div class=\"siteorigin-widget-tinymce textwidget\">\n\t<h2><span style=\"text-decoration: underline\"><img loading=\"lazy\" decoding=\"async\" class=\"alignnone wp-image-181 size-full\" src=\"https:\/\/blogs.univ-tlse2.fr\/eima\/files\/2015\/11\/papier.jpg\" alt=\"papier\" width=\"237\" height=\"300\" \/><\/span><\/h2>\n<\/div>\n<\/div><\/div><\/div><div id=\"pgc-73-0-1\"  class=\"panel-grid-cell\" ><div id=\"panel-73-0-1-0\" class=\"so-panel widget widget_sow-editor panel-first-child panel-last-child\" data-index=\"1\" ><div\n\t\t\t\n\t\t\tclass=\"so-widget-sow-editor so-widget-sow-editor-base\"\n\t\t\t\n\t\t>\n<div class=\"siteorigin-widget-tinymce textwidget\">\n\t<\/p>\n<p>A principios de a\u00f1o, EIMA ayuda a cada estudiante extranjero a hacer su inscripci\u00f3n universitaria:<\/p>\n<p>Los dosieres de inscripci\u00f3n son rellenados y rele\u00eddos con los estudiantes, respondemos a sus preguntas sobre la elecci\u00f3n de las asignaturas, formularios de solicitud y problemas que puedan surgir con el banco, con los diferentes seguros, con el alquiler\u2026<\/p>\n<p>No siempre es f\u00e1cil, por lo que los estudiantes suelen consideran indispensable esta ayuda administrativa.<\/p>\n<p>A lo largo del a\u00f1o, los estudiantes pueden contar con nuestra ayuda en todo tipo de \u00e1reas: revisi\u00f3n de deberes, problemas con el idioma, otras ayudas administrativas (visado, prestaciones, becas etc.) billetes de avi\u00f3n o de tren, consejos e itinerarios de viaje\u2026<\/p>\n<p>Hacemos lo posible para ayudar a los estudiantes en sus tr\u00e1mites y procedimientos de la vida cotidiana, sea cual sea su necesidad.<\/p>\n<p>Si quieres informarte sobre los tr\u00e1mites administrativos, las clases, las inscripciones, puedes consultar nuestra p\u00e1gina web sobre\u00a0<a href=\"https:\/\/blogs.univ-tlse2.fr\/eima\/luniversite-et-les-cours\/\">la Universidad Jean Jaur\u00e8s y las clases<\/a>.<\/p>\n<\/p>\n<hr \/>\n<p>\u00a0<\/p>\n<\/div>\n<\/div><\/div><\/div><\/div><div id=\"pg-73-1\"  class=\"panel-grid panel-no-style\" ><div id=\"pgc-73-1-0\"  class=\"panel-grid-cell\" ><div id=\"panel-73-1-0-0\" class=\"so-panel widget widget_sow-editor panel-first-child panel-last-child\" data-index=\"2\" ><div\n\t\t\t\n\t\t\tclass=\"so-widget-sow-editor so-widget-sow-editor-base\"\n\t\t\t\n\t\t><h3 class=\"widget-title\">IKEIMA<\/h3>\n<div class=\"siteorigin-widget-tinymce textwidget\">\n\t<p><img loading=\"lazy\" decoding=\"async\" class=\"wp-image-182 size-full\" src=\"https:\/\/blogs.univ-tlse2.fr\/eima\/files\/2015\/11\/vaisselle.jpg\" alt=\"\" width=\"255\" height=\"186\" \/><\/p>\n<\/div>\n<\/div><\/div><\/div><div id=\"pgc-73-1-1\"  class=\"panel-grid-cell\" ><div id=\"panel-73-1-1-0\" class=\"so-panel widget widget_sow-editor panel-first-child panel-last-child\" data-index=\"3\" ><div\n\t\t\t\n\t\t\tclass=\"so-widget-sow-editor so-widget-sow-editor-base\"\n\t\t\t\n\t\t>\n<div class=\"siteorigin-widget-tinymce textwidget\">\n\t<p>Adem\u00e1s de la ayuda administrativa, EIMA propone un programa de donaci\u00f3n de objetos para ayudarte a amueblar tu habitaci\u00f3n y\/o tu apartamento.<\/p>\n<p>Al final del semestre, recuperamos el material que los estudiantes extranjeros no pueden llevarse a sus respectivos pa\u00edses (cacerolas, edredones, mantas, objetos de mantenimiento, placas el\u00e9ctricas) y las distribuimos entre los reci\u00e9n llegados. Este programa permite a los estudiantes extranjeros de equiparse r\u00e1pidamente y\u00a0<strong>gratuitamente<\/strong>\u00a0desde su llegada.\u00a0Venid a EIMA para m\u00e1s informaci\u00f3n !<\/p>\n<\/p>\n<hr \/>\n<p>\u00a0<\/p>\n<\/div>\n<\/div><\/div><\/div><\/div><div id=\"pg-73-2\"  class=\"panel-grid panel-no-style\" ><div id=\"pgc-73-2-0\"  class=\"panel-grid-cell\" ><div id=\"panel-73-2-0-0\" class=\"so-panel widget widget_sow-editor panel-first-child panel-last-child\" data-index=\"4\" ><div\n\t\t\t\n\t\t\tclass=\"so-widget-sow-editor so-widget-sow-editor-base\"\n\t\t\t\n\t\t><h3 class=\"widget-title\">Ayuda a la integraci\u00f3n<\/h3>\n<div class=\"siteorigin-widget-tinymce textwidget\">\n\t<\/div>\n<\/div><\/div><\/div><div id=\"pgc-73-2-1\"  class=\"panel-grid-cell\" ><div id=\"panel-73-2-1-0\" class=\"so-panel widget widget_sow-editor panel-first-child panel-last-child\" data-index=\"5\" ><div\n\t\t\t\n\t\t\tclass=\"so-widget-sow-editor so-widget-sow-editor-base\"\n\t\t\t\n\t\t>\n<div class=\"siteorigin-widget-tinymce textwidget\">\n\t<p>Una gran parte de la ayuda que prestamos a los estudiantes va dedicada a la integraci\u00f3n en la universidad y en la cuidad de Toulouse.\u00a0Las actividades y excursiones organizadas por EIMA as\u00ed como nuestro programa de padrinaje fomentan la integraci\u00f3n en gran medida.<\/p>\n<\/p>\n<hr \/>\n<p>\u00a0<\/p>\n<\/div>\n<\/div><\/div><\/div><\/div><\/div>","protected":false},"excerpt":{"rendered":"<p>A principios de a\u00f1o, EIMA ayuda a cada estudiante extranjero a hacer su inscripci\u00f3n universitaria:Los dosieres de inscripci\u00f3n son rellenados y rele\u00eddos con los estudiantes, respondemos a sus preguntas sobre la elecci\u00f3n de las asignaturas, formularios de solicitud y problemas que puedan surgir con el banco, con los diferentes seguros, con el alquiler\u2026No siempre es&hellip;<\/p>\n","protected":false},"author":292,"featured_media":0,"parent":0,"menu_order":0,"comment_status":"closed","ping_status":"closed","template":"fullwidth.php","meta":{"footnotes":""},"class_list":["post-73","page","type-page","status-publish","hentry"],"_links":{"self":[{"href":"https:\/\/blogs.univ-tlse2.fr\/eima\/es\/wp-json\/wp\/v2\/pages\/73","targetHints":{"allow":["GET"]}}],"collection":[{"href":"https:\/\/blogs.univ-tlse2.fr\/eima\/es\/wp-json\/wp\/v2\/pages"}],"about":[{"href":"https:\/\/blogs.univ-tlse2.fr\/eima\/es\/wp-json\/wp\/v2\/types\/page"}],"author":[{"embeddable":true,"href":"https:\/\/blogs.univ-tlse2.fr\/eima\/es\/wp-json\/wp\/v2\/users\/292"}],"replies":[{"embeddable":true,"href":"https:\/\/blogs.univ-tlse2.fr\/eima\/es\/wp-json\/wp\/v2\/comments?post=73"}],"version-history":[{"count":27,"href":"https:\/\/blogs.univ-tlse2.fr\/eima\/es\/wp-json\/wp\/v2\/pages\/73\/revisions"}],"predecessor-version":[{"id":455,"href":"https:\/\/blogs.univ-tlse2.fr\/eima\/es\/wp-json\/wp\/v2\/pages\/73\/revisions\/455"}],"wp:attachment":[{"href":"https:\/\/blogs.univ-tlse2.fr\/eima\/es\/wp-json\/wp\/v2\/media?parent=73"}],"curies":[{"name":"wp","href":"https:\/\/api.w.org\/{rel}","templated":true}]}}