 {"id":81,"date":"2015-11-22T16:53:00","date_gmt":"2015-11-22T15:53:00","guid":{"rendered":"https:\/\/blogs.univ-tlse2.fr\/eima\/?page_id=81"},"modified":"2016-09-30T21:32:45","modified_gmt":"2016-09-30T19:32:45","slug":"les-aventures-du-bracelet-2","status":"publish","type":"page","link":"https:\/\/blogs.univ-tlse2.fr\/eima\/es\/les-aventures-du-bracelet-2\/","title":{"rendered":"Las aventuras de la pulsera EIMA"},"content":{"rendered":"<p>Desde hace poco tiempo una nueva tendencia ha aparecido en el c\u00edrculo de EIMA: Hacer una foto, de la ya famosa peque\u00f1a pulsera blanca y negra en los rincones m\u00e1s conocidos o ins\u00f3litos del planeta.<\/p>\n<p>Para saber m\u00e1s, b\u00fascanos en la <a href=\"https:\/\/www.facebook.com\/groups\/115759811797051\/\" target=\"_blank\">p\u00e1gina de Facebook de la pulsera<\/a>.<\/p>\n<p><a href=\"https:\/\/blogs.univ-tlse2.fr\/eima\/files\/2015\/11\/12193847_904067599628663_7852275875367621661_n.jpg\" rel=\"attachment wp-att-222\"><img loading=\"lazy\" decoding=\"async\" class=\"size-full wp-image-222 aligncenter\" src=\"https:\/\/blogs.univ-tlse2.fr\/eima\/files\/2015\/11\/12193847_904067599628663_7852275875367621661_n.jpg\" alt=\"12193847_904067599628663_7852275875367621661_n\" width=\"960\" height=\"540\" srcset=\"https:\/\/blogs.univ-tlse2.fr\/eima\/files\/2015\/11\/12193847_904067599628663_7852275875367621661_n.jpg 960w, https:\/\/blogs.univ-tlse2.fr\/eima\/files\/2015\/11\/12193847_904067599628663_7852275875367621661_n-300x169.jpg 300w\" sizes=\"auto, (max-width: 960px) 100vw, 960px\" \/><\/a><\/p>\n<p><a href=\"https:\/\/blogs.univ-tlse2.fr\/eima\/files\/2015\/11\/11061655_10153761366600827_4637368174339993482_n.jpg\" rel=\"attachment wp-att-221\"><img loading=\"lazy\" decoding=\"async\" class=\"size-full wp-image-221 aligncenter\" src=\"https:\/\/blogs.univ-tlse2.fr\/eima\/files\/2015\/11\/11061655_10153761366600827_4637368174339993482_n.jpg\" alt=\"11061655_10153761366600827_4637368174339993482_n\" width=\"960\" height=\"720\" srcset=\"https:\/\/blogs.univ-tlse2.fr\/eima\/files\/2015\/11\/11061655_10153761366600827_4637368174339993482_n.jpg 960w, https:\/\/blogs.univ-tlse2.fr\/eima\/files\/2015\/11\/11061655_10153761366600827_4637368174339993482_n-300x225.jpg 300w\" sizes=\"auto, (max-width: 960px) 100vw, 960px\" \/><\/a><\/p>\n<p><a href=\"https:\/\/blogs.univ-tlse2.fr\/eima\/files\/2015\/11\/1622140_606461809486213_1939891566752921866_n.jpg\" rel=\"attachment wp-att-219\"><img loading=\"lazy\" decoding=\"async\" class=\"size-full wp-image-219 aligncenter\" src=\"https:\/\/blogs.univ-tlse2.fr\/eima\/files\/2015\/11\/1622140_606461809486213_1939891566752921866_n.jpg\" alt=\"1622140_606461809486213_1939891566752921866_n\" width=\"960\" height=\"497\" srcset=\"https:\/\/blogs.univ-tlse2.fr\/eima\/files\/2015\/11\/1622140_606461809486213_1939891566752921866_n.jpg 960w, https:\/\/blogs.univ-tlse2.fr\/eima\/files\/2015\/11\/1622140_606461809486213_1939891566752921866_n-300x155.jpg 300w\" sizes=\"auto, (max-width: 960px) 100vw, 960px\" \/><\/a><\/p>\n<p><a href=\"https:\/\/blogs.univ-tlse2.fr\/eima\/files\/2015\/11\/562308_10150650957573697_1605243932_n.jpg\" rel=\"attachment wp-att-218\"><img loading=\"lazy\" decoding=\"async\" class=\"size-full wp-image-218 aligncenter\" src=\"https:\/\/blogs.univ-tlse2.fr\/eima\/files\/2015\/11\/562308_10150650957573697_1605243932_n.jpg\" alt=\"562308_10150650957573697_1605243932_n\" width=\"960\" height=\"541\" srcset=\"https:\/\/blogs.univ-tlse2.fr\/eima\/files\/2015\/11\/562308_10150650957573697_1605243932_n.jpg 960w, https:\/\/blogs.univ-tlse2.fr\/eima\/files\/2015\/11\/562308_10150650957573697_1605243932_n-300x169.jpg 300w\" sizes=\"auto, (max-width: 960px) 100vw, 960px\" \/><\/a><\/p>\n<p><a href=\"https:\/\/blogs.univ-tlse2.fr\/eima\/files\/2015\/11\/267495_10150257449863697_7003758_n.jpg\" rel=\"attachment wp-att-215\"><img loading=\"lazy\" decoding=\"async\" class=\"size-full wp-image-215 aligncenter\" src=\"https:\/\/blogs.univ-tlse2.fr\/eima\/files\/2015\/11\/267495_10150257449863697_7003758_n.jpg\" alt=\"267495_10150257449863697_7003758_n\" width=\"720\" height=\"540\" srcset=\"https:\/\/blogs.univ-tlse2.fr\/eima\/files\/2015\/11\/267495_10150257449863697_7003758_n.jpg 720w, https:\/\/blogs.univ-tlse2.fr\/eima\/files\/2015\/11\/267495_10150257449863697_7003758_n-300x225.jpg 300w\" sizes=\"auto, (max-width: 720px) 100vw, 720px\" \/><\/a><\/p>\n<p><a href=\"https:\/\/blogs.univ-tlse2.fr\/eima\/files\/2015\/11\/180042_10150378191645034_3157275_n.jpg\" rel=\"attachment wp-att-214\"><img loading=\"lazy\" decoding=\"async\" class=\"size-full wp-image-214 aligncenter\" src=\"https:\/\/blogs.univ-tlse2.fr\/eima\/files\/2015\/11\/180042_10150378191645034_3157275_n.jpg\" alt=\"180042_10150378191645034_3157275_n\" width=\"720\" height=\"540\" srcset=\"https:\/\/blogs.univ-tlse2.fr\/eima\/files\/2015\/11\/180042_10150378191645034_3157275_n.jpg 720w, https:\/\/blogs.univ-tlse2.fr\/eima\/files\/2015\/11\/180042_10150378191645034_3157275_n-300x225.jpg 300w\" sizes=\"auto, (max-width: 720px) 100vw, 720px\" \/><\/a><\/p>\n<p><a href=\"https:\/\/blogs.univ-tlse2.fr\/eima\/files\/2015\/11\/37993_10150225300845034_7282331_n.jpg\" rel=\"attachment wp-att-213\"><img loading=\"lazy\" decoding=\"async\" class=\"size-full wp-image-213 aligncenter\" src=\"https:\/\/blogs.univ-tlse2.fr\/eima\/files\/2015\/11\/37993_10150225300845034_7282331_n.jpg\" alt=\"37993_10150225300845034_7282331_n\" width=\"720\" height=\"540\" srcset=\"https:\/\/blogs.univ-tlse2.fr\/eima\/files\/2015\/11\/37993_10150225300845034_7282331_n.jpg 720w, https:\/\/blogs.univ-tlse2.fr\/eima\/files\/2015\/11\/37993_10150225300845034_7282331_n-300x225.jpg 300w\" sizes=\"auto, (max-width: 720px) 100vw, 720px\" \/><\/a><\/p>\n<p><a href=\"https:\/\/blogs.univ-tlse2.fr\/eima\/files\/2015\/11\/10945029_10153404938556487_1424109480609990870_n.jpg\" rel=\"attachment wp-att-220\"><img loading=\"lazy\" decoding=\"async\" class=\"size-full wp-image-220 aligncenter\" src=\"https:\/\/blogs.univ-tlse2.fr\/eima\/files\/2015\/11\/10945029_10153404938556487_1424109480609990870_n.jpg\" alt=\"10945029_10153404938556487_1424109480609990870_n\" width=\"704\" height=\"960\" srcset=\"https:\/\/blogs.univ-tlse2.fr\/eima\/files\/2015\/11\/10945029_10153404938556487_1424109480609990870_n.jpg 704w, https:\/\/blogs.univ-tlse2.fr\/eima\/files\/2015\/11\/10945029_10153404938556487_1424109480609990870_n-220x300.jpg 220w\" sizes=\"auto, (max-width: 704px) 100vw, 704px\" \/><\/a><\/p>\n<p>&nbsp;<\/p>","protected":false},"excerpt":{"rendered":"<p>Desde hace poco tiempo una nueva tendencia ha aparecido en el c\u00edrculo de EIMA: Hacer una foto, de la ya famosa peque\u00f1a pulsera blanca y negra en los rincones m\u00e1s conocidos o ins\u00f3litos del planeta. Para saber m\u00e1s, b\u00fascanos en la p\u00e1gina de Facebook de la pulsera. &nbsp;<\/p>\n","protected":false},"author":292,"featured_media":0,"parent":0,"menu_order":0,"comment_status":"closed","ping_status":"closed","template":"fullwidth.php","meta":{"footnotes":""},"class_list":["post-81","page","type-page","status-publish","hentry"],"_links":{"self":[{"href":"https:\/\/blogs.univ-tlse2.fr\/eima\/es\/wp-json\/wp\/v2\/pages\/81","targetHints":{"allow":["GET"]}}],"collection":[{"href":"https:\/\/blogs.univ-tlse2.fr\/eima\/es\/wp-json\/wp\/v2\/pages"}],"about":[{"href":"https:\/\/blogs.univ-tlse2.fr\/eima\/es\/wp-json\/wp\/v2\/types\/page"}],"author":[{"embeddable":true,"href":"https:\/\/blogs.univ-tlse2.fr\/eima\/es\/wp-json\/wp\/v2\/users\/292"}],"replies":[{"embeddable":true,"href":"https:\/\/blogs.univ-tlse2.fr\/eima\/es\/wp-json\/wp\/v2\/comments?post=81"}],"version-history":[{"count":17,"href":"https:\/\/blogs.univ-tlse2.fr\/eima\/es\/wp-json\/wp\/v2\/pages\/81\/revisions"}],"predecessor-version":[{"id":459,"href":"https:\/\/blogs.univ-tlse2.fr\/eima\/es\/wp-json\/wp\/v2\/pages\/81\/revisions\/459"}],"wp:attachment":[{"href":"https:\/\/blogs.univ-tlse2.fr\/eima\/es\/wp-json\/wp\/v2\/media?parent=81"}],"curies":[{"name":"wp","href":"https:\/\/api.w.org\/{rel}","templated":true}]}}