 {"id":126,"date":"2016-01-02T16:53:39","date_gmt":"2016-01-02T15:53:39","guid":{"rendered":"https:\/\/blogs.univ-tlse2.fr\/eima\/?page_id=126"},"modified":"2017-11-07T16:54:31","modified_gmt":"2017-11-07T15:54:31","slug":"logements","status":"publish","type":"page","link":"https:\/\/blogs.univ-tlse2.fr\/eima\/logements\/","title":{"rendered":"Logements"},"content":{"rendered":"<div id=\"pl-126\"  class=\"panel-layout\" ><div id=\"pg-126-0\"  class=\"panel-grid panel-no-style\" ><div id=\"pgc-126-0-0\"  class=\"panel-grid-cell\" ><div id=\"panel-126-0-0-0\" class=\"so-panel widget widget_siteorigin-panels-builder panel-first-child panel-last-child\" data-index=\"0\" ><div id=\"pl-w5a01d736b6764\"  class=\"panel-layout\" ><div id=\"pg-w5a01d736b6764-0\"  class=\"panel-grid panel-no-style\" ><div id=\"pgc-w5a01d736b6764-0-0\"  class=\"panel-grid-cell\" ><div id=\"panel-w5a01d736b6764-0-0-0\" class=\"so-panel widget widget_sow-editor panel-first-child panel-last-child\" data-index=\"0\" ><div\n\t\t\t\n\t\t\tclass=\"so-widget-sow-editor so-widget-sow-editor-base\"\n\t\t\t\n\t\t>\n<div class=\"siteorigin-widget-tinymce textwidget\">\n\t<p style=\"text-align: justify\"><b>Pour te loger durant ton s\u00e9jour sur Toulouse plusieurs possibilit\u00e9s s\u2019offrent \u00e0 toi, nous te donnons ici les petits trucs E.I.M.A pour trouver un logement sur Toulouse ... Reste zen et bonne chance ! N\u2019h\u00e9site pas \u00e0 nous\u00a0<\/b><a href=\"m&#x61;&#x69;l&#116;&#x6f;:&#101;&#x69;&#x6d;a&#x2e;&#x74;l&#115;&#x65;2&#64;&#x67;&#x6d;a&#x69;&#x6c;&#46;&#99;&#x6f;m?subject=objet%20du%20courrier\"><b>contacter<\/b><\/a><b>\u00a0si tu as besoin d\u2019aide !<\/b><\/p>\n<h2 style=\"text-align: center\">\u00a0<\/h2>\n<h2 style=\"text-align: center\"><b><span style=\"text-decoration: underline\">Les aides au logement<\/span>\u00a0<\/b><\/h2>\n<p style=\"text-align: justify\">Les \u00e9tudiants \u00e9trangers peuvent b\u00e9n\u00e9ficier de l'aide personnalis\u00e9e au logement (A.P.L.) et de l'allocation logement \u00e0 caract\u00e8re social (A.L.S.). Ces deux aides sont attribu\u00e9es par la caisse des allocations familiales (CAF) sur des crit\u00e8res sociaux (ressources, situation familiale, nature du logement...). Va faire un tour sur le\u00a0<a href=\"http:\/\/www.caf.fr\/\">site de la CAF<\/a>, et n\u2019oublie pas :<\/p>\n<p style=\"text-align: justify\">- Ta demande d\u2019aide doit \u00eatre d\u00e9pos\u00e9e dans les deux mois suivant ton emm\u00e9nagement<br \/> - La demande d\u2019aide doit \u00eatre faite en ligne sur le site !<br \/> - De donner tes informations bancaires lorsque tu envoies ton dossier<br \/> - Tu ne recevras pas d\u2019aide pour le premier mois de location<\/p>\n<p style=\"text-align: justify\">Il faut compter entre deux et trois mois pour obtenir l\u2019aide au logement<\/p>\n<h2 style=\"text-align: center\">\u00a0<\/h2>\n<h2 style=\"text-align: center\"><span style=\"text-decoration: underline\"><b>Les Cit\u00e9s Universitaires ( Cit\u00e9s-U )<\/b><\/span><\/h2>\n<p style=\"text-align: justify\">Les cit\u00e9s universitaires sont g\u00e9r\u00e9es par le CROUS. Il dispose de 9750 chambres et studios avec un prix de 137 \u00e0 400 \u20ac par personne. Pour obtenir une chambre universitaire, vous devez vous adresser au service des\u00a0<a href=\"http:\/\/www.univ-tlse2.fr\/accueil\/universite\/organisation\/services\/service-des-relations-internationales-5428.kjsp?RH=05International\"><b>Relations Internationales<\/b><\/a>\u00a0de l'universit\u00e9. (Bureau AR104, 1er \u00e9tage de l'Arche)<\/p>\n<p style=\"text-align: justify\">Une\u00a0<b>adresse e-mail<\/b>\u00a0est aussi mise \u00e0 votre disposition :\u00a0<a href=\"mailto:%65%75%72%6F%70%65%40%75%6E%69%76%2E%74%6C%73%65%32%2E%66%72\">e&#x75;ro&#x70;e&#64;&#x75;n&#105;&#x76;&#46;&#116;&#x6c;s&#101;&#x32;&#46;&#102;&#x72;<\/a><\/p>\n<h2 style=\"text-align: center\">\u00a0<\/h2>\n<h2 style=\"text-align: center\"><span style=\"text-decoration: underline\"><b>Les r\u00e9sidences priv\u00e9es pour \u00e9tudiants<\/b><\/span><\/h2>\n<p><b>adele.org<\/b>\u00a0:\u00a0<a href=\"https:\/\/www.adele.org\">https:\/\/www.adele.org<\/a><\/p>\n<h2 style=\"text-align: center\">\u00a0<\/h2>\n<h2 style=\"text-align: center\"><span style=\"text-decoration: underline\"><b>Les colocations<\/b><\/span><\/h2>\n<p style=\"text-align: justify\">Voici quelques sites qui devraient vous aider \u00e0 trouver une colocation sur Toulouse. Pensez \u00e0 nous poser la question au bureau, nous avons parfois des annonces...<\/p>\n<p style=\"text-align: justify\">-\u00a0<a href=\"http:\/\/www.appartager.com\/\">www.appartager.com<br \/> <\/a>-\u00a0<a href=\"http:\/\/www.chambrealouer.com\/\">www.chambrealouer.com<br \/> <\/a>-\u00a0<a href=\"http:\/\/www.colocation.fr\/\">www.colocation.fr<br \/> <\/a>-\u00a0<a href=\"http:\/\/www.crij.org\/logement\">www.crij.org<\/a><\/p>\n<h2 style=\"text-align: center\">\u00a0<\/h2>\n<h2 style=\"text-align: center\"><span style=\"text-decoration: underline\"><b>Les locations priv\u00e9es<\/b><\/span><\/h2>\n<p style=\"text-align: justify\">O\u00f9 trouver des petites annonces de locations priv\u00e9es ? Regardez les sites suivants :<\/p>\n<p style=\"text-align: justify\"><b>Entre particuliers:<\/b><\/p>\n<p style=\"text-align: justify\"><a href=\"http:\/\/www.leboncoin.fr\/\">www.leboncoin.fr<br \/> <\/a><a href=\"http:\/\/www.publi.fr\/\">www.publi.fr<br \/> <\/a><a href=\"http:\/\/www.pap.fr\/\">www.pap.fr<br \/> <\/a><a href=\"http:\/\/www.ladepeche.fr\/\">www.ladepeche.fr<br \/> <\/a><a href=\"http:\/\/www.entreparticuliers.com\/\">www.entreparticuliers.com<br \/> <\/a><a href=\"http:\/\/immo.trovit.fr\/\">http:\/\/immo.trovit.fr<br \/> <\/a><a href=\"https:\/\/housinganywhere.com\/fr\/\">https:\/\/housinganywhere.com\/fr\/<\/a><\/p>\n<p style=\"text-align: justify\"><b>Les Agences Immobili\u00e8res:<\/b><\/p>\n<p style=\"text-align: justify\"><a href=\"http:\/\/www.seloger.com\/\">www.seloger.com<br \/> <\/a><a href=\"http:\/\/www.paruvendu.fr\/\">www.paruvendu.fr<br \/> <\/a><a href=\"http:\/\/www.topannonces.fr\/\">www.topannonces.fr<br \/> <\/a><a href=\"http:\/\/www.foncia.fr\/\">www.foncia.fr<br \/> <\/a><a href=\"http:\/\/www.cnab.net\/\">www.cnab.net<\/a><\/p>\n<h2 style=\"text-align: center\">\u00a0<\/h2>\n<h2 style=\"text-align: center\"><span style=\"text-decoration: underline\"><b>Logement chez l'habitant<\/b><\/span><\/h2>\n<p style=\"text-align: justify\"><b>Accueil en R\u00e9gion Toulousaine<br \/> <\/b>T\u00e9l : +33 (0)5 62 16 13 85 \/ +33 (0)6 8567 66 06<br \/> E-mail :\u00a0<a href=\"mailto:%61%72%74%2E%6F%6B%40%66%72%65%65%2E%66%72\">ar&#116;&#x2e;&#x6f;&#x6b;&#64;fr&#101;&#x65;&#x2e;&#x66;r<\/a><\/p>\n<p style=\"text-align: justify\"><b>Cohabit'\u00e2ge<\/b>\u00a0: (logement interg\u00e9n\u00e9rationnel : logement contre petits services)\u00a0<a href=\"http:\/\/www.cohabitage.fr\/\">www.cohabitage.fr<br \/> <\/a>T\u00e9l:+33 (0)9 53 38 80 72<\/p>\n<h2 style=\"text-align: center\">\u00a0<\/h2>\n<h2 style=\"text-align: center\"><span style=\"text-decoration: underline\"><b>Les logements de courtes dur\u00e9es<\/b><\/span><\/h2>\n<p style=\"text-align: justify\">Vous ne restez pas longtemps sur Toulouse ? Un ami vient vous rendre visite ? Vous avez besoin d'une solution provisoire ?<\/p>\n<p style=\"text-align: justify\"><b>Essayez ceci :<\/b><\/p>\n<p style=\"text-align: justify\"><b>R\u00e9sidence de Jolimont<\/b>\u00a0: (qui fait auberge de jeunesse) site en fran\u00e7ais, english et espa\u00f1ol\u00a0<a href=\"http:\/\/www.residence-jolimont.com\/\">www.residence-jolimont.com<br \/> <\/a>2 avenue Yves Brunaud - 31500 Toulouse<br \/> T\u00e9l:+33 (0)5 34 30 19 67<br \/> E-mail :\u00a0<a href=\"mailto:%66%6F%79%65%72%6A%6F%6C%69%6D%6F%6E%74%40%77%61%6E%61%64%6F%6F%2E%66%72\">&#102;&#x6f;y&#x65;r&#106;&#x6f;l&#x69;m&#x6f;n&#116;&#x40;w&#x61;n&#x61;&#x64;&#111;&#x6f;&#46;&#x66;r<\/a><\/p>\n<p style=\"text-align: justify\"><b>R\u00e9sidence Abitel<\/b>:\u00a0 (longue ou courte dur\u00e9e)\u00a0<a href=\"http:\/\/www.abitel.com\/\">www.abitel.com<br \/> <\/a>1 rue Tastavin - 31100 Toulouse<br \/> T\u00e9l:+33 (0)5 61 44 05 70<\/p>\n<p style=\"text-align: justify\"><b>Pensez aussi \u00e0 :<\/b><\/p>\n<p style=\"text-align: justify\"><b>Booking.com<\/b>\u00a0: plus de 40 h\u00f4tels \u00e0 Toulouse, avec leurs tarifs, locations, des commentaires... et recherche facile.\u00a0<a href=\"http:\/\/www.booking.com\/\">www.booking.com<\/a><\/p>\n<h2 style=\"text-align: center\">\u00a0<\/h2>\n<h2 style=\"text-align: center\"><span style=\"text-decoration: underline\"><b>Les foyers<\/b><\/span><\/h2>\n<p style=\"text-align: justify\">Petite liste de foyers accueillant des \u00e9tudiants sur Toulouse :<\/p>\n<p style=\"text-align: justify\"><b>La r\u00e9sidence La Gravette<\/b>\u00a0(filles uniquement)<br \/> 42 rue de La Gravette - 31300 Toulouse<br \/> T\u00e9l :+33 (0)5 62 13 11 00<\/p>\n<p style=\"text-align: justify\"><b>Foyer Familial Etudiant<br \/> <\/b>23 rue Joly - 31400 Toulouse<br \/> T\u00e9l :+33 (0)5 61 14 73 00<\/p>\n<p style=\"text-align: justify\"><b>Foyer de la Pr\u00e9sentation<br \/> <\/b>47 rue des 36 Ponts - 31400 Toulouse<br \/> T\u00e9l :+33 (0)5 34 31 70 00<\/p>\n<p style=\"text-align: justify\"><b>Foyer Saint Michel<br \/> <\/b>6 rue Furgol - 31000 Toulouse<br \/> T\u00e9l :+33 (0)5 61 52 01 80<\/p>\n<p style=\"text-align: justify\"><b>Le Foyer Esp\u00e9rance<br \/> <\/b>20 Grande Rue Nazareth - 31000 Toulouse<br \/> T\u00e9l :+33 (0)5 61 52 41 34<br \/> e-mail :\u00a0<a href=\"mailto:%66%6A%74%65%73%70%65%72%61%6E%63%65%40%6E%75%6D%65%72%69%63%61%62%6C%65%2E%66%72\">&#x66;&#106;te&#x73;&#x70;er&#x61;&#x6e;ce&#x40;&#x6e;&#117;m&#x65;&#x72;&#105;c&#x61;&#x62;&#108;e&#x2e;&#x66;&#114;<\/a><\/p>\n<p style=\"text-align: justify\"><b>Foyer Saint Thomas<br \/> <\/b>40 Grande rue Nazareth - 31000 Toulouse<br \/> T\u00e9l :+33 (0)5 61 52 65 45<\/p>\n<p style=\"text-align: justify\"><b>Voir aussi le site :<br \/> <\/b><a href=\"http:\/\/www.unme-asso.com\/\">www.unme-asso.com<\/a>\u00a0<\/p>\n<p style=\"text-align: justify\">\n<\/div>\n<\/div><\/div><\/div><\/div><\/div><\/div><\/div><\/div><\/div>","protected":false},"excerpt":{"rendered":"<p>Pour te loger durant ton s\u00e9jour sur Toulouse plusieurs possibilit\u00e9s s\u2019offrent \u00e0 toi, nous te donnons ici les petits trucs E.I.M.A pour trouver un logement sur Toulouse &#8230; Reste zen et bonne chance ! N\u2019h\u00e9site pas \u00e0 nous\u00a0contacter\u00a0si tu as besoin d\u2019aide ! \u00a0 Les aides au logement\u00a0 Les \u00e9tudiants \u00e9trangers peuvent b\u00e9n\u00e9ficier de l&rsquo;aide\u2026<\/p>\n","protected":false},"author":292,"featured_media":0,"parent":0,"menu_order":0,"comment_status":"closed","ping_status":"closed","template":"fullwidth.php","meta":{"footnotes":""},"class_list":["post-126","page","type-page","status-publish","hentry"],"_links":{"self":[{"href":"https:\/\/blogs.univ-tlse2.fr\/eima\/wp-json\/wp\/v2\/pages\/126","targetHints":{"allow":["GET"]}}],"collection":[{"href":"https:\/\/blogs.univ-tlse2.fr\/eima\/wp-json\/wp\/v2\/pages"}],"about":[{"href":"https:\/\/blogs.univ-tlse2.fr\/eima\/wp-json\/wp\/v2\/types\/page"}],"author":[{"embeddable":true,"href":"https:\/\/blogs.univ-tlse2.fr\/eima\/wp-json\/wp\/v2\/users\/292"}],"replies":[{"embeddable":true,"href":"https:\/\/blogs.univ-tlse2.fr\/eima\/wp-json\/wp\/v2\/comments?post=126"}],"version-history":[{"count":43,"href":"https:\/\/blogs.univ-tlse2.fr\/eima\/wp-json\/wp\/v2\/pages\/126\/revisions"}],"predecessor-version":[{"id":487,"href":"https:\/\/blogs.univ-tlse2.fr\/eima\/wp-json\/wp\/v2\/pages\/126\/revisions\/487"}],"wp:attachment":[{"href":"https:\/\/blogs.univ-tlse2.fr\/eima\/wp-json\/wp\/v2\/media?parent=126"}],"curies":[{"name":"wp","href":"https:\/\/api.w.org\/{rel}","templated":true}]}}