 {"id":144,"date":"2016-01-02T17:28:55","date_gmt":"2016-01-02T16:28:55","guid":{"rendered":"https:\/\/blogs.univ-tlse2.fr\/eima\/?page_id=144"},"modified":"2016-10-01T01:13:59","modified_gmt":"2016-09-30T23:13:59","slug":"toulouse-o-toulouse","status":"publish","type":"page","link":"https:\/\/blogs.univ-tlse2.fr\/eima\/de\/toulouse-o-toulouse\/","title":{"rendered":"Toulouse, \u00d4 Toulouse !"},"content":{"rendered":"<p><b>Mit Erasmus wirst du eine ganz neue Stadt entdecken. Auf dieser Seite findest du n\u00fctzliche Linke, die dir bei diesem Abenteuer helfen werden, mehr \u00fcber unsere sch\u00f6ne rosafarbirge Stadt zu erfahren.<\/b><\/p>\n<p><a href=\"https:\/\/blogs.univ-tlse2.fr\/eima\/files\/2016\/01\/Plan-Toulouse.jpg\"><img loading=\"lazy\" decoding=\"async\" class=\"wp-image-146 size-thumbnail alignright\" src=\"https:\/\/blogs.univ-tlse2.fr\/eima\/files\/2016\/01\/Plan-Toulouse-150x150.jpg\" alt=\"Plan Toulouse\" width=\"150\" height=\"150\" \/><\/a><\/p>\n<p>Erstmal steht euch Verf\u00fcgung ein Stadtplan zu verf\u00fcgung. Er wird Dir helfen, die wichtigste Orte der Stadt sowie la place du Capitole zu erkunden. (Klicke auf dem Bild um es zu vergr\u00f6\u00dfern)<\/p>\n<p><b>Und jetzt ein paar Links von den wichtigsten \u00f6ffiziellen Internet-Seiten der Stadt von Toulouse:\u00a0<\/b><\/p>\n<p><a href=\"http:\/\/www.toulouse.fr\"><img loading=\"lazy\" decoding=\"async\" class=\"alignleft wp-image-149\" src=\"https:\/\/blogs.univ-tlse2.fr\/eima\/files\/2016\/01\/Mairie-de-toulouse-300x156.jpg\" alt=\"Mairie de toulouse\" width=\"161\" height=\"84\" srcset=\"https:\/\/blogs.univ-tlse2.fr\/eima\/files\/2016\/01\/Mairie-de-toulouse-300x156.jpg 300w, https:\/\/blogs.univ-tlse2.fr\/eima\/files\/2016\/01\/Mairie-de-toulouse.jpg 480w\" sizes=\"auto, (max-width: 161px) 100vw, 161px\" \/><\/a><\/p>\n<p>\u00d6ffizielle Seite des Rathauses von Toulouse. Hier findest du Informationen bez\u00fcglich der Neuigkeiten, der Dienste, die die Stadt dich anbietet und Antworten zu deinen Fragen \u00fcber die Stadt.<\/p>\n<p><a href=\"http:\/\/www.toulouse-tourisme.com\"><img loading=\"lazy\" decoding=\"async\" class=\"alignright wp-image-152\" src=\"https:\/\/blogs.univ-tlse2.fr\/eima\/files\/2016\/01\/So-toulouse.jpg\" alt=\"So toulouse\" width=\"108\" height=\"100\" \/><\/a><\/p>\n<p>\u00d6ffizielle Seite des Fremdenverkehrsamts der Stadt von Toulouse. Hier findest du Informationen bez\u00fcglich der kulturellen Aktivit\u00e4ten der Stadt, der Museen, praktischen Informationen, um Toulouse zu besichtigen.<\/p>\n<p><b>Und jetzt einige Linke zu Reisef\u00fchrern, die dir erlauben werden, Toulouse zu entdecken und dich in der Stadt einzusetzen.\u00a0<\/b><\/p>\n<p><a href=\"http:\/\/www.lepetittou.com\"><img loading=\"lazy\" decoding=\"async\" class=\"alignright wp-image-166 size-full\" src=\"https:\/\/blogs.univ-tlse2.fr\/eima\/files\/2016\/01\/petitou.jpg\" alt=\"\" width=\"159\" height=\"102\" \/><\/a><\/p>\n<p><b>Le petit tou, <\/b>ist ein von Studenten geschriebenen Reisef\u00fchrer, der j\u00e4hrlich aktualisiert wird. Bei deiner Ankunft werden wir dir ein Exemplar von diesem Reisef\u00fchrer geben, wir empfehlen dir ihn durchzulesen!<\/p>\n<p><b>\u00a0<a href=\"http:\/\/www.univ-toulouse.fr\/vie-etudiante\/vie-pratique\/guide-pratique-ariane\"><img loading=\"lazy\" decoding=\"async\" class=\"alignleft wp-image-155\" src=\"https:\/\/blogs.univ-tlse2.fr\/eima\/files\/2016\/01\/ariane.jpg\" alt=\"ariane\" width=\"90\" height=\"130\" \/><\/a><\/b><b>Le guide pratique Arianne<\/b> wurde von Studierenden der Universit\u00e4t Toulouse geschrieben. Er wird dir helfen dich in Toulouse besser auszukennen. Dieser Reisef\u00fchrer ist in verschiedenen Sprachen verf\u00fcgbar : englisch, spanisch, chinesisch und franz\u00f6sisch.<\/p>\n<p><b>\u00a0<\/b><\/p>\n<p><b>Und jetzt Seiten, die Veranstaltungen so wie Konzerte, Schauspiele, Ausstellungen auflisten, die in Toulouse und in der Umgebung stattfinden!<\/b><\/p>\n<p><b>Toulouseblog<\/b>: Ausg\u00e4nge, Konzerte, praktische Informationen\u2026\u00a0<a href=\"http:\/\/www.toulouseblog.fr\/\">http:\/\/www.toulouseblog.fr\/<\/a><\/p>\n<p><b>Toulouseweb<\/b>: Ausg\u00e4nge, Konzerte, praktische Informationen\u2026\u00a0<a href=\"http:\/\/www.toulouseweb.com\/\">http:\/\/www.toulouseweb.com\/<\/a><\/p>\n<p><b>Cityvox Toulouse<\/b>: Die Seite <i>cityvox<\/i> der Stadt von Toulouse (Ausg\u00e4nge, Konzerte, praktische Informationen) \u2026\u00a0<a href=\"http:\/\/www.fra.cityvox.fr\/guide_toulouse\/AccueilVille\">http:\/\/www.fra.cityvox.fr\/guide_toulouse\/AccueilVille<\/a><\/p>\n<p><b>Die Geheimtippen von EIMA :<\/b><\/p>\n<p>\u2013 Eine Liste von den Sachen, die du machen musst bevor du Toulouse verl\u00e4sst: <a href=\"http:\/\/w3.eima.univ-tlse2.fr\/EIMA\/Toulouse,_o_Toulouse_!!_files\/Liste%20des%20choses%20%E0%20faire%20%E0%20Toulouse.pdf\">Liste des choses \u00e0 faire \u00e0 Toulouse.pdf<\/a><\/p>\n<p>\u2013 Eine <a href=\"https:\/\/mapsengine.google.com\/map\/edit?mid=z2WjR3LjGKac.kwBrgvvyUWQ8\">interaktive Karte<\/a>, Sie listet alle guten Adresse auf, um in Bars oder Klubs aber auch Konzerte auszugehen.<\/p>","protected":false},"excerpt":{"rendered":"<p>Mit Erasmus wirst du eine ganz neue Stadt entdecken. Auf dieser Seite findest du n\u00fctzliche Linke, die dir bei diesem Abenteuer helfen werden, mehr \u00fcber unsere sch\u00f6ne rosafarbirge Stadt zu erfahren. Erstmal steht euch Verf\u00fcgung ein Stadtplan zu verf\u00fcgung. Er wird Dir helfen, die wichtigste Orte der Stadt sowie la place du Capitole zu erkunden.&hellip;<\/p>\n","protected":false},"author":292,"featured_media":0,"parent":0,"menu_order":0,"comment_status":"closed","ping_status":"closed","template":"fullwidth.php","meta":{"footnotes":""},"class_list":["post-144","page","type-page","status-publish","hentry"],"_links":{"self":[{"href":"https:\/\/blogs.univ-tlse2.fr\/eima\/de\/wp-json\/wp\/v2\/pages\/144","targetHints":{"allow":["GET"]}}],"collection":[{"href":"https:\/\/blogs.univ-tlse2.fr\/eima\/de\/wp-json\/wp\/v2\/pages"}],"about":[{"href":"https:\/\/blogs.univ-tlse2.fr\/eima\/de\/wp-json\/wp\/v2\/types\/page"}],"author":[{"embeddable":true,"href":"https:\/\/blogs.univ-tlse2.fr\/eima\/de\/wp-json\/wp\/v2\/users\/292"}],"replies":[{"embeddable":true,"href":"https:\/\/blogs.univ-tlse2.fr\/eima\/de\/wp-json\/wp\/v2\/comments?post=144"}],"version-history":[{"count":30,"href":"https:\/\/blogs.univ-tlse2.fr\/eima\/de\/wp-json\/wp\/v2\/pages\/144\/revisions"}],"predecessor-version":[{"id":554,"href":"https:\/\/blogs.univ-tlse2.fr\/eima\/de\/wp-json\/wp\/v2\/pages\/144\/revisions\/554"}],"wp:attachment":[{"href":"https:\/\/blogs.univ-tlse2.fr\/eima\/de\/wp-json\/wp\/v2\/media?parent=144"}],"curies":[{"name":"wp","href":"https:\/\/api.w.org\/{rel}","templated":true}]}}