 {"id":26,"date":"2015-11-19T17:34:19","date_gmt":"2015-11-19T16:34:19","guid":{"rendered":"https:\/\/blogs.univ-tlse2.fr\/eima\/?page_id=26"},"modified":"2016-10-01T00:40:03","modified_gmt":"2016-09-30T22:40:03","slug":"que-fait-eima","status":"publish","type":"page","link":"https:\/\/blogs.univ-tlse2.fr\/eima\/que-fait-eima\/","title":{"rendered":"Que fait EIMA ?"},"content":{"rendered":"<p><\/p>\n<p id=\"photo\" style=\"text-align: justify\">En plus de ses <strong>permanences quotidiennes <\/strong>(10h30 &#8211; 16h), l&rsquo;association EIMA propose de nombreux services et organise de nombreuses activit\u00e9s.<\/p>\n<div id=\"texte\">\n<p class=\"paragraph_style\" style=\"text-align: justify\">L\u2019association met en place\u00a0tout types d\u2019\u00e9v\u00e9nements avec pour objectif se <strong>divertir<\/strong>, se <strong>d\u00e9tendre<\/strong> et <strong>faire de nouvelles rencontres<\/strong>.<\/p>\n<p class=\"paragraph_style\" style=\"text-align: justify\">Tous ces \u00e9v\u00e9nements sont facilement accessibles pour les membres de l\u2019association car ils sont pour la plupart <strong>gratuits<\/strong>.<\/p>\n<p class=\"paragraph_style\" style=\"text-align: justify\">Afin de voir si l\u2019association organise des choses \u00e0 ton go\u00fbt, regarde ce que l\u2019on fait, et s\u2019il te pla\u00eet n\u2019h\u00e9site\u00a0pas \u00e0 nous\u00a0<a title=\"&#x6d;&#x61;&#x69;&#x6c;&#116;o:ei&#x6d;&#x61;&#x2e;&#x74;&#108;se2&#64;&#x67;&#x6d;&#x61;&#x69;&#108;&#46;com?subject=objet du courrier\" href=\"&#x6d;&#x61;&#x69;&#108;to:&#x65;&#x69;&#x6d;&#x61;&#46;tls&#x65;&#x32;&#x40;&#103;&#109;ail&#x2e;&#x63;&#x6f;&#109;?subject=objet%20du%20courrier\">contacter<\/a>\u00a0pour toutes questions et\/ou suggestions. Cette association c\u2019est avant tout la tienne !<\/p>\n<figure id=\"attachment_69\" aria-describedby=\"caption-attachment-69\" style=\"width: 150px\" class=\"wp-caption alignleft\"><a href=\"https:\/\/blogs.univ-tlse2.fr\/eima\/besoin-daide\/\"><img loading=\"lazy\" decoding=\"async\" class=\"wp-image-69 size-thumbnail\" src=\"https:\/\/blogs.univ-tlse2.fr\/eima\/files\/2015\/11\/5-150x150.jpg\" alt=\"Besoin d'aide?\" width=\"150\" height=\"150\" \/><\/a><figcaption id=\"caption-attachment-69\" class=\"wp-caption-text\">Besoin d&rsquo;aide ?<\/figcaption><\/figure>\n<figure id=\"attachment_102\" aria-describedby=\"caption-attachment-102\" style=\"width: 150px\" class=\"wp-caption alignleft\"><a href=\"https:\/\/blogs.univ-tlse2.fr\/eima\/parrainage\/\"><img loading=\"lazy\" decoding=\"async\" class=\"wp-image-102 size-thumbnail\" src=\"https:\/\/blogs.univ-tlse2.fr\/eima\/files\/2015\/12\/Parrainage2-150x150.jpg\" alt=\"Parrainage\" width=\"150\" height=\"150\" \/><\/a><figcaption id=\"caption-attachment-102\" class=\"wp-caption-text\">Parrainage<\/figcaption><\/figure>\n<figure id=\"attachment_67\" aria-describedby=\"caption-attachment-67\" style=\"width: 150px\" class=\"wp-caption alignleft\"><a href=\"https:\/\/blogs.univ-tlse2.fr\/eima\/les-sorties-nocturnes\/\"><img loading=\"lazy\" decoding=\"async\" class=\"wp-image-67 size-thumbnail\" src=\"https:\/\/blogs.univ-tlse2.fr\/eima\/files\/2015\/11\/2-150x150.jpg\" alt=\"Les sorties nocturnes\" width=\"150\" height=\"150\" \/><\/a><figcaption id=\"caption-attachment-67\" class=\"wp-caption-text\">Les sorties nocturnes<\/figcaption><\/figure>\n<figure id=\"attachment_71\" aria-describedby=\"caption-attachment-71\" style=\"width: 150px\" class=\"wp-caption alignleft\"><a href=\"https:\/\/blogs.univ-tlse2.fr\/eima\/les-sorties-culturelles\/\"><img loading=\"lazy\" decoding=\"async\" class=\"wp-image-71 size-thumbnail\" src=\"https:\/\/blogs.univ-tlse2.fr\/eima\/files\/2015\/11\/7-150x150.jpg\" alt=\"Les sorties culturelles et voyages\" width=\"150\" height=\"150\" \/><\/a><figcaption id=\"caption-attachment-71\" class=\"wp-caption-text\">Les sorties culturelles et voyages<\/figcaption><\/figure>\n<\/div>\n<p><\/p>","protected":false},"excerpt":{"rendered":"<p>En plus de ses permanences quotidiennes (10h30 &#8211; 16h), l&rsquo;association EIMA propose de nombreux services et organise de nombreuses activit\u00e9s. L\u2019association met en place\u00a0tout types d\u2019\u00e9v\u00e9nements avec pour objectif se divertir, se d\u00e9tendre et faire de nouvelles rencontres. Tous ces \u00e9v\u00e9nements sont facilement accessibles pour les membres de l\u2019association car ils sont pour la plupart\u2026<\/p>\n","protected":false},"author":292,"featured_media":0,"parent":0,"menu_order":0,"comment_status":"closed","ping_status":"closed","template":"fullwidth.php","meta":{"footnotes":""},"class_list":["post-26","page","type-page","status-publish","hentry"],"_links":{"self":[{"href":"https:\/\/blogs.univ-tlse2.fr\/eima\/wp-json\/wp\/v2\/pages\/26","targetHints":{"allow":["GET"]}}],"collection":[{"href":"https:\/\/blogs.univ-tlse2.fr\/eima\/wp-json\/wp\/v2\/pages"}],"about":[{"href":"https:\/\/blogs.univ-tlse2.fr\/eima\/wp-json\/wp\/v2\/types\/page"}],"author":[{"embeddable":true,"href":"https:\/\/blogs.univ-tlse2.fr\/eima\/wp-json\/wp\/v2\/users\/292"}],"replies":[{"embeddable":true,"href":"https:\/\/blogs.univ-tlse2.fr\/eima\/wp-json\/wp\/v2\/comments?post=26"}],"version-history":[{"count":19,"href":"https:\/\/blogs.univ-tlse2.fr\/eima\/wp-json\/wp\/v2\/pages\/26\/revisions"}],"predecessor-version":[{"id":469,"href":"https:\/\/blogs.univ-tlse2.fr\/eima\/wp-json\/wp\/v2\/pages\/26\/revisions\/469"}],"wp:attachment":[{"href":"https:\/\/blogs.univ-tlse2.fr\/eima\/wp-json\/wp\/v2\/media?parent=26"}],"curies":[{"name":"wp","href":"https:\/\/api.w.org\/{rel}","templated":true}]}}