 {"id":28,"date":"2015-11-19T17:34:45","date_gmt":"2015-11-19T16:34:45","guid":{"rendered":"https:\/\/blogs.univ-tlse2.fr\/eima\/?page_id=28"},"modified":"2016-10-01T00:54:10","modified_gmt":"2016-09-30T22:54:10","slug":"questions-des-etudiants","status":"publish","type":"page","link":"https:\/\/blogs.univ-tlse2.fr\/eima\/es\/questions-des-etudiants\/","title":{"rendered":"Preguntas Frecuentes"},"content":{"rendered":"<p><\/p>\n<p style=\"text-align: justify\">Puesto que llegas a un nuevo pa\u00eds debes estar pregunt\u00e1ndote cientos de cosas. Esta secci\u00f3n est\u00e1 hecha para intentar respondes a muchas de esas preguntas.<\/p>\n<figure id=\"attachment_119\" aria-describedby=\"caption-attachment-119\" style=\"width: 150px\" class=\"wp-caption alignleft\"><a href=\"https:\/\/blogs.univ-tlse2.fr\/eima\/toulouse-o-toulouse\/\"><img loading=\"lazy\" decoding=\"async\" class=\"wp-image-119 size-thumbnail\" src=\"https:\/\/blogs.univ-tlse2.fr\/eima\/files\/2015\/11\/Fotolia_10703851_XL-150x150.jpg\" alt=\"Toulouse\" width=\"150\" height=\"150\" \/><\/a><figcaption id=\"caption-attachment-119\" class=\"wp-caption-text\">Toulouse, \u00d4 Toulouse<\/figcaption><\/figure>\n<figure id=\"attachment_118\" aria-describedby=\"caption-attachment-118\" style=\"width: 150px\" class=\"wp-caption alignleft\"><a href=\"https:\/\/blogs.univ-tlse2.fr\/eima\/transports\/\"><img loading=\"lazy\" decoding=\"async\" class=\"wp-image-118 size-thumbnail\" src=\"https:\/\/blogs.univ-tlse2.fr\/eima\/files\/2015\/11\/transports-_c_-3ddock-150x150.jpg\" alt=\"Transportes\" width=\"150\" height=\"150\" \/><\/a><figcaption id=\"caption-attachment-118\" class=\"wp-caption-text\">Transportes<\/figcaption><\/figure>\n<figure id=\"attachment_120\" aria-describedby=\"caption-attachment-120\" style=\"width: 150px\" class=\"wp-caption alignleft\"><a href=\"https:\/\/blogs.univ-tlse2.fr\/eima\/logements\/\"><img loading=\"lazy\" decoding=\"async\" class=\"wp-image-120 size-thumbnail\" src=\"https:\/\/blogs.univ-tlse2.fr\/eima\/files\/2015\/11\/recherche-appartement-ou-maison-150x150.jpg\" alt=\"Alojamiento\" width=\"150\" height=\"150\" \/><\/a><figcaption id=\"caption-attachment-120\" class=\"wp-caption-text\">Alojamiento<\/figcaption><\/figure>\n<p><figure id=\"attachment_471\" aria-describedby=\"caption-attachment-471\" style=\"width: 150px\" class=\"wp-caption alignnone\"><a href=\"https:\/\/blogs.univ-tlse2.fr\/eima\/luniversite-et-les-cours\/\"><img loading=\"lazy\" decoding=\"async\" class=\"wp-image-471 size-thumbnail\" src=\"https:\/\/blogs.univ-tlse2.fr\/eima\/files\/2015\/11\/RU-630x0-150x150.jpg\" alt=\"ru-630x0\" width=\"150\" height=\"150\" \/><\/a><figcaption id=\"caption-attachment-471\" class=\"wp-caption-text\">La Universidad y las clases<\/figcaption><\/figure><\/p>","protected":false},"excerpt":{"rendered":"<p>Puesto que llegas a un nuevo pa\u00eds debes estar pregunt\u00e1ndote cientos de cosas. Esta secci\u00f3n est\u00e1 hecha para intentar respondes a muchas de esas preguntas.<\/p>\n","protected":false},"author":292,"featured_media":0,"parent":0,"menu_order":0,"comment_status":"closed","ping_status":"closed","template":"fullwidth.php","meta":{"footnotes":""},"class_list":["post-28","page","type-page","status-publish","hentry"],"_links":{"self":[{"href":"https:\/\/blogs.univ-tlse2.fr\/eima\/es\/wp-json\/wp\/v2\/pages\/28","targetHints":{"allow":["GET"]}}],"collection":[{"href":"https:\/\/blogs.univ-tlse2.fr\/eima\/es\/wp-json\/wp\/v2\/pages"}],"about":[{"href":"https:\/\/blogs.univ-tlse2.fr\/eima\/es\/wp-json\/wp\/v2\/types\/page"}],"author":[{"embeddable":true,"href":"https:\/\/blogs.univ-tlse2.fr\/eima\/es\/wp-json\/wp\/v2\/users\/292"}],"replies":[{"embeddable":true,"href":"https:\/\/blogs.univ-tlse2.fr\/eima\/es\/wp-json\/wp\/v2\/comments?post=28"}],"version-history":[{"count":15,"href":"https:\/\/blogs.univ-tlse2.fr\/eima\/es\/wp-json\/wp\/v2\/pages\/28\/revisions"}],"predecessor-version":[{"id":472,"href":"https:\/\/blogs.univ-tlse2.fr\/eima\/es\/wp-json\/wp\/v2\/pages\/28\/revisions\/472"}],"wp:attachment":[{"href":"https:\/\/blogs.univ-tlse2.fr\/eima\/es\/wp-json\/wp\/v2\/media?parent=28"}],"curies":[{"name":"wp","href":"https:\/\/api.w.org\/{rel}","templated":true}]}}