 {"id":13,"date":"2014-11-25T17:05:27","date_gmt":"2014-11-25T16:05:27","guid":{"rendered":"https:\/\/blogs.univ-tlse2.fr\/emma\/?page_id=13"},"modified":"2015-03-10T14:55:49","modified_gmt":"2015-03-10T13:55:49","slug":"les-comptes-rendus","status":"publish","type":"page","link":"https:\/\/blogs.univ-tlse2.fr\/emma\/les-comptes-rendus\/","title":{"rendered":"Comptes-rendus"},"content":{"rendered":"<p><strong>Comptes-rendus de la premi\u00e8re ann\u00e9e de s\u00e9minaire (2012)<\/strong><\/p>\n<p>1. S\u00e9ance du 16 f\u00e9vrier 2012, expos\u00e9s de L\u00e9titia Mouze (STL, Lille 3, UTMJ) et Anne Coignard (CREA, Ecole PolytechniqueJ) en introduction au s\u00e9minaire :\u00a0<a href=\"https:\/\/blogs.univ-tlse2.fr\/emma\/files\/2014\/11\/Emma_Ann\u00e9e1-s\u00e9ance1.pdf\">Emma_Ann\u00e9e1-s\u00e9ance1<\/a><\/p>\n<p>2. S\u00e9ance du\u00a015 mars 2012, expos\u00e9 de Fanny Gonzalez (UTM) autour de l\u2019ouvrage de M. Coquillat, <em>Romans d \u2019amour\u00a0<\/em>:\u00a0<a href=\"https:\/\/blogs.univ-tlse2.fr\/emma\/files\/2014\/11\/Emma_Ann\u00e9e1-s\u00e9ance21.pdf\">Emma_Ann\u00e9e1-s\u00e9ance2<\/a><\/p>\n<p>3. S\u00e9ance du 26 avril 2012, expos\u00e9 de\u00a0Vincent Gray (ERRaPhiS, UTM), \u00ab\u00a0L \u2019efficace du roman chez Rousseau\u00a0\u202f: la<em> Nouvelle H\u00e9lo\u00efse<\/em>\u00a0\u00bb :\u00a0<a href=\"https:\/\/blogs.univ-tlse2.fr\/emma\/files\/2014\/11\/Emma_Ann\u00e9e1-s\u00e9ance3.pdf\">Emma_Ann\u00e9e1-s\u00e9ance3<\/a><\/p>\n<p>4. S\u00e9ance du 31 mai 2012, expos\u00e9 d&rsquo;Aude Constans (UTM) sur le roman gothique\u00a0: <em>compte-rendu mis en ligne prochainement.\u00a0<\/em><\/p>\n<p>5. S\u00e9ance du 14 juin 2012, expos\u00e9 de\u00a0Fran\u00e7ois-Ronan Dubois (Grenoble 3), \u00ab\u00a0La r\u00e9ception de <em>La Princesse de Cl\u00e8ves<\/em>\u00a0: les lecteurs du <em>Mercure Galant<\/em> et les lyc\u00e9ens de <em>Nous, Princesses de Cl\u00e8ves\u00a0\u00bb\u00a0<\/em> :\u00a0<em>compte-rendu mis en ligne prochainement<\/em>.<\/p>\n<p><strong>Comptes-rendus de la deuxi\u00e8me ann\u00e9e de s\u00e9minaire (2012-2013)<\/strong><\/p>\n<p>1. S\u00e9ance du 18 octobre 2012, expos\u00e9 de L\u00e9titia Mouze (ERRaPhiS, UT2J), sur la distinction entre philosophie et litt\u00e9rature :\u00a0<a href=\"https:\/\/blogs.univ-tlse2.fr\/emma\/files\/2014\/11\/Emma_Ann\u00e9e2_s\u00e9ance1.pdf\">Emma_Ann\u00e9e2_s\u00e9ance1<\/a><\/p>\n<p>2. S\u00e9ance du 29 novembre 2012, expos\u00e9 de Lukas Held (ERRaPhiS, UT2J), sur le groupe \u00ab\u00a0Poetik und Hermeneutik\u00a0\u00bb et l&rsquo;herm\u00e9neutique de Blumenberg :\u00a0<a href=\"https:\/\/blogs.univ-tlse2.fr\/emma\/files\/2014\/11\/Emma_Ann\u00e9e2_s\u00e9ance2.pdf\">Emma_Ann\u00e9e2_s\u00e9ance2<\/a><\/p>\n<p>3. S\u00e9ance du 20 d\u00e9cembre 2012, partage de lecture sur\u00a0<em>Un roi sans divertissement\u00a0<\/em>de Giono, suivi d&rsquo;un expos\u00e9 de Jean-Yves Laurichesse :\u00a0<a href=\"https:\/\/blogs.univ-tlse2.fr\/emma\/files\/2014\/11\/Emma_Ann\u00e9e2_s\u00e9ance3.pdf\">Emma_Ann\u00e9e2_s\u00e9ance3<\/a><\/p>\n<p>4. S\u00e9ance du\u00a017 janvier 2013, expos\u00e9 de Sara B\u00e9dard-Goulet (LLA-Cr\u00e9atis, UT2J sur les usages th\u00e9rapeutiques de la lecture :\u00a0<a href=\"https:\/\/blogs.univ-tlse2.fr\/emma\/files\/2014\/11\/Emma_Ann\u00e9e-2_s\u00e9ance4.pdf\">Emma_Ann\u00e9e 2_s\u00e9ance4<\/a><\/p>\n<p>5. S\u00e9ance du\u00a07 f\u00e9vrier 2013, expos\u00e9 de\u00a0Fran\u00e7ois-Ronan Dubois (UMR LIRE et EA RARE, Grenoble 3), \u00ab\u00a0Lecteurs dans les<em> Liaisons dangereuses<\/em>, lecteurs des<em> Liaisons dangereuses<\/em>\u00a0\u202f: \u00e9l\u00e9ments pour une description de la lecture interpr\u00e9tative\u00a0\u00bb :\u00a0<a href=\"https:\/\/blogs.univ-tlse2.fr\/emma\/files\/2014\/11\/Emma_Ann\u00e9e2_s\u00e9ance5.pdf\">Emma_Ann\u00e9e2_s\u00e9ance5<\/a><\/p>\n<p>6. S\u00e9ance du\u00a028 f\u00e9vrier 2013, expos\u00e9 de G\u00e9rard Langlade (LLA-Cr\u00e9atis, UT2J), autour des lectures de <em>La Chartreuse de Parme\u00a0<\/em>:\u00a0<a href=\"https:\/\/blogs.univ-tlse2.fr\/emma\/files\/2014\/11\/Emma_Ann\u00e9e2_s\u00e9ance6.pdf\">Emma_Ann\u00e9e2_s\u00e9ance6<\/a><\/p>\n<p>7. S\u00e9ance du\u00a022 mars 2013, partage de lecture\u00a0sur\u00a0<em>La V\u00e9rit\u00e9 sur B\u00e9b\u00e9 Donge\u00a0<\/em>de Simenon :\u00a0<a href=\"https:\/\/blogs.univ-tlse2.fr\/emma\/files\/2014\/11\/Emma_Ann\u00e9e2_s\u00e9ance7.pdf\">Emma_Ann\u00e9e2_s\u00e9ance7<\/a><\/p>\n<p>8. S\u00e9ance du\u00a011 avril 2013, expos\u00e9 d&rsquo;Aude Constans (ERRaPhiS,\u00a0UT2J) sur la lecture du\u00a0<em>Ph\u00e8dre\u00a0<\/em>par Derrida :\u00a0<a href=\"https:\/\/blogs.univ-tlse2.fr\/emma\/files\/2014\/11\/Emma_Ann\u00e9e3_s\u00e9ance8.pdf\">Emma_Ann\u00e9e3_s\u00e9ance8<\/a><\/p>\n<p>9. S\u00e9ance du\u00a030 mai 2013, expos\u00e9 de\u00a0B\u00e9reng\u00e8re Basset (PLH, UT2J), \u00ab\u00a0Lectures et lecteurs na\u00effs des Chroniques rabelaisiennes\u00a0\u00bb :\u00a0<a href=\"https:\/\/blogs.univ-tlse2.fr\/emma\/files\/2014\/11\/Emma_Ann\u00e9e2_s\u00e9ance9.pdf\">Emma_Ann\u00e9e2_s\u00e9ance9<\/a><\/p>\n<p><strong>Comptes-rendus de la troisi\u00e8me ann\u00e9e de s\u00e9minaire (2013-2014)\u00a0<\/strong><\/p>\n<p>1. S\u00e9ance du 17 octobre 2013, expos\u00e9 de L\u00e9titia Mouze (STL, Lille 3, UTM), sur <em>La connaissance de l \u2019amour<\/em> de Martha Nussbaum :\u00a0<em>compte-rendu mis en ligne prochainement<\/em>.<\/p>\n<p>2. S\u00e9ance du 7 novembre 2013,\u00a0partage de lecture sur <em>Le Ma\u00eetre et Marguerite\u00a0<\/em>de Bougalkov :\u00a0<em>compte-rendu mis en ligne prochainement<\/em>.<\/p>\n<p>3. S\u00e9ance du 28 novembre 2013, expos\u00e9 d&rsquo;Ariane Revel (Universit\u00e9 Paris Est-Cr\u00e9teil), \u00ab\u00a0Lectures de l \u2019 utopie \u202f: le cas des <em>Consid\u00e9rations sur le gouvernement de Pologne<\/em> de Rousseau\u00a0\u00bb :\u00a0<em>compte-rendu mis en ligne prochainement<\/em>.<\/p>\n<p>4. S\u00e9ance du 19 d\u00e9cembre 2013, expos\u00e9 de\u00a0Marie-H\u00e9l\u00e8ne Gauthier (UPJV, Amiens) autour de litt\u00e9rature et \u00e9thique\u00a0:\u00a0<em>\u00a0compte-rendu mis en ligne prochainement.\u00a0<\/em><\/p>\n<p>5. S\u00e9ance du 9 janvier 2014, expos\u00e9 de\u00a0Loreline Courret (ERRaPhiS, UTM), \u00ab\u00a0La lettre m\u00e9cr\u00e9ante : sur <em>La route des Flandres <\/em>de\u00a0Claude Simon\u00a0\u00bb : \u00a0<em>compte-rendu en ligne prochainement<\/em>.<\/p>\n<p>6. S\u00e9ance du 30 janvier 2014, partage de lecture sur<em> Ville des anges<\/em> de Christa Wolf :\u00a0<em>compte-rendu mis en ligne prochainement<\/em>.<\/p>\n<p>7. S\u00e9ance du 20 f\u00e9vrier 2014 &#8211;\u00a0s\u00e9ance propos\u00e9e par Tanella Boni (Universit\u00e9 d\u2019Abidjan, chaire Europhilosophie) sur le roman de Kossi Efoui, <em>L \u2019ombre des choses \u00e0 venir<\/em> :\u00a0<em>compte-rendu mis en ligne prochainement.\u00a0<\/em><\/p>\n<p>8. S\u00e9ance du 13 mars 2014, expos\u00e9 de\u00a0Yannick Souladi\u00e9 (ERRaPhiS), \u00ab\u00a0Dosto\u00efevski, le Christ et la terre\u00a0\u00bb :\u00a0<em>compte-rendu mis en ligne prochainement<\/em>.<\/p>\n<p>9. S\u00e9ance du 3 avril 2014, pr\u00e9sentation de\u00a0Jean-Christophe Goddard et Jasmina Jovanovic (ERRaPhiS, UTM) sur Clarice Lispector, <em>Un souffle de vie<\/em> :\u00a0<em>compte-rendu en ligne prochainement<\/em>.<\/p>\n<p>10. S\u00e9ance du 11 avril 2014, expos\u00e9 de Philippe Sabot (STL, Lille 3) sur \u00a0Foucault et Roussel :\u00a0<em>compte-rendu mis en ligne prochainement<\/em>.<\/p>\n<p>11. S\u00e9ance du 24 avril 2014 , expos\u00e9 d&rsquo;H\u00e9l\u00e8ne Bertier (ERRaPhis, UTM) sur Kundera :\u00a0<em>compte-rendu mis en ligne prochainement<\/em>.<\/p>\n<p>12. S\u00e9ance du 22 mai 2014, expos\u00e9 de\u00a0Lukas Held (ERRaPhiS, UTM), \u00ab\u00a0Travers\u00e9e de l\u2019\u0153uvre de Friedrich Kittler\u00a0\u00bb :\u00a0<em>compte-rendu mis en ligne prochainement<\/em>.<\/p>\n<p><strong>Comptes-rendus de la quatri\u00e8me ann\u00e9e de s\u00e9minaire (2014-2015)<\/strong><\/p>\n<p>1. S\u00e9ance du 5 novembre\u00a02014, expos\u00e9 d&rsquo;Anne Coignard (ERRaPhiS, UT2J), \u00ab\u00a0Lectures\u00a0na\u00efves, lectures savantes ?\u00a0\u00bb ;\u00a0<em>compte-rendu mis en ligne prochainement<\/em>.<\/p>\n<p>2. S\u00e9ance du 19 d\u00e9cembre 2014, expos\u00e9 de\u00a0Loreline Courret, \u00ab\u00a0Noirceur de Manchette\u00a0\u00bb :\u00a0<em>compte-rendu mis en ligne prochainement<\/em>.<\/p>\n<p>3. S\u00e9ance du 4 f\u00e9vrier 2014, expos\u00e9 de Pierre Roncin et partage de lecture sur <em>Jane Eyre\u00a0<\/em>de Charlotte Bront\u00eb :\u00a0<a href=\"https:\/\/blogs.univ-tlse2.fr\/emma\/files\/2014\/11\/Emma_Ann\u00e9e4_s\u00e9ance3.pdf\">Emma_Ann\u00e9e4_s\u00e9ance3<\/a><\/p>\n","protected":false},"excerpt":{"rendered":"<p>Comptes-rendus de la premi\u00e8re ann\u00e9e de s\u00e9minaire (2012) 1. S\u00e9ance du 16 f\u00e9vrier 2012, expos\u00e9s de L\u00e9titia Mouze (STL, Lille 3, UTMJ) et Anne Coignard (CREA, Ecole PolytechniqueJ) en introduction au s\u00e9minaire :\u00a0Emma_Ann\u00e9e1-s\u00e9ance1 2. S\u00e9ance du\u00a015 mars 2012, expos\u00e9 de Fanny Gonzalez (UTM) autour de l\u2019ouvrage de M. Coquillat, Romans d \u2019amour\u00a0:\u00a0Emma_Ann\u00e9e1-s\u00e9ance2 3. S\u00e9ance du [&hellip;]<\/p>\n","protected":false},"author":1,"featured_media":0,"parent":0,"menu_order":0,"comment_status":"closed","ping_status":"closed","template":"","meta":{"footnotes":""},"class_list":["post-13","page","type-page","status-publish","hentry"],"_links":{"self":[{"href":"https:\/\/blogs.univ-tlse2.fr\/emma\/wp-json\/wp\/v2\/pages\/13","targetHints":{"allow":["GET"]}}],"collection":[{"href":"https:\/\/blogs.univ-tlse2.fr\/emma\/wp-json\/wp\/v2\/pages"}],"about":[{"href":"https:\/\/blogs.univ-tlse2.fr\/emma\/wp-json\/wp\/v2\/types\/page"}],"author":[{"embeddable":true,"href":"https:\/\/blogs.univ-tlse2.fr\/emma\/wp-json\/wp\/v2\/users\/1"}],"replies":[{"embeddable":true,"href":"https:\/\/blogs.univ-tlse2.fr\/emma\/wp-json\/wp\/v2\/comments?post=13"}],"version-history":[{"count":9,"href":"https:\/\/blogs.univ-tlse2.fr\/emma\/wp-json\/wp\/v2\/pages\/13\/revisions"}],"predecessor-version":[{"id":99,"href":"https:\/\/blogs.univ-tlse2.fr\/emma\/wp-json\/wp\/v2\/pages\/13\/revisions\/99"}],"wp:attachment":[{"href":"https:\/\/blogs.univ-tlse2.fr\/emma\/wp-json\/wp\/v2\/media?parent=13"}],"curies":[{"name":"wp","href":"https:\/\/api.w.org\/{rel}","templated":true}]}}