 {"id":9,"date":"2014-11-25T16:59:11","date_gmt":"2014-11-25T15:59:11","guid":{"rendered":"https:\/\/blogs.univ-tlse2.fr\/emma\/?page_id=9"},"modified":"2015-03-06T19:13:20","modified_gmt":"2015-03-06T18:13:20","slug":"programme","status":"publish","type":"page","link":"https:\/\/blogs.univ-tlse2.fr\/emma\/programme\/","title":{"rendered":"Programmes"},"content":{"rendered":"<p><strong>PROGRAMME DE\u00a0L\u2019ANN\u00c9E\u00a0EN COURS\u00a0<\/strong><\/p>\n<p>Apr\u00e8s trois ans de s\u00e9minaire, le bilan de l&rsquo;ann\u00e9e pass\u00e9e s\u2019est av\u00e9r\u00e9 un peu mitig\u00e9 : si toutes les s\u00e9ances \u00e9taient passionnantes, prises individuellement, on a pu souligner le manque de fil directeur. Celui choisi pour l&rsquo;ann\u00e9e 3013-2014, \u00e0 savoir les relations entre philosophie et litt\u00e9rature, a paru en fait trop large. En outre, il ne permettait pas de faire un lien entre les s\u00e9ances th\u00e9oriques et les s\u00e9ances de partage de lecture qui font la sp\u00e9cificit\u00e9 du s\u00e9minaire. Il nous faut donc, pour cette nouvelle ann\u00e9e, repenser l&rsquo;intention globale du s\u00e9minaire. Ainsi, apr\u00e8s discussion avec les participants pr\u00e9sents lors de la s\u00e9ance de bilan, nous (c&rsquo;est-\u00e0-dire les organisatrices) avons d\u00e9cid\u00e9 de recentrer le s\u00e9minaire sur la lecture, plus pr\u00e9cis\u00e9ment l\u2019exp\u00e9rience de lecture ordinaire des \u0153uvres dites litt\u00e9raires, et de consacrer une ann\u00e9e \u00e0 des s\u00e9ances de partage de lecture, avec toutefois des changements par rapport \u00e0 ce que nous avons jusque alors pratiqu\u00e9 en ce domaine.<\/p>\n<p><em>Nouvelles modalit\u00e9s pour l&rsquo;organisation des s\u00e9ances<\/em><\/p>\n<p>Il nous est apparu plus fructueux qu\u2019\u00e0 chaque s\u00e9ance une personne propose \u00e0 tous une \u0153uvre litt\u00e9raire de son choix. Il serait souhaitable, d\u00e8s lors, de l\u2019avoir lue ou parcourue (suffisamment pour s\u2019\u00eatre quelque peu immerg\u00e9 dedans et an avoir retir\u00e9 des impressions). La personne en charge de la s\u00e9ance proposera alors un expos\u00e9 d\u2019une heure sur cette \u0153uvre, afin de rendre compte de son exp\u00e9rience de lecture. Libre \u00e0 elle de pr\u00e9senter cette exp\u00e9rience comme elle le souhaitera (avec ou non des outils th\u00e9oriques, \u00e0 charge pour elle d\u2019expliciter ses choix, ses parti-pris, de confronter sa lecture ou son interpr\u00e9tation aux interpr\u00e9tations disponibles etc.). Puis il lui incombera de susciter la participation, dans un deuxi\u00e8me temps, des membres du s\u00e9minaire, par des questions, par exemples.<br \/>\nPour \u00e9laborer cette nouvelle \u00ab\u00a0formule\u00a0\u00bb, nous avons gard\u00e9 en t\u00eate, notamment, les s\u00e9ances qui avaient \u00e9t\u00e9 men\u00e9es par Fran\u00e7ois-Ronan Dubois, sur <em>La princesse de Cl\u00e8ves<\/em> et <em>Les liaisons dangereuses<\/em>, mais aussi la s\u00e9ance de G\u00e9rard Langlade sur<em> La Chartreuse de Parme<\/em> ou de B\u00e9reng\u00e8re Basset sur Rabelais, qui ont pu se d\u00e9rouler comme partage des exp\u00e9riences de lecture, discussion sur le sens de l\u2019\u0153uvre et ses enjeux, \u00e0 partir, aussi, de la pr\u00e9sentation de la diversit\u00e9 des lectures, acad\u00e9miques, litt\u00e9raires, etc., auxquelles les \u0153uvres choisies avaient d\u00e9j\u00e0 donn\u00e9 lieu.<br \/>\nRevenir aux lectures disponibles permet s\u00fbrement de se donner un lieu pour la discussion, dans la mesure o\u00f9 elles donnent un point de d\u00e9part, et ne sauraient \u00eatre discut\u00e9es qu&rsquo;en invitant celui qui les discute \u00e0 revenir sur son exp\u00e9rience de lecture. En proc\u00e9dant ainsi, nous esp\u00e9rons donc pouvoir articuler partage des lectures effectives des participants et r\u00e9flexion sur les effets de la lecture, r\u00e9flexion sur les modalit\u00e9s et les enjeux des lectures institu\u00e9es, tout en questionnant la possibilit\u00e9 de l&rsquo;articulation ou du conflit entre diverses attitudes de lecture. Surtout, nous pensons pouvoir retrouver, dans le s\u00e9minaire, ce qui nous tenait \u00e0 c\u0153ur, \u00e0 savoir qu&rsquo;il soit un espace de discussion, ouvert et amical, autour de la litt\u00e9rature.<\/p>\n<p><em>D\u00e9limitations th\u00e9matiques<\/em><\/p>\n<p>Avant de partir d&rsquo;un nouveau pied, et pour d\u00e9finir l\u2019esprit de ces \u00ab\u00a0lectures partag\u00e9es\u00a0\u00bb, nous proposerons une premi\u00e8re s\u00e9ance consacr\u00e9e \u00e0 la d\u00e9finition de ce que nous entendons par exp\u00e9rience de lecture. Pour le dire vite (nous vous renvoyons pour plus de d\u00e9tails \u00e0 l\u2019argumentaire g\u00e9n\u00e9ral du s\u00e9minaire), nous opposons cette exp\u00e9rience de lecture ordinaire \u00e0 la lecture savante, non pas parce que les deux n\u2019auraient rien \u00e0 voir (il nous semble au contraire que la seconde s\u2019ancre dans la premi\u00e8re et se construit par rapport \u00e0 elle), mais parce qu&rsquo;il nous semble que cette exp\u00e9rience premi\u00e8re est souvent oubli\u00e9e, voire d\u00e9consid\u00e9r\u00e9e, dans le milieu universitaire, alors m\u00eame qu\u2019elle est, pensons-nous, fondatrice. Bref, nous proposons donc une s\u00e9ance consacr\u00e9e \u00e0 la pr\u00e9sentation, la clarification de ces notions, et \u00e0 la discussion de ces pr\u00e9suppos\u00e9s. Ce qui nous permettra aussi, \u00e0 l&rsquo;or\u00e9e d&rsquo;une nouvelle ann\u00e9e, de revenir sur les \u00ab\u00a0r\u00e9sultats\u00a0\u00bb des ann\u00e9es pr\u00e9c\u00e9dentes, de revenir sur celles-ci pour en extraire ce qui nous donne autant de points d&rsquo;appui.<\/p>\n<p>Nous proposons \u00e9galement, pour construire le programme de l&rsquo;ann\u00e9e prochaine en \u00e9vitant l\u2019atomisation des s\u00e9ances, mais aussi parce que ce choix est coh\u00e9rent avec nos pr\u00e9suppos\u00e9s th\u00e9oriques, de nous consacrer \u00e0 des \u0153uvres \u00ab\u00a0populaires\u00a0\u00bb, d\u2019une mani\u00e8re ou d\u2019une autre :<\/p>\n<ul>\n<li>il pourra s&rsquo;agir d&rsquo;\u0153uvres classiques ayant fait l\u2019objet de lectures et de r\u00e9appropriations \u00ab non savantes \u00bb selon les crit\u00e8res universitaires actuels, c\u2019est-\u00e0-dire affectives. <em>La Princesse de Cl\u00e8ves<\/em>, par exemple, suscita en son temps des d\u00e9bats sur l\u2019opportunit\u00e9 de l\u2019aveu par l\u2019h\u00e9ro\u00efne \u00e0 son mari de ses sentiments extra-conjugaux, <em>Les souffrances du jeune Werther<\/em> de Goethe, avaient, dit-on, entra\u00een\u00e9 une vague de suicides, <em>La Nouvelle H\u00e9lo\u00efse<\/em> de Rousseau a suscit\u00e9 un nouveau genre litt\u00e9raire, la \u00ab lettre \u00e0 l\u2019\u00e9crivain \u00bb ; <em>La femme de trente ans a valu \u00e0 Balzac<\/em> de recevoir nombre de lettres de femmes enthousiastes,<em> Adolphe<\/em> de Benjamin Constant, qui a eu un grand succ\u00e8s, a donn\u00e9 lieu \u00e0 un intense d\u00e9bat moral entre les lecteurs;<\/li>\n<li>mais aussi d\u2019\u0153uvres classiques aujourd&rsquo;hui consid\u00e9r\u00e9es comme de la litt\u00e9rature facile, pour femmes et\/ou enfants. Par exemple, les romans de Jane Austen ou les romans champ\u00eatres de George Sand (auxquelles deux s\u00e9ances seront consacr\u00e9es), les nouvelles de Stephan Zweig longtemps consid\u00e9r\u00e9 comme un auteur mineur parce que beaucoup lu ;<br \/>\nd\u2019\u0153uvres contemporaines b\u00e9n\u00e9ficiant d&rsquo;une double reconnaissance, populaire et critique, comme celles de Modiano ou Pennac, par exemple ;<\/li>\n<li>d\u2019\u0153uvres ayant fait l&rsquo;objet d&rsquo;une r\u00e9ception particuli\u00e8re : ayant soulev\u00e9, par exemple, un d\u00e9bat politique, une discussion sur les enjeux \u00e9thiques de la litt\u00e9rature ou la responsabilit\u00e9 de l&rsquo;\u00e9crivain, comme <em>Les Bienveillantes<\/em> de B. Littel, par exemple ;<\/li>\n<li>sans oublier les succ\u00e8s ou les red\u00e9couvertes actuelles, qui s&rsquo;accompagnent souvent d&rsquo;actualisations t\u00e9l\u00e9visuelles ou cin\u00e9matographiques : <em>Les aventures de Sherlock Holmes<\/em> de Sir Arthur Conan Doyle, <em>Le seigneur des anneaux<\/em> de Tolkien, <em>Harry Potter<\/em> de J. K. Rowling, les romans de Roal Dahl, de Jules Verne, de Victor Hugo, d&rsquo;Alexandre Dumas, etc.<\/li>\n<\/ul>\n<p>Nous esp\u00e9rons qu\u2019un tel corpus (enti\u00e8rement ouvert \u00e0 vos propositions puisque nous avons seulement donn\u00e9 des exemples) nous permettra de mener de front, au moyen du \u00ab\u00a0dispositif\u00a0\u00bb de partage de lecture, une r\u00e9flexion sur la lecture qu\u2019on dit parfois \u00ab\u00a0na\u00efve\u00a0\u00bb, la lecture non acad\u00e9mique, la lecture d\u2019identification, etc. Encore une fois, nous ne pensons pas qu\u2019il faille opposer cette lecture-l\u00e0 \u00e0 la lecture \u00e9rudite, universitaire, inform\u00e9e, comme si toutes deux n\u2019avaient rien \u00e0 voir, et nous ne pr\u00e9tendons pas plus inverser les cat\u00e9gories, faisant de la lecture \u00ab\u00a0savante\u00a0\u00bb un \u00e9pouvantail ou un repoussoir \u00e0 bannir. Nous voulons seulement r\u00e9fl\u00e9chir dans le cadre de ce s\u00e9minaire \u00e0 ce que signifie lire, \u00e0 ce en quoi consiste cette exp\u00e9rience, aux raisons pour lesquelles nous lisons, nous aimons lire. Et nous souhaitons, avec d\u2019autres du reste, redonner une l\u00e9gitimit\u00e9 \u00e0 cette lecture d\u2019immersion.<\/p>\n<p>Le cadre \u00e9tant ainsi pos\u00e9 pour l\u2019ann\u00e9e prochaine, nous avons d\u00e9cid\u00e9 d\u2019espacer les s\u00e9ances, afin de donner \u00e0 chacun le temps de lire et r\u00e9fl\u00e9chir.<\/p>\n<ul>\n<li>5 novembre 2014, 14 h-16 h (UT2J, Pavillon de la Recherche, OBM1) : Anne Coignard,<em> Lectures na\u00efves, lectures savantes ?<\/em><\/li>\n<li>19 d\u00e9cembre 2014 10 h-12 h (UT2J, Pavillon de la Recherche, OBM 1) : Loreline Courret, <em>Noirceur de Manchette.<\/em><\/li>\n<li>4 f\u00e9vrier 2015, 14 h-16 h (UT2J, Maison de la Recherche, RE207) : Pierre Roncin, <em>Jane Eyre.<\/em><\/li>\n<li>1er avril 2015 (si si), 14 h-16 h (UT2J, Maison de la Recherche) : Anne Coignard,\u00a0<em>Orgueil et Pr\u00e9jug\u00e9s<\/em>.<\/li>\n<li>20 mai 2015, 14 h-16 h : \u00e0 d\u00e9terminer.<\/li>\n<li>24 juin 2015, 14 h-16 h : \u00e0 d\u00e9terminer.<\/li>\n<\/ul>\n<p><strong>PROGRAMMES DES\u00a0ANN\u00c9ES\u00a0<\/strong><b>PR\u00c9C\u00c9DENTES<\/b><\/p>\n<p><strong>Programme de la premi\u00e8re ann\u00e9e de s\u00e9minaire (2012)<\/strong><\/p>\n<p><a href=\"https:\/\/blogs.univ-tlse2.fr\/emma\/files\/2014\/11\/Programme-Emma-2012.pdf\">Programme Emma 2012<\/a><\/p>\n<p><b>Programme de la deuxi\u00e8me ann\u00e9e de s\u00e9minaire\u00a0(2012-2013)<\/b><strong> &#8211; \u00ab\u00a0Exp\u00e9riences de lecture\u00a0\u00bb<\/strong><\/p>\n<p><a href=\"https:\/\/blogs.univ-tlse2.fr\/emma\/files\/2014\/11\/Projet-Emma-2012-2013.pdf\">Projet Emma 2012-2013<\/a><\/p>\n<p><a href=\"https:\/\/blogs.univ-tlse2.fr\/emma\/files\/2014\/11\/Programme-Emma-2012-2013.pdf\">Programme Emma 2012-2013<\/a><\/p>\n<p><b>Programme de la troisi\u00e8me ann\u00e9e de s\u00e9minaire (2013-2014) &#8211; \u00ab\u00a0Philosophie et litt\u00e9rature\u00a0\u00bb<\/b><\/p>\n<p><a href=\"https:\/\/blogs.univ-tlse2.fr\/emma\/files\/2014\/11\/Projet-Emma-2013-2014.pdf\">Projet Emma 2013-2014<\/a><\/p>\n<p><a href=\"https:\/\/blogs.univ-tlse2.fr\/emma\/files\/2014\/11\/Programme-Emma-2013-2014.pdf\">Programme Emma 2013-2014<\/a><\/p>\n<p>&nbsp;<\/p>\n<p>&nbsp;<\/p>\n","protected":false},"excerpt":{"rendered":"<p>PROGRAMME DE\u00a0L\u2019ANN\u00c9E\u00a0EN COURS\u00a0 Apr\u00e8s trois ans de s\u00e9minaire, le bilan de l&rsquo;ann\u00e9e pass\u00e9e s\u2019est av\u00e9r\u00e9 un peu mitig\u00e9 : si toutes les s\u00e9ances \u00e9taient passionnantes, prises individuellement, on a pu souligner le manque de fil directeur. Celui choisi pour l&rsquo;ann\u00e9e 3013-2014, \u00e0 savoir les relations entre philosophie et litt\u00e9rature, a paru en fait trop large. [&hellip;]<\/p>\n","protected":false},"author":1,"featured_media":0,"parent":0,"menu_order":0,"comment_status":"closed","ping_status":"closed","template":"","meta":{"footnotes":""},"class_list":["post-9","page","type-page","status-publish","hentry"],"_links":{"self":[{"href":"https:\/\/blogs.univ-tlse2.fr\/emma\/wp-json\/wp\/v2\/pages\/9","targetHints":{"allow":["GET"]}}],"collection":[{"href":"https:\/\/blogs.univ-tlse2.fr\/emma\/wp-json\/wp\/v2\/pages"}],"about":[{"href":"https:\/\/blogs.univ-tlse2.fr\/emma\/wp-json\/wp\/v2\/types\/page"}],"author":[{"embeddable":true,"href":"https:\/\/blogs.univ-tlse2.fr\/emma\/wp-json\/wp\/v2\/users\/1"}],"replies":[{"embeddable":true,"href":"https:\/\/blogs.univ-tlse2.fr\/emma\/wp-json\/wp\/v2\/comments?post=9"}],"version-history":[{"count":16,"href":"https:\/\/blogs.univ-tlse2.fr\/emma\/wp-json\/wp\/v2\/pages\/9\/revisions"}],"predecessor-version":[{"id":90,"href":"https:\/\/blogs.univ-tlse2.fr\/emma\/wp-json\/wp\/v2\/pages\/9\/revisions\/90"}],"wp:attachment":[{"href":"https:\/\/blogs.univ-tlse2.fr\/emma\/wp-json\/wp\/v2\/media?parent=9"}],"curies":[{"name":"wp","href":"https:\/\/api.w.org\/{rel}","templated":true}]}}