 {"id":349,"date":"2024-03-26T14:40:57","date_gmt":"2024-03-26T13:40:57","guid":{"rendered":"https:\/\/blogs.univ-tlse2.fr\/enfantsetanimaux\/?page_id=349"},"modified":"2024-03-26T15:13:06","modified_gmt":"2024-03-26T14:13:06","slug":"le-duel-des-cameras","status":"publish","type":"page","link":"https:\/\/blogs.univ-tlse2.fr\/enfantsetanimaux\/le-duel-des-cameras\/","title":{"rendered":"Le duel des cam\u00e9ras"},"content":{"rendered":"\n<figure class=\"wp-block-image size-large\"><img loading=\"lazy\" decoding=\"async\" width=\"1024\" height=\"1024\" src=\"https:\/\/blogs.univ-tlse2.fr\/enfantsetanimaux\/files\/2024\/03\/Camra-1024x1024.png\" alt=\"\" class=\"wp-image-256\" srcset=\"https:\/\/blogs.univ-tlse2.fr\/enfantsetanimaux\/files\/2024\/03\/Camra-1024x1024.png 1024w, https:\/\/blogs.univ-tlse2.fr\/enfantsetanimaux\/files\/2024\/03\/Camra-300x300.png 300w, https:\/\/blogs.univ-tlse2.fr\/enfantsetanimaux\/files\/2024\/03\/Camra-150x150.png 150w, https:\/\/blogs.univ-tlse2.fr\/enfantsetanimaux\/files\/2024\/03\/Camra-768x768.png 768w, https:\/\/blogs.univ-tlse2.fr\/enfantsetanimaux\/files\/2024\/03\/Camra-1536x1536.png 1536w, https:\/\/blogs.univ-tlse2.fr\/enfantsetanimaux\/files\/2024\/03\/Camra.png 2048w\" sizes=\"auto, (max-width: 1024px) 100vw, 1024px\" \/><\/figure>\n\n\n\n<p>Notre mascotte \u00ab\u00a0Cam&rsquo;ra\u00a0\u00bb vous pr\u00e9sente l&rsquo;\u00e9mission cam\u00e9ra contre cam\u00e9ra :<\/p>\n\n\n\n<p>Les cam\u00e9ras d&rsquo;Artigues Campan (65) contre celles de Ramonville (31)<\/p>\n\n\n\n<figure class=\"wp-block-image size-large\"><img loading=\"lazy\" decoding=\"async\" width=\"683\" height=\"1024\" src=\"https:\/\/blogs.univ-tlse2.fr\/enfantsetanimaux\/files\/2024\/01\/photo-piege-683x1024.png\" alt=\"\" class=\"wp-image-162\" srcset=\"https:\/\/blogs.univ-tlse2.fr\/enfantsetanimaux\/files\/2024\/01\/photo-piege-683x1024.png 683w, https:\/\/blogs.univ-tlse2.fr\/enfantsetanimaux\/files\/2024\/01\/photo-piege-200x300.png 200w, https:\/\/blogs.univ-tlse2.fr\/enfantsetanimaux\/files\/2024\/01\/photo-piege.png 750w\" sizes=\"auto, (max-width: 683px) 100vw, 683px\" \/><figcaption class=\"wp-element-caption\"><strong>Pi\u00e8ge photographique<\/strong><\/figcaption><\/figure>\n\n\n\n<p>\u00ab Artigues : Nous avons \u00e9t\u00e9 plac\u00e9es \u00e0 Artigues Campan pendant 3 jours et 3 nuits en Septembre, nous avions la belle vue, pr\u00e8s d&rsquo;un ruisseau, \u00e0 l&rsquo;aise sangl\u00e9es sur nos arbres, tranquilles, en lisi\u00e8re de for\u00eat.<\/p>\n\n\n\n<p>Ramonville : Nous, on a \u00e9t\u00e9 plac\u00e9es 2 mois \u00e0 Ramonville en Septembre\/Octobre. Et on sera plac\u00e9es encore plus longtemps ! &#8230;Vous avez de la chance d&rsquo;avoir \u00e9t\u00e9 tranquilles, nous, m\u00eame en lisi\u00e8re de for\u00eat, on entendait au loin le bruit des humains, moteurs de voitures ou musique des salles de concert !<\/p>\n\n\n\n<p>A : Malgr\u00e9, la magnifique vue que nous avions, il faut bien dire qu&rsquo;on avait froid ! Et en plus un sangler s&rsquo;est frott\u00e9 contre l&rsquo;arbre o\u00f9 l&rsquo;une de nous \u00e9tait fix\u00e9e ! &#8230; il ne sentait pas la rose&#8230;<\/p>\n\n\n\n<p>R : Ah oui, \u00e7a y est, maintenant tu veux qu&rsquo;on parle des animaux que l&rsquo;on a vus ?<\/p>\n\n\n\n<p>A : Ben oui, si on pr\u00e9sente cet article, c&rsquo;est bien pour parler des animaux que l&rsquo;on a film\u00e9s ! Pas de la m\u00e9t\u00e9o ! De toutes fa\u00e7ons, je suis s\u00fbre de gagner avec tous les animaux que j&rsquo;ai observ\u00e9s ! Bats-toi si t\u2019es une cam\u00e9ra !<\/p>\n\n\n\n<p>R : Pour commencer, tu en parlais, on a vu des sangliers !<\/p>\n\n\n\n<p>A : Nous on en a vu pleins ! Qu\u2019est-ce que tu crois ?<\/p>\n\n\n\n<figure class=\"wp-block-video\"><video controls src=\"https:\/\/prismes.univ-toulouse.fr\/video.php?code=8xFV0140&amp;width=100%&amp;height=100%\"><\/video><\/figure>\n\n\n\n<p>R : Je crois que vous n\u2019avez pas vu de renards vous !<\/p>\n\n\n\n<p>A : Tu plaisantes, bien s\u00fbr qu\u2019on a film\u00e9 un renard ! J\u2019ai m\u00eame vu des cerfs, une biche et un faon ! Et vous ?<\/p>\n\n\n\n<p>R : Nous on a film\u00e9 des chevreuils.<\/p>\n\n\n\n<p>A : Oui mais \u00e7a compte pas si vous n\u2019avez pas vu de chevrette ou de faon \u2026<\/p>\n\n\n\n<p>R : Ben justement, chevrette et faon sont dans nos cartes-m\u00e9moires !<\/p>\n\n\n\n<p>A : Moi j\u2019ai vu un mulot, t\u2019as plus grand ?<\/p>\n\n\n\n<p>R : un li\u00e8vre !<\/p>\n\n\n\n<p>A : ok pas mal pas mal, nous on a une chauve-souris sur nos vid\u00e9os<\/p>\n\n\n\n<p>R : On a fait mieux \u2026 trouve ma botte secr\u00e8te avec cette devinette :<\/p>\n\n\n\n<p>Je suis un mammif\u00e8re carnivore de la taille d\u2019un chat<\/p>\n\n\n\n<p>A : t\u2019as pas d\u2019autres indices ?<\/p>\n\n\n\n<p>R : je suis un excellent grimpeur et je suis nocturne<\/p>\n\n\n\n<p>A : moi aussi je sais grimper aux arbres et je filme la nuit<\/p>\n\n\n\n<p>R : Mais non, je ne parle pas de nous c\u2019est toujours la devinette !<\/p>\n\n\n\n<p>A : autre indice ?<\/p>\n\n\n\n<p>R : je ressemble \u00e0 un chat mais je n\u2019en suis pas un, je suis tachet\u00e9 et ma queue est cylindrique<\/p>\n\n\n\n<p>A : Comment ? Vous avez film\u00e9 une genette ???<\/p>\n\n\n\n<figure class=\"wp-block-video\"><video controls src=\"https:\/\/prismes.univ-toulouse.fr\/video.php?code=DfWeU1JD&amp;width=100%&amp;height=100%\"><\/video><\/figure>\n\n\n\n<p>R : Et oui ! On a m\u00eame cru apercevoir un chat forestier, il faudra encore expertiser ces images \u2026<\/p>\n\n\n\n<figure class=\"wp-block-video\"><video controls src=\"https:\/\/prismes.univ-toulouse.fr\/video.php?code=OFDh4aY9&amp;width=100%&amp;height=100%\"><\/video><\/figure>\n\n\n\n<p>Alors tu imaginais cette biodiversit\u00e9 chez nous ? Bon, en m\u00eame temps, on est rest\u00e9es plus longtemps que vous, on ne peut pas vraiment comparer : )&nbsp;\u00bb<\/p>\n","protected":false},"excerpt":{"rendered":"<p>Notre mascotte \u00ab\u00a0Cam&rsquo;ra\u00a0\u00bb vous pr\u00e9sente l&rsquo;\u00e9mission cam\u00e9ra contre cam\u00e9ra : Les cam\u00e9ras d&rsquo;Artigues Campan (65) contre celles de Ramonville (31) \u00ab Artigues : Nous avons \u00e9t\u00e9 plac\u00e9es \u00e0 Artigues Campan pendant 3 jours et 3 nuits en Septembre, nous avions &hellip; <a href=\"https:\/\/blogs.univ-tlse2.fr\/enfantsetanimaux\/le-duel-des-cameras\/\">Continuer la lecture <span class=\"meta-nav\">&rarr;<\/span><\/a><\/p>\n","protected":false},"author":1376,"featured_media":0,"parent":0,"menu_order":0,"comment_status":"closed","ping_status":"closed","template":"","meta":{"footnotes":""},"class_list":["post-349","page","type-page","status-publish","hentry"],"_links":{"self":[{"href":"https:\/\/blogs.univ-tlse2.fr\/enfantsetanimaux\/wp-json\/wp\/v2\/pages\/349","targetHints":{"allow":["GET"]}}],"collection":[{"href":"https:\/\/blogs.univ-tlse2.fr\/enfantsetanimaux\/wp-json\/wp\/v2\/pages"}],"about":[{"href":"https:\/\/blogs.univ-tlse2.fr\/enfantsetanimaux\/wp-json\/wp\/v2\/types\/page"}],"author":[{"embeddable":true,"href":"https:\/\/blogs.univ-tlse2.fr\/enfantsetanimaux\/wp-json\/wp\/v2\/users\/1376"}],"replies":[{"embeddable":true,"href":"https:\/\/blogs.univ-tlse2.fr\/enfantsetanimaux\/wp-json\/wp\/v2\/comments?post=349"}],"version-history":[{"count":11,"href":"https:\/\/blogs.univ-tlse2.fr\/enfantsetanimaux\/wp-json\/wp\/v2\/pages\/349\/revisions"}],"predecessor-version":[{"id":360,"href":"https:\/\/blogs.univ-tlse2.fr\/enfantsetanimaux\/wp-json\/wp\/v2\/pages\/349\/revisions\/360"}],"wp:attachment":[{"href":"https:\/\/blogs.univ-tlse2.fr\/enfantsetanimaux\/wp-json\/wp\/v2\/media?parent=349"}],"curies":[{"name":"wp","href":"https:\/\/api.w.org\/{rel}","templated":true}]}}