 {"id":362,"date":"2024-03-26T15:16:26","date_gmt":"2024-03-26T14:16:26","guid":{"rendered":"https:\/\/blogs.univ-tlse2.fr\/enfantsetanimaux\/?page_id=362"},"modified":"2024-05-07T14:44:43","modified_gmt":"2024-05-07T12:44:43","slug":"petits-jeux-pour-se-detendre","status":"publish","type":"page","link":"https:\/\/blogs.univ-tlse2.fr\/enfantsetanimaux\/petits-jeux-pour-se-detendre\/","title":{"rendered":"Petits jeux pour se d\u00e9tendre"},"content":{"rendered":"\n<figure class=\"wp-block-image size-large\"><img loading=\"lazy\" decoding=\"async\" width=\"1024\" height=\"667\" src=\"https:\/\/blogs.univ-tlse2.fr\/enfantsetanimaux\/files\/2023\/12\/Sangliers-1024x667.png\" alt=\"\" class=\"wp-image-27\" srcset=\"https:\/\/blogs.univ-tlse2.fr\/enfantsetanimaux\/files\/2023\/12\/Sangliers-1024x667.png 1024w, https:\/\/blogs.univ-tlse2.fr\/enfantsetanimaux\/files\/2023\/12\/Sangliers-300x195.png 300w, https:\/\/blogs.univ-tlse2.fr\/enfantsetanimaux\/files\/2023\/12\/Sangliers-768x500.png 768w, https:\/\/blogs.univ-tlse2.fr\/enfantsetanimaux\/files\/2023\/12\/Sangliers-1536x1000.png 1536w, https:\/\/blogs.univ-tlse2.fr\/enfantsetanimaux\/files\/2023\/12\/Sangliers.png 1570w\" sizes=\"auto, (max-width: 1024px) 100vw, 1024px\" \/><\/figure>\n\n\n\n<p><strong>Charades<\/strong><\/p>\n\n\n\n<p>1- Mon premier est le contraire de chevelu.<\/p>\n\n\n\n<p>Mon second est un animal plus petit que le rat.<\/p>\n\n\n\n<p>Mon tout dort la t\u00eate en en bas.<\/p>\n\n\n\n<p>Qui suis-je&nbsp;?<\/p>\n\n\n\n<p>2 &#8211; Mon premier est la premi\u00e8re lettre de serpent.<\/p>\n\n\n\n<p>Mon second s\u2019entend 2 fois dans enfant.<\/p>\n\n\n\n<p>Mon troisi\u00e8me constitue les 2 premi\u00e8res lettres de gland.<\/p>\n\n\n\n<p>Mon quatri\u00e8me est la neuvi\u00e8me lettre de l\u2019alphabet.<\/p>\n\n\n\n<p>Mon cinqui\u00e8me est la terminaison des verbes du 1<sup>er<\/sup>&nbsp;groupe.<\/p>\n\n\n\n<p>Mon tout a des d\u00e9fenses.<\/p>\n\n\n\n<p>Qui suis-je&nbsp;?<\/p>\n\n\n\n<p>3 &#8211; Mon premier est la premi\u00e8re syllabe de chemin.<\/p>\n\n\n\n<p>Mon second se compose des 2 derni\u00e8res consonnes de ch\u00e8vre.<\/p>\n\n\n\n<p>Mon troisi\u00e8me est ce qui nous permet de voir.<\/p>\n\n\n\n<p>Mon tout est un animal.<\/p>\n\n\n\n<p>Qui suis-je&nbsp;?<\/p>\n\n\n\n<p><\/p>\n\n\n\n<p><strong>Devinettes<\/strong><\/p>\n\n\n\n<p>1-<\/p>\n\n\n\n<p>Je peux \u00eatre invasif<\/p>\n\n\n\n<p>Je suis un oiseau<\/p>\n\n\n\n<p>Je suis souvent gris et blanc.<\/p>\n\n\n\n<p>Je suis tr\u00e8s pr\u00e9sent \u00e0 Paris.<\/p>\n\n\n\n<p>Qui suis-je&nbsp;?<\/p>\n\n\n\n<p>2 &#8211; Je suis un mammif\u00e8re blanc et noir, qui vit dans un terrier et \u00e0 l\u2019abri des regards&nbsp;?<\/p>\n\n\n\n<p>Qui suis-je&nbsp;?<\/p>\n\n\n\n<p><\/p>\n\n\n\n<p><strong>Quizz<\/strong><\/p>\n\n\n\n<p>1 &#8211; Le sanglier vit-il souvent en troupe appel\u00e9e compagnie ?<\/p>\n\n\n\n<p>2 &#8211; Le chat forestier est-il en danger&nbsp;?<\/p>\n\n\n\n<p>3 &#8211; Quel est l\u2019habitat du blaireau&nbsp;?<\/p>\n\n\n\n<ul class=\"wp-block-list\">\n<li>Terrier<\/li>\n\n\n\n<li>Dans la paille<\/li>\n\n\n\n<li>Sans habitat<\/li>\n<\/ul>\n\n\n\n<p><\/p>\n\n\n\n<figure class=\"wp-block-video\"><video controls src=\"https:\/\/prismes.univ-toulouse.fr\/video.php?code=4H175x7t&amp;width=100%&amp;height=100%\"><\/video><\/figure>\n\n\n\n<p><strong>R\u00e9ponses<\/strong><\/p>\n\n\n\n<p><\/p>\n\n\n\n<p><strong>Charades<\/strong><\/p>\n\n\n\n<p>1- Chauve-souris<\/p>\n\n\n\n<p>2- Sanglier<\/p>\n\n\n\n<p>3- Chevreuil<\/p>\n\n\n\n<p><\/p>\n\n\n\n<figure class=\"wp-block-image size-large\"><img loading=\"lazy\" decoding=\"async\" width=\"1024\" height=\"654\" src=\"https:\/\/blogs.univ-tlse2.fr\/enfantsetanimaux\/files\/2024\/03\/Chevreuil-velours-1024x654.png\" alt=\"\" class=\"wp-image-280\" srcset=\"https:\/\/blogs.univ-tlse2.fr\/enfantsetanimaux\/files\/2024\/03\/Chevreuil-velours-1024x654.png 1024w, https:\/\/blogs.univ-tlse2.fr\/enfantsetanimaux\/files\/2024\/03\/Chevreuil-velours-300x192.png 300w, https:\/\/blogs.univ-tlse2.fr\/enfantsetanimaux\/files\/2024\/03\/Chevreuil-velours-768x491.png 768w, https:\/\/blogs.univ-tlse2.fr\/enfantsetanimaux\/files\/2024\/03\/Chevreuil-velours-1536x981.png 1536w, https:\/\/blogs.univ-tlse2.fr\/enfantsetanimaux\/files\/2024\/03\/Chevreuil-velours.png 1994w\" sizes=\"auto, (max-width: 1024px) 100vw, 1024px\" \/><\/figure>\n\n\n\n<p><strong>Devinettes<\/strong><\/p>\n\n\n\n<p>1- Pigeon<\/p>\n\n\n\n<p>2- Blaireau<\/p>\n\n\n\n<p><\/p>\n\n\n\n<p><strong>Quizz<\/strong><\/p>\n\n\n\n<p>1- Oui<\/p>\n\n\n\n<p>2- Oui<\/p>\n\n\n\n<p>3- Terrier<\/p>\n\n\n\n<figure class=\"wp-block-video\"><video controls src=\"https:\/\/prismes.univ-toulouse.fr\/video.php?code=yiN594li&amp;width=100%&amp;height=100%\"><\/video><\/figure>\n","protected":false},"excerpt":{"rendered":"<p>Charades 1- Mon premier est le contraire de chevelu. Mon second est un animal plus petit que le rat. Mon tout dort la t\u00eate en en bas. Qui suis-je&nbsp;? 2 &#8211; Mon premier est la premi\u00e8re lettre de serpent. Mon &hellip; <a href=\"https:\/\/blogs.univ-tlse2.fr\/enfantsetanimaux\/petits-jeux-pour-se-detendre\/\">Continuer la lecture <span class=\"meta-nav\">&rarr;<\/span><\/a><\/p>\n","protected":false},"author":1376,"featured_media":0,"parent":0,"menu_order":0,"comment_status":"closed","ping_status":"closed","template":"","meta":{"footnotes":""},"class_list":["post-362","page","type-page","status-publish","hentry"],"_links":{"self":[{"href":"https:\/\/blogs.univ-tlse2.fr\/enfantsetanimaux\/wp-json\/wp\/v2\/pages\/362","targetHints":{"allow":["GET"]}}],"collection":[{"href":"https:\/\/blogs.univ-tlse2.fr\/enfantsetanimaux\/wp-json\/wp\/v2\/pages"}],"about":[{"href":"https:\/\/blogs.univ-tlse2.fr\/enfantsetanimaux\/wp-json\/wp\/v2\/types\/page"}],"author":[{"embeddable":true,"href":"https:\/\/blogs.univ-tlse2.fr\/enfantsetanimaux\/wp-json\/wp\/v2\/users\/1376"}],"replies":[{"embeddable":true,"href":"https:\/\/blogs.univ-tlse2.fr\/enfantsetanimaux\/wp-json\/wp\/v2\/comments?post=362"}],"version-history":[{"count":12,"href":"https:\/\/blogs.univ-tlse2.fr\/enfantsetanimaux\/wp-json\/wp\/v2\/pages\/362\/revisions"}],"predecessor-version":[{"id":528,"href":"https:\/\/blogs.univ-tlse2.fr\/enfantsetanimaux\/wp-json\/wp\/v2\/pages\/362\/revisions\/528"}],"wp:attachment":[{"href":"https:\/\/blogs.univ-tlse2.fr\/enfantsetanimaux\/wp-json\/wp\/v2\/media?parent=362"}],"curies":[{"name":"wp","href":"https:\/\/api.w.org\/{rel}","templated":true}]}}