 {"id":415,"date":"2024-04-04T17:22:45","date_gmt":"2024-04-04T15:22:45","guid":{"rendered":"https:\/\/blogs.univ-tlse2.fr\/enfantsetanimaux\/?page_id=415"},"modified":"2024-05-01T16:51:23","modified_gmt":"2024-05-01T14:51:23","slug":"bilan-de-nos-videos-article-en-construction","status":"publish","type":"page","link":"https:\/\/blogs.univ-tlse2.fr\/enfantsetanimaux\/bilan-de-nos-videos-article-en-construction\/","title":{"rendered":"Bilan de nos vid\u00e9os"},"content":{"rendered":"\n<p>Nos deux cam\u00e9ras ont \u00e9t\u00e9 plac\u00e9es \u00e0 Ramonville pendant 6 mois de septembre 2023 \u00e0 f\u00e9vrier 2024<\/p>\n\n\n\n<figure class=\"wp-block-image size-large is-resized\"><img loading=\"lazy\" decoding=\"async\" width=\"1024\" height=\"810\" src=\"https:\/\/blogs.univ-tlse2.fr\/enfantsetanimaux\/files\/2024\/04\/Graph-1-1024x810.png\" alt=\"\" class=\"wp-image-420\" style=\"width:669px;height:auto\" srcset=\"https:\/\/blogs.univ-tlse2.fr\/enfantsetanimaux\/files\/2024\/04\/Graph-1-1024x810.png 1024w, https:\/\/blogs.univ-tlse2.fr\/enfantsetanimaux\/files\/2024\/04\/Graph-1-300x237.png 300w, https:\/\/blogs.univ-tlse2.fr\/enfantsetanimaux\/files\/2024\/04\/Graph-1-768x607.png 768w, https:\/\/blogs.univ-tlse2.fr\/enfantsetanimaux\/files\/2024\/04\/Graph-1-1536x1215.png 1536w, https:\/\/blogs.univ-tlse2.fr\/enfantsetanimaux\/files\/2024\/04\/Graph-1.png 1578w\" sizes=\"auto, (max-width: 1024px) 100vw, 1024px\" \/><figcaption class=\"wp-element-caption\"><strong>Nombre total de vid\u00e9os de nos deux cam\u00e9ras en six mois d&rsquo;observation<\/strong><\/figcaption><\/figure>\n\n\n\n<p>Description : il s\u2019agit d\u2019un graphique rond ou camembert avec des animaux et&nbsp; plusieurs couleurs pour reconnaitre les diff\u00e9rents animaux.<\/p>\n\n\n\n<p>On a eu environ 1330 vid\u00e9os d\u2019animaux en 6 mois.<\/p>\n\n\n\n<p>On peut lire qu\u2019il y a pour :<\/p>\n\n\n\n<p>le sanglier : 750 vid\u00e9os prises en&nbsp; 6 mois<\/p>\n\n\n\n<p>le chevreuil : 432 vid\u00e9os prises en&nbsp; 6 mois<\/p>\n\n\n\n<p>le li\u00e8vre : 72 vid\u00e9os prises en&nbsp; 6 mois<\/p>\n\n\n\n<p>le renard : 36 vid\u00e9os prises en&nbsp; 6 mois<\/p>\n\n\n\n<p>le blaireau: 30 vid\u00e9os prises en&nbsp; 6 mois<\/p>\n\n\n\n<p>l\u2019\u00e9cureuil : 2 vid\u00e9os prises en&nbsp; 6 mois<\/p>\n\n\n\n<p>&nbsp;et 1 seule vid\u00e9o prise en 6 mois pour la genette, le chat forestier, la martre, le pigeon ramier, la pie, le pic-vert et le merle.<\/p>\n\n\n\n<p>Les sangliers sont pass\u00e9s plus de fois devant les cam\u00e9ras que les autres esp\u00e8ces. Les sangliers sont plus nombreux car moins rares.<\/p>\n\n\n\n<figure class=\"wp-block-image size-large\"><img loading=\"lazy\" decoding=\"async\" width=\"1024\" height=\"675\" src=\"https:\/\/blogs.univ-tlse2.fr\/enfantsetanimaux\/files\/2024\/04\/Graph-2-1024x675.png\" alt=\"\" class=\"wp-image-421\" srcset=\"https:\/\/blogs.univ-tlse2.fr\/enfantsetanimaux\/files\/2024\/04\/Graph-2-1024x675.png 1024w, https:\/\/blogs.univ-tlse2.fr\/enfantsetanimaux\/files\/2024\/04\/Graph-2-300x198.png 300w, https:\/\/blogs.univ-tlse2.fr\/enfantsetanimaux\/files\/2024\/04\/Graph-2-768x507.png 768w, https:\/\/blogs.univ-tlse2.fr\/enfantsetanimaux\/files\/2024\/04\/Graph-2-1536x1013.png 1536w, https:\/\/blogs.univ-tlse2.fr\/enfantsetanimaux\/files\/2024\/04\/Graph-2.png 1862w\" sizes=\"auto, (max-width: 1024px) 100vw, 1024px\" \/><figcaption class=\"wp-element-caption\"><strong>Vid\u00e9os la nuit ou le jour pour chaque esp\u00e8ce<\/strong><\/figcaption><\/figure>\n\n\n\n<p>Le graphique&nbsp; repr\u00e9sente le bilan de toutes nos vid\u00e9os et le nombre d\u2019esp\u00e8ces vues en 6 mois.<\/p>\n\n\n\n<p>On peut voir sur la gauche, en noir, les animaux qui sont pass\u00e9s la nuit et \u00e0 droite en bleu ceux qui sont pass\u00e9s le jour.<\/p>\n\n\n\n<p>Les animaux film\u00e9s par les cam\u00e9ras la nuit, sont : le sanglier, le chevreuil,&nbsp; le li\u00e8vre, le renard, le blaireau, la genette, le chat forestier, la martre.<\/p>\n\n\n\n<p>Les animaux film\u00e9s par les cam\u00e9ras le jour, sont : le chevreuil,&nbsp; le li\u00e8vre, l\u2019\u00e9cureuil, le pigeon ramier, la pie, le pic-vert, le faisan, le merle.<\/p>\n\n\n\n<p>La nuit, la genette, le chat forestier, la martre sont vus 1 seule fois.<\/p>\n\n\n\n<p>Le jour, le pigeon ramier, la pie, le pic-vert, le faisan, le merle sont vus 1 seule fois.<\/p>\n\n\n\n<p>Nos hypoth\u00e8ses :<\/p>\n\n\n\n<p>On remarque qu\u2019il y a plus d\u2019animaux nocturnes que diurnes, car les animaux pr\u00e9f\u00e8rent le calme et la tranquillit\u00e9&nbsp; et ne sortent pas en raison des humains et de leurs activit\u00e9s.<\/p>\n\n\n\n<p>On voit que le sanglier et le blaireau ne sont pris en vid\u00e9o que la nuit, on peut donc en d\u00e9duire qu\u2019ils sont nocturnes.<\/p>\n\n\n\n<figure class=\"wp-block-image size-large is-resized\"><img loading=\"lazy\" decoding=\"async\" width=\"1024\" height=\"570\" src=\"https:\/\/blogs.univ-tlse2.fr\/enfantsetanimaux\/files\/2024\/05\/BD-sangliers-1024x570.jpg\" alt=\"\" class=\"wp-image-504\" style=\"width:456px;height:auto\" srcset=\"https:\/\/blogs.univ-tlse2.fr\/enfantsetanimaux\/files\/2024\/05\/BD-sangliers-1024x570.jpg 1024w, https:\/\/blogs.univ-tlse2.fr\/enfantsetanimaux\/files\/2024\/05\/BD-sangliers-300x167.jpg 300w, https:\/\/blogs.univ-tlse2.fr\/enfantsetanimaux\/files\/2024\/05\/BD-sangliers-768x428.jpg 768w, https:\/\/blogs.univ-tlse2.fr\/enfantsetanimaux\/files\/2024\/05\/BD-sangliers-1536x856.jpg 1536w, https:\/\/blogs.univ-tlse2.fr\/enfantsetanimaux\/files\/2024\/05\/BD-sangliers.jpg 1603w\" sizes=\"auto, (max-width: 1024px) 100vw, 1024px\" \/><\/figure>\n\n\n\n<p>L\u2019\u00e9cureuil est observ\u00e9 le jour, il est donc diurne.<\/p>\n\n\n\n<p>Les oiseaux aussi sont observ\u00e9s le jour, car ils peuvent s\u2019envoler rapidement pour \u00e9chapper aux humains.<\/p>\n\n\n\n<p>Le chevreuil est \u00e0 la fois nocturne et diurne, mais il est plus m\u00e9fiant le jour ce qui justifie le surplus de vid\u00e9os la nuit.<\/p>\n\n\n\n<p>Le li\u00e8vre c\u2019est approximativement la m\u00eame chose mais avec moins de vid\u00e9os.<\/p>\n\n\n\n<p>On voit moins le renard car il est plus rus\u00e9, on le voit fixer l\u2019objectif de la cam\u00e9ra sur une vid\u00e9o.<\/p>\n\n\n\n<p>Nous avons 2 vid\u00e9os de blaireau la nuit car les scientifiques ont pos\u00e9 une cam\u00e9ra devant leur terrier.<\/p>\n\n\n\n<figure class=\"wp-block-image size-large is-resized\"><img loading=\"lazy\" decoding=\"async\" width=\"1024\" height=\"720\" src=\"https:\/\/blogs.univ-tlse2.fr\/enfantsetanimaux\/files\/2024\/04\/Graph-3-1024x720.png\" alt=\"\" class=\"wp-image-422\" style=\"width:670px;height:auto\" srcset=\"https:\/\/blogs.univ-tlse2.fr\/enfantsetanimaux\/files\/2024\/04\/Graph-3-1024x720.png 1024w, https:\/\/blogs.univ-tlse2.fr\/enfantsetanimaux\/files\/2024\/04\/Graph-3-300x211.png 300w, https:\/\/blogs.univ-tlse2.fr\/enfantsetanimaux\/files\/2024\/04\/Graph-3-768x540.png 768w, https:\/\/blogs.univ-tlse2.fr\/enfantsetanimaux\/files\/2024\/04\/Graph-3-1536x1080.png 1536w, https:\/\/blogs.univ-tlse2.fr\/enfantsetanimaux\/files\/2024\/04\/Graph-3.png 1698w\" sizes=\"auto, (max-width: 1024px) 100vw, 1024px\" \/><figcaption class=\"wp-element-caption\"><strong>Nombre maximum d&rsquo;individus de la m\u00eame esp\u00e8ce observ\u00e9s sur une seule vid\u00e9o<\/strong><\/figcaption><\/figure>\n\n\n\n<p>Description : il s\u2019agit d\u2019un graphique en b\u00e2tons qui repr\u00e9sente le nombre d\u2019individus maximum observ\u00e9s sur une seule vid\u00e9o.<\/p>\n\n\n\n<p>On trouve 6 esp\u00e8ces diff\u00e9rentes : sanglier, chevreuil, li\u00e8vre, renard, blaireau, \u00e9cureuil. Ce sont tous des mammif\u00e8res.<\/p>\n\n\n\n<p>On aper\u00e7oit qu\u2019il y a 11 sangliers qui se sont d\u00e9plac\u00e9s. Les chevreuils eux \u00e9taient 4,<\/p>\n\n\n\n<p>&nbsp;les li\u00e8vres 3, les renards et les blaireaux 2. Enfin, l\u2019\u00e9cureuil \u00e9tait seul.<\/p>\n\n\n\n<p>On observe qu\u2019ils sont tous en groupe sauf l\u2019\u00e9cureuil.<\/p>\n\n\n\n<figure class=\"wp-block-image size-large is-resized\"><img loading=\"lazy\" decoding=\"async\" width=\"1024\" height=\"831\" src=\"https:\/\/blogs.univ-tlse2.fr\/enfantsetanimaux\/files\/2024\/05\/mascotte-graphique-1024x831.jpg\" alt=\"\" class=\"wp-image-507\" style=\"width:435px;height:auto\" srcset=\"https:\/\/blogs.univ-tlse2.fr\/enfantsetanimaux\/files\/2024\/05\/mascotte-graphique-1024x831.jpg 1024w, https:\/\/blogs.univ-tlse2.fr\/enfantsetanimaux\/files\/2024\/05\/mascotte-graphique-300x243.jpg 300w, https:\/\/blogs.univ-tlse2.fr\/enfantsetanimaux\/files\/2024\/05\/mascotte-graphique-768x623.jpg 768w, https:\/\/blogs.univ-tlse2.fr\/enfantsetanimaux\/files\/2024\/05\/mascotte-graphique-1536x1247.jpg 1536w, https:\/\/blogs.univ-tlse2.fr\/enfantsetanimaux\/files\/2024\/05\/mascotte-graphique.jpg 1699w\" sizes=\"auto, (max-width: 1024px) 100vw, 1024px\" \/><\/figure>\n\n\n\n<p>Nos hypoth\u00e8ses:<\/p>\n\n\n\n<p>Les sangliers se d\u00e9placent en groupe, la harde.<\/p>\n\n\n\n<p>Les chevreuils sont s\u00fbrement en famille.<\/p>\n\n\n\n<p>Il est possible que les li\u00e8vres, renards et blaireaux soient en p\u00e9riode de reproduction car ils se d\u00e9placent souvent en solitaire.<\/p>\n","protected":false},"excerpt":{"rendered":"<p>Nos deux cam\u00e9ras ont \u00e9t\u00e9 plac\u00e9es \u00e0 Ramonville pendant 6 mois de septembre 2023 \u00e0 f\u00e9vrier 2024 Description : il s\u2019agit d\u2019un graphique rond ou camembert avec des animaux et&nbsp; plusieurs couleurs pour reconnaitre les diff\u00e9rents animaux. On a eu &hellip; <a href=\"https:\/\/blogs.univ-tlse2.fr\/enfantsetanimaux\/bilan-de-nos-videos-article-en-construction\/\">Continuer la lecture <span class=\"meta-nav\">&rarr;<\/span><\/a><\/p>\n","protected":false},"author":1376,"featured_media":0,"parent":0,"menu_order":0,"comment_status":"closed","ping_status":"closed","template":"","meta":{"footnotes":""},"class_list":["post-415","page","type-page","status-publish","hentry"],"_links":{"self":[{"href":"https:\/\/blogs.univ-tlse2.fr\/enfantsetanimaux\/wp-json\/wp\/v2\/pages\/415","targetHints":{"allow":["GET"]}}],"collection":[{"href":"https:\/\/blogs.univ-tlse2.fr\/enfantsetanimaux\/wp-json\/wp\/v2\/pages"}],"about":[{"href":"https:\/\/blogs.univ-tlse2.fr\/enfantsetanimaux\/wp-json\/wp\/v2\/types\/page"}],"author":[{"embeddable":true,"href":"https:\/\/blogs.univ-tlse2.fr\/enfantsetanimaux\/wp-json\/wp\/v2\/users\/1376"}],"replies":[{"embeddable":true,"href":"https:\/\/blogs.univ-tlse2.fr\/enfantsetanimaux\/wp-json\/wp\/v2\/comments?post=415"}],"version-history":[{"count":7,"href":"https:\/\/blogs.univ-tlse2.fr\/enfantsetanimaux\/wp-json\/wp\/v2\/pages\/415\/revisions"}],"predecessor-version":[{"id":509,"href":"https:\/\/blogs.univ-tlse2.fr\/enfantsetanimaux\/wp-json\/wp\/v2\/pages\/415\/revisions\/509"}],"wp:attachment":[{"href":"https:\/\/blogs.univ-tlse2.fr\/enfantsetanimaux\/wp-json\/wp\/v2\/media?parent=415"}],"curies":[{"name":"wp","href":"https:\/\/api.w.org\/{rel}","templated":true}]}}