 {"id":426,"date":"2024-04-08T16:13:22","date_gmt":"2024-04-08T14:13:22","guid":{"rendered":"https:\/\/blogs.univ-tlse2.fr\/enfantsetanimaux\/?page_id=426"},"modified":"2024-04-11T07:46:16","modified_gmt":"2024-04-11T05:46:16","slug":"ce-que-lon-pense-avant-de-partir-en-classe-decouverte","status":"publish","type":"page","link":"https:\/\/blogs.univ-tlse2.fr\/enfantsetanimaux\/ce-que-lon-pense-avant-de-partir-en-classe-decouverte\/","title":{"rendered":"Ce que l&rsquo;on pense sur la biodiversit\u00e9 avant de partir en classe d\u00e9couverte"},"content":{"rendered":"\n<p>La semaine avant le d\u00e9part pour la montagne, les \u00e9l\u00e8ves sont \u00e9t\u00e9 questionn\u00e9s sur leurs connaissances de la montagne. Voici quelques r\u00e9sultats de ce qu&rsquo;ils ont r\u00e9pondu.<\/p>\n\n\n\n<figure class=\"wp-block-image size-large is-resized\"><img loading=\"lazy\" decoding=\"async\" width=\"1024\" height=\"578\" src=\"https:\/\/blogs.univ-tlse2.fr\/enfantsetanimaux\/files\/2024\/04\/animaux-de-la-montagne-1024x578.jpg\" alt=\"\" class=\"wp-image-427\" style=\"width:669px;height:auto\" srcset=\"https:\/\/blogs.univ-tlse2.fr\/enfantsetanimaux\/files\/2024\/04\/animaux-de-la-montagne-1024x578.jpg 1024w, https:\/\/blogs.univ-tlse2.fr\/enfantsetanimaux\/files\/2024\/04\/animaux-de-la-montagne-300x169.jpg 300w, https:\/\/blogs.univ-tlse2.fr\/enfantsetanimaux\/files\/2024\/04\/animaux-de-la-montagne-768x434.jpg 768w, https:\/\/blogs.univ-tlse2.fr\/enfantsetanimaux\/files\/2024\/04\/animaux-de-la-montagne.jpg 1236w\" sizes=\"auto, (max-width: 1024px) 100vw, 1024px\" \/><\/figure>\n\n\n\n<p>De nombreuses esp\u00e8ces d&rsquo;animaux sont cit\u00e9es par les \u00e9l\u00e8ves. On retrouve aussi bien des animaux sauvages (ours, loup, aigle, lynx&#8230;) que des animaux domestiques (ch\u00e8vre, vache, chien). Les \u00e9l\u00e8ves ont en effet explor\u00e9 le programme de la semaine avec leurs enseignantes : ils savent d\u00e9j\u00e0 qu&rsquo;autour du centre, il y aura des vaches, des chiens&#8230; et qu&rsquo;ils iront visiter une ch\u00e8vrerie et le parc animalier d&rsquo;Argel\u00e8s-Gazost.<\/p>\n\n\n\n<figure class=\"wp-block-image size-large\"><img loading=\"lazy\" decoding=\"async\" width=\"1024\" height=\"512\" src=\"https:\/\/blogs.univ-tlse2.fr\/enfantsetanimaux\/files\/2024\/04\/animaux-que-lon-pense-voir-a-la-montagne-1024x512.jpg\" alt=\"\" class=\"wp-image-428\" srcset=\"https:\/\/blogs.univ-tlse2.fr\/enfantsetanimaux\/files\/2024\/04\/animaux-que-lon-pense-voir-a-la-montagne-1024x512.jpg 1024w, https:\/\/blogs.univ-tlse2.fr\/enfantsetanimaux\/files\/2024\/04\/animaux-que-lon-pense-voir-a-la-montagne-300x150.jpg 300w, https:\/\/blogs.univ-tlse2.fr\/enfantsetanimaux\/files\/2024\/04\/animaux-que-lon-pense-voir-a-la-montagne-768x384.jpg 768w, https:\/\/blogs.univ-tlse2.fr\/enfantsetanimaux\/files\/2024\/04\/animaux-que-lon-pense-voir-a-la-montagne.jpg 1211w\" sizes=\"auto, (max-width: 1024px) 100vw, 1024px\" \/><\/figure>\n\n\n\n<p>Les animaux qu&rsquo;ils pensent voir sont prioritairement des animaux domestiques, ainsi que des animaux du parc zoologique.<\/p>\n\n\n\n<figure class=\"wp-block-image size-large\"><img loading=\"lazy\" decoding=\"async\" width=\"1024\" height=\"481\" src=\"https:\/\/blogs.univ-tlse2.fr\/enfantsetanimaux\/files\/2024\/04\/arbres-de-la-montagne-1024x481.jpg\" alt=\"\" class=\"wp-image-429\" srcset=\"https:\/\/blogs.univ-tlse2.fr\/enfantsetanimaux\/files\/2024\/04\/arbres-de-la-montagne-1024x481.jpg 1024w, https:\/\/blogs.univ-tlse2.fr\/enfantsetanimaux\/files\/2024\/04\/arbres-de-la-montagne-300x141.jpg 300w, https:\/\/blogs.univ-tlse2.fr\/enfantsetanimaux\/files\/2024\/04\/arbres-de-la-montagne-768x361.jpg 768w, https:\/\/blogs.univ-tlse2.fr\/enfantsetanimaux\/files\/2024\/04\/arbres-de-la-montagne.jpg 1196w\" sizes=\"auto, (max-width: 1024px) 100vw, 1024px\" \/><\/figure>\n\n\n\n<p>Les connaissances sur les arbres sont moins fournies que sur les animaux. Nous comptons sur le s\u00e9jour pour en d\u00e9couvrir quelques uns, notamment le h\u00eatre, caract\u00e9ristique de l&rsquo;\u00e9tage montagnard.<\/p>\n","protected":false},"excerpt":{"rendered":"<p>La semaine avant le d\u00e9part pour la montagne, les \u00e9l\u00e8ves sont \u00e9t\u00e9 questionn\u00e9s sur leurs connaissances de la montagne. Voici quelques r\u00e9sultats de ce qu&rsquo;ils ont r\u00e9pondu. De nombreuses esp\u00e8ces d&rsquo;animaux sont cit\u00e9es par les \u00e9l\u00e8ves. On retrouve aussi bien &hellip; <a href=\"https:\/\/blogs.univ-tlse2.fr\/enfantsetanimaux\/ce-que-lon-pense-avant-de-partir-en-classe-decouverte\/\">Continuer la lecture <span class=\"meta-nav\">&rarr;<\/span><\/a><\/p>\n","protected":false},"author":1376,"featured_media":0,"parent":0,"menu_order":0,"comment_status":"closed","ping_status":"closed","template":"","meta":{"footnotes":""},"class_list":["post-426","page","type-page","status-publish","hentry"],"_links":{"self":[{"href":"https:\/\/blogs.univ-tlse2.fr\/enfantsetanimaux\/wp-json\/wp\/v2\/pages\/426","targetHints":{"allow":["GET"]}}],"collection":[{"href":"https:\/\/blogs.univ-tlse2.fr\/enfantsetanimaux\/wp-json\/wp\/v2\/pages"}],"about":[{"href":"https:\/\/blogs.univ-tlse2.fr\/enfantsetanimaux\/wp-json\/wp\/v2\/types\/page"}],"author":[{"embeddable":true,"href":"https:\/\/blogs.univ-tlse2.fr\/enfantsetanimaux\/wp-json\/wp\/v2\/users\/1376"}],"replies":[{"embeddable":true,"href":"https:\/\/blogs.univ-tlse2.fr\/enfantsetanimaux\/wp-json\/wp\/v2\/comments?post=426"}],"version-history":[{"count":2,"href":"https:\/\/blogs.univ-tlse2.fr\/enfantsetanimaux\/wp-json\/wp\/v2\/pages\/426\/revisions"}],"predecessor-version":[{"id":480,"href":"https:\/\/blogs.univ-tlse2.fr\/enfantsetanimaux\/wp-json\/wp\/v2\/pages\/426\/revisions\/480"}],"wp:attachment":[{"href":"https:\/\/blogs.univ-tlse2.fr\/enfantsetanimaux\/wp-json\/wp\/v2\/media?parent=426"}],"curies":[{"name":"wp","href":"https:\/\/api.w.org\/{rel}","templated":true}]}}