 {"id":432,"date":"2024-04-08T16:28:23","date_gmt":"2024-04-08T14:28:23","guid":{"rendered":"https:\/\/blogs.univ-tlse2.fr\/enfantsetanimaux\/?page_id=432"},"modified":"2024-04-08T16:28:23","modified_gmt":"2024-04-08T14:28:23","slug":"quest-ce-quun-animal-sauvage","status":"publish","type":"page","link":"https:\/\/blogs.univ-tlse2.fr\/enfantsetanimaux\/quest-ce-quun-animal-sauvage\/","title":{"rendered":"Qu&rsquo;est-ce qu&rsquo;un animal sauvage ?"},"content":{"rendered":"\n<p>Les \u00e9l\u00e8ves ont \u00e9t\u00e9 questionn\u00e9s sur leur d\u00e9finition d&rsquo;un animal sauvage. Voici les principaux r\u00e9sultats sous la forme d&rsquo;un nuage de mots. Nous avons ensuite discut\u00e9 dans chaque classe de ces r\u00e9sultats.<\/p>\n\n\n\n<figure class=\"wp-block-image size-full\"><img loading=\"lazy\" decoding=\"async\" width=\"632\" height=\"515\" src=\"https:\/\/blogs.univ-tlse2.fr\/enfantsetanimaux\/files\/2024\/04\/sont-en-danger.jpg\" alt=\"\" class=\"wp-image-433\" srcset=\"https:\/\/blogs.univ-tlse2.fr\/enfantsetanimaux\/files\/2024\/04\/sont-en-danger.jpg 632w, https:\/\/blogs.univ-tlse2.fr\/enfantsetanimaux\/files\/2024\/04\/sont-en-danger-300x244.jpg 300w\" sizes=\"auto, (max-width: 632px) 100vw, 632px\" \/><\/figure>\n\n\n\n<p>A la question \u00ab\u00a0Penses-tu que les animaux sauvages sont en danger ?\u00a0\u00bb, les \u00e9l\u00e8ves ont r\u00e9pondu oui en grande majorit\u00e9. Voici quelques-uns de leurs arguments : ils sont en danger \u00e0 cause des humains, notamment en raison de la chasse, la p\u00eache, la destruction des habitats (par l&rsquo;urbanisation, la d\u00e9forestation, les incendies&#8230;), la pollution, et le r\u00e9chauffement climatique\u2026 Certains enfants pensent qu&rsquo;ils sont en danger entre eux, notamment \u00e0 cause des pr\u00e9dateurs.<\/p>\n\n\n\n<p>Pour \u00e9viter ces dangers, certains \u00e9l\u00e8ves proposent d&rsquo;arr\u00eater la d\u00e9forestation, d&rsquo;arr\u00eater de d\u00e9truire leur habitat\u2026 ou aussi de faire des grands enclos, ou des r\u00e9serves pour prot\u00e9ger leur habitat et les animaux qui y vivent.<\/p>\n\n\n\n<p>Pour d&rsquo;autres enfants, les animaux sauvages ne sont pas en danger, car ils peuvent se d\u00e9fendre, et certains sont pr\u00e9dateurs donc n&rsquo;ont rien \u00e0 craindre. Enfin, d&rsquo;autres \u00e9l\u00e8ves pensent que le danger d\u00e9pend des animaux : ceux qui sont en voie de disparition sont en danger, mais pas les autres.<\/p>\n\n\n\n<p><\/p>\n\n\n\n<p><\/p>\n","protected":false},"excerpt":{"rendered":"<p>Les \u00e9l\u00e8ves ont \u00e9t\u00e9 questionn\u00e9s sur leur d\u00e9finition d&rsquo;un animal sauvage. Voici les principaux r\u00e9sultats sous la forme d&rsquo;un nuage de mots. Nous avons ensuite discut\u00e9 dans chaque classe de ces r\u00e9sultats. A la question \u00ab\u00a0Penses-tu que les animaux sauvages &hellip; <a href=\"https:\/\/blogs.univ-tlse2.fr\/enfantsetanimaux\/quest-ce-quun-animal-sauvage\/\">Continuer la lecture <span class=\"meta-nav\">&rarr;<\/span><\/a><\/p>\n","protected":false},"author":1376,"featured_media":0,"parent":0,"menu_order":0,"comment_status":"closed","ping_status":"closed","template":"","meta":{"footnotes":""},"class_list":["post-432","page","type-page","status-publish","hentry"],"_links":{"self":[{"href":"https:\/\/blogs.univ-tlse2.fr\/enfantsetanimaux\/wp-json\/wp\/v2\/pages\/432","targetHints":{"allow":["GET"]}}],"collection":[{"href":"https:\/\/blogs.univ-tlse2.fr\/enfantsetanimaux\/wp-json\/wp\/v2\/pages"}],"about":[{"href":"https:\/\/blogs.univ-tlse2.fr\/enfantsetanimaux\/wp-json\/wp\/v2\/types\/page"}],"author":[{"embeddable":true,"href":"https:\/\/blogs.univ-tlse2.fr\/enfantsetanimaux\/wp-json\/wp\/v2\/users\/1376"}],"replies":[{"embeddable":true,"href":"https:\/\/blogs.univ-tlse2.fr\/enfantsetanimaux\/wp-json\/wp\/v2\/comments?post=432"}],"version-history":[{"count":1,"href":"https:\/\/blogs.univ-tlse2.fr\/enfantsetanimaux\/wp-json\/wp\/v2\/pages\/432\/revisions"}],"predecessor-version":[{"id":435,"href":"https:\/\/blogs.univ-tlse2.fr\/enfantsetanimaux\/wp-json\/wp\/v2\/pages\/432\/revisions\/435"}],"wp:attachment":[{"href":"https:\/\/blogs.univ-tlse2.fr\/enfantsetanimaux\/wp-json\/wp\/v2\/media?parent=432"}],"curies":[{"name":"wp","href":"https:\/\/api.w.org\/{rel}","templated":true}]}}