 {"id":436,"date":"2024-04-08T16:43:11","date_gmt":"2024-04-08T14:43:11","guid":{"rendered":"https:\/\/blogs.univ-tlse2.fr\/enfantsetanimaux\/?page_id=436"},"modified":"2024-04-08T16:43:11","modified_gmt":"2024-04-08T14:43:11","slug":"apres-la-semaine-a-la-montagne","status":"publish","type":"page","link":"https:\/\/blogs.univ-tlse2.fr\/enfantsetanimaux\/apres-la-semaine-a-la-montagne\/","title":{"rendered":"Apr\u00e8s la semaine \u00e0 la montagne"},"content":{"rendered":"\n<p>Les \u00e9l\u00e8ves ont eu un questionnaire \u00e0 remplir apr\u00e8s la semaine pass\u00e9e \u00e0 la montagne. Nous leur avons demand\u00e9 si ils ont trouv\u00e9 que la nature \u00e9tait pareille ou diff\u00e9rente de ce qu&rsquo;ils pensaient avant de venir.<\/p>\n\n\n\n<p>Certains ont dit qu&rsquo;elle \u00e9tait <strong>pareille \u00e0 ce qu&rsquo;ils pensaient<\/strong>. Ils ont donn\u00e9s des exemples qui sont pr\u00e9sent\u00e9s sous forme de nuage de mots.<\/p>\n\n\n\n<figure class=\"wp-block-image size-full\"><img loading=\"lazy\" decoding=\"async\" width=\"960\" height=\"707\" src=\"https:\/\/blogs.univ-tlse2.fr\/enfantsetanimaux\/files\/2024\/04\/nature-pareille.jpg\" alt=\"\" class=\"wp-image-437\" srcset=\"https:\/\/blogs.univ-tlse2.fr\/enfantsetanimaux\/files\/2024\/04\/nature-pareille.jpg 960w, https:\/\/blogs.univ-tlse2.fr\/enfantsetanimaux\/files\/2024\/04\/nature-pareille-300x221.jpg 300w, https:\/\/blogs.univ-tlse2.fr\/enfantsetanimaux\/files\/2024\/04\/nature-pareille-768x566.jpg 768w\" sizes=\"auto, (max-width: 960px) 100vw, 960px\" \/><\/figure>\n\n\n\n<p>D&rsquo;autres au contraire ont dit ce qui \u00e9tait <strong>diff\u00e9rent par rapport \u00e0 ce qu&rsquo;ils pensaient <\/strong>avant de venir.<\/p>\n\n\n\n<figure class=\"wp-block-image size-full\"><img loading=\"lazy\" decoding=\"async\" width=\"887\" height=\"771\" src=\"https:\/\/blogs.univ-tlse2.fr\/enfantsetanimaux\/files\/2024\/04\/nature-differente.jpg\" alt=\"\" class=\"wp-image-438\" srcset=\"https:\/\/blogs.univ-tlse2.fr\/enfantsetanimaux\/files\/2024\/04\/nature-differente.jpg 887w, https:\/\/blogs.univ-tlse2.fr\/enfantsetanimaux\/files\/2024\/04\/nature-differente-300x261.jpg 300w, https:\/\/blogs.univ-tlse2.fr\/enfantsetanimaux\/files\/2024\/04\/nature-differente-768x668.jpg 768w\" sizes=\"auto, (max-width: 887px) 100vw, 887px\" \/><\/figure>\n\n\n\n<p>Que ce soit pareil ou diff\u00e9rents, beaucoup d&rsquo;enfants ont \u00e9t\u00e9 surpris par les vaches \u00ab\u00a0en libert\u00e9\u00a0\u00bb et par les nombreuses bouses de vaches&#8230; Il fallait bien regarder o\u00f9 l&rsquo;on mettait les pieds !<\/p>\n\n\n\n<p><\/p>\n\n\n\n<p><\/p>\n","protected":false},"excerpt":{"rendered":"<p>Les \u00e9l\u00e8ves ont eu un questionnaire \u00e0 remplir apr\u00e8s la semaine pass\u00e9e \u00e0 la montagne. Nous leur avons demand\u00e9 si ils ont trouv\u00e9 que la nature \u00e9tait pareille ou diff\u00e9rente de ce qu&rsquo;ils pensaient avant de venir. Certains ont dit &hellip; <a href=\"https:\/\/blogs.univ-tlse2.fr\/enfantsetanimaux\/apres-la-semaine-a-la-montagne\/\">Continuer la lecture <span class=\"meta-nav\">&rarr;<\/span><\/a><\/p>\n","protected":false},"author":1376,"featured_media":0,"parent":0,"menu_order":0,"comment_status":"closed","ping_status":"closed","template":"","meta":{"footnotes":""},"class_list":["post-436","page","type-page","status-publish","hentry"],"_links":{"self":[{"href":"https:\/\/blogs.univ-tlse2.fr\/enfantsetanimaux\/wp-json\/wp\/v2\/pages\/436","targetHints":{"allow":["GET"]}}],"collection":[{"href":"https:\/\/blogs.univ-tlse2.fr\/enfantsetanimaux\/wp-json\/wp\/v2\/pages"}],"about":[{"href":"https:\/\/blogs.univ-tlse2.fr\/enfantsetanimaux\/wp-json\/wp\/v2\/types\/page"}],"author":[{"embeddable":true,"href":"https:\/\/blogs.univ-tlse2.fr\/enfantsetanimaux\/wp-json\/wp\/v2\/users\/1376"}],"replies":[{"embeddable":true,"href":"https:\/\/blogs.univ-tlse2.fr\/enfantsetanimaux\/wp-json\/wp\/v2\/comments?post=436"}],"version-history":[{"count":1,"href":"https:\/\/blogs.univ-tlse2.fr\/enfantsetanimaux\/wp-json\/wp\/v2\/pages\/436\/revisions"}],"predecessor-version":[{"id":440,"href":"https:\/\/blogs.univ-tlse2.fr\/enfantsetanimaux\/wp-json\/wp\/v2\/pages\/436\/revisions\/440"}],"wp:attachment":[{"href":"https:\/\/blogs.univ-tlse2.fr\/enfantsetanimaux\/wp-json\/wp\/v2\/media?parent=436"}],"curies":[{"name":"wp","href":"https:\/\/api.w.org\/{rel}","templated":true}]}}